{"id":134426,"date":"2024-02-13T13:17:48","date_gmt":"2024-02-13T11:17:48","guid":{"rendered":"https:\/\/metaltale.com\/produktas\/viendurvju-sienas-celvedis-balts-roka\/"},"modified":"2024-02-13T13:17:48","modified_gmt":"2024-02-13T11:17:48","slug":"viendurvju-sienas-celvedis-balts-roka","status":"publish","type":"product","link":"https:\/\/metaltale.com\/lv\/produkts\/viendurvju-sienas-celvedis-balts-roka\/","title":{"rendered":"Viendurvju sienas ce\u013cvedis balts ROKA"},"content":{"rendered":"<div class=\"prod_data\">SAVE <strong>modelis<\/strong>. A04. BALTS  <br \/><strong>EAN.<\/strong>  5905369906251  <br \/><strong>Materi\u0101ls<\/strong> Met\u0101ls, plastmasa  <br \/><strong> [cm]Kop\u0113jais garums<\/strong> 200 <strong> <\/strong> <br \/>Sienas <strong>mont\u0101\u017ea<\/strong>  <br \/>Balta <strong>kr\u0101sa<\/strong>  <br \/>MATYTI <strong>ce\u013cvedis<\/strong>  <br \/><strong>Uzst\u0101d\u012b\u0161anas nor\u0101d\u012bjumi<\/strong> Lejupiel\u0101d\u0113t  <\/p>\n<table align=\"center\" border=\"0\">\n<tbody><\/tbody>\n<\/table>\n<p><strong>Komplekt\u0101 ietilpst:<\/strong><\/p>\n<p>met\u0101la sliedes 200 cm (2&#215;100 cm)<\/p>\n<p>dekorat\u012bvie rull\u012b\u0161i (2 gab.)<\/p>\n<p>bl\u012bves (5 gab.)<\/p>\n<p>Horizont\u0101lie (2 gab.) un vertik\u0101lie (2 gab.) aizb\u012bd\u0146i<\/p>\n<p>Gr\u012bdas rokasgr\u0101mata (1)<\/p>\n<p> Stiprin\u0101juma komplekts: skr\u016bves, bultskr\u016bves un papl\u0101ksnes<\/p>\n<\/p>\n<p><strong>Produkta \u012bpa\u0161\u012bbas:<\/strong><\/p>\n<p>Pied\u0101v\u0101jum\u0101 ir b\u012bd\u0101m\u0101 sist\u0113ma vienviru durv\u012bm, sienas mont\u0101\u017eas sist\u0113ma.<\/p>\n<p>  Modelis ir paredz\u0113ts koka b\u012bd\u0101maj\u0101m durv\u012bm, kas izgatavotas no pane\u013ca un t\u0113rauda r\u0101mja, kuru svars nep\u0101rsniedz 130 kg un biezums ir no 30 l\u012bdz 45 mm.<\/p>\n<p>Pas\u012bv\u0101s slodzes (200 kg) un dinamiskie (130 kg) testi apstiprin\u0101ja augst\u0101ko kvalit\u0101ti un dro\u0161\u012bbu.<\/p>\n<p>Rull\u012b\u0161u rite\u0146u gultnis nodro\u0161ina vieglu un klusu brauk\u0161anu<\/p>\n<p>Horizont\u0101lie aizb\u012bd\u0146i sliedes galos, apak\u0161\u0113j\u0101 \u0137\u0113d\u0113 un vertik\u0101lie aizb\u012bd\u0146i zem sliedes stabiliz\u0113 durvis un ne\u013cauj t\u0101m nokrist no sliedes.<\/p>\n<p>Komplekt\u0101 ietilpst apak\u0161\u0113j\u0101 \u0137\u0113de, gr\u012bd\u0101 mont\u0113jams v\u0101ks ar vai bez griez\u0113ja<\/p>\n<p>Pieci stiprin\u0101juma punkti garant\u0113 sist\u0113mas stabilit\u0101ti, dro\u0161\u012bbu un iztur\u012bbu.<\/p>\n<p>Komplekt\u0101 ietilpst skr\u016bves mont\u0101\u017eai gan uz koka konstrukcij\u0101m, gan m\u016bra sien\u0101m.<\/p>\n<p>Sist\u0113mai ir \u013coti vienk\u0101r\u0161a un intuit\u012bva uzst\u0101d\u012b\u0161ana.<\/p>\n<p>R\u016bp\u012bga nos\u016bt\u012b\u0161anas kontrole un augst\u0101k\u0101s kvalit\u0101tes iepakojums garant\u0113 apmierin\u0101t\u012bbu.<\/p>\n<hr>\n<p>Sist\u0113mai ir vienk\u0101r\u0161a dizaina un maigu baltu kr\u0101su kombin\u0101cija. Sniegbalt\u0101 ROKA rokasgr\u0101mata maigi izce\u013c durvju raksturu, \u012bpa\u0161i paste\u013cto\u0146os. Tas labi sader ar da\u017e\u0101diem pelnu, ziliem un za\u013ciem to\u0146iem. Tas nodro\u0161in\u0101s m\u016bsdien\u012bgu durvju atv\u0113r\u0161anas veidu lauku interjer\u0101, vienlaikus saglab\u0101jot vienotu stilu. ROKA balto b\u012bd\u0101mo durvju sist\u0113ma ir \u012bst\u0101 izv\u0113le tiem, kas mekl\u0113 drosm\u012bgu m\u016bsdien\u012bguma un vecuma apvienojumu.<\/p>\n<hr>\n<\/div>\n","protected":false},"excerpt":{"rendered":"<p>SAVE modelis. A04. BALTS EAN. 5905369906251 Materi\u0101ls Met\u0101ls, plastmasa [cm]Kop\u0113jais garums 200 Sienas mont\u0101\u017ea Balta kr\u0101sa MATYTI ce\u013cvedis Uzst\u0101d\u012b\u0161anas nor\u0101d\u012bjumi<\/p>\n","protected":false},"featured_media":65335,"comment_status":"open","ping_status":"closed","template":"","meta":{"_acf_changed":false,"pmpro_default_level":""},"product_brand":[],"product_cat":[24059,24089],"product_tag":[],"class_list":{"0":"post-134426","1":"product","2":"type-product","3":"status-publish","4":"has-post-thumbnail","6":"product_cat-bidamo-durvju-sistemas","7":"product_cat-bidamo-durvju-vadotnes","8":"pmpro-has-access","10":"first","11":"instock","12":"shipping-taxable","13":"purchasable","14":"product-type-simple"},"acf":[],"yoast_head":"<!-- This site is optimized with the Yoast SEO plugin v24.9 - https:\/\/yoast.com\/wordpress\/plugins\/seo\/ -->\n<title>Viendurvju sienas ce\u013cvedis balts ROKA - MetalTale.com<\/title>\n<meta name=\"robots\" content=\"index, follow, max-snippet:-1, max-image-preview:large, max-video-preview:-1\" \/>\n<link rel=\"canonical\" href=\"https:\/\/metaltale.com\/lv\/produkts\/viendurvju-sienas-celvedis-balts-roka\/\" \/>\n<meta property=\"og:locale\" content=\"lv_LV\" \/>\n<meta property=\"og:type\" content=\"article\" \/>\n<meta property=\"og:title\" content=\"Viendurvju sienas ce\u013cvedis balts ROKA - MetalTale.com\" \/>\n<meta property=\"og:description\" content=\"SAVE modelis. A04. BALTS EAN. 5905369906251 Materi\u0101ls Met\u0101ls, plastmasa [cm]Kop\u0113jais garums 200 Sienas mont\u0101\u017ea Balta kr\u0101sa MATYTI ce\u013cvedis Uzst\u0101d\u012b\u0161anas nor\u0101d\u012bjumi\" \/>\n<meta property=\"og:url\" content=\"https:\/\/metaltale.com\/lv\/produkts\/viendurvju-sienas-celvedis-balts-roka\/\" \/>\n<meta property=\"og:site_name\" content=\"MetalTale.com\" \/>\n<meta property=\"og:image\" content=\"http:\/\/metaltale.com\/wp-content\/uploads\/2023\/09\/ROKA-WHITE-gidas.jpg\" \/>\n\t<meta property=\"og:image:width\" content=\"800\" \/>\n\t<meta property=\"og:image:height\" content=\"800\" \/>\n\t<meta property=\"og:image:type\" content=\"image\/jpeg\" \/>\n<meta name=\"twitter:card\" content=\"summary_large_image\" \/>\n<meta name=\"twitter:label1\" content=\"Est. reading time\" \/>\n\t<meta name=\"twitter:data1\" content=\"2 minutes\" \/>\n<script type=\"application\/ld+json\" class=\"yoast-schema-graph\">{\"@context\":\"https:\/\/schema.org\",\"@graph\":[{\"@type\":\"WebPage\",\"@id\":\"https:\/\/metaltale.com\/lv\/produkts\/viendurvju-sienas-celvedis-balts-roka\/\",\"url\":\"https:\/\/metaltale.com\/lv\/produkts\/viendurvju-sienas-celvedis-balts-roka\/\",\"name\":\"Viendurvju sienas ce\u013cvedis balts ROKA - MetalTale.com\",\"isPartOf\":{\"@id\":\"https:\/\/metaltale.com\/lv\/#website\"},\"primaryImageOfPage\":{\"@id\":\"https:\/\/metaltale.com\/lv\/produkts\/viendurvju-sienas-celvedis-balts-roka\/#primaryimage\"},\"image\":{\"@id\":\"https:\/\/metaltale.com\/lv\/produkts\/viendurvju-sienas-celvedis-balts-roka\/#primaryimage\"},\"thumbnailUrl\":\"https:\/\/metaltale.com\/wp-content\/uploads\/2023\/09\/ROKA-WHITE-gidas.jpg\",\"datePublished\":\"2024-02-13T11:17:48+00:00\",\"breadcrumb\":{\"@id\":\"https:\/\/metaltale.com\/lv\/produkts\/viendurvju-sienas-celvedis-balts-roka\/#breadcrumb\"},\"inLanguage\":\"lv-LV\",\"potentialAction\":[{\"@type\":\"ReadAction\",\"target\":[\"https:\/\/metaltale.com\/lv\/produkts\/viendurvju-sienas-celvedis-balts-roka\/\"]}]},{\"@type\":\"ImageObject\",\"inLanguage\":\"lv-LV\",\"@id\":\"https:\/\/metaltale.com\/lv\/produkts\/viendurvju-sienas-celvedis-balts-roka\/#primaryimage\",\"url\":\"https:\/\/metaltale.com\/wp-content\/uploads\/2023\/09\/ROKA-WHITE-gidas.jpg\",\"contentUrl\":\"https:\/\/metaltale.com\/wp-content\/uploads\/2023\/09\/ROKA-WHITE-gidas.jpg\",\"width\":800,\"height\":800,\"caption\":\"Stumdom\u0173 dur\u0173 sistema ROKA balta\"},{\"@type\":\"BreadcrumbList\",\"@id\":\"https:\/\/metaltale.com\/lv\/produkts\/viendurvju-sienas-celvedis-balts-roka\/#breadcrumb\",\"itemListElement\":[{\"@type\":\"ListItem\",\"position\":1,\"name\":\"Home\",\"item\":\"https:\/\/metaltale.com\/lv\/majas\/\"},{\"@type\":\"ListItem\",\"position\":2,\"name\":\"Veikals\",\"item\":\"https:\/\/metaltale.com\/lv\/shop\/\"},{\"@type\":\"ListItem\",\"position\":3,\"name\":\"Viendurvju sienas ce\u013cvedis balts ROKA\"}]},{\"@type\":\"WebSite\",\"@id\":\"https:\/\/metaltale.com\/lv\/#website\",\"url\":\"https:\/\/metaltale.com\/lv\/\",\"name\":\"Metaltale.com\",\"description\":\"\",\"potentialAction\":[{\"@type\":\"SearchAction\",\"target\":{\"@type\":\"EntryPoint\",\"urlTemplate\":\"https:\/\/metaltale.com\/lv\/?s={search_term_string}\"},\"query-input\":{\"@type\":\"PropertyValueSpecification\",\"valueRequired\":true,\"valueName\":\"search_term_string\"}}],\"inLanguage\":\"lv-LV\"}]}<\/script>\n<!-- \/ Yoast SEO plugin. -->","yoast_head_json":{"title":"Viendurvju sienas ce\u013cvedis balts ROKA - MetalTale.com","robots":{"index":"index","follow":"follow","max-snippet":"max-snippet:-1","max-image-preview":"max-image-preview:large","max-video-preview":"max-video-preview:-1"},"canonical":"https:\/\/metaltale.com\/lv\/produkts\/viendurvju-sienas-celvedis-balts-roka\/","og_locale":"lv_LV","og_type":"article","og_title":"Viendurvju sienas ce\u013cvedis balts ROKA - MetalTale.com","og_description":"SAVE modelis. A04. BALTS EAN. 5905369906251 Materi\u0101ls Met\u0101ls, plastmasa [cm]Kop\u0113jais garums 200 Sienas mont\u0101\u017ea Balta kr\u0101sa MATYTI ce\u013cvedis Uzst\u0101d\u012b\u0161anas nor\u0101d\u012bjumi","og_url":"https:\/\/metaltale.com\/lv\/produkts\/viendurvju-sienas-celvedis-balts-roka\/","og_site_name":"MetalTale.com","og_image":[{"width":800,"height":800,"url":"http:\/\/metaltale.com\/wp-content\/uploads\/2023\/09\/ROKA-WHITE-gidas.jpg","type":"image\/jpeg"}],"twitter_card":"summary_large_image","twitter_misc":{"Est. reading time":"2 minutes"},"schema":{"@context":"https:\/\/schema.org","@graph":[{"@type":"WebPage","@id":"https:\/\/metaltale.com\/lv\/produkts\/viendurvju-sienas-celvedis-balts-roka\/","url":"https:\/\/metaltale.com\/lv\/produkts\/viendurvju-sienas-celvedis-balts-roka\/","name":"Viendurvju sienas ce\u013cvedis balts ROKA - MetalTale.com","isPartOf":{"@id":"https:\/\/metaltale.com\/lv\/#website"},"primaryImageOfPage":{"@id":"https:\/\/metaltale.com\/lv\/produkts\/viendurvju-sienas-celvedis-balts-roka\/#primaryimage"},"image":{"@id":"https:\/\/metaltale.com\/lv\/produkts\/viendurvju-sienas-celvedis-balts-roka\/#primaryimage"},"thumbnailUrl":"https:\/\/metaltale.com\/wp-content\/uploads\/2023\/09\/ROKA-WHITE-gidas.jpg","datePublished":"2024-02-13T11:17:48+00:00","breadcrumb":{"@id":"https:\/\/metaltale.com\/lv\/produkts\/viendurvju-sienas-celvedis-balts-roka\/#breadcrumb"},"inLanguage":"lv-LV","potentialAction":[{"@type":"ReadAction","target":["https:\/\/metaltale.com\/lv\/produkts\/viendurvju-sienas-celvedis-balts-roka\/"]}]},{"@type":"ImageObject","inLanguage":"lv-LV","@id":"https:\/\/metaltale.com\/lv\/produkts\/viendurvju-sienas-celvedis-balts-roka\/#primaryimage","url":"https:\/\/metaltale.com\/wp-content\/uploads\/2023\/09\/ROKA-WHITE-gidas.jpg","contentUrl":"https:\/\/metaltale.com\/wp-content\/uploads\/2023\/09\/ROKA-WHITE-gidas.jpg","width":800,"height":800,"caption":"Stumdom\u0173 dur\u0173 sistema ROKA balta"},{"@type":"BreadcrumbList","@id":"https:\/\/metaltale.com\/lv\/produkts\/viendurvju-sienas-celvedis-balts-roka\/#breadcrumb","itemListElement":[{"@type":"ListItem","position":1,"name":"Home","item":"https:\/\/metaltale.com\/lv\/majas\/"},{"@type":"ListItem","position":2,"name":"Veikals","item":"https:\/\/metaltale.com\/lv\/shop\/"},{"@type":"ListItem","position":3,"name":"Viendurvju sienas ce\u013cvedis balts ROKA"}]},{"@type":"WebSite","@id":"https:\/\/metaltale.com\/lv\/#website","url":"https:\/\/metaltale.com\/lv\/","name":"Metaltale.com","description":"","potentialAction":[{"@type":"SearchAction","target":{"@type":"EntryPoint","urlTemplate":"https:\/\/metaltale.com\/lv\/?s={search_term_string}"},"query-input":{"@type":"PropertyValueSpecification","valueRequired":true,"valueName":"search_term_string"}}],"inLanguage":"lv-LV"}]}},"_links":{"self":[{"href":"https:\/\/metaltale.com\/lv\/wp-json\/wp\/v2\/product\/134426","targetHints":{"allow":["GET"]}}],"collection":[{"href":"https:\/\/metaltale.com\/lv\/wp-json\/wp\/v2\/product"}],"about":[{"href":"https:\/\/metaltale.com\/lv\/wp-json\/wp\/v2\/types\/product"}],"replies":[{"embeddable":true,"href":"https:\/\/metaltale.com\/lv\/wp-json\/wp\/v2\/comments?post=134426"}],"version-history":[{"count":0,"href":"https:\/\/metaltale.com\/lv\/wp-json\/wp\/v2\/product\/134426\/revisions"}],"wp:featuredmedia":[{"embeddable":true,"href":"https:\/\/metaltale.com\/lv\/wp-json\/wp\/v2\/media\/65335"}],"wp:attachment":[{"href":"https:\/\/metaltale.com\/lv\/wp-json\/wp\/v2\/media?parent=134426"}],"wp:term":[{"taxonomy":"product_brand","embeddable":true,"href":"https:\/\/metaltale.com\/lv\/wp-json\/wp\/v2\/product_brand?post=134426"},{"taxonomy":"product_cat","embeddable":true,"href":"https:\/\/metaltale.com\/lv\/wp-json\/wp\/v2\/product_cat?post=134426"},{"taxonomy":"product_tag","embeddable":true,"href":"https:\/\/metaltale.com\/lv\/wp-json\/wp\/v2\/product_tag?post=134426"}],"curies":[{"name":"wp","href":"https:\/\/api.w.org\/{rel}","templated":true}]}}