{"id":134419,"date":"2024-02-13T13:17:08","date_gmt":"2024-02-13T11:17:08","guid":{"rendered":"https:\/\/metaltale.com\/produktas\/vienviru-durvju-sienas-celvedis-balts-old\/"},"modified":"2024-02-13T13:17:08","modified_gmt":"2024-02-13T11:17:08","slug":"vienviru-durvju-sienas-celvedis-balts-old","status":"publish","type":"product","link":"https:\/\/metaltale.com\/lv\/produkts\/vienviru-durvju-sienas-celvedis-balts-old\/","title":{"rendered":"Vienviru durvju sienas ce\u013cvedis balts OLD"},"content":{"rendered":"<div class=\"prod_data\">SAVE <strong>modelis<\/strong>. A01. BALTS  <br \/><strong>EAN.<\/strong>  5905369906244  <br \/><strong>Materi\u0101ls<\/strong> Met\u0101ls, plastmasa  <br \/><strong> [cm]Kop\u0113jais garums<\/strong> 200 <strong> <\/strong> <br \/>Sienas <strong>mont\u0101\u017ea<\/strong>  <br \/>Balta <strong>kr\u0101sa<\/strong>  <br \/>MATYTI <strong>ce\u013cvedis<\/strong>  <br \/><strong>Uzst\u0101d\u012b\u0161anas nor\u0101d\u012bjumi<\/strong> Lejupiel\u0101d\u0113t  <\/p>\n<p><strong>Komplekt\u0101 ietilpst:<\/strong><\/p>\n<p>met\u0101la sliedes 200 cm (2&#215;100 cm)<\/p>\n<p>dekorat\u012bvie rull\u012b\u0161i (2 gab.)<\/p>\n<p>bl\u012bves (5 gab.)<\/p>\n<p>  Horizont\u0101lie (2 gab.) un vertik\u0101lie (2 gab.) aizb\u012bd\u0146i<\/p>\n<p>Gr\u012bdas rokasgr\u0101mata (1)<\/p>\n<p>Stiprin\u0101juma komplekts: skr\u016bves, bultskr\u016bves un papl\u0101ksnes<\/p>\n<p><strong>Produkta \u012bpa\u0161\u012bbas:<\/strong><\/p>\n<p>Pied\u0101v\u0101jum\u0101 ir b\u012bd\u0101m\u0101 sist\u0113ma vienviru durv\u012bm, sienas mont\u0101\u017eas sist\u0113ma.<\/p>\n<p>Modelis ir paredz\u0113ts koka b\u012bd\u0101maj\u0101m durv\u012bm, kas izgatavotas no pane\u013ca un t\u0113rauda r\u0101mja, kuru svars nep\u0101rsniedz 130 kg un biezums ir no 30 l\u012bdz 45 mm.<\/p>\n<p>Pas\u012bv\u0101s slodzes (200 kg) un dinamiskie (130 kg) testi apstiprin\u0101ja augst\u0101ko kvalit\u0101ti un dro\u0161\u012bbu.<\/p>\n<p>Rull\u012b\u0161u rite\u0146u gultnis nodro\u0161ina vieglu un klusu brauk\u0161anu<\/p>\n<p>Horizont\u0101lie aizb\u012bd\u0146i sliedes galos, apak\u0161\u0113j\u0101 \u0137\u0113d\u0113 un vertik\u0101lie aizb\u012bd\u0146i zem sliedes stabiliz\u0113 durvis un ne\u013cauj t\u0101m nokrist no sliedes.<\/p>\n<p>Komplekt\u0101 ietilpst apak\u0161\u0113j\u0101 \u0137\u0113de, gr\u012bd\u0101 mont\u0113jams v\u0101ks ar vai bez griez\u0113ja<\/p>\n<p>Pieci stiprin\u0101juma punkti garant\u0113 sist\u0113mas stabilit\u0101ti, dro\u0161\u012bbu un iztur\u012bbu.<\/p>\n<p>Komplekt\u0101 ietilpst skr\u016bves mont\u0101\u017eai gan uz koka konstrukcij\u0101m, gan m\u016bra sien\u0101m.<\/p>\n<p>Sist\u0113mai ir \u013coti vienk\u0101r\u0161a un intuit\u012bva uzst\u0101d\u012b\u0161ana.<\/p>\n<p>R\u016bp\u012bga nos\u016bt\u012b\u0161anas kontrole un augst\u0101k\u0101s kvalit\u0101tes iepakojums garant\u0113 apmierin\u0101t\u012bbu.<\/p>\n<hr>\n<p>Pied\u0101v\u0101tais ce\u013cve\u017ea modelis apvieno klasisku un vienk\u0101r\u0161u formu ar inovat\u012bvu Rustykalneuchwyty.pl kr\u0101su sh\u0113mu. Tas ir ide\u0101ls ieteikums visiem m\u016bsdien\u012bgiem interjeriem, kuru pamat\u0101 ir kontrast\u0113jo\u0161a baltas un melnas kr\u0101sas kombin\u0101cija. Spilgt\u0101 kr\u0101sa pie\u0161\u0137ir produktam vieglumu un \u013cauj izmantot b\u012bd\u0101mo sist\u0113mu smalk\u0101ku kompoz\u012bciju veido\u0161an\u0101. Baltas kr\u0101sas furnit\u016bra skaisti izskat\u0101s kop\u0101 ar tradicion\u0101l\u0101m un balin\u0101t\u0101m koka durv\u012bm.<\/p>\n<hr>\n<\/div>\n","protected":false},"excerpt":{"rendered":"<p>SAVE modelis. A01. BALTS EAN. 5905369906244 Materi\u0101ls Met\u0101ls, plastmasa [cm]Kop\u0113jais garums 200 Sienas mont\u0101\u017ea Balta kr\u0101sa MATYTI ce\u013cvedis Uzst\u0101d\u012b\u0161anas nor\u0101d\u012bjumi<\/p>\n","protected":false},"featured_media":64645,"comment_status":"open","ping_status":"closed","template":"","meta":{"_acf_changed":false,"pmpro_default_level":""},"product_brand":[],"product_cat":[24059,24089],"product_tag":[],"class_list":{"0":"post-134419","1":"product","2":"type-product","3":"status-publish","4":"has-post-thumbnail","6":"product_cat-bidamo-durvju-sistemas","7":"product_cat-bidamo-durvju-vadotnes","8":"pmpro-has-access","10":"first","11":"instock","12":"shipping-taxable","13":"purchasable","14":"product-type-simple"},"acf":[],"yoast_head":"<!-- This site is optimized with the Yoast SEO plugin v24.9 - https:\/\/yoast.com\/wordpress\/plugins\/seo\/ -->\n<title>Vienviru durvju sienas ce\u013cvedis balts OLD - MetalTale.com<\/title>\n<meta name=\"robots\" content=\"index, follow, max-snippet:-1, max-image-preview:large, max-video-preview:-1\" \/>\n<link rel=\"canonical\" href=\"https:\/\/metaltale.com\/lv\/produkts\/vienviru-durvju-sienas-celvedis-balts-old\/\" \/>\n<meta property=\"og:locale\" content=\"lv_LV\" \/>\n<meta property=\"og:type\" content=\"article\" \/>\n<meta property=\"og:title\" content=\"Vienviru durvju sienas ce\u013cvedis balts OLD - MetalTale.com\" \/>\n<meta property=\"og:description\" content=\"SAVE modelis. A01. BALTS EAN. 5905369906244 Materi\u0101ls Met\u0101ls, plastmasa [cm]Kop\u0113jais garums 200 Sienas mont\u0101\u017ea Balta kr\u0101sa MATYTI ce\u013cvedis Uzst\u0101d\u012b\u0161anas nor\u0101d\u012bjumi\" \/>\n<meta property=\"og:url\" content=\"https:\/\/metaltale.com\/lv\/produkts\/vienviru-durvju-sienas-celvedis-balts-old\/\" \/>\n<meta property=\"og:site_name\" content=\"MetalTale.com\" \/>\n<meta property=\"og:image\" content=\"http:\/\/metaltale.com\/wp-content\/uploads\/2023\/09\/SENAS-BALTAS-gidas.jpg\" \/>\n\t<meta property=\"og:image:width\" content=\"800\" \/>\n\t<meta property=\"og:image:height\" content=\"800\" \/>\n\t<meta property=\"og:image:type\" content=\"image\/jpeg\" \/>\n<meta name=\"twitter:card\" content=\"summary_large_image\" \/>\n<meta name=\"twitter:label1\" content=\"Est. reading time\" \/>\n\t<meta name=\"twitter:data1\" content=\"2 minutes\" \/>\n<script type=\"application\/ld+json\" class=\"yoast-schema-graph\">{\"@context\":\"https:\/\/schema.org\",\"@graph\":[{\"@type\":\"WebPage\",\"@id\":\"https:\/\/metaltale.com\/lv\/produkts\/vienviru-durvju-sienas-celvedis-balts-old\/\",\"url\":\"https:\/\/metaltale.com\/lv\/produkts\/vienviru-durvju-sienas-celvedis-balts-old\/\",\"name\":\"Vienviru durvju sienas ce\u013cvedis balts OLD - MetalTale.com\",\"isPartOf\":{\"@id\":\"https:\/\/metaltale.com\/lv\/#website\"},\"primaryImageOfPage\":{\"@id\":\"https:\/\/metaltale.com\/lv\/produkts\/vienviru-durvju-sienas-celvedis-balts-old\/#primaryimage\"},\"image\":{\"@id\":\"https:\/\/metaltale.com\/lv\/produkts\/vienviru-durvju-sienas-celvedis-balts-old\/#primaryimage\"},\"thumbnailUrl\":\"https:\/\/metaltale.com\/wp-content\/uploads\/2023\/09\/SENAS-BALTAS-gidas.jpg\",\"datePublished\":\"2024-02-13T11:17:08+00:00\",\"breadcrumb\":{\"@id\":\"https:\/\/metaltale.com\/lv\/produkts\/vienviru-durvju-sienas-celvedis-balts-old\/#breadcrumb\"},\"inLanguage\":\"lv-LV\",\"potentialAction\":[{\"@type\":\"ReadAction\",\"target\":[\"https:\/\/metaltale.com\/lv\/produkts\/vienviru-durvju-sienas-celvedis-balts-old\/\"]}]},{\"@type\":\"ImageObject\",\"inLanguage\":\"lv-LV\",\"@id\":\"https:\/\/metaltale.com\/lv\/produkts\/vienviru-durvju-sienas-celvedis-balts-old\/#primaryimage\",\"url\":\"https:\/\/metaltale.com\/wp-content\/uploads\/2023\/09\/SENAS-BALTAS-gidas.jpg\",\"contentUrl\":\"https:\/\/metaltale.com\/wp-content\/uploads\/2023\/09\/SENAS-BALTAS-gidas.jpg\",\"width\":800,\"height\":800},{\"@type\":\"BreadcrumbList\",\"@id\":\"https:\/\/metaltale.com\/lv\/produkts\/vienviru-durvju-sienas-celvedis-balts-old\/#breadcrumb\",\"itemListElement\":[{\"@type\":\"ListItem\",\"position\":1,\"name\":\"Home\",\"item\":\"https:\/\/metaltale.com\/lv\/majas\/\"},{\"@type\":\"ListItem\",\"position\":2,\"name\":\"Veikals\",\"item\":\"https:\/\/metaltale.com\/lv\/shop\/\"},{\"@type\":\"ListItem\",\"position\":3,\"name\":\"Vienviru durvju sienas ce\u013cvedis balts OLD\"}]},{\"@type\":\"WebSite\",\"@id\":\"https:\/\/metaltale.com\/lv\/#website\",\"url\":\"https:\/\/metaltale.com\/lv\/\",\"name\":\"Metaltale.com\",\"description\":\"\",\"potentialAction\":[{\"@type\":\"SearchAction\",\"target\":{\"@type\":\"EntryPoint\",\"urlTemplate\":\"https:\/\/metaltale.com\/lv\/?s={search_term_string}\"},\"query-input\":{\"@type\":\"PropertyValueSpecification\",\"valueRequired\":true,\"valueName\":\"search_term_string\"}}],\"inLanguage\":\"lv-LV\"}]}<\/script>\n<!-- \/ Yoast SEO plugin. -->","yoast_head_json":{"title":"Vienviru durvju sienas ce\u013cvedis balts OLD - MetalTale.com","robots":{"index":"index","follow":"follow","max-snippet":"max-snippet:-1","max-image-preview":"max-image-preview:large","max-video-preview":"max-video-preview:-1"},"canonical":"https:\/\/metaltale.com\/lv\/produkts\/vienviru-durvju-sienas-celvedis-balts-old\/","og_locale":"lv_LV","og_type":"article","og_title":"Vienviru durvju sienas ce\u013cvedis balts OLD - MetalTale.com","og_description":"SAVE modelis. A01. BALTS EAN. 5905369906244 Materi\u0101ls Met\u0101ls, plastmasa [cm]Kop\u0113jais garums 200 Sienas mont\u0101\u017ea Balta kr\u0101sa MATYTI ce\u013cvedis Uzst\u0101d\u012b\u0161anas nor\u0101d\u012bjumi","og_url":"https:\/\/metaltale.com\/lv\/produkts\/vienviru-durvju-sienas-celvedis-balts-old\/","og_site_name":"MetalTale.com","og_image":[{"width":800,"height":800,"url":"http:\/\/metaltale.com\/wp-content\/uploads\/2023\/09\/SENAS-BALTAS-gidas.jpg","type":"image\/jpeg"}],"twitter_card":"summary_large_image","twitter_misc":{"Est. reading time":"2 minutes"},"schema":{"@context":"https:\/\/schema.org","@graph":[{"@type":"WebPage","@id":"https:\/\/metaltale.com\/lv\/produkts\/vienviru-durvju-sienas-celvedis-balts-old\/","url":"https:\/\/metaltale.com\/lv\/produkts\/vienviru-durvju-sienas-celvedis-balts-old\/","name":"Vienviru durvju sienas ce\u013cvedis balts OLD - MetalTale.com","isPartOf":{"@id":"https:\/\/metaltale.com\/lv\/#website"},"primaryImageOfPage":{"@id":"https:\/\/metaltale.com\/lv\/produkts\/vienviru-durvju-sienas-celvedis-balts-old\/#primaryimage"},"image":{"@id":"https:\/\/metaltale.com\/lv\/produkts\/vienviru-durvju-sienas-celvedis-balts-old\/#primaryimage"},"thumbnailUrl":"https:\/\/metaltale.com\/wp-content\/uploads\/2023\/09\/SENAS-BALTAS-gidas.jpg","datePublished":"2024-02-13T11:17:08+00:00","breadcrumb":{"@id":"https:\/\/metaltale.com\/lv\/produkts\/vienviru-durvju-sienas-celvedis-balts-old\/#breadcrumb"},"inLanguage":"lv-LV","potentialAction":[{"@type":"ReadAction","target":["https:\/\/metaltale.com\/lv\/produkts\/vienviru-durvju-sienas-celvedis-balts-old\/"]}]},{"@type":"ImageObject","inLanguage":"lv-LV","@id":"https:\/\/metaltale.com\/lv\/produkts\/vienviru-durvju-sienas-celvedis-balts-old\/#primaryimage","url":"https:\/\/metaltale.com\/wp-content\/uploads\/2023\/09\/SENAS-BALTAS-gidas.jpg","contentUrl":"https:\/\/metaltale.com\/wp-content\/uploads\/2023\/09\/SENAS-BALTAS-gidas.jpg","width":800,"height":800},{"@type":"BreadcrumbList","@id":"https:\/\/metaltale.com\/lv\/produkts\/vienviru-durvju-sienas-celvedis-balts-old\/#breadcrumb","itemListElement":[{"@type":"ListItem","position":1,"name":"Home","item":"https:\/\/metaltale.com\/lv\/majas\/"},{"@type":"ListItem","position":2,"name":"Veikals","item":"https:\/\/metaltale.com\/lv\/shop\/"},{"@type":"ListItem","position":3,"name":"Vienviru durvju sienas ce\u013cvedis balts OLD"}]},{"@type":"WebSite","@id":"https:\/\/metaltale.com\/lv\/#website","url":"https:\/\/metaltale.com\/lv\/","name":"Metaltale.com","description":"","potentialAction":[{"@type":"SearchAction","target":{"@type":"EntryPoint","urlTemplate":"https:\/\/metaltale.com\/lv\/?s={search_term_string}"},"query-input":{"@type":"PropertyValueSpecification","valueRequired":true,"valueName":"search_term_string"}}],"inLanguage":"lv-LV"}]}},"_links":{"self":[{"href":"https:\/\/metaltale.com\/lv\/wp-json\/wp\/v2\/product\/134419","targetHints":{"allow":["GET"]}}],"collection":[{"href":"https:\/\/metaltale.com\/lv\/wp-json\/wp\/v2\/product"}],"about":[{"href":"https:\/\/metaltale.com\/lv\/wp-json\/wp\/v2\/types\/product"}],"replies":[{"embeddable":true,"href":"https:\/\/metaltale.com\/lv\/wp-json\/wp\/v2\/comments?post=134419"}],"version-history":[{"count":0,"href":"https:\/\/metaltale.com\/lv\/wp-json\/wp\/v2\/product\/134419\/revisions"}],"wp:featuredmedia":[{"embeddable":true,"href":"https:\/\/metaltale.com\/lv\/wp-json\/wp\/v2\/media\/64645"}],"wp:attachment":[{"href":"https:\/\/metaltale.com\/lv\/wp-json\/wp\/v2\/media?parent=134419"}],"wp:term":[{"taxonomy":"product_brand","embeddable":true,"href":"https:\/\/metaltale.com\/lv\/wp-json\/wp\/v2\/product_brand?post=134419"},{"taxonomy":"product_cat","embeddable":true,"href":"https:\/\/metaltale.com\/lv\/wp-json\/wp\/v2\/product_cat?post=134419"},{"taxonomy":"product_tag","embeddable":true,"href":"https:\/\/metaltale.com\/lv\/wp-json\/wp\/v2\/product_tag?post=134419"}],"curies":[{"name":"wp","href":"https:\/\/api.w.org\/{rel}","templated":true}]}}