{"id":134411,"date":"2024-02-13T15:17:46","date_gmt":"2024-02-13T13:17:46","guid":{"rendered":"https:\/\/metaltale.com\/produktas\/stikla-ieksdurvis-akron-frosted-80x200-cm-labas-puses\/"},"modified":"2024-02-13T15:17:46","modified_gmt":"2024-02-13T13:17:46","slug":"stikla-ieksdurvis-akron-frosted-80x200-cm-labas-puses","status":"publish","type":"product","link":"https:\/\/metaltale.com\/lv\/produkts\/stikla-ieksdurvis-akron-frosted-80x200-cm-labas-puses\/","title":{"rendered":"Stikla iek\u0161durvis AKRON FROSTED 80&#215;200 cm, lab\u0101s puses"},"content":{"rendered":"<div class=\"prod_data\">SAVE <strong>modelis<\/strong>. SG8.ML.PRGR<br \/>\n<strong>Materi\u0101ls<\/strong> T\u0113rauds<br \/>\n<strong>Biezums (cm<\/strong> ) 4<br \/>\n<strong>Kop\u0113jais augstums (cm<\/strong> ) 200<br \/>\n<strong>Kop\u0113jais platums (cm<\/strong> ) 80<br \/>\nStikla tips R\u016bd\u012bts<br \/>\nR\u0101mja kr\u0101sa Melna<br \/>\n<strong>Stikla biezums (cm<\/strong> ) 0,4<br \/>\n<strong>Stikla kr\u0101sa<\/strong> Caursp\u012bd\u012bgs<br \/>\n<strong>Apdare<\/strong> Pulvera p\u0101rkl\u0101jums<br \/>\n<strong>Virsmas tips<\/strong> Gluda <strong>virsma<\/strong> <\/p>\n<p>-durvis izgatavotas no t\u0113rauda un r\u016bd\u012bta stikla kombin\u0101cijas.<\/p>\n<p>-Komplekt\u0101 ietilpst: durvju v\u0113rtne, durvju r\u0101mis, rokturis.<\/p>\n<p>-R\u0101mis, kas izgatavots no augst\u0101k\u0101s kvalit\u0101tes t\u0113rauda, garant\u0113 stabilit\u0101ti un lieto\u0161anas komfortu.<\/p>\n<p>-4 mm biezs stikls dro\u0161\u012bbai<\/p>\n<p>-Smalks kr\u0101sojums pasarg\u0101 durvis no skr\u0101p\u0113jumiem<\/p>\n<p>-Durvju v\u0113rtnes izm\u0113ri ar st\u016bri 886x2063x40 mm.<\/p>\n<p>-univers\u0101ls izskats nodro\u0161ina, ka durvis lieliski ieder\u0113sies jebkur\u0101 stil\u0101 &#8211; no b\u0113ni\u0146iem l\u012bdz modern\u0101m telp\u0101m.<\/p>\n<p>Ja dz\u012bvojamai istabai mekl\u0113jat ori\u0123in\u0101las un vienlaikus elegantas durvis, Akronas iek\u0161durvis ir lieliska izv\u0113le. Durvis ir pieejamas ar mat\u0113tu stiklu, kas nodro\u0161in\u0101s priv\u0101tumu, apgaismojot telpu. R\u0101mis ir p\u0101rkl\u0101ts ar pulverkr\u0101sas p\u0101rkl\u0101jumu, kas aizsarg\u0101 pret boj\u0101jumiem. Vertik\u0101lo un horizont\u0101lo veltn\u012b\u0161u izmanto\u0161ana pie\u0161\u0137ir raksturu un izce\u013c izstr\u0101d\u0101juma moderno stilu. B\u012bd\u0101m\u0101s stikla durvis ir ne tikai est\u0113tiskas, bet ar\u012b funkcion\u0101las. Augst\u0101k\u0101s kvalit\u0101tes materi\u0101lu izmanto\u0161ana nodro\u0161ina iztur\u012bbu un lieto\u0161anas dro\u0161\u012bbu. Akron stikla durvis ir ide\u0101la izv\u0113le industri\u0101lam, b\u0113ni\u0146u vai modernam interjeram.<\/p>\n<\/div>\n","protected":false},"excerpt":{"rendered":"<p>SAVE modelis. SG8.ML.PRGR Materi\u0101ls T\u0113rauds Biezums (cm ) 4 Kop\u0113jais augstums (cm ) 200 Kop\u0113jais platums (cm ) 80 Stikla<\/p>\n","protected":false},"featured_media":107748,"comment_status":"open","ping_status":"closed","template":"","meta":{"_acf_changed":false,"pmpro_default_level":""},"product_brand":[],"product_cat":[24062],"product_tag":[],"class_list":{"0":"post-134411","1":"product","2":"type-product","3":"status-publish","4":"has-post-thumbnail","6":"product_cat-bidamas-durvis","7":"pmpro-has-access","9":"first","10":"instock","11":"shipping-taxable","12":"purchasable","13":"product-type-simple"},"acf":[],"yoast_head":"<!-- This site is optimized with the Yoast SEO plugin v24.9 - https:\/\/yoast.com\/wordpress\/plugins\/seo\/ -->\n<title>Stikla iek\u0161durvis AKRON FROSTED 80x200 cm, lab\u0101s puses - MetalTale.com<\/title>\n<meta name=\"robots\" content=\"index, follow, max-snippet:-1, max-image-preview:large, max-video-preview:-1\" \/>\n<link rel=\"canonical\" href=\"https:\/\/metaltale.com\/lv\/produkts\/stikla-ieksdurvis-akron-frosted-80x200-cm-labas-puses\/\" \/>\n<meta property=\"og:locale\" content=\"lv_LV\" \/>\n<meta property=\"og:type\" content=\"article\" \/>\n<meta property=\"og:title\" content=\"Stikla iek\u0161durvis AKRON FROSTED 80x200 cm, lab\u0101s puses - MetalTale.com\" \/>\n<meta property=\"og:description\" content=\"SAVE modelis. SG8.ML.PRGR Materi\u0101ls T\u0113rauds Biezums (cm ) 4 Kop\u0113jais augstums (cm ) 200 Kop\u0113jais platums (cm ) 80 Stikla\" \/>\n<meta property=\"og:url\" content=\"https:\/\/metaltale.com\/lv\/produkts\/stikla-ieksdurvis-akron-frosted-80x200-cm-labas-puses\/\" \/>\n<meta property=\"og:site_name\" content=\"MetalTale.com\" \/>\n<meta property=\"og:image\" content=\"https:\/\/metaltale.com\/wp-content\/uploads\/2023\/11\/Stiklinx117s-vidinx117s-palx117px117s-durys-AKRON-MLECZNE-80x200-Left.jpg\" \/>\n\t<meta property=\"og:image:width\" content=\"800\" \/>\n\t<meta property=\"og:image:height\" content=\"800\" \/>\n\t<meta property=\"og:image:type\" content=\"image\/jpeg\" \/>\n<meta name=\"twitter:card\" content=\"summary_large_image\" \/>\n<meta name=\"twitter:label1\" content=\"Est. reading time\" \/>\n\t<meta name=\"twitter:data1\" content=\"1 minute\" \/>\n<script type=\"application\/ld+json\" class=\"yoast-schema-graph\">{\"@context\":\"https:\/\/schema.org\",\"@graph\":[{\"@type\":\"WebPage\",\"@id\":\"https:\/\/metaltale.com\/lv\/produkts\/stikla-ieksdurvis-akron-frosted-80x200-cm-labas-puses\/\",\"url\":\"https:\/\/metaltale.com\/lv\/produkts\/stikla-ieksdurvis-akron-frosted-80x200-cm-labas-puses\/\",\"name\":\"Stikla iek\u0161durvis AKRON FROSTED 80x200 cm, lab\u0101s puses - MetalTale.com\",\"isPartOf\":{\"@id\":\"https:\/\/metaltale.com\/lv\/#website\"},\"primaryImageOfPage\":{\"@id\":\"https:\/\/metaltale.com\/lv\/produkts\/stikla-ieksdurvis-akron-frosted-80x200-cm-labas-puses\/#primaryimage\"},\"image\":{\"@id\":\"https:\/\/metaltale.com\/lv\/produkts\/stikla-ieksdurvis-akron-frosted-80x200-cm-labas-puses\/#primaryimage\"},\"thumbnailUrl\":\"https:\/\/metaltale.com\/wp-content\/uploads\/2023\/11\/Stiklinx117s-vidinx117s-palx117px117s-durys-AKRON-MLECZNE-80x200-Left.jpg\",\"datePublished\":\"2024-02-13T13:17:46+00:00\",\"breadcrumb\":{\"@id\":\"https:\/\/metaltale.com\/lv\/produkts\/stikla-ieksdurvis-akron-frosted-80x200-cm-labas-puses\/#breadcrumb\"},\"inLanguage\":\"lv-LV\",\"potentialAction\":[{\"@type\":\"ReadAction\",\"target\":[\"https:\/\/metaltale.com\/lv\/produkts\/stikla-ieksdurvis-akron-frosted-80x200-cm-labas-puses\/\"]}]},{\"@type\":\"ImageObject\",\"inLanguage\":\"lv-LV\",\"@id\":\"https:\/\/metaltale.com\/lv\/produkts\/stikla-ieksdurvis-akron-frosted-80x200-cm-labas-puses\/#primaryimage\",\"url\":\"https:\/\/metaltale.com\/wp-content\/uploads\/2023\/11\/Stiklinx117s-vidinx117s-palx117px117s-durys-AKRON-MLECZNE-80x200-Left.jpg\",\"contentUrl\":\"https:\/\/metaltale.com\/wp-content\/uploads\/2023\/11\/Stiklinx117s-vidinx117s-palx117px117s-durys-AKRON-MLECZNE-80x200-Left.jpg\",\"width\":800,\"height\":800,\"caption\":\"Stikla iek\u0161durvis AKRON FROSTED 80x200 cm, lab\u0101s puses\"},{\"@type\":\"BreadcrumbList\",\"@id\":\"https:\/\/metaltale.com\/lv\/produkts\/stikla-ieksdurvis-akron-frosted-80x200-cm-labas-puses\/#breadcrumb\",\"itemListElement\":[{\"@type\":\"ListItem\",\"position\":1,\"name\":\"Home\",\"item\":\"https:\/\/metaltale.com\/lv\/majas\/\"},{\"@type\":\"ListItem\",\"position\":2,\"name\":\"Veikals\",\"item\":\"https:\/\/metaltale.com\/lv\/shop\/\"},{\"@type\":\"ListItem\",\"position\":3,\"name\":\"Stikla iek\u0161durvis AKRON FROSTED 80&#215;200 cm, lab\u0101s puses\"}]},{\"@type\":\"WebSite\",\"@id\":\"https:\/\/metaltale.com\/lv\/#website\",\"url\":\"https:\/\/metaltale.com\/lv\/\",\"name\":\"Metaltale.com\",\"description\":\"\",\"potentialAction\":[{\"@type\":\"SearchAction\",\"target\":{\"@type\":\"EntryPoint\",\"urlTemplate\":\"https:\/\/metaltale.com\/lv\/?s={search_term_string}\"},\"query-input\":{\"@type\":\"PropertyValueSpecification\",\"valueRequired\":true,\"valueName\":\"search_term_string\"}}],\"inLanguage\":\"lv-LV\"}]}<\/script>\n<!-- \/ Yoast SEO plugin. -->","yoast_head_json":{"title":"Stikla iek\u0161durvis AKRON FROSTED 80x200 cm, lab\u0101s puses - MetalTale.com","robots":{"index":"index","follow":"follow","max-snippet":"max-snippet:-1","max-image-preview":"max-image-preview:large","max-video-preview":"max-video-preview:-1"},"canonical":"https:\/\/metaltale.com\/lv\/produkts\/stikla-ieksdurvis-akron-frosted-80x200-cm-labas-puses\/","og_locale":"lv_LV","og_type":"article","og_title":"Stikla iek\u0161durvis AKRON FROSTED 80x200 cm, lab\u0101s puses - MetalTale.com","og_description":"SAVE modelis. SG8.ML.PRGR Materi\u0101ls T\u0113rauds Biezums (cm ) 4 Kop\u0113jais augstums (cm ) 200 Kop\u0113jais platums (cm ) 80 Stikla","og_url":"https:\/\/metaltale.com\/lv\/produkts\/stikla-ieksdurvis-akron-frosted-80x200-cm-labas-puses\/","og_site_name":"MetalTale.com","og_image":[{"width":800,"height":800,"url":"https:\/\/metaltale.com\/wp-content\/uploads\/2023\/11\/Stiklinx117s-vidinx117s-palx117px117s-durys-AKRON-MLECZNE-80x200-Left.jpg","type":"image\/jpeg"}],"twitter_card":"summary_large_image","twitter_misc":{"Est. reading time":"1 minute"},"schema":{"@context":"https:\/\/schema.org","@graph":[{"@type":"WebPage","@id":"https:\/\/metaltale.com\/lv\/produkts\/stikla-ieksdurvis-akron-frosted-80x200-cm-labas-puses\/","url":"https:\/\/metaltale.com\/lv\/produkts\/stikla-ieksdurvis-akron-frosted-80x200-cm-labas-puses\/","name":"Stikla iek\u0161durvis AKRON FROSTED 80x200 cm, lab\u0101s puses - MetalTale.com","isPartOf":{"@id":"https:\/\/metaltale.com\/lv\/#website"},"primaryImageOfPage":{"@id":"https:\/\/metaltale.com\/lv\/produkts\/stikla-ieksdurvis-akron-frosted-80x200-cm-labas-puses\/#primaryimage"},"image":{"@id":"https:\/\/metaltale.com\/lv\/produkts\/stikla-ieksdurvis-akron-frosted-80x200-cm-labas-puses\/#primaryimage"},"thumbnailUrl":"https:\/\/metaltale.com\/wp-content\/uploads\/2023\/11\/Stiklinx117s-vidinx117s-palx117px117s-durys-AKRON-MLECZNE-80x200-Left.jpg","datePublished":"2024-02-13T13:17:46+00:00","breadcrumb":{"@id":"https:\/\/metaltale.com\/lv\/produkts\/stikla-ieksdurvis-akron-frosted-80x200-cm-labas-puses\/#breadcrumb"},"inLanguage":"lv-LV","potentialAction":[{"@type":"ReadAction","target":["https:\/\/metaltale.com\/lv\/produkts\/stikla-ieksdurvis-akron-frosted-80x200-cm-labas-puses\/"]}]},{"@type":"ImageObject","inLanguage":"lv-LV","@id":"https:\/\/metaltale.com\/lv\/produkts\/stikla-ieksdurvis-akron-frosted-80x200-cm-labas-puses\/#primaryimage","url":"https:\/\/metaltale.com\/wp-content\/uploads\/2023\/11\/Stiklinx117s-vidinx117s-palx117px117s-durys-AKRON-MLECZNE-80x200-Left.jpg","contentUrl":"https:\/\/metaltale.com\/wp-content\/uploads\/2023\/11\/Stiklinx117s-vidinx117s-palx117px117s-durys-AKRON-MLECZNE-80x200-Left.jpg","width":800,"height":800,"caption":"Stikla iek\u0161durvis AKRON FROSTED 80x200 cm, lab\u0101s puses"},{"@type":"BreadcrumbList","@id":"https:\/\/metaltale.com\/lv\/produkts\/stikla-ieksdurvis-akron-frosted-80x200-cm-labas-puses\/#breadcrumb","itemListElement":[{"@type":"ListItem","position":1,"name":"Home","item":"https:\/\/metaltale.com\/lv\/majas\/"},{"@type":"ListItem","position":2,"name":"Veikals","item":"https:\/\/metaltale.com\/lv\/shop\/"},{"@type":"ListItem","position":3,"name":"Stikla iek\u0161durvis AKRON FROSTED 80&#215;200 cm, lab\u0101s puses"}]},{"@type":"WebSite","@id":"https:\/\/metaltale.com\/lv\/#website","url":"https:\/\/metaltale.com\/lv\/","name":"Metaltale.com","description":"","potentialAction":[{"@type":"SearchAction","target":{"@type":"EntryPoint","urlTemplate":"https:\/\/metaltale.com\/lv\/?s={search_term_string}"},"query-input":{"@type":"PropertyValueSpecification","valueRequired":true,"valueName":"search_term_string"}}],"inLanguage":"lv-LV"}]}},"_links":{"self":[{"href":"https:\/\/metaltale.com\/lv\/wp-json\/wp\/v2\/product\/134411","targetHints":{"allow":["GET"]}}],"collection":[{"href":"https:\/\/metaltale.com\/lv\/wp-json\/wp\/v2\/product"}],"about":[{"href":"https:\/\/metaltale.com\/lv\/wp-json\/wp\/v2\/types\/product"}],"replies":[{"embeddable":true,"href":"https:\/\/metaltale.com\/lv\/wp-json\/wp\/v2\/comments?post=134411"}],"version-history":[{"count":0,"href":"https:\/\/metaltale.com\/lv\/wp-json\/wp\/v2\/product\/134411\/revisions"}],"wp:featuredmedia":[{"embeddable":true,"href":"https:\/\/metaltale.com\/lv\/wp-json\/wp\/v2\/media\/107748"}],"wp:attachment":[{"href":"https:\/\/metaltale.com\/lv\/wp-json\/wp\/v2\/media?parent=134411"}],"wp:term":[{"taxonomy":"product_brand","embeddable":true,"href":"https:\/\/metaltale.com\/lv\/wp-json\/wp\/v2\/product_brand?post=134411"},{"taxonomy":"product_cat","embeddable":true,"href":"https:\/\/metaltale.com\/lv\/wp-json\/wp\/v2\/product_cat?post=134411"},{"taxonomy":"product_tag","embeddable":true,"href":"https:\/\/metaltale.com\/lv\/wp-json\/wp\/v2\/product_tag?post=134411"}],"curies":[{"name":"wp","href":"https:\/\/api.w.org\/{rel}","templated":true}]}}