{"id":134380,"date":"2024-02-13T14:17:06","date_gmt":"2024-02-13T12:17:06","guid":{"rendered":"https:\/\/metaltale.com\/produktas\/ventilacijas-rezgis-round-200-mm\/"},"modified":"2024-02-13T14:17:06","modified_gmt":"2024-02-13T12:17:06","slug":"ventilacijas-rezgis-round-200-mm","status":"publish","type":"product","link":"https:\/\/metaltale.com\/lv\/produkts\/ventilacijas-rezgis-round-200-mm\/","title":{"rendered":"Ventil\u0101cijas re\u017e\u0123is ROUND 200 mm"},"content":{"rendered":"<div class=\"prod_data\">\n<p><strong>Modelis<\/strong> 01.692D. AI.200<br \/>\n<strong>EAN.<\/strong>  5905369919060<br \/>\nMateri\u0101ls Ketus<br \/>\n<strong>Biezums (cm<\/strong> ) 0,7<br \/>\nKop\u0113jais diametrs (cm ) 20<br \/>\n<strong>Att\u0101lums starp<\/strong> caurumiem (<strong>cm<\/strong> ) 18<br \/>\nT\u0113rauda <strong>kr\u0101sa<\/strong> <\/p>\n<p>Ventil\u0101cijas re\u017e\u0123is ir izgatavots no \u010duguna.<\/p>\n<p>Apa\u013ca forma ar trim stiprin\u0101juma l\u012bnij\u0101m.<\/p>\n<p>Gan labaj\u0101, gan kreisaj\u0101 pus\u0113 ir plakana virsma, kas \u013cauj tos piestiprin\u0101t pie plakana, l\u012bdzena elementa.<\/p>\n<\/div>\n","protected":false},"excerpt":{"rendered":"<p>Modelis 01.692D. AI.200 EAN. 5905369919060 Materi\u0101ls Ketus Biezums (cm ) 0,7 Kop\u0113jais diametrs (cm ) 20 Att\u0101lums starp caurumiem (cm<\/p>\n","protected":false},"featured_media":117376,"comment_status":"open","ping_status":"closed","template":"","meta":{"_acf_changed":false,"pmpro_default_level":""},"product_brand":[],"product_cat":[24082,23837],"product_tag":[],"class_list":{"0":"post-134380","1":"product","2":"type-product","3":"status-publish","4":"has-post-thumbnail","6":"product_cat-ventilacijas-restes","7":"product_cat-mebeles-piederumi","8":"pmpro-has-access","10":"first","11":"instock","12":"shipping-taxable","13":"purchasable","14":"product-type-simple"},"acf":[],"yoast_head":"<!-- This site is optimized with the Yoast SEO plugin v24.9 - https:\/\/yoast.com\/wordpress\/plugins\/seo\/ -->\n<title>Ventil\u0101cijas re\u017e\u0123is ROUND 200 mm - MetalTale.com<\/title>\n<meta name=\"robots\" content=\"index, follow, max-snippet:-1, max-image-preview:large, max-video-preview:-1\" \/>\n<link rel=\"canonical\" href=\"https:\/\/metaltale.com\/lv\/produkts\/ventilacijas-rezgis-round-200-mm\/\" \/>\n<meta property=\"og:locale\" content=\"lv_LV\" \/>\n<meta property=\"og:type\" content=\"article\" \/>\n<meta property=\"og:title\" content=\"Ventil\u0101cijas re\u017e\u0123is ROUND 200 mm - MetalTale.com\" \/>\n<meta property=\"og:description\" content=\"Modelis 01.692D. AI.200 EAN. 5905369919060 Materi\u0101ls Ketus Biezums (cm ) 0,7 Kop\u0113jais diametrs (cm ) 20 Att\u0101lums starp caurumiem (cm\" \/>\n<meta property=\"og:url\" content=\"https:\/\/metaltale.com\/lv\/produkts\/ventilacijas-rezgis-round-200-mm\/\" \/>\n<meta property=\"og:site_name\" content=\"MetalTale.com\" \/>\n<meta name=\"twitter:card\" content=\"summary_large_image\" \/>\n<script type=\"application\/ld+json\" class=\"yoast-schema-graph\">{\"@context\":\"https:\/\/schema.org\",\"@graph\":[{\"@type\":\"WebPage\",\"@id\":\"https:\/\/metaltale.com\/lv\/produkts\/ventilacijas-rezgis-round-200-mm\/\",\"url\":\"https:\/\/metaltale.com\/lv\/produkts\/ventilacijas-rezgis-round-200-mm\/\",\"name\":\"Ventil\u0101cijas re\u017e\u0123is ROUND 200 mm - MetalTale.com\",\"isPartOf\":{\"@id\":\"https:\/\/metaltale.com\/lv\/#website\"},\"primaryImageOfPage\":{\"@id\":\"https:\/\/metaltale.com\/lv\/produkts\/ventilacijas-rezgis-round-200-mm\/#primaryimage\"},\"image\":{\"@id\":\"https:\/\/metaltale.com\/lv\/produkts\/ventilacijas-rezgis-round-200-mm\/#primaryimage\"},\"thumbnailUrl\":\"https:\/\/metaltale.com\/wp-content\/uploads\/2023\/12\/Vx117dinimo-grotelx117s-ROUND-200.jpg\",\"datePublished\":\"2024-02-13T12:17:06+00:00\",\"breadcrumb\":{\"@id\":\"https:\/\/metaltale.com\/lv\/produkts\/ventilacijas-rezgis-round-200-mm\/#breadcrumb\"},\"inLanguage\":\"lv-LV\",\"potentialAction\":[{\"@type\":\"ReadAction\",\"target\":[\"https:\/\/metaltale.com\/lv\/produkts\/ventilacijas-rezgis-round-200-mm\/\"]}]},{\"@type\":\"ImageObject\",\"inLanguage\":\"lv-LV\",\"@id\":\"https:\/\/metaltale.com\/lv\/produkts\/ventilacijas-rezgis-round-200-mm\/#primaryimage\",\"url\":\"https:\/\/metaltale.com\/wp-content\/uploads\/2023\/12\/Vx117dinimo-grotelx117s-ROUND-200.jpg\",\"contentUrl\":\"https:\/\/metaltale.com\/wp-content\/uploads\/2023\/12\/Vx117dinimo-grotelx117s-ROUND-200.jpg\",\"width\":800,\"height\":800,\"caption\":\"Ventil\u0101cijas re\u017e\u0123is ROUND 200 mm\"},{\"@type\":\"BreadcrumbList\",\"@id\":\"https:\/\/metaltale.com\/lv\/produkts\/ventilacijas-rezgis-round-200-mm\/#breadcrumb\",\"itemListElement\":[{\"@type\":\"ListItem\",\"position\":1,\"name\":\"Home\",\"item\":\"https:\/\/metaltale.com\/lv\/majas\/\"},{\"@type\":\"ListItem\",\"position\":2,\"name\":\"Veikals\",\"item\":\"https:\/\/metaltale.com\/lv\/shop\/\"},{\"@type\":\"ListItem\",\"position\":3,\"name\":\"Ventil\u0101cijas re\u017e\u0123is ROUND 200 mm\"}]},{\"@type\":\"WebSite\",\"@id\":\"https:\/\/metaltale.com\/lv\/#website\",\"url\":\"https:\/\/metaltale.com\/lv\/\",\"name\":\"Metaltale.com\",\"description\":\"\",\"potentialAction\":[{\"@type\":\"SearchAction\",\"target\":{\"@type\":\"EntryPoint\",\"urlTemplate\":\"https:\/\/metaltale.com\/lv\/?s={search_term_string}\"},\"query-input\":{\"@type\":\"PropertyValueSpecification\",\"valueRequired\":true,\"valueName\":\"search_term_string\"}}],\"inLanguage\":\"lv-LV\"}]}<\/script>\n<!-- \/ Yoast SEO plugin. -->","yoast_head_json":{"title":"Ventil\u0101cijas re\u017e\u0123is ROUND 200 mm - MetalTale.com","robots":{"index":"index","follow":"follow","max-snippet":"max-snippet:-1","max-image-preview":"max-image-preview:large","max-video-preview":"max-video-preview:-1"},"canonical":"https:\/\/metaltale.com\/lv\/produkts\/ventilacijas-rezgis-round-200-mm\/","og_locale":"lv_LV","og_type":"article","og_title":"Ventil\u0101cijas re\u017e\u0123is ROUND 200 mm - MetalTale.com","og_description":"Modelis 01.692D. AI.200 EAN. 5905369919060 Materi\u0101ls Ketus Biezums (cm ) 0,7 Kop\u0113jais diametrs (cm ) 20 Att\u0101lums starp caurumiem (cm","og_url":"https:\/\/metaltale.com\/lv\/produkts\/ventilacijas-rezgis-round-200-mm\/","og_site_name":"MetalTale.com","twitter_card":"summary_large_image","schema":{"@context":"https:\/\/schema.org","@graph":[{"@type":"WebPage","@id":"https:\/\/metaltale.com\/lv\/produkts\/ventilacijas-rezgis-round-200-mm\/","url":"https:\/\/metaltale.com\/lv\/produkts\/ventilacijas-rezgis-round-200-mm\/","name":"Ventil\u0101cijas re\u017e\u0123is ROUND 200 mm - MetalTale.com","isPartOf":{"@id":"https:\/\/metaltale.com\/lv\/#website"},"primaryImageOfPage":{"@id":"https:\/\/metaltale.com\/lv\/produkts\/ventilacijas-rezgis-round-200-mm\/#primaryimage"},"image":{"@id":"https:\/\/metaltale.com\/lv\/produkts\/ventilacijas-rezgis-round-200-mm\/#primaryimage"},"thumbnailUrl":"https:\/\/metaltale.com\/wp-content\/uploads\/2023\/12\/Vx117dinimo-grotelx117s-ROUND-200.jpg","datePublished":"2024-02-13T12:17:06+00:00","breadcrumb":{"@id":"https:\/\/metaltale.com\/lv\/produkts\/ventilacijas-rezgis-round-200-mm\/#breadcrumb"},"inLanguage":"lv-LV","potentialAction":[{"@type":"ReadAction","target":["https:\/\/metaltale.com\/lv\/produkts\/ventilacijas-rezgis-round-200-mm\/"]}]},{"@type":"ImageObject","inLanguage":"lv-LV","@id":"https:\/\/metaltale.com\/lv\/produkts\/ventilacijas-rezgis-round-200-mm\/#primaryimage","url":"https:\/\/metaltale.com\/wp-content\/uploads\/2023\/12\/Vx117dinimo-grotelx117s-ROUND-200.jpg","contentUrl":"https:\/\/metaltale.com\/wp-content\/uploads\/2023\/12\/Vx117dinimo-grotelx117s-ROUND-200.jpg","width":800,"height":800,"caption":"Ventil\u0101cijas re\u017e\u0123is ROUND 200 mm"},{"@type":"BreadcrumbList","@id":"https:\/\/metaltale.com\/lv\/produkts\/ventilacijas-rezgis-round-200-mm\/#breadcrumb","itemListElement":[{"@type":"ListItem","position":1,"name":"Home","item":"https:\/\/metaltale.com\/lv\/majas\/"},{"@type":"ListItem","position":2,"name":"Veikals","item":"https:\/\/metaltale.com\/lv\/shop\/"},{"@type":"ListItem","position":3,"name":"Ventil\u0101cijas re\u017e\u0123is ROUND 200 mm"}]},{"@type":"WebSite","@id":"https:\/\/metaltale.com\/lv\/#website","url":"https:\/\/metaltale.com\/lv\/","name":"Metaltale.com","description":"","potentialAction":[{"@type":"SearchAction","target":{"@type":"EntryPoint","urlTemplate":"https:\/\/metaltale.com\/lv\/?s={search_term_string}"},"query-input":{"@type":"PropertyValueSpecification","valueRequired":true,"valueName":"search_term_string"}}],"inLanguage":"lv-LV"}]}},"_links":{"self":[{"href":"https:\/\/metaltale.com\/lv\/wp-json\/wp\/v2\/product\/134380","targetHints":{"allow":["GET"]}}],"collection":[{"href":"https:\/\/metaltale.com\/lv\/wp-json\/wp\/v2\/product"}],"about":[{"href":"https:\/\/metaltale.com\/lv\/wp-json\/wp\/v2\/types\/product"}],"replies":[{"embeddable":true,"href":"https:\/\/metaltale.com\/lv\/wp-json\/wp\/v2\/comments?post=134380"}],"version-history":[{"count":0,"href":"https:\/\/metaltale.com\/lv\/wp-json\/wp\/v2\/product\/134380\/revisions"}],"wp:featuredmedia":[{"embeddable":true,"href":"https:\/\/metaltale.com\/lv\/wp-json\/wp\/v2\/media\/117376"}],"wp:attachment":[{"href":"https:\/\/metaltale.com\/lv\/wp-json\/wp\/v2\/media?parent=134380"}],"wp:term":[{"taxonomy":"product_brand","embeddable":true,"href":"https:\/\/metaltale.com\/lv\/wp-json\/wp\/v2\/product_brand?post=134380"},{"taxonomy":"product_cat","embeddable":true,"href":"https:\/\/metaltale.com\/lv\/wp-json\/wp\/v2\/product_cat?post=134380"},{"taxonomy":"product_tag","embeddable":true,"href":"https:\/\/metaltale.com\/lv\/wp-json\/wp\/v2\/product_tag?post=134380"}],"curies":[{"name":"wp","href":"https:\/\/api.w.org\/{rel}","templated":true}]}}