{"id":134342,"date":"2024-02-13T14:03:04","date_gmt":"2024-02-13T12:03:04","guid":{"rendered":"https:\/\/metaltale.com\/produktas\/udens-krans-york-1-melns\/"},"modified":"2024-02-13T14:03:04","modified_gmt":"2024-02-13T12:03:04","slug":"udens-krans-york-1-melns","status":"publish","type":"product","link":"https:\/\/metaltale.com\/lv\/produkts\/udens-krans-york-1-melns\/","title":{"rendered":"\u016adens kr\u0101ns YORK 1, melns"},"content":{"rendered":"<div class=\"prod_data\">\n<p><strong>Modelis<\/strong> WX.04.BLA<br \/>\nJorkas kolekcija<br \/>\n<strong>EAN.<\/strong>  5905369904356<br \/>\n<strong>Izsmidzin\u0101t\u0101ja garums (cm<\/strong> ) 3,5<br \/>\n<strong>Materi\u0101ls<\/strong> Misi\u0146\u0161<br \/>\n<strong>Kop\u0113jais augstums (cm<\/strong> ) 7<br \/>\n<strong>V\u012btnes diametrs (collas<\/strong> ) 1\/2<br \/>\nKr\u0101sa Melna<br \/>\n<strong>Apdare<\/strong> M\u012bksta, sat\u012bna efekts<br \/>\n<strong>Papildu inform\u0101cija<\/strong> Jauc\u0113jkr\u0101ns ar 3\/8&#8242; galu<\/p>\n<p>&#8211; misi\u0146a v\u0101rsts<br \/>\n&#8211; keramikas galvi\u0146a perfekta bl\u012bv\u0113juma nodro\u0161in\u0101\u0161anai<br \/>\n&#8211; Vid\u0113ji ilgs kalpo\u0161anas laiks, ko garant\u0113 augst\u0101kie ra\u017eo\u0161anas standarti.<br \/>\n&#8211; viegla apkope &#8211; silts \u016bdens un PH neitr\u0101las ziepes.<br \/>\n&#8211; apskatiet citus York kolekcijas produktus<\/p>\n<hr>\n<p>Melnais ve\u013cas mazg\u0101jam\u0101s ma\u0161\u012bnas misi\u0146a mais\u012bt\u0101js ir oblig\u0101ts piederums katr\u0101 vannas istab\u0101. Eleganci un unik\u0101lo retro raksturu papildina sat\u012bna apdare un redzam\u0101s otas p\u0113das uz virsmas. Augst\u0101k\u0101s kvalit\u0101tes izstr\u0101d\u0101jums ar smalku vintage stila piesk\u0101rienu.<\/p>\n<\/div>\n","protected":false},"excerpt":{"rendered":"<p>Modelis WX.04.BLA Jorkas kolekcija EAN. 5905369904356 Izsmidzin\u0101t\u0101ja garums (cm ) 3,5 Materi\u0101ls Misi\u0146\u0161 Kop\u0113jais augstums (cm ) 7 V\u012btnes diametrs<\/p>\n","protected":false},"featured_media":101236,"comment_status":"open","ping_status":"closed","template":"","meta":{"_acf_changed":false,"pmpro_default_level":""},"product_brand":[],"product_cat":[24060,24111],"product_tag":[],"class_list":{"0":"post-134342","1":"product","2":"type-product","3":"status-publish","4":"has-post-thumbnail","6":"product_cat-kranini","7":"product_cat-udens-krani-un-varsti","8":"pmpro-has-access","10":"first","11":"instock","12":"shipping-taxable","13":"purchasable","14":"product-type-simple"},"acf":[],"yoast_head":"<!-- This site is optimized with the Yoast SEO plugin v24.9 - https:\/\/yoast.com\/wordpress\/plugins\/seo\/ -->\n<title>\u016adens kr\u0101ns YORK 1, melns - MetalTale.com<\/title>\n<meta name=\"robots\" content=\"index, follow, max-snippet:-1, max-image-preview:large, max-video-preview:-1\" \/>\n<link rel=\"canonical\" href=\"https:\/\/metaltale.com\/lv\/produkts\/udens-krans-york-1-melns\/\" \/>\n<meta property=\"og:locale\" content=\"lv_LV\" \/>\n<meta property=\"og:type\" content=\"article\" \/>\n<meta property=\"og:title\" content=\"\u016adens kr\u0101ns YORK 1, melns - MetalTale.com\" \/>\n<meta property=\"og:description\" content=\"Modelis WX.04.BLA Jorkas kolekcija EAN. 5905369904356 Izsmidzin\u0101t\u0101ja garums (cm ) 3,5 Materi\u0101ls Misi\u0146\u0161 Kop\u0113jais augstums (cm ) 7 V\u012btnes diametrs\" \/>\n<meta property=\"og:url\" content=\"https:\/\/metaltale.com\/lv\/produkts\/udens-krans-york-1-melns\/\" \/>\n<meta property=\"og:site_name\" content=\"MetalTale.com\" \/>\n<meta name=\"twitter:card\" content=\"summary_large_image\" \/>\n<meta name=\"twitter:label1\" content=\"Est. reading time\" \/>\n\t<meta name=\"twitter:data1\" content=\"1 minute\" \/>\n<script type=\"application\/ld+json\" class=\"yoast-schema-graph\">{\"@context\":\"https:\/\/schema.org\",\"@graph\":[{\"@type\":\"WebPage\",\"@id\":\"https:\/\/metaltale.com\/lv\/produkts\/udens-krans-york-1-melns\/\",\"url\":\"https:\/\/metaltale.com\/lv\/produkts\/udens-krans-york-1-melns\/\",\"name\":\"\u016adens kr\u0101ns YORK 1, melns - MetalTale.com\",\"isPartOf\":{\"@id\":\"https:\/\/metaltale.com\/lv\/#website\"},\"primaryImageOfPage\":{\"@id\":\"https:\/\/metaltale.com\/lv\/produkts\/udens-krans-york-1-melns\/#primaryimage\"},\"image\":{\"@id\":\"https:\/\/metaltale.com\/lv\/produkts\/udens-krans-york-1-melns\/#primaryimage\"},\"thumbnailUrl\":\"https:\/\/metaltale.com\/wp-content\/uploads\/2023\/11\/Kranikas-JORKAS-1.jpg\",\"datePublished\":\"2024-02-13T12:03:04+00:00\",\"breadcrumb\":{\"@id\":\"https:\/\/metaltale.com\/lv\/produkts\/udens-krans-york-1-melns\/#breadcrumb\"},\"inLanguage\":\"lv-LV\",\"potentialAction\":[{\"@type\":\"ReadAction\",\"target\":[\"https:\/\/metaltale.com\/lv\/produkts\/udens-krans-york-1-melns\/\"]}]},{\"@type\":\"ImageObject\",\"inLanguage\":\"lv-LV\",\"@id\":\"https:\/\/metaltale.com\/lv\/produkts\/udens-krans-york-1-melns\/#primaryimage\",\"url\":\"https:\/\/metaltale.com\/wp-content\/uploads\/2023\/11\/Kranikas-JORKAS-1.jpg\",\"contentUrl\":\"https:\/\/metaltale.com\/wp-content\/uploads\/2023\/11\/Kranikas-JORKAS-1.jpg\",\"width\":800,\"height\":800,\"caption\":\"\u016adens kr\u0101ns YORK 1, melns\"},{\"@type\":\"BreadcrumbList\",\"@id\":\"https:\/\/metaltale.com\/lv\/produkts\/udens-krans-york-1-melns\/#breadcrumb\",\"itemListElement\":[{\"@type\":\"ListItem\",\"position\":1,\"name\":\"Home\",\"item\":\"https:\/\/metaltale.com\/lv\/majas\/\"},{\"@type\":\"ListItem\",\"position\":2,\"name\":\"Veikals\",\"item\":\"https:\/\/metaltale.com\/lv\/shop\/\"},{\"@type\":\"ListItem\",\"position\":3,\"name\":\"\u016adens kr\u0101ns YORK 1, melns\"}]},{\"@type\":\"WebSite\",\"@id\":\"https:\/\/metaltale.com\/lv\/#website\",\"url\":\"https:\/\/metaltale.com\/lv\/\",\"name\":\"Metaltale.com\",\"description\":\"\",\"potentialAction\":[{\"@type\":\"SearchAction\",\"target\":{\"@type\":\"EntryPoint\",\"urlTemplate\":\"https:\/\/metaltale.com\/lv\/?s={search_term_string}\"},\"query-input\":{\"@type\":\"PropertyValueSpecification\",\"valueRequired\":true,\"valueName\":\"search_term_string\"}}],\"inLanguage\":\"lv-LV\"}]}<\/script>\n<!-- \/ Yoast SEO plugin. -->","yoast_head_json":{"title":"\u016adens kr\u0101ns YORK 1, melns - MetalTale.com","robots":{"index":"index","follow":"follow","max-snippet":"max-snippet:-1","max-image-preview":"max-image-preview:large","max-video-preview":"max-video-preview:-1"},"canonical":"https:\/\/metaltale.com\/lv\/produkts\/udens-krans-york-1-melns\/","og_locale":"lv_LV","og_type":"article","og_title":"\u016adens kr\u0101ns YORK 1, melns - MetalTale.com","og_description":"Modelis WX.04.BLA Jorkas kolekcija EAN. 5905369904356 Izsmidzin\u0101t\u0101ja garums (cm ) 3,5 Materi\u0101ls Misi\u0146\u0161 Kop\u0113jais augstums (cm ) 7 V\u012btnes diametrs","og_url":"https:\/\/metaltale.com\/lv\/produkts\/udens-krans-york-1-melns\/","og_site_name":"MetalTale.com","twitter_card":"summary_large_image","twitter_misc":{"Est. reading time":"1 minute"},"schema":{"@context":"https:\/\/schema.org","@graph":[{"@type":"WebPage","@id":"https:\/\/metaltale.com\/lv\/produkts\/udens-krans-york-1-melns\/","url":"https:\/\/metaltale.com\/lv\/produkts\/udens-krans-york-1-melns\/","name":"\u016adens kr\u0101ns YORK 1, melns - MetalTale.com","isPartOf":{"@id":"https:\/\/metaltale.com\/lv\/#website"},"primaryImageOfPage":{"@id":"https:\/\/metaltale.com\/lv\/produkts\/udens-krans-york-1-melns\/#primaryimage"},"image":{"@id":"https:\/\/metaltale.com\/lv\/produkts\/udens-krans-york-1-melns\/#primaryimage"},"thumbnailUrl":"https:\/\/metaltale.com\/wp-content\/uploads\/2023\/11\/Kranikas-JORKAS-1.jpg","datePublished":"2024-02-13T12:03:04+00:00","breadcrumb":{"@id":"https:\/\/metaltale.com\/lv\/produkts\/udens-krans-york-1-melns\/#breadcrumb"},"inLanguage":"lv-LV","potentialAction":[{"@type":"ReadAction","target":["https:\/\/metaltale.com\/lv\/produkts\/udens-krans-york-1-melns\/"]}]},{"@type":"ImageObject","inLanguage":"lv-LV","@id":"https:\/\/metaltale.com\/lv\/produkts\/udens-krans-york-1-melns\/#primaryimage","url":"https:\/\/metaltale.com\/wp-content\/uploads\/2023\/11\/Kranikas-JORKAS-1.jpg","contentUrl":"https:\/\/metaltale.com\/wp-content\/uploads\/2023\/11\/Kranikas-JORKAS-1.jpg","width":800,"height":800,"caption":"\u016adens kr\u0101ns YORK 1, melns"},{"@type":"BreadcrumbList","@id":"https:\/\/metaltale.com\/lv\/produkts\/udens-krans-york-1-melns\/#breadcrumb","itemListElement":[{"@type":"ListItem","position":1,"name":"Home","item":"https:\/\/metaltale.com\/lv\/majas\/"},{"@type":"ListItem","position":2,"name":"Veikals","item":"https:\/\/metaltale.com\/lv\/shop\/"},{"@type":"ListItem","position":3,"name":"\u016adens kr\u0101ns YORK 1, melns"}]},{"@type":"WebSite","@id":"https:\/\/metaltale.com\/lv\/#website","url":"https:\/\/metaltale.com\/lv\/","name":"Metaltale.com","description":"","potentialAction":[{"@type":"SearchAction","target":{"@type":"EntryPoint","urlTemplate":"https:\/\/metaltale.com\/lv\/?s={search_term_string}"},"query-input":{"@type":"PropertyValueSpecification","valueRequired":true,"valueName":"search_term_string"}}],"inLanguage":"lv-LV"}]}},"_links":{"self":[{"href":"https:\/\/metaltale.com\/lv\/wp-json\/wp\/v2\/product\/134342","targetHints":{"allow":["GET"]}}],"collection":[{"href":"https:\/\/metaltale.com\/lv\/wp-json\/wp\/v2\/product"}],"about":[{"href":"https:\/\/metaltale.com\/lv\/wp-json\/wp\/v2\/types\/product"}],"replies":[{"embeddable":true,"href":"https:\/\/metaltale.com\/lv\/wp-json\/wp\/v2\/comments?post=134342"}],"version-history":[{"count":0,"href":"https:\/\/metaltale.com\/lv\/wp-json\/wp\/v2\/product\/134342\/revisions"}],"wp:featuredmedia":[{"embeddable":true,"href":"https:\/\/metaltale.com\/lv\/wp-json\/wp\/v2\/media\/101236"}],"wp:attachment":[{"href":"https:\/\/metaltale.com\/lv\/wp-json\/wp\/v2\/media?parent=134342"}],"wp:term":[{"taxonomy":"product_brand","embeddable":true,"href":"https:\/\/metaltale.com\/lv\/wp-json\/wp\/v2\/product_brand?post=134342"},{"taxonomy":"product_cat","embeddable":true,"href":"https:\/\/metaltale.com\/lv\/wp-json\/wp\/v2\/product_cat?post=134342"},{"taxonomy":"product_tag","embeddable":true,"href":"https:\/\/metaltale.com\/lv\/wp-json\/wp\/v2\/product_tag?post=134342"}],"curies":[{"name":"wp","href":"https:\/\/api.w.org\/{rel}","templated":true}]}}