{"id":134327,"date":"2024-01-12T21:10:24","date_gmt":"2024-01-12T19:10:24","guid":{"rendered":"https:\/\/metaltale.com\/produktas\/tvirta-priekssedetajs\/"},"modified":"2024-01-12T21:10:24","modified_gmt":"2024-01-12T19:10:24","slug":"tvirta-priekssedetajs","status":"publish","type":"product","link":"https:\/\/metaltale.com\/lv\/produkts\/tvirta-priekssedetajs\/","title":{"rendered":"TVIRTA priek\u0161s\u0113d\u0113t\u0101js"},"content":{"rendered":"<div class=\"prod_data\"><strong>Modelis<\/strong> FOR. K1-CZ-R  <br \/>Sp\u0113c\u012bga <strong>kolekcija<\/strong>  <br \/><strong>Materi\u0101ls<\/strong> Eko \u0101da, met\u0101ls  <br \/><strong>Kop\u0113jais augstums (cm<\/strong> ) 50\/90  <br \/><strong>Kop\u0113jais platums (cm<\/strong> ) 45  <br \/><strong>Dzi\u013cums (cm<\/strong> ) 45  <br \/>Br\u016bna <strong>kr\u0101sa<\/strong>  <br \/><strong>Pieg\u0101des veids<\/strong> Izstr\u0101d\u0101jums mont\u0101\u017eas elementos  <\/p>\n<p>Kr\u0113sls ir izgatavots no met\u0101la un videi draudz\u012bgas \u0101das, kas garant\u0113 izstr\u0101d\u0101juma iztur\u012bbu.<\/p>\n<p>Step\u0113ts polster\u0113jums pie\u0161\u0137ir neparastu raksturu<\/p>\n<p>K\u0101jas izgatavotas no met\u0101la ar pulverkr\u0101sas p\u0101rkl\u0101jumu, kas nodro\u0161ina papildu iztur\u012bbu pret skr\u0101p\u0113jumiem<\/p>\n<p>Produktu kr\u0101sa var at\u0161\u0137irties no fotogalerij\u0101 redzam\u0101s kr\u0101sas, kas var b\u016bt saist\u012bts ar individu\u0101liem monitora iestat\u012bjumiem un materi\u0101lu \u012bpa\u0161\u012bb\u0101m.<\/p>\n<hr>\n<p>Produkts ir ide\u0101la izv\u0113le cilv\u0113kiem, kas mekl\u0113 komfortu apvienojum\u0101 ar est\u0113tisku izskatu. Kr\u0113sls ir lieliski piem\u0113rots \u0113damistabai, virtuvei vai viesistabai, birojiem un pat kafejn\u012bc\u0101m. S\u0113deklis un atzveltne ir polster\u0113ti ar m\u0101ksl\u012bgo zam\u0161\u0101du, kas rada vecin\u0101tas virsmas iespaidu. Kr\u0113sla k\u0101jas ir izgatavotas no melna met\u0101la, kas visai konstrukcijai pie\u0161\u0137ir eleganci un \u0161iku. Ierosin\u0101tajam kr\u0113slam nav roku balstu. Turkl\u0101t polster\u0113jums ir step\u0113ts, kas ir diezgan vienk\u0101r\u0161as kop\u0113j\u0101s strukt\u016bras da\u017e\u0101d\u012bba.<\/p>\n<\/div>\n","protected":false},"excerpt":{"rendered":"<p>Modelis FOR. K1-CZ-R Sp\u0113c\u012bga kolekcija Materi\u0101ls Eko \u0101da, met\u0101ls Kop\u0113jais augstums (cm ) 50\/90 Kop\u0113jais platums (cm ) 45 Dzi\u013cums<\/p>\n","protected":false},"featured_media":74890,"comment_status":"open","ping_status":"closed","template":"","meta":{"_acf_changed":false,"pmpro_default_level":""},"product_brand":[],"product_cat":[24057],"product_tag":[],"class_list":{"0":"post-134327","1":"product","2":"type-product","3":"status-publish","4":"has-post-thumbnail","6":"product_cat-rupnieciskas-mebeles","7":"pmpro-has-access","9":"first","10":"outofstock","11":"shipping-taxable","12":"purchasable","13":"product-type-simple"},"acf":[],"yoast_head":"<!-- This site is optimized with the Yoast SEO plugin v24.9 - https:\/\/yoast.com\/wordpress\/plugins\/seo\/ -->\n<title>TVIRTA priek\u0161s\u0113d\u0113t\u0101js - MetalTale.com<\/title>\n<meta name=\"robots\" content=\"index, follow, max-snippet:-1, max-image-preview:large, max-video-preview:-1\" \/>\n<link rel=\"canonical\" href=\"https:\/\/metaltale.com\/lv\/produkts\/tvirta-priekssedetajs\/\" \/>\n<meta property=\"og:locale\" content=\"lv_LV\" \/>\n<meta property=\"og:type\" content=\"article\" \/>\n<meta property=\"og:title\" content=\"TVIRTA priek\u0161s\u0113d\u0113t\u0101js - MetalTale.com\" \/>\n<meta property=\"og:description\" content=\"Modelis FOR. K1-CZ-R Sp\u0113c\u012bga kolekcija Materi\u0101ls Eko \u0101da, met\u0101ls Kop\u0113jais augstums (cm ) 50\/90 Kop\u0113jais platums (cm ) 45 Dzi\u013cums\" \/>\n<meta property=\"og:url\" content=\"https:\/\/metaltale.com\/lv\/produkts\/tvirta-priekssedetajs\/\" \/>\n<meta property=\"og:site_name\" content=\"MetalTale.com\" \/>\n<meta name=\"twitter:card\" content=\"summary_large_image\" \/>\n<meta name=\"twitter:label1\" content=\"Est. reading time\" \/>\n\t<meta name=\"twitter:data1\" content=\"1 minute\" \/>\n<script type=\"application\/ld+json\" class=\"yoast-schema-graph\">{\"@context\":\"https:\/\/schema.org\",\"@graph\":[{\"@type\":\"WebPage\",\"@id\":\"https:\/\/metaltale.com\/lv\/produkts\/tvirta-priekssedetajs\/\",\"url\":\"https:\/\/metaltale.com\/lv\/produkts\/tvirta-priekssedetajs\/\",\"name\":\"TVIRTA priek\u0161s\u0113d\u0113t\u0101js - MetalTale.com\",\"isPartOf\":{\"@id\":\"https:\/\/metaltale.com\/lv\/#website\"},\"primaryImageOfPage\":{\"@id\":\"https:\/\/metaltale.com\/lv\/produkts\/tvirta-priekssedetajs\/#primaryimage\"},\"image\":{\"@id\":\"https:\/\/metaltale.com\/lv\/produkts\/tvirta-priekssedetajs\/#primaryimage\"},\"thumbnailUrl\":\"https:\/\/metaltale.com\/wp-content\/uploads\/2023\/09\/TVIRTA-kx117dx117.jpg\",\"datePublished\":\"2024-01-12T19:10:24+00:00\",\"breadcrumb\":{\"@id\":\"https:\/\/metaltale.com\/lv\/produkts\/tvirta-priekssedetajs\/#breadcrumb\"},\"inLanguage\":\"lv-LV\",\"potentialAction\":[{\"@type\":\"ReadAction\",\"target\":[\"https:\/\/metaltale.com\/lv\/produkts\/tvirta-priekssedetajs\/\"]}]},{\"@type\":\"ImageObject\",\"inLanguage\":\"lv-LV\",\"@id\":\"https:\/\/metaltale.com\/lv\/produkts\/tvirta-priekssedetajs\/#primaryimage\",\"url\":\"https:\/\/metaltale.com\/wp-content\/uploads\/2023\/09\/TVIRTA-kx117dx117.jpg\",\"contentUrl\":\"https:\/\/metaltale.com\/wp-content\/uploads\/2023\/09\/TVIRTA-kx117dx117.jpg\",\"width\":800,\"height\":800},{\"@type\":\"BreadcrumbList\",\"@id\":\"https:\/\/metaltale.com\/lv\/produkts\/tvirta-priekssedetajs\/#breadcrumb\",\"itemListElement\":[{\"@type\":\"ListItem\",\"position\":1,\"name\":\"Home\",\"item\":\"https:\/\/metaltale.com\/lv\/majas\/\"},{\"@type\":\"ListItem\",\"position\":2,\"name\":\"Veikals\",\"item\":\"https:\/\/metaltale.com\/lv\/shop\/\"},{\"@type\":\"ListItem\",\"position\":3,\"name\":\"TVIRTA priek\u0161s\u0113d\u0113t\u0101js\"}]},{\"@type\":\"WebSite\",\"@id\":\"https:\/\/metaltale.com\/lv\/#website\",\"url\":\"https:\/\/metaltale.com\/lv\/\",\"name\":\"Metaltale.com\",\"description\":\"\",\"potentialAction\":[{\"@type\":\"SearchAction\",\"target\":{\"@type\":\"EntryPoint\",\"urlTemplate\":\"https:\/\/metaltale.com\/lv\/?s={search_term_string}\"},\"query-input\":{\"@type\":\"PropertyValueSpecification\",\"valueRequired\":true,\"valueName\":\"search_term_string\"}}],\"inLanguage\":\"lv-LV\"}]}<\/script>\n<!-- \/ Yoast SEO plugin. -->","yoast_head_json":{"title":"TVIRTA priek\u0161s\u0113d\u0113t\u0101js - MetalTale.com","robots":{"index":"index","follow":"follow","max-snippet":"max-snippet:-1","max-image-preview":"max-image-preview:large","max-video-preview":"max-video-preview:-1"},"canonical":"https:\/\/metaltale.com\/lv\/produkts\/tvirta-priekssedetajs\/","og_locale":"lv_LV","og_type":"article","og_title":"TVIRTA priek\u0161s\u0113d\u0113t\u0101js - MetalTale.com","og_description":"Modelis FOR. K1-CZ-R Sp\u0113c\u012bga kolekcija Materi\u0101ls Eko \u0101da, met\u0101ls Kop\u0113jais augstums (cm ) 50\/90 Kop\u0113jais platums (cm ) 45 Dzi\u013cums","og_url":"https:\/\/metaltale.com\/lv\/produkts\/tvirta-priekssedetajs\/","og_site_name":"MetalTale.com","twitter_card":"summary_large_image","twitter_misc":{"Est. reading time":"1 minute"},"schema":{"@context":"https:\/\/schema.org","@graph":[{"@type":"WebPage","@id":"https:\/\/metaltale.com\/lv\/produkts\/tvirta-priekssedetajs\/","url":"https:\/\/metaltale.com\/lv\/produkts\/tvirta-priekssedetajs\/","name":"TVIRTA priek\u0161s\u0113d\u0113t\u0101js - MetalTale.com","isPartOf":{"@id":"https:\/\/metaltale.com\/lv\/#website"},"primaryImageOfPage":{"@id":"https:\/\/metaltale.com\/lv\/produkts\/tvirta-priekssedetajs\/#primaryimage"},"image":{"@id":"https:\/\/metaltale.com\/lv\/produkts\/tvirta-priekssedetajs\/#primaryimage"},"thumbnailUrl":"https:\/\/metaltale.com\/wp-content\/uploads\/2023\/09\/TVIRTA-kx117dx117.jpg","datePublished":"2024-01-12T19:10:24+00:00","breadcrumb":{"@id":"https:\/\/metaltale.com\/lv\/produkts\/tvirta-priekssedetajs\/#breadcrumb"},"inLanguage":"lv-LV","potentialAction":[{"@type":"ReadAction","target":["https:\/\/metaltale.com\/lv\/produkts\/tvirta-priekssedetajs\/"]}]},{"@type":"ImageObject","inLanguage":"lv-LV","@id":"https:\/\/metaltale.com\/lv\/produkts\/tvirta-priekssedetajs\/#primaryimage","url":"https:\/\/metaltale.com\/wp-content\/uploads\/2023\/09\/TVIRTA-kx117dx117.jpg","contentUrl":"https:\/\/metaltale.com\/wp-content\/uploads\/2023\/09\/TVIRTA-kx117dx117.jpg","width":800,"height":800},{"@type":"BreadcrumbList","@id":"https:\/\/metaltale.com\/lv\/produkts\/tvirta-priekssedetajs\/#breadcrumb","itemListElement":[{"@type":"ListItem","position":1,"name":"Home","item":"https:\/\/metaltale.com\/lv\/majas\/"},{"@type":"ListItem","position":2,"name":"Veikals","item":"https:\/\/metaltale.com\/lv\/shop\/"},{"@type":"ListItem","position":3,"name":"TVIRTA priek\u0161s\u0113d\u0113t\u0101js"}]},{"@type":"WebSite","@id":"https:\/\/metaltale.com\/lv\/#website","url":"https:\/\/metaltale.com\/lv\/","name":"Metaltale.com","description":"","potentialAction":[{"@type":"SearchAction","target":{"@type":"EntryPoint","urlTemplate":"https:\/\/metaltale.com\/lv\/?s={search_term_string}"},"query-input":{"@type":"PropertyValueSpecification","valueRequired":true,"valueName":"search_term_string"}}],"inLanguage":"lv-LV"}]}},"_links":{"self":[{"href":"https:\/\/metaltale.com\/lv\/wp-json\/wp\/v2\/product\/134327","targetHints":{"allow":["GET"]}}],"collection":[{"href":"https:\/\/metaltale.com\/lv\/wp-json\/wp\/v2\/product"}],"about":[{"href":"https:\/\/metaltale.com\/lv\/wp-json\/wp\/v2\/types\/product"}],"replies":[{"embeddable":true,"href":"https:\/\/metaltale.com\/lv\/wp-json\/wp\/v2\/comments?post=134327"}],"version-history":[{"count":0,"href":"https:\/\/metaltale.com\/lv\/wp-json\/wp\/v2\/product\/134327\/revisions"}],"wp:featuredmedia":[{"embeddable":true,"href":"https:\/\/metaltale.com\/lv\/wp-json\/wp\/v2\/media\/74890"}],"wp:attachment":[{"href":"https:\/\/metaltale.com\/lv\/wp-json\/wp\/v2\/media?parent=134327"}],"wp:term":[{"taxonomy":"product_brand","embeddable":true,"href":"https:\/\/metaltale.com\/lv\/wp-json\/wp\/v2\/product_brand?post=134327"},{"taxonomy":"product_cat","embeddable":true,"href":"https:\/\/metaltale.com\/lv\/wp-json\/wp\/v2\/product_cat?post=134327"},{"taxonomy":"product_tag","embeddable":true,"href":"https:\/\/metaltale.com\/lv\/wp-json\/wp\/v2\/product_tag?post=134327"}],"curies":[{"name":"wp","href":"https:\/\/api.w.org\/{rel}","templated":true}]}}