{"id":134319,"date":"2024-02-13T13:41:04","date_gmt":"2024-02-13T11:41:04","guid":{"rendered":"https:\/\/metaltale.com\/produktas\/ar-rokam-kaltas-virtuves-margas-600-mm\/"},"modified":"2024-02-13T13:41:04","modified_gmt":"2024-02-13T11:41:04","slug":"ar-rokam-kaltas-virtuves-margas-600-mm","status":"publish","type":"product","link":"https:\/\/metaltale.com\/lv\/produkts\/ar-rokam-kaltas-virtuves-margas-600-mm\/","title":{"rendered":"Ar rok\u0101m kaltas virtuves margas 600 mm"},"content":{"rendered":"<div class=\"prod_data\">\n<p><strong>Modelis<\/strong> 03.850.HFB.600<br \/>\n<strong>EAN.<\/strong>  5905369919664<br \/>\n<strong>Materi\u0101ls<\/strong> T\u0113rauds<br \/>\n<strong> [cm]Kop\u0113jais garums<\/strong> 60<strong> <\/strong><br \/>\n<strong>Kop\u0113jais augstums (cm<\/strong> ) 13,5<br \/>\n<strong>Kop\u0113j\u0101 projekcija (cm<\/strong> ) 7,5<br \/>\n<strong>Tips<\/strong> Cits<br \/>\nKr\u0101sa Melna<\/p>\n<p>Ar rok\u0101m kaltas virtuves margas, kas izgatavotas no augst\u0101k\u0101s kvalit\u0101tes materi\u0101liem.<\/p>\n<p>Galu malas ir saloc\u012btas &#8220;S&#8221; form\u0101, un ab\u0101s pus\u0113s t\u0101s ir pabeigtas ar lapi\u0146as formas pl\u0101ksn\u012bti.<\/p>\n<p>Skaists un funkcion\u0101ls margas b\u016bs jebkuras virtuves &#8211; gan lauku, gan modernas &#8211; nosl\u0113dzo\u0161ais akcents.<\/p>\n<\/div>\n","protected":false},"excerpt":{"rendered":"<p>Modelis 03.850.HFB.600 EAN. 5905369919664 Materi\u0101ls T\u0113rauds [cm]Kop\u0113jais garums 60 Kop\u0113jais augstums (cm ) 13,5 Kop\u0113j\u0101 projekcija (cm ) 7,5 Tips<\/p>\n","protected":false},"featured_media":67669,"comment_status":"open","ping_status":"closed","template":"","meta":{"_acf_changed":false,"pmpro_default_level":""},"product_brand":[],"product_cat":[24125,24055,24069],"product_tag":[],"class_list":{"0":"post-134319","1":"product","2":"type-product","3":"status-publish","4":"has-post-thumbnail","6":"product_cat-piekares-un-sliedes","7":"product_cat-rotajumi","8":"product_cat-virtuves-rotajumi","9":"pmpro-has-access","11":"first","12":"instock","13":"shipping-taxable","14":"purchasable","15":"product-type-simple"},"acf":[],"yoast_head":"<!-- This site is optimized with the Yoast SEO plugin v24.9 - https:\/\/yoast.com\/wordpress\/plugins\/seo\/ -->\n<title>Ar rok\u0101m kaltas virtuves margas 600 mm - MetalTale.com<\/title>\n<meta name=\"robots\" content=\"index, follow, max-snippet:-1, max-image-preview:large, max-video-preview:-1\" \/>\n<link rel=\"canonical\" href=\"https:\/\/metaltale.com\/lv\/produkts\/ar-rokam-kaltas-virtuves-margas-600-mm\/\" \/>\n<meta property=\"og:locale\" content=\"lv_LV\" \/>\n<meta property=\"og:type\" content=\"article\" \/>\n<meta property=\"og:title\" content=\"Ar rok\u0101m kaltas virtuves margas 600 mm - MetalTale.com\" \/>\n<meta property=\"og:description\" content=\"Modelis 03.850.HFB.600 EAN. 5905369919664 Materi\u0101ls T\u0113rauds [cm]Kop\u0113jais garums 60 Kop\u0113jais augstums (cm ) 13,5 Kop\u0113j\u0101 projekcija (cm ) 7,5 Tips\" \/>\n<meta property=\"og:url\" content=\"https:\/\/metaltale.com\/lv\/produkts\/ar-rokam-kaltas-virtuves-margas-600-mm\/\" \/>\n<meta property=\"og:site_name\" content=\"MetalTale.com\" \/>\n<meta name=\"twitter:card\" content=\"summary_large_image\" \/>\n<script type=\"application\/ld+json\" class=\"yoast-schema-graph\">{\"@context\":\"https:\/\/schema.org\",\"@graph\":[{\"@type\":\"WebPage\",\"@id\":\"https:\/\/metaltale.com\/lv\/produkts\/ar-rokam-kaltas-virtuves-margas-600-mm\/\",\"url\":\"https:\/\/metaltale.com\/lv\/produkts\/ar-rokam-kaltas-virtuves-margas-600-mm\/\",\"name\":\"Ar rok\u0101m kaltas virtuves margas 600 mm - MetalTale.com\",\"isPartOf\":{\"@id\":\"https:\/\/metaltale.com\/lv\/#website\"},\"primaryImageOfPage\":{\"@id\":\"https:\/\/metaltale.com\/lv\/produkts\/ar-rokam-kaltas-virtuves-margas-600-mm\/#primaryimage\"},\"image\":{\"@id\":\"https:\/\/metaltale.com\/lv\/produkts\/ar-rokam-kaltas-virtuves-margas-600-mm\/#primaryimage\"},\"thumbnailUrl\":\"https:\/\/metaltale.com\/wp-content\/uploads\/2023\/09\/Turx117klai-RANKOMIS-KALTINIAI.jpg\",\"datePublished\":\"2024-02-13T11:41:04+00:00\",\"breadcrumb\":{\"@id\":\"https:\/\/metaltale.com\/lv\/produkts\/ar-rokam-kaltas-virtuves-margas-600-mm\/#breadcrumb\"},\"inLanguage\":\"lv-LV\",\"potentialAction\":[{\"@type\":\"ReadAction\",\"target\":[\"https:\/\/metaltale.com\/lv\/produkts\/ar-rokam-kaltas-virtuves-margas-600-mm\/\"]}]},{\"@type\":\"ImageObject\",\"inLanguage\":\"lv-LV\",\"@id\":\"https:\/\/metaltale.com\/lv\/produkts\/ar-rokam-kaltas-virtuves-margas-600-mm\/#primaryimage\",\"url\":\"https:\/\/metaltale.com\/wp-content\/uploads\/2023\/09\/Turx117klai-RANKOMIS-KALTINIAI.jpg\",\"contentUrl\":\"https:\/\/metaltale.com\/wp-content\/uploads\/2023\/09\/Turx117klai-RANKOMIS-KALTINIAI.jpg\",\"width\":800,\"height\":800},{\"@type\":\"BreadcrumbList\",\"@id\":\"https:\/\/metaltale.com\/lv\/produkts\/ar-rokam-kaltas-virtuves-margas-600-mm\/#breadcrumb\",\"itemListElement\":[{\"@type\":\"ListItem\",\"position\":1,\"name\":\"Home\",\"item\":\"https:\/\/metaltale.com\/lv\/majas\/\"},{\"@type\":\"ListItem\",\"position\":2,\"name\":\"Veikals\",\"item\":\"https:\/\/metaltale.com\/lv\/shop\/\"},{\"@type\":\"ListItem\",\"position\":3,\"name\":\"Ar rok\u0101m kaltas virtuves margas 600 mm\"}]},{\"@type\":\"WebSite\",\"@id\":\"https:\/\/metaltale.com\/lv\/#website\",\"url\":\"https:\/\/metaltale.com\/lv\/\",\"name\":\"Metaltale.com\",\"description\":\"\",\"potentialAction\":[{\"@type\":\"SearchAction\",\"target\":{\"@type\":\"EntryPoint\",\"urlTemplate\":\"https:\/\/metaltale.com\/lv\/?s={search_term_string}\"},\"query-input\":{\"@type\":\"PropertyValueSpecification\",\"valueRequired\":true,\"valueName\":\"search_term_string\"}}],\"inLanguage\":\"lv-LV\"}]}<\/script>\n<!-- \/ Yoast SEO plugin. -->","yoast_head_json":{"title":"Ar rok\u0101m kaltas virtuves margas 600 mm - MetalTale.com","robots":{"index":"index","follow":"follow","max-snippet":"max-snippet:-1","max-image-preview":"max-image-preview:large","max-video-preview":"max-video-preview:-1"},"canonical":"https:\/\/metaltale.com\/lv\/produkts\/ar-rokam-kaltas-virtuves-margas-600-mm\/","og_locale":"lv_LV","og_type":"article","og_title":"Ar rok\u0101m kaltas virtuves margas 600 mm - MetalTale.com","og_description":"Modelis 03.850.HFB.600 EAN. 5905369919664 Materi\u0101ls T\u0113rauds [cm]Kop\u0113jais garums 60 Kop\u0113jais augstums (cm ) 13,5 Kop\u0113j\u0101 projekcija (cm ) 7,5 Tips","og_url":"https:\/\/metaltale.com\/lv\/produkts\/ar-rokam-kaltas-virtuves-margas-600-mm\/","og_site_name":"MetalTale.com","twitter_card":"summary_large_image","schema":{"@context":"https:\/\/schema.org","@graph":[{"@type":"WebPage","@id":"https:\/\/metaltale.com\/lv\/produkts\/ar-rokam-kaltas-virtuves-margas-600-mm\/","url":"https:\/\/metaltale.com\/lv\/produkts\/ar-rokam-kaltas-virtuves-margas-600-mm\/","name":"Ar rok\u0101m kaltas virtuves margas 600 mm - MetalTale.com","isPartOf":{"@id":"https:\/\/metaltale.com\/lv\/#website"},"primaryImageOfPage":{"@id":"https:\/\/metaltale.com\/lv\/produkts\/ar-rokam-kaltas-virtuves-margas-600-mm\/#primaryimage"},"image":{"@id":"https:\/\/metaltale.com\/lv\/produkts\/ar-rokam-kaltas-virtuves-margas-600-mm\/#primaryimage"},"thumbnailUrl":"https:\/\/metaltale.com\/wp-content\/uploads\/2023\/09\/Turx117klai-RANKOMIS-KALTINIAI.jpg","datePublished":"2024-02-13T11:41:04+00:00","breadcrumb":{"@id":"https:\/\/metaltale.com\/lv\/produkts\/ar-rokam-kaltas-virtuves-margas-600-mm\/#breadcrumb"},"inLanguage":"lv-LV","potentialAction":[{"@type":"ReadAction","target":["https:\/\/metaltale.com\/lv\/produkts\/ar-rokam-kaltas-virtuves-margas-600-mm\/"]}]},{"@type":"ImageObject","inLanguage":"lv-LV","@id":"https:\/\/metaltale.com\/lv\/produkts\/ar-rokam-kaltas-virtuves-margas-600-mm\/#primaryimage","url":"https:\/\/metaltale.com\/wp-content\/uploads\/2023\/09\/Turx117klai-RANKOMIS-KALTINIAI.jpg","contentUrl":"https:\/\/metaltale.com\/wp-content\/uploads\/2023\/09\/Turx117klai-RANKOMIS-KALTINIAI.jpg","width":800,"height":800},{"@type":"BreadcrumbList","@id":"https:\/\/metaltale.com\/lv\/produkts\/ar-rokam-kaltas-virtuves-margas-600-mm\/#breadcrumb","itemListElement":[{"@type":"ListItem","position":1,"name":"Home","item":"https:\/\/metaltale.com\/lv\/majas\/"},{"@type":"ListItem","position":2,"name":"Veikals","item":"https:\/\/metaltale.com\/lv\/shop\/"},{"@type":"ListItem","position":3,"name":"Ar rok\u0101m kaltas virtuves margas 600 mm"}]},{"@type":"WebSite","@id":"https:\/\/metaltale.com\/lv\/#website","url":"https:\/\/metaltale.com\/lv\/","name":"Metaltale.com","description":"","potentialAction":[{"@type":"SearchAction","target":{"@type":"EntryPoint","urlTemplate":"https:\/\/metaltale.com\/lv\/?s={search_term_string}"},"query-input":{"@type":"PropertyValueSpecification","valueRequired":true,"valueName":"search_term_string"}}],"inLanguage":"lv-LV"}]}},"_links":{"self":[{"href":"https:\/\/metaltale.com\/lv\/wp-json\/wp\/v2\/product\/134319","targetHints":{"allow":["GET"]}}],"collection":[{"href":"https:\/\/metaltale.com\/lv\/wp-json\/wp\/v2\/product"}],"about":[{"href":"https:\/\/metaltale.com\/lv\/wp-json\/wp\/v2\/types\/product"}],"replies":[{"embeddable":true,"href":"https:\/\/metaltale.com\/lv\/wp-json\/wp\/v2\/comments?post=134319"}],"version-history":[{"count":0,"href":"https:\/\/metaltale.com\/lv\/wp-json\/wp\/v2\/product\/134319\/revisions"}],"wp:featuredmedia":[{"embeddable":true,"href":"https:\/\/metaltale.com\/lv\/wp-json\/wp\/v2\/media\/67669"}],"wp:attachment":[{"href":"https:\/\/metaltale.com\/lv\/wp-json\/wp\/v2\/media?parent=134319"}],"wp:term":[{"taxonomy":"product_brand","embeddable":true,"href":"https:\/\/metaltale.com\/lv\/wp-json\/wp\/v2\/product_brand?post=134319"},{"taxonomy":"product_cat","embeddable":true,"href":"https:\/\/metaltale.com\/lv\/wp-json\/wp\/v2\/product_cat?post=134319"},{"taxonomy":"product_tag","embeddable":true,"href":"https:\/\/metaltale.com\/lv\/wp-json\/wp\/v2\/product_tag?post=134319"}],"curies":[{"name":"wp","href":"https:\/\/api.w.org\/{rel}","templated":true}]}}