{"id":134311,"date":"2024-02-13T14:07:41","date_gmt":"2024-02-13T12:07:41","guid":{"rendered":"https:\/\/metaltale.com\/produktas\/tualetes-papira-turetajs-crown\/"},"modified":"2024-02-13T14:07:41","modified_gmt":"2024-02-13T12:07:41","slug":"tualetes-papira-turetajs-crown","status":"publish","type":"product","link":"https:\/\/metaltale.com\/lv\/produkts\/tualetes-papira-turetajs-crown\/","title":{"rendered":"Tualetes pap\u012bra tur\u0113t\u0101js CROWN"},"content":{"rendered":"<div class=\"prod_data\">\n<p><strong>Modelis<\/strong> 30.624.AI..150<br \/>\n<strong>EAN.<\/strong>  5905369921339<br \/>\n<strong>Materi\u0101ls<\/strong> Koks, \u010duguns<br \/>\n<strong>Kop\u0113jais augstums (cm<\/strong> ) 15<br \/>\n<strong>Kop\u0113jais platums (cm<\/strong> ) 20<br \/>\n<strong>Pamatnes izm\u0113ri (cm)<\/strong> 14,5 x 12<br \/>\nT\u0113rauda <strong>kr\u0101sa<\/strong> <\/p>\n<p>&#8211; dekor\u0113ts tualetes pap\u012bra tur\u0113t\u0101js, izgatavots no augst\u0101k\u0101s kvalit\u0101tes l\u0113juma.<br \/>\n&#8211; ir ide\u0101li piem\u0113rots retro stila vannas istabai.<br \/>\n&#8211; piestiprin\u0101ts gan pie sien\u0101m, gan koka virsm\u0101m.<br \/>\n&#8211; ir divi stiprin\u0101juma caurumi, skr\u016bves iek\u013cautas komplekt\u0101.<\/p>\n<hr>\n<p><strong>Tualetes pap\u012bra tur\u0113t\u0101js<\/strong> ir viens no svar\u012bg\u0101kajiem katras vannas istabas elementiem. Rustik\u0101lam interjeram rakstur\u012bga uzman\u012bba, kas piev\u0113rsta unik\u0101las atmosf\u0113ras saglab\u0101\u0161anai un m\u0113be\u013cu aksesu\u0101ru neparastu formu atkl\u0101\u0161anai.<\/p>\n<p>Att\u0113l\u0101 redzam\u0101 <strong>tualetes pap\u012bra tur\u0113t\u0101ja<\/strong> pamat\u0101 ir klasiskais ang\u013cu modelis, kas radies, att\u012bstoties \u010duguna r\u016bpniec\u012bbai Eirop\u0101. Elementa izgatavo\u0161an\u0101 izmantotais augstas kvalit\u0101tes \u010duguns ir prasm\u012bgi kombin\u0113ts ar eksotiskiem kokmateri\u0101liem, veidojot at\u0161\u0137ir\u012bgu veselumu.<\/p>\n<p>Tam ir divi stiprin\u0101juma caurumi un skr\u016bves.<\/p>\n<\/div>\n","protected":false},"excerpt":{"rendered":"<p>Modelis 30.624.AI..150 EAN. 5905369921339 Materi\u0101ls Koks, \u010duguns Kop\u0113jais augstums (cm ) 15 Kop\u0113jais platums (cm ) 20 Pamatnes izm\u0113ri (cm)<\/p>\n","protected":false},"featured_media":68980,"comment_status":"open","ping_status":"closed","template":"","meta":{"_acf_changed":false,"pmpro_default_level":""},"product_brand":[],"product_cat":[24084,23837],"product_tag":[],"class_list":{"0":"post-134311","1":"product","2":"type-product","3":"status-publish","4":"has-post-thumbnail","6":"product_cat-papira-turetaji","7":"product_cat-mebeles-piederumi","8":"pmpro-has-access","10":"first","11":"instock","12":"shipping-taxable","13":"purchasable","14":"product-type-simple"},"acf":[],"yoast_head":"<!-- This site is optimized with the Yoast SEO plugin v24.9 - https:\/\/yoast.com\/wordpress\/plugins\/seo\/ -->\n<title>Tualetes pap\u012bra tur\u0113t\u0101js CROWN - MetalTale.com<\/title>\n<meta name=\"robots\" content=\"index, follow, max-snippet:-1, max-image-preview:large, max-video-preview:-1\" \/>\n<link rel=\"canonical\" href=\"https:\/\/metaltale.com\/lv\/produkts\/tualetes-papira-turetajs-crown\/\" \/>\n<meta property=\"og:locale\" content=\"lv_LV\" \/>\n<meta property=\"og:type\" content=\"article\" \/>\n<meta property=\"og:title\" content=\"Tualetes pap\u012bra tur\u0113t\u0101js CROWN - MetalTale.com\" \/>\n<meta property=\"og:description\" content=\"Modelis 30.624.AI..150 EAN. 5905369921339 Materi\u0101ls Koks, \u010duguns Kop\u0113jais augstums (cm ) 15 Kop\u0113jais platums (cm ) 20 Pamatnes izm\u0113ri (cm)\" \/>\n<meta property=\"og:url\" content=\"https:\/\/metaltale.com\/lv\/produkts\/tualetes-papira-turetajs-crown\/\" \/>\n<meta property=\"og:site_name\" content=\"MetalTale.com\" \/>\n<meta name=\"twitter:card\" content=\"summary_large_image\" \/>\n<meta name=\"twitter:label1\" content=\"Est. reading time\" \/>\n\t<meta name=\"twitter:data1\" content=\"1 minute\" \/>\n<script type=\"application\/ld+json\" class=\"yoast-schema-graph\">{\"@context\":\"https:\/\/schema.org\",\"@graph\":[{\"@type\":\"WebPage\",\"@id\":\"https:\/\/metaltale.com\/lv\/produkts\/tualetes-papira-turetajs-crown\/\",\"url\":\"https:\/\/metaltale.com\/lv\/produkts\/tualetes-papira-turetajs-crown\/\",\"name\":\"Tualetes pap\u012bra tur\u0113t\u0101js CROWN - MetalTale.com\",\"isPartOf\":{\"@id\":\"https:\/\/metaltale.com\/lv\/#website\"},\"primaryImageOfPage\":{\"@id\":\"https:\/\/metaltale.com\/lv\/produkts\/tualetes-papira-turetajs-crown\/#primaryimage\"},\"image\":{\"@id\":\"https:\/\/metaltale.com\/lv\/produkts\/tualetes-papira-turetajs-crown\/#primaryimage\"},\"thumbnailUrl\":\"https:\/\/metaltale.com\/wp-content\/uploads\/2023\/09\/Tualeto-ritinx117lio-laikiklis-KORONA.jpg\",\"datePublished\":\"2024-02-13T12:07:41+00:00\",\"breadcrumb\":{\"@id\":\"https:\/\/metaltale.com\/lv\/produkts\/tualetes-papira-turetajs-crown\/#breadcrumb\"},\"inLanguage\":\"lv-LV\",\"potentialAction\":[{\"@type\":\"ReadAction\",\"target\":[\"https:\/\/metaltale.com\/lv\/produkts\/tualetes-papira-turetajs-crown\/\"]}]},{\"@type\":\"ImageObject\",\"inLanguage\":\"lv-LV\",\"@id\":\"https:\/\/metaltale.com\/lv\/produkts\/tualetes-papira-turetajs-crown\/#primaryimage\",\"url\":\"https:\/\/metaltale.com\/wp-content\/uploads\/2023\/09\/Tualeto-ritinx117lio-laikiklis-KORONA.jpg\",\"contentUrl\":\"https:\/\/metaltale.com\/wp-content\/uploads\/2023\/09\/Tualeto-ritinx117lio-laikiklis-KORONA.jpg\",\"width\":800,\"height\":800,\"caption\":\"Tualetes pap\u012bra tur\u0113t\u0101js CROWN\"},{\"@type\":\"BreadcrumbList\",\"@id\":\"https:\/\/metaltale.com\/lv\/produkts\/tualetes-papira-turetajs-crown\/#breadcrumb\",\"itemListElement\":[{\"@type\":\"ListItem\",\"position\":1,\"name\":\"Home\",\"item\":\"https:\/\/metaltale.com\/lv\/majas\/\"},{\"@type\":\"ListItem\",\"position\":2,\"name\":\"Veikals\",\"item\":\"https:\/\/metaltale.com\/lv\/shop\/\"},{\"@type\":\"ListItem\",\"position\":3,\"name\":\"Tualetes pap\u012bra tur\u0113t\u0101js CROWN\"}]},{\"@type\":\"WebSite\",\"@id\":\"https:\/\/metaltale.com\/lv\/#website\",\"url\":\"https:\/\/metaltale.com\/lv\/\",\"name\":\"Metaltale.com\",\"description\":\"\",\"potentialAction\":[{\"@type\":\"SearchAction\",\"target\":{\"@type\":\"EntryPoint\",\"urlTemplate\":\"https:\/\/metaltale.com\/lv\/?s={search_term_string}\"},\"query-input\":{\"@type\":\"PropertyValueSpecification\",\"valueRequired\":true,\"valueName\":\"search_term_string\"}}],\"inLanguage\":\"lv-LV\"}]}<\/script>\n<!-- \/ Yoast SEO plugin. -->","yoast_head_json":{"title":"Tualetes pap\u012bra tur\u0113t\u0101js CROWN - MetalTale.com","robots":{"index":"index","follow":"follow","max-snippet":"max-snippet:-1","max-image-preview":"max-image-preview:large","max-video-preview":"max-video-preview:-1"},"canonical":"https:\/\/metaltale.com\/lv\/produkts\/tualetes-papira-turetajs-crown\/","og_locale":"lv_LV","og_type":"article","og_title":"Tualetes pap\u012bra tur\u0113t\u0101js CROWN - MetalTale.com","og_description":"Modelis 30.624.AI..150 EAN. 5905369921339 Materi\u0101ls Koks, \u010duguns Kop\u0113jais augstums (cm ) 15 Kop\u0113jais platums (cm ) 20 Pamatnes izm\u0113ri (cm)","og_url":"https:\/\/metaltale.com\/lv\/produkts\/tualetes-papira-turetajs-crown\/","og_site_name":"MetalTale.com","twitter_card":"summary_large_image","twitter_misc":{"Est. reading time":"1 minute"},"schema":{"@context":"https:\/\/schema.org","@graph":[{"@type":"WebPage","@id":"https:\/\/metaltale.com\/lv\/produkts\/tualetes-papira-turetajs-crown\/","url":"https:\/\/metaltale.com\/lv\/produkts\/tualetes-papira-turetajs-crown\/","name":"Tualetes pap\u012bra tur\u0113t\u0101js CROWN - MetalTale.com","isPartOf":{"@id":"https:\/\/metaltale.com\/lv\/#website"},"primaryImageOfPage":{"@id":"https:\/\/metaltale.com\/lv\/produkts\/tualetes-papira-turetajs-crown\/#primaryimage"},"image":{"@id":"https:\/\/metaltale.com\/lv\/produkts\/tualetes-papira-turetajs-crown\/#primaryimage"},"thumbnailUrl":"https:\/\/metaltale.com\/wp-content\/uploads\/2023\/09\/Tualeto-ritinx117lio-laikiklis-KORONA.jpg","datePublished":"2024-02-13T12:07:41+00:00","breadcrumb":{"@id":"https:\/\/metaltale.com\/lv\/produkts\/tualetes-papira-turetajs-crown\/#breadcrumb"},"inLanguage":"lv-LV","potentialAction":[{"@type":"ReadAction","target":["https:\/\/metaltale.com\/lv\/produkts\/tualetes-papira-turetajs-crown\/"]}]},{"@type":"ImageObject","inLanguage":"lv-LV","@id":"https:\/\/metaltale.com\/lv\/produkts\/tualetes-papira-turetajs-crown\/#primaryimage","url":"https:\/\/metaltale.com\/wp-content\/uploads\/2023\/09\/Tualeto-ritinx117lio-laikiklis-KORONA.jpg","contentUrl":"https:\/\/metaltale.com\/wp-content\/uploads\/2023\/09\/Tualeto-ritinx117lio-laikiklis-KORONA.jpg","width":800,"height":800,"caption":"Tualetes pap\u012bra tur\u0113t\u0101js CROWN"},{"@type":"BreadcrumbList","@id":"https:\/\/metaltale.com\/lv\/produkts\/tualetes-papira-turetajs-crown\/#breadcrumb","itemListElement":[{"@type":"ListItem","position":1,"name":"Home","item":"https:\/\/metaltale.com\/lv\/majas\/"},{"@type":"ListItem","position":2,"name":"Veikals","item":"https:\/\/metaltale.com\/lv\/shop\/"},{"@type":"ListItem","position":3,"name":"Tualetes pap\u012bra tur\u0113t\u0101js CROWN"}]},{"@type":"WebSite","@id":"https:\/\/metaltale.com\/lv\/#website","url":"https:\/\/metaltale.com\/lv\/","name":"Metaltale.com","description":"","potentialAction":[{"@type":"SearchAction","target":{"@type":"EntryPoint","urlTemplate":"https:\/\/metaltale.com\/lv\/?s={search_term_string}"},"query-input":{"@type":"PropertyValueSpecification","valueRequired":true,"valueName":"search_term_string"}}],"inLanguage":"lv-LV"}]}},"_links":{"self":[{"href":"https:\/\/metaltale.com\/lv\/wp-json\/wp\/v2\/product\/134311","targetHints":{"allow":["GET"]}}],"collection":[{"href":"https:\/\/metaltale.com\/lv\/wp-json\/wp\/v2\/product"}],"about":[{"href":"https:\/\/metaltale.com\/lv\/wp-json\/wp\/v2\/types\/product"}],"replies":[{"embeddable":true,"href":"https:\/\/metaltale.com\/lv\/wp-json\/wp\/v2\/comments?post=134311"}],"version-history":[{"count":0,"href":"https:\/\/metaltale.com\/lv\/wp-json\/wp\/v2\/product\/134311\/revisions"}],"wp:featuredmedia":[{"embeddable":true,"href":"https:\/\/metaltale.com\/lv\/wp-json\/wp\/v2\/media\/68980"}],"wp:attachment":[{"href":"https:\/\/metaltale.com\/lv\/wp-json\/wp\/v2\/media?parent=134311"}],"wp:term":[{"taxonomy":"product_brand","embeddable":true,"href":"https:\/\/metaltale.com\/lv\/wp-json\/wp\/v2\/product_brand?post=134311"},{"taxonomy":"product_cat","embeddable":true,"href":"https:\/\/metaltale.com\/lv\/wp-json\/wp\/v2\/product_cat?post=134311"},{"taxonomy":"product_tag","embeddable":true,"href":"https:\/\/metaltale.com\/lv\/wp-json\/wp\/v2\/product_tag?post=134311"}],"curies":[{"name":"wp","href":"https:\/\/api.w.org\/{rel}","templated":true}]}}