{"id":134308,"date":"2024-02-13T14:07:41","date_gmt":"2024-02-13T12:07:41","guid":{"rendered":"https:\/\/metaltale.com\/produktas\/tualetes-papira-turetajs-notting-hill\/"},"modified":"2024-02-13T14:07:41","modified_gmt":"2024-02-13T12:07:41","slug":"tualetes-papira-turetajs-notting-hill","status":"publish","type":"product","link":"https:\/\/metaltale.com\/lv\/produkts\/tualetes-papira-turetajs-notting-hill\/","title":{"rendered":"Tualetes pap\u012bra tur\u0113t\u0101js NOTTING HILL"},"content":{"rendered":"<div class=\"prod_data\">\n<p><strong>Modelis<\/strong> 49.622.AI.121<br \/>\n<strong>Materi\u0101ls<\/strong> Koks, \u010duguns<br \/>\n<strong>Kop\u0113jais augstums (cm<\/strong> ) 23<br \/>\n<strong>Kop\u0113jais platums (cm<\/strong> ) 14,5<br \/>\n<strong>Pamatnes izm\u0113ri (cm)<\/strong> 14,5 x 6<br \/>\nT\u0113rauda <strong>kr\u0101sa<\/strong> <\/p>\n<p>&#8211; dekor\u0113ts tualetes pap\u012bra tur\u0113t\u0101js, kas izgatavots no augstas kvalit\u0101tes l\u012bst\u0113m<br \/>\n&#8211; ir ide\u0101ls retro stila vannas istabas rot\u0101jums<br \/>\n&#8211; piestiprina gan pie sien\u0101m, gan koka virsm\u0101m.<br \/>\n&#8211; ir divi stiprin\u0101juma caurumi, skr\u016bves iek\u013cautas komplekt\u0101<\/p>\n<hr>\n<p><strong>Tualetes pap\u012bra tur\u0113t\u0101js<\/strong>, kas veidots lauku stil\u0101, ir ne tikai praktisks risin\u0101jums, kas atbilst pamatnosac\u012bjumiem, bet ar\u012b dekorat\u012bvs elements, kas palielina visas tualetes vizu\u0101lo v\u0113rt\u012bbu.<\/p>\n<p>Virs mont\u0101\u017eas kron\u0161teina eso\u0161\u0101 grav\u0113t\u0101 pane\u013ca pamat\u0101 bija r\u016bpniecisks inform\u0101cijas panelis ar papildu dekorat\u012bvu malu. To visu papildina pap\u012bra rokturis, kas izgatavots no eksotiska koka, kura kr\u0101sa lieliski sapl\u016bst ar nedaudz raupjo un v\u0113so \u010duguna tekst\u016bru.<\/p>\n<p>Tam ir divi stiprin\u0101juma caurumi un skr\u016bves.<\/p>\n<\/div>\n","protected":false},"excerpt":{"rendered":"<p>Modelis 49.622.AI.121 Materi\u0101ls Koks, \u010duguns Kop\u0113jais augstums (cm ) 23 Kop\u0113jais platums (cm ) 14,5 Pamatnes izm\u0113ri (cm) 14,5 x<\/p>\n","protected":false},"featured_media":101458,"comment_status":"open","ping_status":"closed","template":"","meta":{"_acf_changed":false,"pmpro_default_level":""},"product_brand":[],"product_cat":[24084,23837],"product_tag":[],"class_list":{"0":"post-134308","1":"product","2":"type-product","3":"status-publish","4":"has-post-thumbnail","6":"product_cat-papira-turetaji","7":"product_cat-mebeles-piederumi","8":"pmpro-has-access","10":"first","11":"instock","12":"shipping-taxable","13":"purchasable","14":"product-type-simple"},"acf":[],"yoast_head":"<!-- This site is optimized with the Yoast SEO plugin v24.9 - https:\/\/yoast.com\/wordpress\/plugins\/seo\/ -->\n<title>Tualetes pap\u012bra tur\u0113t\u0101js NOTTING HILL - MetalTale.com<\/title>\n<meta name=\"robots\" content=\"index, follow, max-snippet:-1, max-image-preview:large, max-video-preview:-1\" \/>\n<link rel=\"canonical\" href=\"https:\/\/metaltale.com\/lv\/produkts\/tualetes-papira-turetajs-notting-hill\/\" \/>\n<meta property=\"og:locale\" content=\"lv_LV\" \/>\n<meta property=\"og:type\" content=\"article\" \/>\n<meta property=\"og:title\" content=\"Tualetes pap\u012bra tur\u0113t\u0101js NOTTING HILL - MetalTale.com\" \/>\n<meta property=\"og:description\" content=\"Modelis 49.622.AI.121 Materi\u0101ls Koks, \u010duguns Kop\u0113jais augstums (cm ) 23 Kop\u0113jais platums (cm ) 14,5 Pamatnes izm\u0113ri (cm) 14,5 x\" \/>\n<meta property=\"og:url\" content=\"https:\/\/metaltale.com\/lv\/produkts\/tualetes-papira-turetajs-notting-hill\/\" \/>\n<meta property=\"og:site_name\" content=\"MetalTale.com\" \/>\n<meta property=\"og:image\" content=\"https:\/\/metaltale.com\/wp-content\/uploads\/2023\/11\/Tualeto-ritinx117lio-laikiklis-NOTTING-HILL.jpg\" \/>\n\t<meta property=\"og:image:width\" content=\"800\" \/>\n\t<meta property=\"og:image:height\" content=\"800\" \/>\n\t<meta property=\"og:image:type\" content=\"image\/jpeg\" \/>\n<meta name=\"twitter:card\" content=\"summary_large_image\" \/>\n<meta name=\"twitter:label1\" content=\"Est. reading time\" \/>\n\t<meta name=\"twitter:data1\" content=\"1 minute\" \/>\n<script type=\"application\/ld+json\" class=\"yoast-schema-graph\">{\"@context\":\"https:\/\/schema.org\",\"@graph\":[{\"@type\":\"WebPage\",\"@id\":\"https:\/\/metaltale.com\/lv\/produkts\/tualetes-papira-turetajs-notting-hill\/\",\"url\":\"https:\/\/metaltale.com\/lv\/produkts\/tualetes-papira-turetajs-notting-hill\/\",\"name\":\"Tualetes pap\u012bra tur\u0113t\u0101js NOTTING HILL - MetalTale.com\",\"isPartOf\":{\"@id\":\"https:\/\/metaltale.com\/lv\/#website\"},\"primaryImageOfPage\":{\"@id\":\"https:\/\/metaltale.com\/lv\/produkts\/tualetes-papira-turetajs-notting-hill\/#primaryimage\"},\"image\":{\"@id\":\"https:\/\/metaltale.com\/lv\/produkts\/tualetes-papira-turetajs-notting-hill\/#primaryimage\"},\"thumbnailUrl\":\"https:\/\/metaltale.com\/wp-content\/uploads\/2023\/11\/Tualeto-ritinx117lio-laikiklis-NOTTING-HILL.jpg\",\"datePublished\":\"2024-02-13T12:07:41+00:00\",\"breadcrumb\":{\"@id\":\"https:\/\/metaltale.com\/lv\/produkts\/tualetes-papira-turetajs-notting-hill\/#breadcrumb\"},\"inLanguage\":\"lv-LV\",\"potentialAction\":[{\"@type\":\"ReadAction\",\"target\":[\"https:\/\/metaltale.com\/lv\/produkts\/tualetes-papira-turetajs-notting-hill\/\"]}]},{\"@type\":\"ImageObject\",\"inLanguage\":\"lv-LV\",\"@id\":\"https:\/\/metaltale.com\/lv\/produkts\/tualetes-papira-turetajs-notting-hill\/#primaryimage\",\"url\":\"https:\/\/metaltale.com\/wp-content\/uploads\/2023\/11\/Tualeto-ritinx117lio-laikiklis-NOTTING-HILL.jpg\",\"contentUrl\":\"https:\/\/metaltale.com\/wp-content\/uploads\/2023\/11\/Tualeto-ritinx117lio-laikiklis-NOTTING-HILL.jpg\",\"width\":800,\"height\":800,\"caption\":\"Tualetes pap\u012bra tur\u0113t\u0101js NOTTING HILL\"},{\"@type\":\"BreadcrumbList\",\"@id\":\"https:\/\/metaltale.com\/lv\/produkts\/tualetes-papira-turetajs-notting-hill\/#breadcrumb\",\"itemListElement\":[{\"@type\":\"ListItem\",\"position\":1,\"name\":\"Home\",\"item\":\"https:\/\/metaltale.com\/lv\/majas\/\"},{\"@type\":\"ListItem\",\"position\":2,\"name\":\"Veikals\",\"item\":\"https:\/\/metaltale.com\/lv\/shop\/\"},{\"@type\":\"ListItem\",\"position\":3,\"name\":\"Tualetes pap\u012bra tur\u0113t\u0101js NOTTING HILL\"}]},{\"@type\":\"WebSite\",\"@id\":\"https:\/\/metaltale.com\/lv\/#website\",\"url\":\"https:\/\/metaltale.com\/lv\/\",\"name\":\"Metaltale.com\",\"description\":\"\",\"potentialAction\":[{\"@type\":\"SearchAction\",\"target\":{\"@type\":\"EntryPoint\",\"urlTemplate\":\"https:\/\/metaltale.com\/lv\/?s={search_term_string}\"},\"query-input\":{\"@type\":\"PropertyValueSpecification\",\"valueRequired\":true,\"valueName\":\"search_term_string\"}}],\"inLanguage\":\"lv-LV\"}]}<\/script>\n<!-- \/ Yoast SEO plugin. -->","yoast_head_json":{"title":"Tualetes pap\u012bra tur\u0113t\u0101js NOTTING HILL - MetalTale.com","robots":{"index":"index","follow":"follow","max-snippet":"max-snippet:-1","max-image-preview":"max-image-preview:large","max-video-preview":"max-video-preview:-1"},"canonical":"https:\/\/metaltale.com\/lv\/produkts\/tualetes-papira-turetajs-notting-hill\/","og_locale":"lv_LV","og_type":"article","og_title":"Tualetes pap\u012bra tur\u0113t\u0101js NOTTING HILL - MetalTale.com","og_description":"Modelis 49.622.AI.121 Materi\u0101ls Koks, \u010duguns Kop\u0113jais augstums (cm ) 23 Kop\u0113jais platums (cm ) 14,5 Pamatnes izm\u0113ri (cm) 14,5 x","og_url":"https:\/\/metaltale.com\/lv\/produkts\/tualetes-papira-turetajs-notting-hill\/","og_site_name":"MetalTale.com","og_image":[{"width":800,"height":800,"url":"https:\/\/metaltale.com\/wp-content\/uploads\/2023\/11\/Tualeto-ritinx117lio-laikiklis-NOTTING-HILL.jpg","type":"image\/jpeg"}],"twitter_card":"summary_large_image","twitter_misc":{"Est. reading time":"1 minute"},"schema":{"@context":"https:\/\/schema.org","@graph":[{"@type":"WebPage","@id":"https:\/\/metaltale.com\/lv\/produkts\/tualetes-papira-turetajs-notting-hill\/","url":"https:\/\/metaltale.com\/lv\/produkts\/tualetes-papira-turetajs-notting-hill\/","name":"Tualetes pap\u012bra tur\u0113t\u0101js NOTTING HILL - MetalTale.com","isPartOf":{"@id":"https:\/\/metaltale.com\/lv\/#website"},"primaryImageOfPage":{"@id":"https:\/\/metaltale.com\/lv\/produkts\/tualetes-papira-turetajs-notting-hill\/#primaryimage"},"image":{"@id":"https:\/\/metaltale.com\/lv\/produkts\/tualetes-papira-turetajs-notting-hill\/#primaryimage"},"thumbnailUrl":"https:\/\/metaltale.com\/wp-content\/uploads\/2023\/11\/Tualeto-ritinx117lio-laikiklis-NOTTING-HILL.jpg","datePublished":"2024-02-13T12:07:41+00:00","breadcrumb":{"@id":"https:\/\/metaltale.com\/lv\/produkts\/tualetes-papira-turetajs-notting-hill\/#breadcrumb"},"inLanguage":"lv-LV","potentialAction":[{"@type":"ReadAction","target":["https:\/\/metaltale.com\/lv\/produkts\/tualetes-papira-turetajs-notting-hill\/"]}]},{"@type":"ImageObject","inLanguage":"lv-LV","@id":"https:\/\/metaltale.com\/lv\/produkts\/tualetes-papira-turetajs-notting-hill\/#primaryimage","url":"https:\/\/metaltale.com\/wp-content\/uploads\/2023\/11\/Tualeto-ritinx117lio-laikiklis-NOTTING-HILL.jpg","contentUrl":"https:\/\/metaltale.com\/wp-content\/uploads\/2023\/11\/Tualeto-ritinx117lio-laikiklis-NOTTING-HILL.jpg","width":800,"height":800,"caption":"Tualetes pap\u012bra tur\u0113t\u0101js NOTTING HILL"},{"@type":"BreadcrumbList","@id":"https:\/\/metaltale.com\/lv\/produkts\/tualetes-papira-turetajs-notting-hill\/#breadcrumb","itemListElement":[{"@type":"ListItem","position":1,"name":"Home","item":"https:\/\/metaltale.com\/lv\/majas\/"},{"@type":"ListItem","position":2,"name":"Veikals","item":"https:\/\/metaltale.com\/lv\/shop\/"},{"@type":"ListItem","position":3,"name":"Tualetes pap\u012bra tur\u0113t\u0101js NOTTING HILL"}]},{"@type":"WebSite","@id":"https:\/\/metaltale.com\/lv\/#website","url":"https:\/\/metaltale.com\/lv\/","name":"Metaltale.com","description":"","potentialAction":[{"@type":"SearchAction","target":{"@type":"EntryPoint","urlTemplate":"https:\/\/metaltale.com\/lv\/?s={search_term_string}"},"query-input":{"@type":"PropertyValueSpecification","valueRequired":true,"valueName":"search_term_string"}}],"inLanguage":"lv-LV"}]}},"_links":{"self":[{"href":"https:\/\/metaltale.com\/lv\/wp-json\/wp\/v2\/product\/134308","targetHints":{"allow":["GET"]}}],"collection":[{"href":"https:\/\/metaltale.com\/lv\/wp-json\/wp\/v2\/product"}],"about":[{"href":"https:\/\/metaltale.com\/lv\/wp-json\/wp\/v2\/types\/product"}],"replies":[{"embeddable":true,"href":"https:\/\/metaltale.com\/lv\/wp-json\/wp\/v2\/comments?post=134308"}],"version-history":[{"count":0,"href":"https:\/\/metaltale.com\/lv\/wp-json\/wp\/v2\/product\/134308\/revisions"}],"wp:featuredmedia":[{"embeddable":true,"href":"https:\/\/metaltale.com\/lv\/wp-json\/wp\/v2\/media\/101458"}],"wp:attachment":[{"href":"https:\/\/metaltale.com\/lv\/wp-json\/wp\/v2\/media?parent=134308"}],"wp:term":[{"taxonomy":"product_brand","embeddable":true,"href":"https:\/\/metaltale.com\/lv\/wp-json\/wp\/v2\/product_brand?post=134308"},{"taxonomy":"product_cat","embeddable":true,"href":"https:\/\/metaltale.com\/lv\/wp-json\/wp\/v2\/product_cat?post=134308"},{"taxonomy":"product_tag","embeddable":true,"href":"https:\/\/metaltale.com\/lv\/wp-json\/wp\/v2\/product_tag?post=134308"}],"curies":[{"name":"wp","href":"https:\/\/api.w.org\/{rel}","templated":true}]}}