{"id":134305,"date":"2024-02-13T15:07:04","date_gmt":"2024-02-13T13:07:04","guid":{"rendered":"https:\/\/metaltale.com\/produktas\/tualetes-rullu-turetajs-bury-st-london\/"},"modified":"2024-02-13T15:07:04","modified_gmt":"2024-02-13T13:07:04","slug":"tualetes-rullu-turetajs-bury-st-london","status":"publish","type":"product","link":"https:\/\/metaltale.com\/lv\/produkts\/tualetes-rullu-turetajs-bury-st-london\/","title":{"rendered":"Tualetes ru\u013c\u013cu tur\u0113t\u0101js BURY ST LONDON"},"content":{"rendered":"<div class=\"prod_data\">\n<h2>M\u0113be\u013cu aksesu\u0101ri &#8211; TUALETIC PAPER TIMER BURY ST LONDON<\/h2>\n<p><strong>Modelis<\/strong>: 01.620A. AC.100<br \/>\n<strong>Materi\u0101ls:<\/strong> koks, \u010duguns<br \/>\n<strong>Kop\u0113jais augstums (cm<\/strong> ): 16<br \/>\n<strong>Kop\u0113jais platums (cm<\/strong> ): 17<br \/>\n<strong>Kop\u0113j\u0101 projekcija (cm<\/strong> ): 8<br \/>\n<strong>Att\u0101lums starp<\/strong> caurumiem (<strong>cm<\/strong> ): 11,5<br \/>\n<strong>Mont\u0101\u017eas skr\u016bves:<\/strong> j\u0101<br \/>\n<strong>Kr\u0101sa:<\/strong> ant\u012bkais var\u0161<\/p>\n<p>Retro m\u0113be\u013cu aksesu\u0101ri neatkar\u012bgi no to funkcijas var b\u016bt p\u0101rsteidzo\u0161i bag\u0101ti ar form\u0101m un dekoriem. \u012astam lauku stila cien\u012bt\u0101jam ir svar\u012bgi pareizi izv\u0113l\u0113ties pat vismaz\u0101kos interjera dizaina elementus. Dekor\u0113tais tualetes pap\u012bra tur\u0113t\u0101js var b\u016bt lielisks akcents retro stila vannas istabai. Var piestiprin\u0101t pie sien\u0101m vai koka virsm\u0101m, ar diviem stiprin\u0101juma caurumiem, komplekt\u0101 ar skr\u016bv\u0113m.<\/p>\n<p>Aug\u0161\u0113j\u0101 panel\u012b ir ka\u0137is un augu mot\u012bvi, uzraksti un rot\u0101jumi. Rokturis ir izgatavots no gai\u0161a koka, un visa \u010duguna konstrukcija ir ietur\u0113ta ant\u012bk\u0101 vara kr\u0101s\u0101, kas v\u0113l vair\u0101k izce\u013c izstr\u0101d\u0101juma retro raksturu.<\/p>\n<\/div>\n","protected":false},"excerpt":{"rendered":"<p>M\u0113be\u013cu aksesu\u0101ri &#8211; TUALETIC PAPER TIMER BURY ST LONDON Modelis: 01.620A. AC.100 Materi\u0101ls: koks, \u010duguns Kop\u0113jais augstums (cm ): 16<\/p>\n","protected":false},"featured_media":91945,"comment_status":"open","ping_status":"closed","template":"","meta":{"_acf_changed":false,"pmpro_default_level":""},"product_brand":[],"product_cat":[24084,23837],"product_tag":[],"class_list":{"0":"post-134305","1":"product","2":"type-product","3":"status-publish","4":"has-post-thumbnail","6":"product_cat-papira-turetaji","7":"product_cat-mebeles-piederumi","8":"pmpro-has-access","10":"first","11":"instock","12":"shipping-taxable","13":"purchasable","14":"product-type-simple"},"acf":[],"yoast_head":"<!-- This site is optimized with the Yoast SEO plugin v24.9 - https:\/\/yoast.com\/wordpress\/plugins\/seo\/ -->\n<title>Tualetes ru\u013c\u013cu tur\u0113t\u0101js BURY ST LONDON - MetalTale.com<\/title>\n<meta name=\"robots\" content=\"index, follow, max-snippet:-1, max-image-preview:large, max-video-preview:-1\" \/>\n<link rel=\"canonical\" href=\"https:\/\/metaltale.com\/lv\/produkts\/tualetes-rullu-turetajs-bury-st-london\/\" \/>\n<meta property=\"og:locale\" content=\"lv_LV\" \/>\n<meta property=\"og:type\" content=\"article\" \/>\n<meta property=\"og:title\" content=\"Tualetes ru\u013c\u013cu tur\u0113t\u0101js BURY ST LONDON - MetalTale.com\" \/>\n<meta property=\"og:description\" content=\"M\u0113be\u013cu aksesu\u0101ri &#8211; TUALETIC PAPER TIMER BURY ST LONDON Modelis: 01.620A. AC.100 Materi\u0101ls: koks, \u010duguns Kop\u0113jais augstums (cm ): 16\" \/>\n<meta property=\"og:url\" content=\"https:\/\/metaltale.com\/lv\/produkts\/tualetes-rullu-turetajs-bury-st-london\/\" \/>\n<meta property=\"og:site_name\" content=\"MetalTale.com\" \/>\n<meta name=\"twitter:card\" content=\"summary_large_image\" \/>\n<meta name=\"twitter:label1\" content=\"Est. reading time\" \/>\n\t<meta name=\"twitter:data1\" content=\"1 minute\" \/>\n<script type=\"application\/ld+json\" class=\"yoast-schema-graph\">{\"@context\":\"https:\/\/schema.org\",\"@graph\":[{\"@type\":\"WebPage\",\"@id\":\"https:\/\/metaltale.com\/lv\/produkts\/tualetes-rullu-turetajs-bury-st-london\/\",\"url\":\"https:\/\/metaltale.com\/lv\/produkts\/tualetes-rullu-turetajs-bury-st-london\/\",\"name\":\"Tualetes ru\u013c\u013cu tur\u0113t\u0101js BURY ST LONDON - MetalTale.com\",\"isPartOf\":{\"@id\":\"https:\/\/metaltale.com\/lv\/#website\"},\"primaryImageOfPage\":{\"@id\":\"https:\/\/metaltale.com\/lv\/produkts\/tualetes-rullu-turetajs-bury-st-london\/#primaryimage\"},\"image\":{\"@id\":\"https:\/\/metaltale.com\/lv\/produkts\/tualetes-rullu-turetajs-bury-st-london\/#primaryimage\"},\"thumbnailUrl\":\"https:\/\/metaltale.com\/wp-content\/uploads\/2023\/10\/Tualeto-ritinx117lio-laikiklis-BURY-ST-LONDON.jpg\",\"datePublished\":\"2024-02-13T13:07:04+00:00\",\"breadcrumb\":{\"@id\":\"https:\/\/metaltale.com\/lv\/produkts\/tualetes-rullu-turetajs-bury-st-london\/#breadcrumb\"},\"inLanguage\":\"lv-LV\",\"potentialAction\":[{\"@type\":\"ReadAction\",\"target\":[\"https:\/\/metaltale.com\/lv\/produkts\/tualetes-rullu-turetajs-bury-st-london\/\"]}]},{\"@type\":\"ImageObject\",\"inLanguage\":\"lv-LV\",\"@id\":\"https:\/\/metaltale.com\/lv\/produkts\/tualetes-rullu-turetajs-bury-st-london\/#primaryimage\",\"url\":\"https:\/\/metaltale.com\/wp-content\/uploads\/2023\/10\/Tualeto-ritinx117lio-laikiklis-BURY-ST-LONDON.jpg\",\"contentUrl\":\"https:\/\/metaltale.com\/wp-content\/uploads\/2023\/10\/Tualeto-ritinx117lio-laikiklis-BURY-ST-LONDON.jpg\",\"width\":800,\"height\":800,\"caption\":\"Tualetes ru\u013c\u013cu tur\u0113t\u0101js BURY ST LONDON\"},{\"@type\":\"BreadcrumbList\",\"@id\":\"https:\/\/metaltale.com\/lv\/produkts\/tualetes-rullu-turetajs-bury-st-london\/#breadcrumb\",\"itemListElement\":[{\"@type\":\"ListItem\",\"position\":1,\"name\":\"Home\",\"item\":\"https:\/\/metaltale.com\/lv\/majas\/\"},{\"@type\":\"ListItem\",\"position\":2,\"name\":\"Veikals\",\"item\":\"https:\/\/metaltale.com\/lv\/shop\/\"},{\"@type\":\"ListItem\",\"position\":3,\"name\":\"Tualetes ru\u013c\u013cu tur\u0113t\u0101js BURY ST LONDON\"}]},{\"@type\":\"WebSite\",\"@id\":\"https:\/\/metaltale.com\/lv\/#website\",\"url\":\"https:\/\/metaltale.com\/lv\/\",\"name\":\"Metaltale.com\",\"description\":\"\",\"potentialAction\":[{\"@type\":\"SearchAction\",\"target\":{\"@type\":\"EntryPoint\",\"urlTemplate\":\"https:\/\/metaltale.com\/lv\/?s={search_term_string}\"},\"query-input\":{\"@type\":\"PropertyValueSpecification\",\"valueRequired\":true,\"valueName\":\"search_term_string\"}}],\"inLanguage\":\"lv-LV\"}]}<\/script>\n<!-- \/ Yoast SEO plugin. -->","yoast_head_json":{"title":"Tualetes ru\u013c\u013cu tur\u0113t\u0101js BURY ST LONDON - MetalTale.com","robots":{"index":"index","follow":"follow","max-snippet":"max-snippet:-1","max-image-preview":"max-image-preview:large","max-video-preview":"max-video-preview:-1"},"canonical":"https:\/\/metaltale.com\/lv\/produkts\/tualetes-rullu-turetajs-bury-st-london\/","og_locale":"lv_LV","og_type":"article","og_title":"Tualetes ru\u013c\u013cu tur\u0113t\u0101js BURY ST LONDON - MetalTale.com","og_description":"M\u0113be\u013cu aksesu\u0101ri &#8211; TUALETIC PAPER TIMER BURY ST LONDON Modelis: 01.620A. AC.100 Materi\u0101ls: koks, \u010duguns Kop\u0113jais augstums (cm ): 16","og_url":"https:\/\/metaltale.com\/lv\/produkts\/tualetes-rullu-turetajs-bury-st-london\/","og_site_name":"MetalTale.com","twitter_card":"summary_large_image","twitter_misc":{"Est. reading time":"1 minute"},"schema":{"@context":"https:\/\/schema.org","@graph":[{"@type":"WebPage","@id":"https:\/\/metaltale.com\/lv\/produkts\/tualetes-rullu-turetajs-bury-st-london\/","url":"https:\/\/metaltale.com\/lv\/produkts\/tualetes-rullu-turetajs-bury-st-london\/","name":"Tualetes ru\u013c\u013cu tur\u0113t\u0101js BURY ST LONDON - MetalTale.com","isPartOf":{"@id":"https:\/\/metaltale.com\/lv\/#website"},"primaryImageOfPage":{"@id":"https:\/\/metaltale.com\/lv\/produkts\/tualetes-rullu-turetajs-bury-st-london\/#primaryimage"},"image":{"@id":"https:\/\/metaltale.com\/lv\/produkts\/tualetes-rullu-turetajs-bury-st-london\/#primaryimage"},"thumbnailUrl":"https:\/\/metaltale.com\/wp-content\/uploads\/2023\/10\/Tualeto-ritinx117lio-laikiklis-BURY-ST-LONDON.jpg","datePublished":"2024-02-13T13:07:04+00:00","breadcrumb":{"@id":"https:\/\/metaltale.com\/lv\/produkts\/tualetes-rullu-turetajs-bury-st-london\/#breadcrumb"},"inLanguage":"lv-LV","potentialAction":[{"@type":"ReadAction","target":["https:\/\/metaltale.com\/lv\/produkts\/tualetes-rullu-turetajs-bury-st-london\/"]}]},{"@type":"ImageObject","inLanguage":"lv-LV","@id":"https:\/\/metaltale.com\/lv\/produkts\/tualetes-rullu-turetajs-bury-st-london\/#primaryimage","url":"https:\/\/metaltale.com\/wp-content\/uploads\/2023\/10\/Tualeto-ritinx117lio-laikiklis-BURY-ST-LONDON.jpg","contentUrl":"https:\/\/metaltale.com\/wp-content\/uploads\/2023\/10\/Tualeto-ritinx117lio-laikiklis-BURY-ST-LONDON.jpg","width":800,"height":800,"caption":"Tualetes ru\u013c\u013cu tur\u0113t\u0101js BURY ST LONDON"},{"@type":"BreadcrumbList","@id":"https:\/\/metaltale.com\/lv\/produkts\/tualetes-rullu-turetajs-bury-st-london\/#breadcrumb","itemListElement":[{"@type":"ListItem","position":1,"name":"Home","item":"https:\/\/metaltale.com\/lv\/majas\/"},{"@type":"ListItem","position":2,"name":"Veikals","item":"https:\/\/metaltale.com\/lv\/shop\/"},{"@type":"ListItem","position":3,"name":"Tualetes ru\u013c\u013cu tur\u0113t\u0101js BURY ST LONDON"}]},{"@type":"WebSite","@id":"https:\/\/metaltale.com\/lv\/#website","url":"https:\/\/metaltale.com\/lv\/","name":"Metaltale.com","description":"","potentialAction":[{"@type":"SearchAction","target":{"@type":"EntryPoint","urlTemplate":"https:\/\/metaltale.com\/lv\/?s={search_term_string}"},"query-input":{"@type":"PropertyValueSpecification","valueRequired":true,"valueName":"search_term_string"}}],"inLanguage":"lv-LV"}]}},"_links":{"self":[{"href":"https:\/\/metaltale.com\/lv\/wp-json\/wp\/v2\/product\/134305","targetHints":{"allow":["GET"]}}],"collection":[{"href":"https:\/\/metaltale.com\/lv\/wp-json\/wp\/v2\/product"}],"about":[{"href":"https:\/\/metaltale.com\/lv\/wp-json\/wp\/v2\/types\/product"}],"replies":[{"embeddable":true,"href":"https:\/\/metaltale.com\/lv\/wp-json\/wp\/v2\/comments?post=134305"}],"version-history":[{"count":0,"href":"https:\/\/metaltale.com\/lv\/wp-json\/wp\/v2\/product\/134305\/revisions"}],"wp:featuredmedia":[{"embeddable":true,"href":"https:\/\/metaltale.com\/lv\/wp-json\/wp\/v2\/media\/91945"}],"wp:attachment":[{"href":"https:\/\/metaltale.com\/lv\/wp-json\/wp\/v2\/media?parent=134305"}],"wp:term":[{"taxonomy":"product_brand","embeddable":true,"href":"https:\/\/metaltale.com\/lv\/wp-json\/wp\/v2\/product_brand?post=134305"},{"taxonomy":"product_cat","embeddable":true,"href":"https:\/\/metaltale.com\/lv\/wp-json\/wp\/v2\/product_cat?post=134305"},{"taxonomy":"product_tag","embeddable":true,"href":"https:\/\/metaltale.com\/lv\/wp-json\/wp\/v2\/product_tag?post=134305"}],"curies":[{"name":"wp","href":"https:\/\/api.w.org\/{rel}","templated":true}]}}