{"id":134299,"date":"2024-02-13T14:09:05","date_gmt":"2024-02-13T12:09:05","guid":{"rendered":"https:\/\/metaltale.com\/produktas\/tualetes-papira-turetajs-tualete\/"},"modified":"2024-02-13T14:09:05","modified_gmt":"2024-02-13T12:09:05","slug":"tualetes-papira-turetajs-tualete","status":"publish","type":"product","link":"https:\/\/metaltale.com\/lv\/produkts\/tualetes-papira-turetajs-tualete\/","title":{"rendered":"Tualetes pap\u012bra tur\u0113t\u0101js Tualete"},"content":{"rendered":"<div class=\"prod_data\">\n<p><strong>Modelis<\/strong> 49.629..AI.100<br \/>\n<strong>EAN.<\/strong>  5905369921414<br \/>\n<strong>Materi\u0101ls<\/strong> Koks, \u010duguns<br \/>\n<strong>Kop\u0113jais platums (cm<\/strong> ) 20,5<br \/>\n<strong>Kop\u0113j\u0101 projekcija (cm<\/strong> ) 7<br \/>\n<strong>Pamatnes izm\u0113ri (cm)<\/strong> 16,5 x 7<br \/>\nT\u0113rauda <strong>kr\u0101sa<\/strong> <\/p>\n<p>&#8211; Tualetes pap\u012bra tur\u0113t\u0101js, kas izgatavots no augst\u0101k\u0101s kvalit\u0101tes l\u0113juma<br \/>\n&#8211; ir ide\u0101ls retro stila vannas istabas rot\u0101jums<br \/>\n&#8211; piestiprina gan pie sien\u0101m, gan koka virsm\u0101m.<br \/>\n&#8211; ir divi stiprin\u0101juma caurumi, skr\u016bves iek\u013cautas komplekt\u0101<\/p>\n<hr>\n<p><strong>Tualetes pap\u012bra tur\u0113t\u0101js<\/strong> ir viens no b\u016btisk\u0101kajiem vannas istabas apr\u012bkojuma elementiem. Lauku interjeram ir nepiecie\u0161amas labi izv\u0113l\u0113tas m\u0113beles, aksesu\u0101ri un rot\u0101jumi.<\/p>\n<p>Att\u0113l\u0101 redzamais rokturis tika izgatavots uz \u010duguna pamatnes ar nieri ar apa\u013ciem balsta posmiem. Vienk\u0101r\u0161s modelis, kas ir ar\u012b \u013coti efekt\u012bvs veids, k\u0101 moderniz\u0113t vannas istabu, lieliski sader ar citiem aksesu\u0101riem un interjera dizaina elementiem, uzsverot nenoliedzami ori\u0123in\u0101lo raksturu.<\/p>\n<p>Komplekt\u0101 ir iek\u013cauts stiprin\u0101juma skr\u016bvju komplekts.<\/p>\n<\/div>\n","protected":false},"excerpt":{"rendered":"<p>Modelis 49.629..AI.100 EAN. 5905369921414 Materi\u0101ls Koks, \u010duguns Kop\u0113jais platums (cm ) 20,5 Kop\u0113j\u0101 projekcija (cm ) 7 Pamatnes izm\u0113ri (cm)<\/p>\n","protected":false},"featured_media":68992,"comment_status":"open","ping_status":"closed","template":"","meta":{"_acf_changed":false,"pmpro_default_level":""},"product_brand":[],"product_cat":[24084,23837],"product_tag":[],"class_list":{"0":"post-134299","1":"product","2":"type-product","3":"status-publish","4":"has-post-thumbnail","6":"product_cat-papira-turetaji","7":"product_cat-mebeles-piederumi","8":"pmpro-has-access","10":"first","11":"instock","12":"shipping-taxable","13":"purchasable","14":"product-type-simple"},"acf":[],"yoast_head":"<!-- This site is optimized with the Yoast SEO plugin v24.9 - https:\/\/yoast.com\/wordpress\/plugins\/seo\/ -->\n<title>Tualetes pap\u012bra tur\u0113t\u0101js Tualete - MetalTale.com<\/title>\n<meta name=\"robots\" content=\"index, follow, max-snippet:-1, max-image-preview:large, max-video-preview:-1\" \/>\n<link rel=\"canonical\" href=\"https:\/\/metaltale.com\/lv\/produkts\/tualetes-papira-turetajs-tualete\/\" \/>\n<meta property=\"og:locale\" content=\"lv_LV\" \/>\n<meta property=\"og:type\" content=\"article\" \/>\n<meta property=\"og:title\" content=\"Tualetes pap\u012bra tur\u0113t\u0101js Tualete - MetalTale.com\" \/>\n<meta property=\"og:description\" content=\"Modelis 49.629..AI.100 EAN. 5905369921414 Materi\u0101ls Koks, \u010duguns Kop\u0113jais platums (cm ) 20,5 Kop\u0113j\u0101 projekcija (cm ) 7 Pamatnes izm\u0113ri (cm)\" \/>\n<meta property=\"og:url\" content=\"https:\/\/metaltale.com\/lv\/produkts\/tualetes-papira-turetajs-tualete\/\" \/>\n<meta property=\"og:site_name\" content=\"MetalTale.com\" \/>\n<meta name=\"twitter:card\" content=\"summary_large_image\" \/>\n<meta name=\"twitter:label1\" content=\"Est. reading time\" \/>\n\t<meta name=\"twitter:data1\" content=\"1 minute\" \/>\n<script type=\"application\/ld+json\" class=\"yoast-schema-graph\">{\"@context\":\"https:\/\/schema.org\",\"@graph\":[{\"@type\":\"WebPage\",\"@id\":\"https:\/\/metaltale.com\/lv\/produkts\/tualetes-papira-turetajs-tualete\/\",\"url\":\"https:\/\/metaltale.com\/lv\/produkts\/tualetes-papira-turetajs-tualete\/\",\"name\":\"Tualetes pap\u012bra tur\u0113t\u0101js Tualete - MetalTale.com\",\"isPartOf\":{\"@id\":\"https:\/\/metaltale.com\/lv\/#website\"},\"primaryImageOfPage\":{\"@id\":\"https:\/\/metaltale.com\/lv\/produkts\/tualetes-papira-turetajs-tualete\/#primaryimage\"},\"image\":{\"@id\":\"https:\/\/metaltale.com\/lv\/produkts\/tualetes-papira-turetajs-tualete\/#primaryimage\"},\"thumbnailUrl\":\"https:\/\/metaltale.com\/wp-content\/uploads\/2023\/09\/Tualeto-ritinx117lio-laikiklis-TUALETAS.jpg\",\"datePublished\":\"2024-02-13T12:09:05+00:00\",\"breadcrumb\":{\"@id\":\"https:\/\/metaltale.com\/lv\/produkts\/tualetes-papira-turetajs-tualete\/#breadcrumb\"},\"inLanguage\":\"lv-LV\",\"potentialAction\":[{\"@type\":\"ReadAction\",\"target\":[\"https:\/\/metaltale.com\/lv\/produkts\/tualetes-papira-turetajs-tualete\/\"]}]},{\"@type\":\"ImageObject\",\"inLanguage\":\"lv-LV\",\"@id\":\"https:\/\/metaltale.com\/lv\/produkts\/tualetes-papira-turetajs-tualete\/#primaryimage\",\"url\":\"https:\/\/metaltale.com\/wp-content\/uploads\/2023\/09\/Tualeto-ritinx117lio-laikiklis-TUALETAS.jpg\",\"contentUrl\":\"https:\/\/metaltale.com\/wp-content\/uploads\/2023\/09\/Tualeto-ritinx117lio-laikiklis-TUALETAS.jpg\",\"width\":800,\"height\":800,\"caption\":\"Tualetes pap\u012bra tur\u0113t\u0101js Tualete\"},{\"@type\":\"BreadcrumbList\",\"@id\":\"https:\/\/metaltale.com\/lv\/produkts\/tualetes-papira-turetajs-tualete\/#breadcrumb\",\"itemListElement\":[{\"@type\":\"ListItem\",\"position\":1,\"name\":\"Home\",\"item\":\"https:\/\/metaltale.com\/lv\/majas\/\"},{\"@type\":\"ListItem\",\"position\":2,\"name\":\"Veikals\",\"item\":\"https:\/\/metaltale.com\/lv\/shop\/\"},{\"@type\":\"ListItem\",\"position\":3,\"name\":\"Tualetes pap\u012bra tur\u0113t\u0101js Tualete\"}]},{\"@type\":\"WebSite\",\"@id\":\"https:\/\/metaltale.com\/lv\/#website\",\"url\":\"https:\/\/metaltale.com\/lv\/\",\"name\":\"Metaltale.com\",\"description\":\"\",\"potentialAction\":[{\"@type\":\"SearchAction\",\"target\":{\"@type\":\"EntryPoint\",\"urlTemplate\":\"https:\/\/metaltale.com\/lv\/?s={search_term_string}\"},\"query-input\":{\"@type\":\"PropertyValueSpecification\",\"valueRequired\":true,\"valueName\":\"search_term_string\"}}],\"inLanguage\":\"lv-LV\"}]}<\/script>\n<!-- \/ Yoast SEO plugin. -->","yoast_head_json":{"title":"Tualetes pap\u012bra tur\u0113t\u0101js Tualete - MetalTale.com","robots":{"index":"index","follow":"follow","max-snippet":"max-snippet:-1","max-image-preview":"max-image-preview:large","max-video-preview":"max-video-preview:-1"},"canonical":"https:\/\/metaltale.com\/lv\/produkts\/tualetes-papira-turetajs-tualete\/","og_locale":"lv_LV","og_type":"article","og_title":"Tualetes pap\u012bra tur\u0113t\u0101js Tualete - MetalTale.com","og_description":"Modelis 49.629..AI.100 EAN. 5905369921414 Materi\u0101ls Koks, \u010duguns Kop\u0113jais platums (cm ) 20,5 Kop\u0113j\u0101 projekcija (cm ) 7 Pamatnes izm\u0113ri (cm)","og_url":"https:\/\/metaltale.com\/lv\/produkts\/tualetes-papira-turetajs-tualete\/","og_site_name":"MetalTale.com","twitter_card":"summary_large_image","twitter_misc":{"Est. reading time":"1 minute"},"schema":{"@context":"https:\/\/schema.org","@graph":[{"@type":"WebPage","@id":"https:\/\/metaltale.com\/lv\/produkts\/tualetes-papira-turetajs-tualete\/","url":"https:\/\/metaltale.com\/lv\/produkts\/tualetes-papira-turetajs-tualete\/","name":"Tualetes pap\u012bra tur\u0113t\u0101js Tualete - MetalTale.com","isPartOf":{"@id":"https:\/\/metaltale.com\/lv\/#website"},"primaryImageOfPage":{"@id":"https:\/\/metaltale.com\/lv\/produkts\/tualetes-papira-turetajs-tualete\/#primaryimage"},"image":{"@id":"https:\/\/metaltale.com\/lv\/produkts\/tualetes-papira-turetajs-tualete\/#primaryimage"},"thumbnailUrl":"https:\/\/metaltale.com\/wp-content\/uploads\/2023\/09\/Tualeto-ritinx117lio-laikiklis-TUALETAS.jpg","datePublished":"2024-02-13T12:09:05+00:00","breadcrumb":{"@id":"https:\/\/metaltale.com\/lv\/produkts\/tualetes-papira-turetajs-tualete\/#breadcrumb"},"inLanguage":"lv-LV","potentialAction":[{"@type":"ReadAction","target":["https:\/\/metaltale.com\/lv\/produkts\/tualetes-papira-turetajs-tualete\/"]}]},{"@type":"ImageObject","inLanguage":"lv-LV","@id":"https:\/\/metaltale.com\/lv\/produkts\/tualetes-papira-turetajs-tualete\/#primaryimage","url":"https:\/\/metaltale.com\/wp-content\/uploads\/2023\/09\/Tualeto-ritinx117lio-laikiklis-TUALETAS.jpg","contentUrl":"https:\/\/metaltale.com\/wp-content\/uploads\/2023\/09\/Tualeto-ritinx117lio-laikiklis-TUALETAS.jpg","width":800,"height":800,"caption":"Tualetes pap\u012bra tur\u0113t\u0101js Tualete"},{"@type":"BreadcrumbList","@id":"https:\/\/metaltale.com\/lv\/produkts\/tualetes-papira-turetajs-tualete\/#breadcrumb","itemListElement":[{"@type":"ListItem","position":1,"name":"Home","item":"https:\/\/metaltale.com\/lv\/majas\/"},{"@type":"ListItem","position":2,"name":"Veikals","item":"https:\/\/metaltale.com\/lv\/shop\/"},{"@type":"ListItem","position":3,"name":"Tualetes pap\u012bra tur\u0113t\u0101js Tualete"}]},{"@type":"WebSite","@id":"https:\/\/metaltale.com\/lv\/#website","url":"https:\/\/metaltale.com\/lv\/","name":"Metaltale.com","description":"","potentialAction":[{"@type":"SearchAction","target":{"@type":"EntryPoint","urlTemplate":"https:\/\/metaltale.com\/lv\/?s={search_term_string}"},"query-input":{"@type":"PropertyValueSpecification","valueRequired":true,"valueName":"search_term_string"}}],"inLanguage":"lv-LV"}]}},"_links":{"self":[{"href":"https:\/\/metaltale.com\/lv\/wp-json\/wp\/v2\/product\/134299","targetHints":{"allow":["GET"]}}],"collection":[{"href":"https:\/\/metaltale.com\/lv\/wp-json\/wp\/v2\/product"}],"about":[{"href":"https:\/\/metaltale.com\/lv\/wp-json\/wp\/v2\/types\/product"}],"replies":[{"embeddable":true,"href":"https:\/\/metaltale.com\/lv\/wp-json\/wp\/v2\/comments?post=134299"}],"version-history":[{"count":0,"href":"https:\/\/metaltale.com\/lv\/wp-json\/wp\/v2\/product\/134299\/revisions"}],"wp:featuredmedia":[{"embeddable":true,"href":"https:\/\/metaltale.com\/lv\/wp-json\/wp\/v2\/media\/68992"}],"wp:attachment":[{"href":"https:\/\/metaltale.com\/lv\/wp-json\/wp\/v2\/media?parent=134299"}],"wp:term":[{"taxonomy":"product_brand","embeddable":true,"href":"https:\/\/metaltale.com\/lv\/wp-json\/wp\/v2\/product_brand?post=134299"},{"taxonomy":"product_cat","embeddable":true,"href":"https:\/\/metaltale.com\/lv\/wp-json\/wp\/v2\/product_cat?post=134299"},{"taxonomy":"product_tag","embeddable":true,"href":"https:\/\/metaltale.com\/lv\/wp-json\/wp\/v2\/product_tag?post=134299"}],"curies":[{"name":"wp","href":"https:\/\/api.w.org\/{rel}","templated":true}]}}