{"id":134291,"date":"2024-02-13T14:07:41","date_gmt":"2024-02-13T12:07:41","guid":{"rendered":"https:\/\/metaltale.com\/produktas\/tualetes-papira-turetajs-pancratics\/"},"modified":"2024-02-13T14:07:41","modified_gmt":"2024-02-13T12:07:41","slug":"tualetes-papira-turetajs-pancratics","status":"publish","type":"product","link":"https:\/\/metaltale.com\/lv\/produkts\/tualetes-papira-turetajs-pancratics\/","title":{"rendered":"Tualetes pap\u012bra tur\u0113t\u0101js PANCRATICS"},"content":{"rendered":"<div class=\"prod_data\">\n<h2>M\u0113be\u013cu furnit\u016bra &#8211; TUALETIC PAPER TIMER PANCRATICS<\/h2>\n<p><strong>Modelis<\/strong>: 01.626.AI.230<br \/>\n<strong>EAN:<\/strong> 5905369921360<br \/>\n<strong>Materi\u0101ls:<\/strong> koks, \u010duguns<br \/>\n<strong>Kop\u0113jais augstums (cm<\/strong> ): 25<br \/>\n<strong>Kop\u0113jais platums (cm<\/strong> ): 16<br \/>\n<strong>Pamatnes izm\u0113ri (cm)<\/strong>: 16 x 10<br \/>\n<strong>Kr\u0101sa:<\/strong> t\u0113rauda<\/p>\n<p>No augst\u0101k\u0101s kvalit\u0101tes veid\u0146u deta\u013c\u0101m izgatavotais dekorat\u012bvais tualetes pap\u012bra tur\u0113t\u0101js var k\u013c\u016bt par izteiksm\u012bgu akcentu j\u016bsu vannas istab\u0101. Divi stiprin\u0101juma caurumi, skr\u016bves iek\u013cautas komplekt\u0101.<\/p>\n<p>\u0160is tualetes pap\u012bra tur\u0113t\u0101js, kas veidots p\u0113c Londonas stacijas parauga, ir izteiksm\u012bgs un praktisks aksesu\u0101rs, kas lieliski ieder\u0113sies rustik\u0101l\u0101 interjer\u0101.<\/p>\n<\/div>\n","protected":false},"excerpt":{"rendered":"<p>M\u0113be\u013cu furnit\u016bra &#8211; TUALETIC PAPER TIMER PANCRATICS Modelis: 01.626.AI.230 EAN: 5905369921360 Materi\u0101ls: koks, \u010duguns Kop\u0113jais augstums (cm ): 25 Kop\u0113jais<\/p>\n","protected":false},"featured_media":68962,"comment_status":"open","ping_status":"closed","template":"","meta":{"_acf_changed":false,"pmpro_default_level":""},"product_brand":[],"product_cat":[24084,23837],"product_tag":[],"class_list":{"0":"post-134291","1":"product","2":"type-product","3":"status-publish","4":"has-post-thumbnail","6":"product_cat-papira-turetaji","7":"product_cat-mebeles-piederumi","8":"pmpro-has-access","10":"first","11":"instock","12":"shipping-taxable","13":"purchasable","14":"product-type-simple"},"acf":[],"yoast_head":"<!-- This site is optimized with the Yoast SEO plugin v24.9 - https:\/\/yoast.com\/wordpress\/plugins\/seo\/ -->\n<title>Tualetes pap\u012bra tur\u0113t\u0101js PANCRATICS - MetalTale.com<\/title>\n<meta name=\"robots\" content=\"index, follow, max-snippet:-1, max-image-preview:large, max-video-preview:-1\" \/>\n<link rel=\"canonical\" href=\"https:\/\/metaltale.com\/lv\/produkts\/tualetes-papira-turetajs-pancratics\/\" \/>\n<meta property=\"og:locale\" content=\"lv_LV\" \/>\n<meta property=\"og:type\" content=\"article\" \/>\n<meta property=\"og:title\" content=\"Tualetes pap\u012bra tur\u0113t\u0101js PANCRATICS - MetalTale.com\" \/>\n<meta property=\"og:description\" content=\"M\u0113be\u013cu furnit\u016bra &#8211; TUALETIC PAPER TIMER PANCRATICS Modelis: 01.626.AI.230 EAN: 5905369921360 Materi\u0101ls: koks, \u010duguns Kop\u0113jais augstums (cm ): 25 Kop\u0113jais\" \/>\n<meta property=\"og:url\" content=\"https:\/\/metaltale.com\/lv\/produkts\/tualetes-papira-turetajs-pancratics\/\" \/>\n<meta property=\"og:site_name\" content=\"MetalTale.com\" \/>\n<meta name=\"twitter:card\" content=\"summary_large_image\" \/>\n<meta name=\"twitter:label1\" content=\"Est. reading time\" \/>\n\t<meta name=\"twitter:data1\" content=\"1 minute\" \/>\n<script type=\"application\/ld+json\" class=\"yoast-schema-graph\">{\"@context\":\"https:\/\/schema.org\",\"@graph\":[{\"@type\":\"WebPage\",\"@id\":\"https:\/\/metaltale.com\/lv\/produkts\/tualetes-papira-turetajs-pancratics\/\",\"url\":\"https:\/\/metaltale.com\/lv\/produkts\/tualetes-papira-turetajs-pancratics\/\",\"name\":\"Tualetes pap\u012bra tur\u0113t\u0101js PANCRATICS - MetalTale.com\",\"isPartOf\":{\"@id\":\"https:\/\/metaltale.com\/lv\/#website\"},\"primaryImageOfPage\":{\"@id\":\"https:\/\/metaltale.com\/lv\/produkts\/tualetes-papira-turetajs-pancratics\/#primaryimage\"},\"image\":{\"@id\":\"https:\/\/metaltale.com\/lv\/produkts\/tualetes-papira-turetajs-pancratics\/#primaryimage\"},\"thumbnailUrl\":\"https:\/\/metaltale.com\/wp-content\/uploads\/2023\/09\/Tualeto-ritinx117lio-laikiklis-PANKRACY.jpg\",\"datePublished\":\"2024-02-13T12:07:41+00:00\",\"breadcrumb\":{\"@id\":\"https:\/\/metaltale.com\/lv\/produkts\/tualetes-papira-turetajs-pancratics\/#breadcrumb\"},\"inLanguage\":\"lv-LV\",\"potentialAction\":[{\"@type\":\"ReadAction\",\"target\":[\"https:\/\/metaltale.com\/lv\/produkts\/tualetes-papira-turetajs-pancratics\/\"]}]},{\"@type\":\"ImageObject\",\"inLanguage\":\"lv-LV\",\"@id\":\"https:\/\/metaltale.com\/lv\/produkts\/tualetes-papira-turetajs-pancratics\/#primaryimage\",\"url\":\"https:\/\/metaltale.com\/wp-content\/uploads\/2023\/09\/Tualeto-ritinx117lio-laikiklis-PANKRACY.jpg\",\"contentUrl\":\"https:\/\/metaltale.com\/wp-content\/uploads\/2023\/09\/Tualeto-ritinx117lio-laikiklis-PANKRACY.jpg\",\"width\":800,\"height\":800,\"caption\":\"Tualetes pap\u012bra tur\u0113t\u0101js PANCRATICS\"},{\"@type\":\"BreadcrumbList\",\"@id\":\"https:\/\/metaltale.com\/lv\/produkts\/tualetes-papira-turetajs-pancratics\/#breadcrumb\",\"itemListElement\":[{\"@type\":\"ListItem\",\"position\":1,\"name\":\"Home\",\"item\":\"https:\/\/metaltale.com\/lv\/majas\/\"},{\"@type\":\"ListItem\",\"position\":2,\"name\":\"Veikals\",\"item\":\"https:\/\/metaltale.com\/lv\/shop\/\"},{\"@type\":\"ListItem\",\"position\":3,\"name\":\"Tualetes pap\u012bra tur\u0113t\u0101js PANCRATICS\"}]},{\"@type\":\"WebSite\",\"@id\":\"https:\/\/metaltale.com\/lv\/#website\",\"url\":\"https:\/\/metaltale.com\/lv\/\",\"name\":\"Metaltale.com\",\"description\":\"\",\"potentialAction\":[{\"@type\":\"SearchAction\",\"target\":{\"@type\":\"EntryPoint\",\"urlTemplate\":\"https:\/\/metaltale.com\/lv\/?s={search_term_string}\"},\"query-input\":{\"@type\":\"PropertyValueSpecification\",\"valueRequired\":true,\"valueName\":\"search_term_string\"}}],\"inLanguage\":\"lv-LV\"}]}<\/script>\n<!-- \/ Yoast SEO plugin. -->","yoast_head_json":{"title":"Tualetes pap\u012bra tur\u0113t\u0101js PANCRATICS - MetalTale.com","robots":{"index":"index","follow":"follow","max-snippet":"max-snippet:-1","max-image-preview":"max-image-preview:large","max-video-preview":"max-video-preview:-1"},"canonical":"https:\/\/metaltale.com\/lv\/produkts\/tualetes-papira-turetajs-pancratics\/","og_locale":"lv_LV","og_type":"article","og_title":"Tualetes pap\u012bra tur\u0113t\u0101js PANCRATICS - MetalTale.com","og_description":"M\u0113be\u013cu furnit\u016bra &#8211; TUALETIC PAPER TIMER PANCRATICS Modelis: 01.626.AI.230 EAN: 5905369921360 Materi\u0101ls: koks, \u010duguns Kop\u0113jais augstums (cm ): 25 Kop\u0113jais","og_url":"https:\/\/metaltale.com\/lv\/produkts\/tualetes-papira-turetajs-pancratics\/","og_site_name":"MetalTale.com","twitter_card":"summary_large_image","twitter_misc":{"Est. reading time":"1 minute"},"schema":{"@context":"https:\/\/schema.org","@graph":[{"@type":"WebPage","@id":"https:\/\/metaltale.com\/lv\/produkts\/tualetes-papira-turetajs-pancratics\/","url":"https:\/\/metaltale.com\/lv\/produkts\/tualetes-papira-turetajs-pancratics\/","name":"Tualetes pap\u012bra tur\u0113t\u0101js PANCRATICS - MetalTale.com","isPartOf":{"@id":"https:\/\/metaltale.com\/lv\/#website"},"primaryImageOfPage":{"@id":"https:\/\/metaltale.com\/lv\/produkts\/tualetes-papira-turetajs-pancratics\/#primaryimage"},"image":{"@id":"https:\/\/metaltale.com\/lv\/produkts\/tualetes-papira-turetajs-pancratics\/#primaryimage"},"thumbnailUrl":"https:\/\/metaltale.com\/wp-content\/uploads\/2023\/09\/Tualeto-ritinx117lio-laikiklis-PANKRACY.jpg","datePublished":"2024-02-13T12:07:41+00:00","breadcrumb":{"@id":"https:\/\/metaltale.com\/lv\/produkts\/tualetes-papira-turetajs-pancratics\/#breadcrumb"},"inLanguage":"lv-LV","potentialAction":[{"@type":"ReadAction","target":["https:\/\/metaltale.com\/lv\/produkts\/tualetes-papira-turetajs-pancratics\/"]}]},{"@type":"ImageObject","inLanguage":"lv-LV","@id":"https:\/\/metaltale.com\/lv\/produkts\/tualetes-papira-turetajs-pancratics\/#primaryimage","url":"https:\/\/metaltale.com\/wp-content\/uploads\/2023\/09\/Tualeto-ritinx117lio-laikiklis-PANKRACY.jpg","contentUrl":"https:\/\/metaltale.com\/wp-content\/uploads\/2023\/09\/Tualeto-ritinx117lio-laikiklis-PANKRACY.jpg","width":800,"height":800,"caption":"Tualetes pap\u012bra tur\u0113t\u0101js PANCRATICS"},{"@type":"BreadcrumbList","@id":"https:\/\/metaltale.com\/lv\/produkts\/tualetes-papira-turetajs-pancratics\/#breadcrumb","itemListElement":[{"@type":"ListItem","position":1,"name":"Home","item":"https:\/\/metaltale.com\/lv\/majas\/"},{"@type":"ListItem","position":2,"name":"Veikals","item":"https:\/\/metaltale.com\/lv\/shop\/"},{"@type":"ListItem","position":3,"name":"Tualetes pap\u012bra tur\u0113t\u0101js PANCRATICS"}]},{"@type":"WebSite","@id":"https:\/\/metaltale.com\/lv\/#website","url":"https:\/\/metaltale.com\/lv\/","name":"Metaltale.com","description":"","potentialAction":[{"@type":"SearchAction","target":{"@type":"EntryPoint","urlTemplate":"https:\/\/metaltale.com\/lv\/?s={search_term_string}"},"query-input":{"@type":"PropertyValueSpecification","valueRequired":true,"valueName":"search_term_string"}}],"inLanguage":"lv-LV"}]}},"_links":{"self":[{"href":"https:\/\/metaltale.com\/lv\/wp-json\/wp\/v2\/product\/134291","targetHints":{"allow":["GET"]}}],"collection":[{"href":"https:\/\/metaltale.com\/lv\/wp-json\/wp\/v2\/product"}],"about":[{"href":"https:\/\/metaltale.com\/lv\/wp-json\/wp\/v2\/types\/product"}],"replies":[{"embeddable":true,"href":"https:\/\/metaltale.com\/lv\/wp-json\/wp\/v2\/comments?post=134291"}],"version-history":[{"count":0,"href":"https:\/\/metaltale.com\/lv\/wp-json\/wp\/v2\/product\/134291\/revisions"}],"wp:featuredmedia":[{"embeddable":true,"href":"https:\/\/metaltale.com\/lv\/wp-json\/wp\/v2\/media\/68962"}],"wp:attachment":[{"href":"https:\/\/metaltale.com\/lv\/wp-json\/wp\/v2\/media?parent=134291"}],"wp:term":[{"taxonomy":"product_brand","embeddable":true,"href":"https:\/\/metaltale.com\/lv\/wp-json\/wp\/v2\/product_brand?post=134291"},{"taxonomy":"product_cat","embeddable":true,"href":"https:\/\/metaltale.com\/lv\/wp-json\/wp\/v2\/product_cat?post=134291"},{"taxonomy":"product_tag","embeddable":true,"href":"https:\/\/metaltale.com\/lv\/wp-json\/wp\/v2\/product_tag?post=134291"}],"curies":[{"name":"wp","href":"https:\/\/api.w.org\/{rel}","templated":true}]}}