{"id":134290,"date":"2024-02-13T14:07:41","date_gmt":"2024-02-13T12:07:41","guid":{"rendered":"https:\/\/metaltale.com\/produktas\/troy-gars-koka-zirgs-balts\/"},"modified":"2024-02-13T14:07:41","modified_gmt":"2024-02-13T12:07:41","slug":"troy-gars-koka-zirgs-balts","status":"publish","type":"product","link":"https:\/\/metaltale.com\/lv\/produkts\/troy-gars-koka-zirgs-balts\/","title":{"rendered":"TROY gar\u0161 koka zirgs balts"},"content":{"rendered":"<div class=\"prod_data\"><strong>Modelis<\/strong> AF.089.114.10.  <br \/><strong>EAN.<\/strong>  5905369923197  <br \/><strong>Materi\u0101ls<\/strong> Koks, t\u0113rauds  <br \/><strong> [cm]Kop\u0113jais garums<\/strong> 15 <strong> <\/strong> <br \/><strong>Kop\u0113jais augstums (cm<\/strong> ) 36  <br \/><strong>Kop\u0113jais platums (cm<\/strong> ) 6,5  <br \/>Balta <strong>kr\u0101sa<\/strong>  <br \/><strong>Apdare<\/strong> sl\u012bp\u0113ts ar smilt\u012bm  <\/p>\n<p>TROJA zirgs uz met\u0101la balstiem noteikti atg\u0101din\u0101s par m\u016bsu b\u0113rn\u012bbu, \u0161\u0137ietami vienk\u0101r\u0161ie rot\u0101jumi un dabiskie materi\u0101li ir kaut kas t\u0101ds, pie k\u0101 m\u0113s v\u0113l\u0113tos atgriezties.<\/p>\n<p>Izstr\u0101d\u0101jums ir izgatavots no eksotiska balt\u0101 mango koka.<\/p>\n<p>Koka zirgs b\u016bs lieliska d\u0101vin\u0101juma ideja un ar\u012b k\u0101 neparasts dekors piesaist\u012bs uzman\u012bbu.<\/p>\n<\/div>\n","protected":false},"excerpt":{"rendered":"<p>Modelis AF.089.114.10. EAN. 5905369923197 Materi\u0101ls Koks, t\u0113rauds [cm]Kop\u0113jais garums 15 Kop\u0113jais augstums (cm ) 36 Kop\u0113jais platums (cm ) 6,5<\/p>\n","protected":false},"featured_media":86197,"comment_status":"open","ping_status":"closed","template":"","meta":{"_acf_changed":false,"pmpro_default_level":""},"product_brand":[],"product_cat":[24055],"product_tag":[],"class_list":{"0":"post-134290","1":"product","2":"type-product","3":"status-publish","4":"has-post-thumbnail","6":"product_cat-rotajumi","7":"pmpro-has-access","9":"first","10":"instock","11":"shipping-taxable","12":"purchasable","13":"product-type-simple"},"acf":[],"yoast_head":"<!-- This site is optimized with the Yoast SEO plugin v24.9 - https:\/\/yoast.com\/wordpress\/plugins\/seo\/ -->\n<title>TROY gar\u0161 koka zirgs balts - MetalTale.com<\/title>\n<meta name=\"robots\" content=\"index, follow, max-snippet:-1, max-image-preview:large, max-video-preview:-1\" \/>\n<link rel=\"canonical\" href=\"https:\/\/metaltale.com\/lv\/produkts\/troy-gars-koka-zirgs-balts\/\" \/>\n<meta property=\"og:locale\" content=\"lv_LV\" \/>\n<meta property=\"og:type\" content=\"article\" \/>\n<meta property=\"og:title\" content=\"TROY gar\u0161 koka zirgs balts - MetalTale.com\" \/>\n<meta property=\"og:description\" content=\"Modelis AF.089.114.10. EAN. 5905369923197 Materi\u0101ls Koks, t\u0113rauds [cm]Kop\u0113jais garums 15 Kop\u0113jais augstums (cm ) 36 Kop\u0113jais platums (cm ) 6,5\" \/>\n<meta property=\"og:url\" content=\"https:\/\/metaltale.com\/lv\/produkts\/troy-gars-koka-zirgs-balts\/\" \/>\n<meta property=\"og:site_name\" content=\"MetalTale.com\" \/>\n<meta name=\"twitter:card\" content=\"summary_large_image\" \/>\n<script type=\"application\/ld+json\" class=\"yoast-schema-graph\">{\"@context\":\"https:\/\/schema.org\",\"@graph\":[{\"@type\":\"WebPage\",\"@id\":\"https:\/\/metaltale.com\/lv\/produkts\/troy-gars-koka-zirgs-balts\/\",\"url\":\"https:\/\/metaltale.com\/lv\/produkts\/troy-gars-koka-zirgs-balts\/\",\"name\":\"TROY gar\u0161 koka zirgs balts - MetalTale.com\",\"isPartOf\":{\"@id\":\"https:\/\/metaltale.com\/lv\/#website\"},\"primaryImageOfPage\":{\"@id\":\"https:\/\/metaltale.com\/lv\/produkts\/troy-gars-koka-zirgs-balts\/#primaryimage\"},\"image\":{\"@id\":\"https:\/\/metaltale.com\/lv\/produkts\/troy-gars-koka-zirgs-balts\/#primaryimage\"},\"thumbnailUrl\":\"https:\/\/metaltale.com\/wp-content\/uploads\/2023\/10\/Arklys-TROJA.jpg\",\"datePublished\":\"2024-02-13T12:07:41+00:00\",\"breadcrumb\":{\"@id\":\"https:\/\/metaltale.com\/lv\/produkts\/troy-gars-koka-zirgs-balts\/#breadcrumb\"},\"inLanguage\":\"lv-LV\",\"potentialAction\":[{\"@type\":\"ReadAction\",\"target\":[\"https:\/\/metaltale.com\/lv\/produkts\/troy-gars-koka-zirgs-balts\/\"]}]},{\"@type\":\"ImageObject\",\"inLanguage\":\"lv-LV\",\"@id\":\"https:\/\/metaltale.com\/lv\/produkts\/troy-gars-koka-zirgs-balts\/#primaryimage\",\"url\":\"https:\/\/metaltale.com\/wp-content\/uploads\/2023\/10\/Arklys-TROJA.jpg\",\"contentUrl\":\"https:\/\/metaltale.com\/wp-content\/uploads\/2023\/10\/Arklys-TROJA.jpg\",\"width\":800,\"height\":800},{\"@type\":\"BreadcrumbList\",\"@id\":\"https:\/\/metaltale.com\/lv\/produkts\/troy-gars-koka-zirgs-balts\/#breadcrumb\",\"itemListElement\":[{\"@type\":\"ListItem\",\"position\":1,\"name\":\"Home\",\"item\":\"https:\/\/metaltale.com\/lv\/majas\/\"},{\"@type\":\"ListItem\",\"position\":2,\"name\":\"Veikals\",\"item\":\"https:\/\/metaltale.com\/lv\/shop\/\"},{\"@type\":\"ListItem\",\"position\":3,\"name\":\"TROY gar\u0161 koka zirgs balts\"}]},{\"@type\":\"WebSite\",\"@id\":\"https:\/\/metaltale.com\/lv\/#website\",\"url\":\"https:\/\/metaltale.com\/lv\/\",\"name\":\"Metaltale.com\",\"description\":\"\",\"potentialAction\":[{\"@type\":\"SearchAction\",\"target\":{\"@type\":\"EntryPoint\",\"urlTemplate\":\"https:\/\/metaltale.com\/lv\/?s={search_term_string}\"},\"query-input\":{\"@type\":\"PropertyValueSpecification\",\"valueRequired\":true,\"valueName\":\"search_term_string\"}}],\"inLanguage\":\"lv-LV\"}]}<\/script>\n<!-- \/ Yoast SEO plugin. -->","yoast_head_json":{"title":"TROY gar\u0161 koka zirgs balts - MetalTale.com","robots":{"index":"index","follow":"follow","max-snippet":"max-snippet:-1","max-image-preview":"max-image-preview:large","max-video-preview":"max-video-preview:-1"},"canonical":"https:\/\/metaltale.com\/lv\/produkts\/troy-gars-koka-zirgs-balts\/","og_locale":"lv_LV","og_type":"article","og_title":"TROY gar\u0161 koka zirgs balts - MetalTale.com","og_description":"Modelis AF.089.114.10. EAN. 5905369923197 Materi\u0101ls Koks, t\u0113rauds [cm]Kop\u0113jais garums 15 Kop\u0113jais augstums (cm ) 36 Kop\u0113jais platums (cm ) 6,5","og_url":"https:\/\/metaltale.com\/lv\/produkts\/troy-gars-koka-zirgs-balts\/","og_site_name":"MetalTale.com","twitter_card":"summary_large_image","schema":{"@context":"https:\/\/schema.org","@graph":[{"@type":"WebPage","@id":"https:\/\/metaltale.com\/lv\/produkts\/troy-gars-koka-zirgs-balts\/","url":"https:\/\/metaltale.com\/lv\/produkts\/troy-gars-koka-zirgs-balts\/","name":"TROY gar\u0161 koka zirgs balts - MetalTale.com","isPartOf":{"@id":"https:\/\/metaltale.com\/lv\/#website"},"primaryImageOfPage":{"@id":"https:\/\/metaltale.com\/lv\/produkts\/troy-gars-koka-zirgs-balts\/#primaryimage"},"image":{"@id":"https:\/\/metaltale.com\/lv\/produkts\/troy-gars-koka-zirgs-balts\/#primaryimage"},"thumbnailUrl":"https:\/\/metaltale.com\/wp-content\/uploads\/2023\/10\/Arklys-TROJA.jpg","datePublished":"2024-02-13T12:07:41+00:00","breadcrumb":{"@id":"https:\/\/metaltale.com\/lv\/produkts\/troy-gars-koka-zirgs-balts\/#breadcrumb"},"inLanguage":"lv-LV","potentialAction":[{"@type":"ReadAction","target":["https:\/\/metaltale.com\/lv\/produkts\/troy-gars-koka-zirgs-balts\/"]}]},{"@type":"ImageObject","inLanguage":"lv-LV","@id":"https:\/\/metaltale.com\/lv\/produkts\/troy-gars-koka-zirgs-balts\/#primaryimage","url":"https:\/\/metaltale.com\/wp-content\/uploads\/2023\/10\/Arklys-TROJA.jpg","contentUrl":"https:\/\/metaltale.com\/wp-content\/uploads\/2023\/10\/Arklys-TROJA.jpg","width":800,"height":800},{"@type":"BreadcrumbList","@id":"https:\/\/metaltale.com\/lv\/produkts\/troy-gars-koka-zirgs-balts\/#breadcrumb","itemListElement":[{"@type":"ListItem","position":1,"name":"Home","item":"https:\/\/metaltale.com\/lv\/majas\/"},{"@type":"ListItem","position":2,"name":"Veikals","item":"https:\/\/metaltale.com\/lv\/shop\/"},{"@type":"ListItem","position":3,"name":"TROY gar\u0161 koka zirgs balts"}]},{"@type":"WebSite","@id":"https:\/\/metaltale.com\/lv\/#website","url":"https:\/\/metaltale.com\/lv\/","name":"Metaltale.com","description":"","potentialAction":[{"@type":"SearchAction","target":{"@type":"EntryPoint","urlTemplate":"https:\/\/metaltale.com\/lv\/?s={search_term_string}"},"query-input":{"@type":"PropertyValueSpecification","valueRequired":true,"valueName":"search_term_string"}}],"inLanguage":"lv-LV"}]}},"_links":{"self":[{"href":"https:\/\/metaltale.com\/lv\/wp-json\/wp\/v2\/product\/134290","targetHints":{"allow":["GET"]}}],"collection":[{"href":"https:\/\/metaltale.com\/lv\/wp-json\/wp\/v2\/product"}],"about":[{"href":"https:\/\/metaltale.com\/lv\/wp-json\/wp\/v2\/types\/product"}],"replies":[{"embeddable":true,"href":"https:\/\/metaltale.com\/lv\/wp-json\/wp\/v2\/comments?post=134290"}],"version-history":[{"count":0,"href":"https:\/\/metaltale.com\/lv\/wp-json\/wp\/v2\/product\/134290\/revisions"}],"wp:featuredmedia":[{"embeddable":true,"href":"https:\/\/metaltale.com\/lv\/wp-json\/wp\/v2\/media\/86197"}],"wp:attachment":[{"href":"https:\/\/metaltale.com\/lv\/wp-json\/wp\/v2\/media?parent=134290"}],"wp:term":[{"taxonomy":"product_brand","embeddable":true,"href":"https:\/\/metaltale.com\/lv\/wp-json\/wp\/v2\/product_brand?post=134290"},{"taxonomy":"product_cat","embeddable":true,"href":"https:\/\/metaltale.com\/lv\/wp-json\/wp\/v2\/product_cat?post=134290"},{"taxonomy":"product_tag","embeddable":true,"href":"https:\/\/metaltale.com\/lv\/wp-json\/wp\/v2\/product_tag?post=134290"}],"curies":[{"name":"wp","href":"https:\/\/api.w.org\/{rel}","templated":true}]}}