{"id":134268,"date":"2024-02-13T14:57:04","date_gmt":"2024-02-13T12:57:04","guid":{"rendered":"https:\/\/metaltale.com\/produktas\/transportlidzeklu-registracijas-numurs-no-asv-metala-kentucky\/"},"modified":"2024-02-13T14:57:04","modified_gmt":"2024-02-13T12:57:04","slug":"transportlidzeklu-registracijas-numurs-no-asv-metala-kentucky","status":"publish","type":"product","link":"https:\/\/metaltale.com\/lv\/produkts\/transportlidzeklu-registracijas-numurs-no-asv-metala-kentucky\/","title":{"rendered":"Transportl\u012bdzek\u013cu re\u0123istr\u0101cijas numurs no ASV met\u0101la KENTUCKY"},"content":{"rendered":"<div class=\"prod_data\">FJ <strong>modelis<\/strong>. C01.132  <br \/><strong>EAN.<\/strong>  5905369925665  <br \/><strong>Motivu<\/strong> pane\u013ci  <br \/><strong>Augstums (cm<\/strong> ) 15  <br \/><strong>Platums (cm<\/strong> ) 30  <br \/><strong>Materi\u0101ls<\/strong> T\u0113rauds  <br \/><strong>Formas<\/strong> Taisnst\u016bra <strong>formas<\/strong>  <br \/><strong>Orient\u0101cija<\/strong> Horizont\u0101l\u0101  <\/p>\n<p>Taisnst\u016bra formas met\u0101la pl\u0101ksne. Plak\u0101ts ir p\u0101rkl\u0101ts ar augstas nodilumiztur\u012bbas kr\u0101su un aizsarg\u0101ts ar pret nodilumu aizsarg\u0101jo\u0161u laku. Reli\u0123\u0113t\u0101 grafika un uzraksti uz t\u0101feles padara to unik\u0101lu. Produkts pieg\u0101d\u0101 numura z\u012bmes tie\u0161i no Amerikas pils\u0113t\u0101m. Tas b\u016bs ori\u0123in\u0101ls dekors jebkurai v\u012brie\u0161u telpai. Pl\u0101ksne ir piestiprin\u0101ta ar smalkiem atv\u0113rumiem.<\/p>\n<p>Uz produkta pret debes\u012bm ir redzams re\u0123istr\u0101cijas numurs KENTACKY 237 KYL.<\/p>\n<p>\u0160\u012b z\u012bme ir ide\u0101li piem\u0113rota b\u0101riem, restor\u0101niem vai v\u012brie\u0161u telp\u0101m. Met\u0101la plak\u0101ts ir ori\u0123in\u0101la d\u0101vin\u0101juma ideja.<\/p>\n<\/div>\n","protected":false},"excerpt":{"rendered":"<p>FJ modelis. C01.132 EAN. 5905369925665 Motivu pane\u013ci Augstums (cm ) 15 Platums (cm ) 30 Materi\u0101ls T\u0113rauds Formas Taisnst\u016bra formas<\/p>\n","protected":false},"featured_media":73960,"comment_status":"open","ping_status":"closed","template":"","meta":{"_acf_changed":false,"pmpro_default_level":""},"product_brand":[],"product_cat":[24055],"product_tag":[],"class_list":{"0":"post-134268","1":"product","2":"type-product","3":"status-publish","4":"has-post-thumbnail","6":"product_cat-rotajumi","7":"pmpro-has-access","9":"first","10":"instock","11":"shipping-taxable","12":"purchasable","13":"product-type-simple"},"acf":[],"yoast_head":"<!-- This site is optimized with the Yoast SEO plugin v24.9 - https:\/\/yoast.com\/wordpress\/plugins\/seo\/ -->\n<title>Transportl\u012bdzek\u013cu re\u0123istr\u0101cijas numurs no ASV met\u0101la KENTUCKY - MetalTale.com<\/title>\n<meta name=\"robots\" content=\"index, follow, max-snippet:-1, max-image-preview:large, max-video-preview:-1\" \/>\n<link rel=\"canonical\" href=\"https:\/\/metaltale.com\/lv\/produkts\/transportlidzeklu-registracijas-numurs-no-asv-metala-kentucky\/\" \/>\n<meta property=\"og:locale\" content=\"lv_LV\" \/>\n<meta property=\"og:type\" content=\"article\" \/>\n<meta property=\"og:title\" content=\"Transportl\u012bdzek\u013cu re\u0123istr\u0101cijas numurs no ASV met\u0101la KENTUCKY - MetalTale.com\" \/>\n<meta property=\"og:description\" content=\"FJ modelis. C01.132 EAN. 5905369925665 Motivu pane\u013ci Augstums (cm ) 15 Platums (cm ) 30 Materi\u0101ls T\u0113rauds Formas Taisnst\u016bra formas\" \/>\n<meta property=\"og:url\" content=\"https:\/\/metaltale.com\/lv\/produkts\/transportlidzeklu-registracijas-numurs-no-asv-metala-kentucky\/\" \/>\n<meta property=\"og:site_name\" content=\"MetalTale.com\" \/>\n<meta name=\"twitter:card\" content=\"summary_large_image\" \/>\n<meta name=\"twitter:label1\" content=\"Est. reading time\" \/>\n\t<meta name=\"twitter:data1\" content=\"1 minute\" \/>\n<script type=\"application\/ld+json\" class=\"yoast-schema-graph\">{\"@context\":\"https:\/\/schema.org\",\"@graph\":[{\"@type\":\"WebPage\",\"@id\":\"https:\/\/metaltale.com\/lv\/produkts\/transportlidzeklu-registracijas-numurs-no-asv-metala-kentucky\/\",\"url\":\"https:\/\/metaltale.com\/lv\/produkts\/transportlidzeklu-registracijas-numurs-no-asv-metala-kentucky\/\",\"name\":\"Transportl\u012bdzek\u013cu re\u0123istr\u0101cijas numurs no ASV met\u0101la KENTUCKY - MetalTale.com\",\"isPartOf\":{\"@id\":\"https:\/\/metaltale.com\/lv\/#website\"},\"primaryImageOfPage\":{\"@id\":\"https:\/\/metaltale.com\/lv\/produkts\/transportlidzeklu-registracijas-numurs-no-asv-metala-kentucky\/#primaryimage\"},\"image\":{\"@id\":\"https:\/\/metaltale.com\/lv\/produkts\/transportlidzeklu-registracijas-numurs-no-asv-metala-kentucky\/#primaryimage\"},\"thumbnailUrl\":\"https:\/\/metaltale.com\/wp-content\/uploads\/2023\/09\/Transporto-priemonx117s-valstybinis-numeris-ix161-JAV-metalo-KENTUCKY.jpg\",\"datePublished\":\"2024-02-13T12:57:04+00:00\",\"breadcrumb\":{\"@id\":\"https:\/\/metaltale.com\/lv\/produkts\/transportlidzeklu-registracijas-numurs-no-asv-metala-kentucky\/#breadcrumb\"},\"inLanguage\":\"lv-LV\",\"potentialAction\":[{\"@type\":\"ReadAction\",\"target\":[\"https:\/\/metaltale.com\/lv\/produkts\/transportlidzeklu-registracijas-numurs-no-asv-metala-kentucky\/\"]}]},{\"@type\":\"ImageObject\",\"inLanguage\":\"lv-LV\",\"@id\":\"https:\/\/metaltale.com\/lv\/produkts\/transportlidzeklu-registracijas-numurs-no-asv-metala-kentucky\/#primaryimage\",\"url\":\"https:\/\/metaltale.com\/wp-content\/uploads\/2023\/09\/Transporto-priemonx117s-valstybinis-numeris-ix161-JAV-metalo-KENTUCKY.jpg\",\"contentUrl\":\"https:\/\/metaltale.com\/wp-content\/uploads\/2023\/09\/Transporto-priemonx117s-valstybinis-numeris-ix161-JAV-metalo-KENTUCKY.jpg\",\"width\":800,\"height\":800},{\"@type\":\"BreadcrumbList\",\"@id\":\"https:\/\/metaltale.com\/lv\/produkts\/transportlidzeklu-registracijas-numurs-no-asv-metala-kentucky\/#breadcrumb\",\"itemListElement\":[{\"@type\":\"ListItem\",\"position\":1,\"name\":\"Home\",\"item\":\"https:\/\/metaltale.com\/lv\/majas\/\"},{\"@type\":\"ListItem\",\"position\":2,\"name\":\"Veikals\",\"item\":\"https:\/\/metaltale.com\/lv\/shop\/\"},{\"@type\":\"ListItem\",\"position\":3,\"name\":\"Transportl\u012bdzek\u013cu re\u0123istr\u0101cijas numurs no ASV met\u0101la KENTUCKY\"}]},{\"@type\":\"WebSite\",\"@id\":\"https:\/\/metaltale.com\/lv\/#website\",\"url\":\"https:\/\/metaltale.com\/lv\/\",\"name\":\"Metaltale.com\",\"description\":\"\",\"potentialAction\":[{\"@type\":\"SearchAction\",\"target\":{\"@type\":\"EntryPoint\",\"urlTemplate\":\"https:\/\/metaltale.com\/lv\/?s={search_term_string}\"},\"query-input\":{\"@type\":\"PropertyValueSpecification\",\"valueRequired\":true,\"valueName\":\"search_term_string\"}}],\"inLanguage\":\"lv-LV\"}]}<\/script>\n<!-- \/ Yoast SEO plugin. -->","yoast_head_json":{"title":"Transportl\u012bdzek\u013cu re\u0123istr\u0101cijas numurs no ASV met\u0101la KENTUCKY - MetalTale.com","robots":{"index":"index","follow":"follow","max-snippet":"max-snippet:-1","max-image-preview":"max-image-preview:large","max-video-preview":"max-video-preview:-1"},"canonical":"https:\/\/metaltale.com\/lv\/produkts\/transportlidzeklu-registracijas-numurs-no-asv-metala-kentucky\/","og_locale":"lv_LV","og_type":"article","og_title":"Transportl\u012bdzek\u013cu re\u0123istr\u0101cijas numurs no ASV met\u0101la KENTUCKY - MetalTale.com","og_description":"FJ modelis. C01.132 EAN. 5905369925665 Motivu pane\u013ci Augstums (cm ) 15 Platums (cm ) 30 Materi\u0101ls T\u0113rauds Formas Taisnst\u016bra formas","og_url":"https:\/\/metaltale.com\/lv\/produkts\/transportlidzeklu-registracijas-numurs-no-asv-metala-kentucky\/","og_site_name":"MetalTale.com","twitter_card":"summary_large_image","twitter_misc":{"Est. reading time":"1 minute"},"schema":{"@context":"https:\/\/schema.org","@graph":[{"@type":"WebPage","@id":"https:\/\/metaltale.com\/lv\/produkts\/transportlidzeklu-registracijas-numurs-no-asv-metala-kentucky\/","url":"https:\/\/metaltale.com\/lv\/produkts\/transportlidzeklu-registracijas-numurs-no-asv-metala-kentucky\/","name":"Transportl\u012bdzek\u013cu re\u0123istr\u0101cijas numurs no ASV met\u0101la KENTUCKY - MetalTale.com","isPartOf":{"@id":"https:\/\/metaltale.com\/lv\/#website"},"primaryImageOfPage":{"@id":"https:\/\/metaltale.com\/lv\/produkts\/transportlidzeklu-registracijas-numurs-no-asv-metala-kentucky\/#primaryimage"},"image":{"@id":"https:\/\/metaltale.com\/lv\/produkts\/transportlidzeklu-registracijas-numurs-no-asv-metala-kentucky\/#primaryimage"},"thumbnailUrl":"https:\/\/metaltale.com\/wp-content\/uploads\/2023\/09\/Transporto-priemonx117s-valstybinis-numeris-ix161-JAV-metalo-KENTUCKY.jpg","datePublished":"2024-02-13T12:57:04+00:00","breadcrumb":{"@id":"https:\/\/metaltale.com\/lv\/produkts\/transportlidzeklu-registracijas-numurs-no-asv-metala-kentucky\/#breadcrumb"},"inLanguage":"lv-LV","potentialAction":[{"@type":"ReadAction","target":["https:\/\/metaltale.com\/lv\/produkts\/transportlidzeklu-registracijas-numurs-no-asv-metala-kentucky\/"]}]},{"@type":"ImageObject","inLanguage":"lv-LV","@id":"https:\/\/metaltale.com\/lv\/produkts\/transportlidzeklu-registracijas-numurs-no-asv-metala-kentucky\/#primaryimage","url":"https:\/\/metaltale.com\/wp-content\/uploads\/2023\/09\/Transporto-priemonx117s-valstybinis-numeris-ix161-JAV-metalo-KENTUCKY.jpg","contentUrl":"https:\/\/metaltale.com\/wp-content\/uploads\/2023\/09\/Transporto-priemonx117s-valstybinis-numeris-ix161-JAV-metalo-KENTUCKY.jpg","width":800,"height":800},{"@type":"BreadcrumbList","@id":"https:\/\/metaltale.com\/lv\/produkts\/transportlidzeklu-registracijas-numurs-no-asv-metala-kentucky\/#breadcrumb","itemListElement":[{"@type":"ListItem","position":1,"name":"Home","item":"https:\/\/metaltale.com\/lv\/majas\/"},{"@type":"ListItem","position":2,"name":"Veikals","item":"https:\/\/metaltale.com\/lv\/shop\/"},{"@type":"ListItem","position":3,"name":"Transportl\u012bdzek\u013cu re\u0123istr\u0101cijas numurs no ASV met\u0101la KENTUCKY"}]},{"@type":"WebSite","@id":"https:\/\/metaltale.com\/lv\/#website","url":"https:\/\/metaltale.com\/lv\/","name":"Metaltale.com","description":"","potentialAction":[{"@type":"SearchAction","target":{"@type":"EntryPoint","urlTemplate":"https:\/\/metaltale.com\/lv\/?s={search_term_string}"},"query-input":{"@type":"PropertyValueSpecification","valueRequired":true,"valueName":"search_term_string"}}],"inLanguage":"lv-LV"}]}},"_links":{"self":[{"href":"https:\/\/metaltale.com\/lv\/wp-json\/wp\/v2\/product\/134268","targetHints":{"allow":["GET"]}}],"collection":[{"href":"https:\/\/metaltale.com\/lv\/wp-json\/wp\/v2\/product"}],"about":[{"href":"https:\/\/metaltale.com\/lv\/wp-json\/wp\/v2\/types\/product"}],"replies":[{"embeddable":true,"href":"https:\/\/metaltale.com\/lv\/wp-json\/wp\/v2\/comments?post=134268"}],"version-history":[{"count":0,"href":"https:\/\/metaltale.com\/lv\/wp-json\/wp\/v2\/product\/134268\/revisions"}],"wp:featuredmedia":[{"embeddable":true,"href":"https:\/\/metaltale.com\/lv\/wp-json\/wp\/v2\/media\/73960"}],"wp:attachment":[{"href":"https:\/\/metaltale.com\/lv\/wp-json\/wp\/v2\/media?parent=134268"}],"wp:term":[{"taxonomy":"product_brand","embeddable":true,"href":"https:\/\/metaltale.com\/lv\/wp-json\/wp\/v2\/product_brand?post=134268"},{"taxonomy":"product_cat","embeddable":true,"href":"https:\/\/metaltale.com\/lv\/wp-json\/wp\/v2\/product_cat?post=134268"},{"taxonomy":"product_tag","embeddable":true,"href":"https:\/\/metaltale.com\/lv\/wp-json\/wp\/v2\/product_tag?post=134268"}],"curies":[{"name":"wp","href":"https:\/\/api.w.org\/{rel}","templated":true}]}}