{"id":134240,"date":"2024-02-13T13:19:04","date_gmt":"2024-02-13T11:19:04","guid":{"rendered":"https:\/\/metaltale.com\/produktas\/tommy-bidamo-durvju-rokturi\/"},"modified":"2024-02-13T13:19:04","modified_gmt":"2024-02-13T11:19:04","slug":"tommy-bidamo-durvju-rokturi","status":"publish","type":"product","link":"https:\/\/metaltale.com\/lv\/produkts\/tommy-bidamo-durvju-rokturi\/","title":{"rendered":"TOMMY b\u012bd\u0101mo durvju rokturi"},"content":{"rendered":"<div class=\"prod_data\">SAVE <strong>modelis<\/strong>. TY-32. NXBE  <br \/><strong>Materi\u0101ls<\/strong> T\u0113rauds  <br \/><strong> [cm]Kop\u0113jais garums<\/strong> 30 <strong> <\/strong> <br \/>Kop\u0113jais platums (cm ) 6 <br \/><strong>Att\u0101lums starp<\/strong> caurumiem (<strong>cm<\/strong> ) 18  <br \/><strong>Mont\u0101\u017eas skr\u016bves<\/strong> J\u0101  <br \/><strong>Kr\u0101sa<\/strong> Melna  <br \/><strong>Daudzums komplekt\u0101<\/strong> 1 gab.  <\/p>\n<hr>\n<p>&#8211; rokturis garant\u0113 lieto\u0161anas dro\u0161\u012bbu, pateicoties augst\u0101k\u0101s kvalit\u0101tes t\u0113raudam.<br \/>&#8211; Pieejams komplekt\u0101: margu rokturis un plakanais rokturis<br \/>&#8211; Plakan\u0101s margas nav j\u0101fr\u0113z\u0113, un t\u0101s tiek savienotas ar skr\u016bv\u0113m.<br \/>&#8211; Margu kr\u0101sa lieliski sader ar visiem melnajiem\/t\u0113rauda margiem no veikala Rustykalneuchwyty.pl pied\u0101v\u0101juma.<br \/>&#8211; darba precizit\u0101te, piev\u0113r\u0161ot uzman\u012bbu katrai deta\u013cai, ir piln\u012bga komforta garantija.<br \/>&#8211; Roktura univers\u0101lais raksturs \u013cauj uzst\u0101d\u012bt b\u012bd\u0101m\u0101s durvis, m\u0113be\u013cu durvis un atvilkt\u0146u frontes.<br \/>&#8211; izstr\u0101d\u0101jumu var veiksm\u012bgi izmantot k\u0101 praktisku v\u0101rtu tur\u0113t\u0101ju.<br \/>&#8211; margu vienk\u0101r\u0161\u0101 arhitekt\u016bra padara t\u0101s ide\u0101li piem\u0113rotas jebkuram interjeram neatkar\u012bgi no stila.<\/p>\n<hr>\n<p>Pla\u0161ais b\u012bd\u0101mo durvju rokturu kl\u0101sts vietn\u0113 Rustykalneuchwyty.pl aptver gan vienk\u0101r\u0161u arhitekt\u016bru, gan dekor\u0113tu, ori\u0123in\u0101lu dizainu. M\u016bsu pied\u0101v\u0101tie b\u012bd\u0101mo durvju rokturi ir izgatavoti, piev\u0113r\u0161ot uzman\u012bbu katrai deta\u013cai, kas garant\u0113 \u0113rtu un uzticamu lieto\u0161anu. \u0160\u012bs kategorijas izstr\u0101d\u0101jumi izce\u013c visas b\u012bd\u0101m\u0101s sist\u0113mas raksturu un skaistumu. Divu da\u017e\u0101du margu uzst\u0101d\u012b\u0161ana vienam durvju modelim var radik\u0101li main\u012bt dizainu. Atkar\u012bb\u0101 no mode\u013ca m\u016bsu pied\u0101v\u0101tie rokturi ir sp\u0113c\u012bgs vai maigs akcents m\u016bsdien\u012bgam, retro un b\u0113ni\u0146u interjeram.<\/p>\n<hr>\n<\/div>\n","protected":false},"excerpt":{"rendered":"<p>SAVE modelis. TY-32. NXBE Materi\u0101ls T\u0113rauds [cm]Kop\u0113jais garums 30 Kop\u0113jais platums (cm ) 6 Att\u0101lums starp caurumiem (cm ) 18<\/p>\n","protected":false},"featured_media":75865,"comment_status":"open","ping_status":"closed","template":"","meta":{"_acf_changed":false,"pmpro_default_level":""},"product_brand":[],"product_cat":[24063],"product_tag":[],"class_list":{"0":"post-134240","1":"product","2":"type-product","3":"status-publish","4":"has-post-thumbnail","6":"product_cat-bidamo-durvju-rokturi","7":"pmpro-has-access","9":"first","10":"instock","11":"shipping-taxable","12":"purchasable","13":"product-type-simple"},"acf":[],"yoast_head":"<!-- This site is optimized with the Yoast SEO plugin v24.9 - https:\/\/yoast.com\/wordpress\/plugins\/seo\/ -->\n<title>TOMMY b\u012bd\u0101mo durvju rokturi - MetalTale.com<\/title>\n<meta name=\"robots\" content=\"index, follow, max-snippet:-1, max-image-preview:large, max-video-preview:-1\" \/>\n<link rel=\"canonical\" href=\"https:\/\/metaltale.com\/lv\/produkts\/tommy-bidamo-durvju-rokturi\/\" \/>\n<meta property=\"og:locale\" content=\"lv_LV\" \/>\n<meta property=\"og:type\" content=\"article\" \/>\n<meta property=\"og:title\" content=\"TOMMY b\u012bd\u0101mo durvju rokturi - MetalTale.com\" \/>\n<meta property=\"og:description\" content=\"SAVE modelis. TY-32. NXBE Materi\u0101ls T\u0113rauds [cm]Kop\u0113jais garums 30 Kop\u0113jais platums (cm ) 6 Att\u0101lums starp caurumiem (cm ) 18\" \/>\n<meta property=\"og:url\" content=\"https:\/\/metaltale.com\/lv\/produkts\/tommy-bidamo-durvju-rokturi\/\" \/>\n<meta property=\"og:site_name\" content=\"MetalTale.com\" \/>\n<meta name=\"twitter:card\" content=\"summary_large_image\" \/>\n<meta name=\"twitter:label1\" content=\"Est. reading time\" \/>\n\t<meta name=\"twitter:data1\" content=\"1 minute\" \/>\n<script type=\"application\/ld+json\" class=\"yoast-schema-graph\">{\"@context\":\"https:\/\/schema.org\",\"@graph\":[{\"@type\":\"WebPage\",\"@id\":\"https:\/\/metaltale.com\/lv\/produkts\/tommy-bidamo-durvju-rokturi\/\",\"url\":\"https:\/\/metaltale.com\/lv\/produkts\/tommy-bidamo-durvju-rokturi\/\",\"name\":\"TOMMY b\u012bd\u0101mo durvju rokturi - MetalTale.com\",\"isPartOf\":{\"@id\":\"https:\/\/metaltale.com\/lv\/#website\"},\"primaryImageOfPage\":{\"@id\":\"https:\/\/metaltale.com\/lv\/produkts\/tommy-bidamo-durvju-rokturi\/#primaryimage\"},\"image\":{\"@id\":\"https:\/\/metaltale.com\/lv\/produkts\/tommy-bidamo-durvju-rokturi\/#primaryimage\"},\"thumbnailUrl\":\"https:\/\/metaltale.com\/wp-content\/uploads\/2023\/10\/Rankena-TOMMY-BLACK.jpg\",\"datePublished\":\"2024-02-13T11:19:04+00:00\",\"breadcrumb\":{\"@id\":\"https:\/\/metaltale.com\/lv\/produkts\/tommy-bidamo-durvju-rokturi\/#breadcrumb\"},\"inLanguage\":\"lv-LV\",\"potentialAction\":[{\"@type\":\"ReadAction\",\"target\":[\"https:\/\/metaltale.com\/lv\/produkts\/tommy-bidamo-durvju-rokturi\/\"]}]},{\"@type\":\"ImageObject\",\"inLanguage\":\"lv-LV\",\"@id\":\"https:\/\/metaltale.com\/lv\/produkts\/tommy-bidamo-durvju-rokturi\/#primaryimage\",\"url\":\"https:\/\/metaltale.com\/wp-content\/uploads\/2023\/10\/Rankena-TOMMY-BLACK.jpg\",\"contentUrl\":\"https:\/\/metaltale.com\/wp-content\/uploads\/2023\/10\/Rankena-TOMMY-BLACK.jpg\",\"width\":800,\"height\":800},{\"@type\":\"BreadcrumbList\",\"@id\":\"https:\/\/metaltale.com\/lv\/produkts\/tommy-bidamo-durvju-rokturi\/#breadcrumb\",\"itemListElement\":[{\"@type\":\"ListItem\",\"position\":1,\"name\":\"Home\",\"item\":\"https:\/\/metaltale.com\/lv\/majas\/\"},{\"@type\":\"ListItem\",\"position\":2,\"name\":\"Veikals\",\"item\":\"https:\/\/metaltale.com\/lv\/shop\/\"},{\"@type\":\"ListItem\",\"position\":3,\"name\":\"TOMMY b\u012bd\u0101mo durvju rokturi\"}]},{\"@type\":\"WebSite\",\"@id\":\"https:\/\/metaltale.com\/lv\/#website\",\"url\":\"https:\/\/metaltale.com\/lv\/\",\"name\":\"Metaltale.com\",\"description\":\"\",\"potentialAction\":[{\"@type\":\"SearchAction\",\"target\":{\"@type\":\"EntryPoint\",\"urlTemplate\":\"https:\/\/metaltale.com\/lv\/?s={search_term_string}\"},\"query-input\":{\"@type\":\"PropertyValueSpecification\",\"valueRequired\":true,\"valueName\":\"search_term_string\"}}],\"inLanguage\":\"lv-LV\"}]}<\/script>\n<!-- \/ Yoast SEO plugin. -->","yoast_head_json":{"title":"TOMMY b\u012bd\u0101mo durvju rokturi - MetalTale.com","robots":{"index":"index","follow":"follow","max-snippet":"max-snippet:-1","max-image-preview":"max-image-preview:large","max-video-preview":"max-video-preview:-1"},"canonical":"https:\/\/metaltale.com\/lv\/produkts\/tommy-bidamo-durvju-rokturi\/","og_locale":"lv_LV","og_type":"article","og_title":"TOMMY b\u012bd\u0101mo durvju rokturi - MetalTale.com","og_description":"SAVE modelis. TY-32. NXBE Materi\u0101ls T\u0113rauds [cm]Kop\u0113jais garums 30 Kop\u0113jais platums (cm ) 6 Att\u0101lums starp caurumiem (cm ) 18","og_url":"https:\/\/metaltale.com\/lv\/produkts\/tommy-bidamo-durvju-rokturi\/","og_site_name":"MetalTale.com","twitter_card":"summary_large_image","twitter_misc":{"Est. reading time":"1 minute"},"schema":{"@context":"https:\/\/schema.org","@graph":[{"@type":"WebPage","@id":"https:\/\/metaltale.com\/lv\/produkts\/tommy-bidamo-durvju-rokturi\/","url":"https:\/\/metaltale.com\/lv\/produkts\/tommy-bidamo-durvju-rokturi\/","name":"TOMMY b\u012bd\u0101mo durvju rokturi - MetalTale.com","isPartOf":{"@id":"https:\/\/metaltale.com\/lv\/#website"},"primaryImageOfPage":{"@id":"https:\/\/metaltale.com\/lv\/produkts\/tommy-bidamo-durvju-rokturi\/#primaryimage"},"image":{"@id":"https:\/\/metaltale.com\/lv\/produkts\/tommy-bidamo-durvju-rokturi\/#primaryimage"},"thumbnailUrl":"https:\/\/metaltale.com\/wp-content\/uploads\/2023\/10\/Rankena-TOMMY-BLACK.jpg","datePublished":"2024-02-13T11:19:04+00:00","breadcrumb":{"@id":"https:\/\/metaltale.com\/lv\/produkts\/tommy-bidamo-durvju-rokturi\/#breadcrumb"},"inLanguage":"lv-LV","potentialAction":[{"@type":"ReadAction","target":["https:\/\/metaltale.com\/lv\/produkts\/tommy-bidamo-durvju-rokturi\/"]}]},{"@type":"ImageObject","inLanguage":"lv-LV","@id":"https:\/\/metaltale.com\/lv\/produkts\/tommy-bidamo-durvju-rokturi\/#primaryimage","url":"https:\/\/metaltale.com\/wp-content\/uploads\/2023\/10\/Rankena-TOMMY-BLACK.jpg","contentUrl":"https:\/\/metaltale.com\/wp-content\/uploads\/2023\/10\/Rankena-TOMMY-BLACK.jpg","width":800,"height":800},{"@type":"BreadcrumbList","@id":"https:\/\/metaltale.com\/lv\/produkts\/tommy-bidamo-durvju-rokturi\/#breadcrumb","itemListElement":[{"@type":"ListItem","position":1,"name":"Home","item":"https:\/\/metaltale.com\/lv\/majas\/"},{"@type":"ListItem","position":2,"name":"Veikals","item":"https:\/\/metaltale.com\/lv\/shop\/"},{"@type":"ListItem","position":3,"name":"TOMMY b\u012bd\u0101mo durvju rokturi"}]},{"@type":"WebSite","@id":"https:\/\/metaltale.com\/lv\/#website","url":"https:\/\/metaltale.com\/lv\/","name":"Metaltale.com","description":"","potentialAction":[{"@type":"SearchAction","target":{"@type":"EntryPoint","urlTemplate":"https:\/\/metaltale.com\/lv\/?s={search_term_string}"},"query-input":{"@type":"PropertyValueSpecification","valueRequired":true,"valueName":"search_term_string"}}],"inLanguage":"lv-LV"}]}},"_links":{"self":[{"href":"https:\/\/metaltale.com\/lv\/wp-json\/wp\/v2\/product\/134240","targetHints":{"allow":["GET"]}}],"collection":[{"href":"https:\/\/metaltale.com\/lv\/wp-json\/wp\/v2\/product"}],"about":[{"href":"https:\/\/metaltale.com\/lv\/wp-json\/wp\/v2\/types\/product"}],"replies":[{"embeddable":true,"href":"https:\/\/metaltale.com\/lv\/wp-json\/wp\/v2\/comments?post=134240"}],"version-history":[{"count":0,"href":"https:\/\/metaltale.com\/lv\/wp-json\/wp\/v2\/product\/134240\/revisions"}],"wp:featuredmedia":[{"embeddable":true,"href":"https:\/\/metaltale.com\/lv\/wp-json\/wp\/v2\/media\/75865"}],"wp:attachment":[{"href":"https:\/\/metaltale.com\/lv\/wp-json\/wp\/v2\/media?parent=134240"}],"wp:term":[{"taxonomy":"product_brand","embeddable":true,"href":"https:\/\/metaltale.com\/lv\/wp-json\/wp\/v2\/product_brand?post=134240"},{"taxonomy":"product_cat","embeddable":true,"href":"https:\/\/metaltale.com\/lv\/wp-json\/wp\/v2\/product_cat?post=134240"},{"taxonomy":"product_tag","embeddable":true,"href":"https:\/\/metaltale.com\/lv\/wp-json\/wp\/v2\/product_tag?post=134240"}],"curies":[{"name":"wp","href":"https:\/\/api.w.org\/{rel}","templated":true}]}}