{"id":134234,"date":"2024-02-13T13:39:42","date_gmt":"2024-02-13T11:39:42","guid":{"rendered":"https:\/\/metaltale.com\/produktas\/tris-medus-bisu-vaska-svecu-turetajs\/"},"modified":"2024-02-13T13:39:42","modified_gmt":"2024-02-13T11:39:42","slug":"tris-medus-bisu-vaska-svecu-turetajs","status":"publish","type":"product","link":"https:\/\/metaltale.com\/lv\/produkts\/tris-medus-bisu-vaska-svecu-turetajs\/","title":{"rendered":"Tr\u012bs medus bi\u0161u vaska sve\u010du tur\u0113t\u0101js"},"content":{"rendered":"<div class=\"prod_data\"><strong>Modelis<\/strong> FOR. SWI. ESP  <br \/><strong>EAN.<\/strong>  5905369915802  <br \/><strong>Biezums (cm<\/strong> ) 10  <br \/>Kop\u0113jais augstums (cm ) 13 <br \/><strong>Kop\u0113jais platums (cm<\/strong> ) 26  <\/p>\n<p>Bi\u0161u vaska sve\u010du komplekts ir lielisks j\u016bsu dz\u012bvok\u013ca rot\u0101jums. T\u0101 elegantais izskats padara to par lielisku ori\u0123in\u0101lu d\u0101vanu. Dab\u012bg\u0101 vaska sve\u010du tur\u0113t\u0101js b\u016bs piem\u0113rota d\u0101vana gan m\u012b\u013cotam cilv\u0113kam, gan ofici\u0101lai pateic\u012bbai. Koka kast\u012btes iek\u0161pus\u0113 ir bro\u0161\u016bra, kur\u0101 aprakst\u012btas bi\u0161u vaska \u012bpa\u0161\u012bbas un vieta, kur to var sa\u0146emt.<\/p>\n<p>Medus sve\u010dturis ir eleganta kaste, kas izgatavota no priedes koka ar tekstur\u0113tu virsmu. T\u012br\u012bt\u0101 koka smagums un kastes nevienm\u0113r\u012bg\u0101 kr\u0101sa ir iecer\u0113tais efekts, kas izce\u013c sve\u010dtura dabiskumu. Krusti\u0146i uz v\u0101ka un kastes apak\u0161da\u013cas palielina t\u0101s iztur\u012bbu un taj\u0101 pa\u0161\u0101 laik\u0101 atvieglo aug\u0161\u0113j\u0101s da\u013cas atv\u0113r\u0161anu. Kastes vid\u016b ir divi nelieli d\u0113\u013ci, kas atdala stikla sve\u010dturus.<\/p>\n<p>Bi\u0161u vaska sve\u010du komplekts sast\u0101v no trim bi\u0161u vaska sve\u010du gl\u0101z\u0113m, kas izgatavotas no bieza, iztur\u012bga stikla ar noapa\u013cot\u0101m mal\u0101m, lai palielin\u0101tu dro\u0161\u012bbu. Stikla elementos ir ar rok\u0101m no bi\u0161u stropa sav\u0101ktas sveces dab\u012bg\u0101 medus kr\u0101s\u0101 ar kokvilnas dakt\u012bm. Lai uzlabotu sve\u010dturu izskatu, katr\u0101 burk\u0101 ir bi\u0161u vai ziedu fig\u016bri\u0146a, kas veidota no met\u0101la l\u0113jumiem.<\/p>\n<p>Bi\u0161u vaska sveces ir piem\u0113rotas pat cilv\u0113kiem ar aler\u0123ij\u0101m un paaugstin\u0101tu jut\u012bbu, jo t\u0101s ne tikai pat\u012bkami smar\u017eo, bet, kas v\u0113l svar\u012bg\u0101k, neizdala toksiskas vielas vid\u0113. Tiem piem\u012bt ar\u012b daudzas vesel\u012bbu veicino\u0161as \u012bpa\u0161\u012bbas.<\/p>\n<\/div>\n","protected":false},"excerpt":{"rendered":"<p>Modelis FOR. SWI. ESP EAN. 5905369915802 Biezums (cm ) 10 Kop\u0113jais augstums (cm ) 13 Kop\u0113jais platums (cm ) 26<\/p>\n","protected":false},"featured_media":79438,"comment_status":"open","ping_status":"closed","template":"","meta":{"_acf_changed":false,"pmpro_default_level":""},"product_brand":[],"product_cat":[24105],"product_tag":[],"class_list":{"0":"post-134234","1":"product","2":"type-product","3":"status-publish","4":"has-post-thumbnail","6":"product_cat-uzcelamie-svecturi","7":"pmpro-has-access","9":"first","10":"instock","11":"shipping-taxable","12":"purchasable","13":"product-type-simple"},"acf":[],"yoast_head":"<!-- This site is optimized with the Yoast SEO plugin v24.9 - https:\/\/yoast.com\/wordpress\/plugins\/seo\/ -->\n<title>Tr\u012bs medus bi\u0161u vaska sve\u010du tur\u0113t\u0101js - MetalTale.com<\/title>\n<meta name=\"robots\" content=\"index, follow, max-snippet:-1, max-image-preview:large, max-video-preview:-1\" \/>\n<link rel=\"canonical\" href=\"https:\/\/metaltale.com\/lv\/produkts\/tris-medus-bisu-vaska-svecu-turetajs\/\" \/>\n<meta property=\"og:locale\" content=\"lv_LV\" \/>\n<meta property=\"og:type\" content=\"article\" \/>\n<meta property=\"og:title\" content=\"Tr\u012bs medus bi\u0161u vaska sve\u010du tur\u0113t\u0101js - MetalTale.com\" \/>\n<meta property=\"og:description\" content=\"Modelis FOR. SWI. ESP EAN. 5905369915802 Biezums (cm ) 10 Kop\u0113jais augstums (cm ) 13 Kop\u0113jais platums (cm ) 26\" \/>\n<meta property=\"og:url\" content=\"https:\/\/metaltale.com\/lv\/produkts\/tris-medus-bisu-vaska-svecu-turetajs\/\" \/>\n<meta property=\"og:site_name\" content=\"MetalTale.com\" \/>\n<meta name=\"twitter:card\" content=\"summary_large_image\" \/>\n<meta name=\"twitter:label1\" content=\"Est. reading time\" \/>\n\t<meta name=\"twitter:data1\" content=\"1 minute\" \/>\n<script type=\"application\/ld+json\" class=\"yoast-schema-graph\">{\"@context\":\"https:\/\/schema.org\",\"@graph\":[{\"@type\":\"WebPage\",\"@id\":\"https:\/\/metaltale.com\/lv\/produkts\/tris-medus-bisu-vaska-svecu-turetajs\/\",\"url\":\"https:\/\/metaltale.com\/lv\/produkts\/tris-medus-bisu-vaska-svecu-turetajs\/\",\"name\":\"Tr\u012bs medus bi\u0161u vaska sve\u010du tur\u0113t\u0101js - MetalTale.com\",\"isPartOf\":{\"@id\":\"https:\/\/metaltale.com\/lv\/#website\"},\"primaryImageOfPage\":{\"@id\":\"https:\/\/metaltale.com\/lv\/produkts\/tris-medus-bisu-vaska-svecu-turetajs\/#primaryimage\"},\"image\":{\"@id\":\"https:\/\/metaltale.com\/lv\/produkts\/tris-medus-bisu-vaska-svecu-turetajs\/#primaryimage\"},\"thumbnailUrl\":\"https:\/\/metaltale.com\/wp-content\/uploads\/2023\/10\/x17Dvakidx117-TRYS-MEDUS.jpg\",\"datePublished\":\"2024-02-13T11:39:42+00:00\",\"breadcrumb\":{\"@id\":\"https:\/\/metaltale.com\/lv\/produkts\/tris-medus-bisu-vaska-svecu-turetajs\/#breadcrumb\"},\"inLanguage\":\"lv-LV\",\"potentialAction\":[{\"@type\":\"ReadAction\",\"target\":[\"https:\/\/metaltale.com\/lv\/produkts\/tris-medus-bisu-vaska-svecu-turetajs\/\"]}]},{\"@type\":\"ImageObject\",\"inLanguage\":\"lv-LV\",\"@id\":\"https:\/\/metaltale.com\/lv\/produkts\/tris-medus-bisu-vaska-svecu-turetajs\/#primaryimage\",\"url\":\"https:\/\/metaltale.com\/wp-content\/uploads\/2023\/10\/x17Dvakidx117-TRYS-MEDUS.jpg\",\"contentUrl\":\"https:\/\/metaltale.com\/wp-content\/uploads\/2023\/10\/x17Dvakidx117-TRYS-MEDUS.jpg\",\"width\":777,\"height\":777},{\"@type\":\"BreadcrumbList\",\"@id\":\"https:\/\/metaltale.com\/lv\/produkts\/tris-medus-bisu-vaska-svecu-turetajs\/#breadcrumb\",\"itemListElement\":[{\"@type\":\"ListItem\",\"position\":1,\"name\":\"Home\",\"item\":\"https:\/\/metaltale.com\/lv\/majas\/\"},{\"@type\":\"ListItem\",\"position\":2,\"name\":\"Veikals\",\"item\":\"https:\/\/metaltale.com\/lv\/shop\/\"},{\"@type\":\"ListItem\",\"position\":3,\"name\":\"Tr\u012bs medus bi\u0161u vaska sve\u010du tur\u0113t\u0101js\"}]},{\"@type\":\"WebSite\",\"@id\":\"https:\/\/metaltale.com\/lv\/#website\",\"url\":\"https:\/\/metaltale.com\/lv\/\",\"name\":\"Metaltale.com\",\"description\":\"\",\"potentialAction\":[{\"@type\":\"SearchAction\",\"target\":{\"@type\":\"EntryPoint\",\"urlTemplate\":\"https:\/\/metaltale.com\/lv\/?s={search_term_string}\"},\"query-input\":{\"@type\":\"PropertyValueSpecification\",\"valueRequired\":true,\"valueName\":\"search_term_string\"}}],\"inLanguage\":\"lv-LV\"}]}<\/script>\n<!-- \/ Yoast SEO plugin. -->","yoast_head_json":{"title":"Tr\u012bs medus bi\u0161u vaska sve\u010du tur\u0113t\u0101js - MetalTale.com","robots":{"index":"index","follow":"follow","max-snippet":"max-snippet:-1","max-image-preview":"max-image-preview:large","max-video-preview":"max-video-preview:-1"},"canonical":"https:\/\/metaltale.com\/lv\/produkts\/tris-medus-bisu-vaska-svecu-turetajs\/","og_locale":"lv_LV","og_type":"article","og_title":"Tr\u012bs medus bi\u0161u vaska sve\u010du tur\u0113t\u0101js - MetalTale.com","og_description":"Modelis FOR. SWI. ESP EAN. 5905369915802 Biezums (cm ) 10 Kop\u0113jais augstums (cm ) 13 Kop\u0113jais platums (cm ) 26","og_url":"https:\/\/metaltale.com\/lv\/produkts\/tris-medus-bisu-vaska-svecu-turetajs\/","og_site_name":"MetalTale.com","twitter_card":"summary_large_image","twitter_misc":{"Est. reading time":"1 minute"},"schema":{"@context":"https:\/\/schema.org","@graph":[{"@type":"WebPage","@id":"https:\/\/metaltale.com\/lv\/produkts\/tris-medus-bisu-vaska-svecu-turetajs\/","url":"https:\/\/metaltale.com\/lv\/produkts\/tris-medus-bisu-vaska-svecu-turetajs\/","name":"Tr\u012bs medus bi\u0161u vaska sve\u010du tur\u0113t\u0101js - MetalTale.com","isPartOf":{"@id":"https:\/\/metaltale.com\/lv\/#website"},"primaryImageOfPage":{"@id":"https:\/\/metaltale.com\/lv\/produkts\/tris-medus-bisu-vaska-svecu-turetajs\/#primaryimage"},"image":{"@id":"https:\/\/metaltale.com\/lv\/produkts\/tris-medus-bisu-vaska-svecu-turetajs\/#primaryimage"},"thumbnailUrl":"https:\/\/metaltale.com\/wp-content\/uploads\/2023\/10\/x17Dvakidx117-TRYS-MEDUS.jpg","datePublished":"2024-02-13T11:39:42+00:00","breadcrumb":{"@id":"https:\/\/metaltale.com\/lv\/produkts\/tris-medus-bisu-vaska-svecu-turetajs\/#breadcrumb"},"inLanguage":"lv-LV","potentialAction":[{"@type":"ReadAction","target":["https:\/\/metaltale.com\/lv\/produkts\/tris-medus-bisu-vaska-svecu-turetajs\/"]}]},{"@type":"ImageObject","inLanguage":"lv-LV","@id":"https:\/\/metaltale.com\/lv\/produkts\/tris-medus-bisu-vaska-svecu-turetajs\/#primaryimage","url":"https:\/\/metaltale.com\/wp-content\/uploads\/2023\/10\/x17Dvakidx117-TRYS-MEDUS.jpg","contentUrl":"https:\/\/metaltale.com\/wp-content\/uploads\/2023\/10\/x17Dvakidx117-TRYS-MEDUS.jpg","width":777,"height":777},{"@type":"BreadcrumbList","@id":"https:\/\/metaltale.com\/lv\/produkts\/tris-medus-bisu-vaska-svecu-turetajs\/#breadcrumb","itemListElement":[{"@type":"ListItem","position":1,"name":"Home","item":"https:\/\/metaltale.com\/lv\/majas\/"},{"@type":"ListItem","position":2,"name":"Veikals","item":"https:\/\/metaltale.com\/lv\/shop\/"},{"@type":"ListItem","position":3,"name":"Tr\u012bs medus bi\u0161u vaska sve\u010du tur\u0113t\u0101js"}]},{"@type":"WebSite","@id":"https:\/\/metaltale.com\/lv\/#website","url":"https:\/\/metaltale.com\/lv\/","name":"Metaltale.com","description":"","potentialAction":[{"@type":"SearchAction","target":{"@type":"EntryPoint","urlTemplate":"https:\/\/metaltale.com\/lv\/?s={search_term_string}"},"query-input":{"@type":"PropertyValueSpecification","valueRequired":true,"valueName":"search_term_string"}}],"inLanguage":"lv-LV"}]}},"_links":{"self":[{"href":"https:\/\/metaltale.com\/lv\/wp-json\/wp\/v2\/product\/134234","targetHints":{"allow":["GET"]}}],"collection":[{"href":"https:\/\/metaltale.com\/lv\/wp-json\/wp\/v2\/product"}],"about":[{"href":"https:\/\/metaltale.com\/lv\/wp-json\/wp\/v2\/types\/product"}],"replies":[{"embeddable":true,"href":"https:\/\/metaltale.com\/lv\/wp-json\/wp\/v2\/comments?post=134234"}],"version-history":[{"count":0,"href":"https:\/\/metaltale.com\/lv\/wp-json\/wp\/v2\/product\/134234\/revisions"}],"wp:featuredmedia":[{"embeddable":true,"href":"https:\/\/metaltale.com\/lv\/wp-json\/wp\/v2\/media\/79438"}],"wp:attachment":[{"href":"https:\/\/metaltale.com\/lv\/wp-json\/wp\/v2\/media?parent=134234"}],"wp:term":[{"taxonomy":"product_brand","embeddable":true,"href":"https:\/\/metaltale.com\/lv\/wp-json\/wp\/v2\/product_brand?post=134234"},{"taxonomy":"product_cat","embeddable":true,"href":"https:\/\/metaltale.com\/lv\/wp-json\/wp\/v2\/product_cat?post=134234"},{"taxonomy":"product_tag","embeddable":true,"href":"https:\/\/metaltale.com\/lv\/wp-json\/wp\/v2\/product_tag?post=134234"}],"curies":[{"name":"wp","href":"https:\/\/api.w.org\/{rel}","templated":true}]}}