{"id":134223,"date":"2024-02-13T13:39:42","date_gmt":"2024-02-13T11:39:42","guid":{"rendered":"https:\/\/metaltale.com\/produktas\/thor-cuguna-pastavigais-svecturis\/"},"modified":"2024-02-13T13:39:42","modified_gmt":"2024-02-13T11:39:42","slug":"thor-cuguna-pastavigais-svecturis","status":"publish","type":"product","link":"https:\/\/metaltale.com\/lv\/produkts\/thor-cuguna-pastavigais-svecturis\/","title":{"rendered":"THOR \u010duguna past\u0101v\u012bgais sve\u010dturis"},"content":{"rendered":"<div class=\"prod_data\"><strong>Modelis<\/strong> AF.794.34-PRGR  <br \/><strong>Materi\u0101ls<\/strong> Ketus  <br \/><strong>Kop\u0113jais augstums (cm<\/strong> ) 27, 32, 35, 44, 50  <br \/><strong>Kop\u0113jais diametrs (cm<\/strong> ) 12, 13, 14, 14, 14, 16  <br \/><strong>Kr\u0101sa<\/strong> Melna  <br \/><strong>Daudzums komplekt\u0101<\/strong> 1 gab.  <\/p>\n<p>&#8211; Past\u0101v\u012bgais sve\u010dturis vienai svecei ar daktu<br \/>&#8211; \u010duguna izstr\u0101d\u0101jums<br \/>&#8211; sveces tur\u0113t\u0101jam izv\u0113lieties sveci, kuras diametrs ir 2,2 cm.<\/p>\n<hr>\n<p>Zemnieciskais sve\u010dturis vienai svecei ar daktu tika izgatavots ar rok\u0101m ant\u012bk\u0101 stil\u0101. Sveces sve\u010dturis ar savu izsmalcin\u0101to formu piesaist\u012bs ikviena m\u0101jinieka uzman\u012bbu. Thor pie\u0161\u0137ir izsmalcin\u0101t\u012bbu katrai svin\u012bbai un ball\u012btei, dekor\u0113jot galdu smalk\u0101, bet izsmalcin\u0101t\u0101 veid\u0101. Unik\u0101lo kompoz\u012bciju veido da\u017e\u0101da augstuma sve\u010dturi.  <\/p>\n<\/div>\n","protected":false},"excerpt":{"rendered":"<p>Modelis AF.794.34-PRGR Materi\u0101ls Ketus Kop\u0113jais augstums (cm ) 27, 32, 35, 44, 50 Kop\u0113jais diametrs (cm ) 12, 13, 14,<\/p>\n","protected":false},"featured_media":79426,"comment_status":"open","ping_status":"closed","template":"","meta":{"_acf_changed":false,"pmpro_default_level":""},"product_brand":[],"product_cat":[24105],"product_tag":[],"class_list":{"0":"post-134223","1":"product","2":"type-product","3":"status-publish","4":"has-post-thumbnail","6":"product_cat-uzcelamie-svecturi","7":"pmpro-has-access","9":"first","10":"instock","11":"shipping-taxable","12":"purchasable","13":"product-type-simple"},"acf":[],"yoast_head":"<!-- This site is optimized with the Yoast SEO plugin v24.9 - https:\/\/yoast.com\/wordpress\/plugins\/seo\/ -->\n<title>THOR \u010duguna past\u0101v\u012bgais sve\u010dturis - MetalTale.com<\/title>\n<meta name=\"robots\" content=\"index, follow, max-snippet:-1, max-image-preview:large, max-video-preview:-1\" \/>\n<link rel=\"canonical\" href=\"https:\/\/metaltale.com\/lv\/produkts\/thor-cuguna-pastavigais-svecturis\/\" \/>\n<meta property=\"og:locale\" content=\"lv_LV\" \/>\n<meta property=\"og:type\" content=\"article\" \/>\n<meta property=\"og:title\" content=\"THOR \u010duguna past\u0101v\u012bgais sve\u010dturis - MetalTale.com\" \/>\n<meta property=\"og:description\" content=\"Modelis AF.794.34-PRGR Materi\u0101ls Ketus Kop\u0113jais augstums (cm ) 27, 32, 35, 44, 50 Kop\u0113jais diametrs (cm ) 12, 13, 14,\" \/>\n<meta property=\"og:url\" content=\"https:\/\/metaltale.com\/lv\/produkts\/thor-cuguna-pastavigais-svecturis\/\" \/>\n<meta property=\"og:site_name\" content=\"MetalTale.com\" \/>\n<meta name=\"twitter:card\" content=\"summary_large_image\" \/>\n<meta name=\"twitter:label1\" content=\"Est. reading time\" \/>\n\t<meta name=\"twitter:data1\" content=\"1 minute\" \/>\n<script type=\"application\/ld+json\" class=\"yoast-schema-graph\">{\"@context\":\"https:\/\/schema.org\",\"@graph\":[{\"@type\":\"WebPage\",\"@id\":\"https:\/\/metaltale.com\/lv\/produkts\/thor-cuguna-pastavigais-svecturis\/\",\"url\":\"https:\/\/metaltale.com\/lv\/produkts\/thor-cuguna-pastavigais-svecturis\/\",\"name\":\"THOR \u010duguna past\u0101v\u012bgais sve\u010dturis - MetalTale.com\",\"isPartOf\":{\"@id\":\"https:\/\/metaltale.com\/lv\/#website\"},\"primaryImageOfPage\":{\"@id\":\"https:\/\/metaltale.com\/lv\/produkts\/thor-cuguna-pastavigais-svecturis\/#primaryimage\"},\"image\":{\"@id\":\"https:\/\/metaltale.com\/lv\/produkts\/thor-cuguna-pastavigais-svecturis\/#primaryimage\"},\"thumbnailUrl\":\"https:\/\/metaltale.com\/wp-content\/uploads\/2023\/10\/x17Dvakidx117s-laikiklis-THOR-270mm.jpg\",\"datePublished\":\"2024-02-13T11:39:42+00:00\",\"breadcrumb\":{\"@id\":\"https:\/\/metaltale.com\/lv\/produkts\/thor-cuguna-pastavigais-svecturis\/#breadcrumb\"},\"inLanguage\":\"lv-LV\",\"potentialAction\":[{\"@type\":\"ReadAction\",\"target\":[\"https:\/\/metaltale.com\/lv\/produkts\/thor-cuguna-pastavigais-svecturis\/\"]}]},{\"@type\":\"ImageObject\",\"inLanguage\":\"lv-LV\",\"@id\":\"https:\/\/metaltale.com\/lv\/produkts\/thor-cuguna-pastavigais-svecturis\/#primaryimage\",\"url\":\"https:\/\/metaltale.com\/wp-content\/uploads\/2023\/10\/x17Dvakidx117s-laikiklis-THOR-270mm.jpg\",\"contentUrl\":\"https:\/\/metaltale.com\/wp-content\/uploads\/2023\/10\/x17Dvakidx117s-laikiklis-THOR-270mm.jpg\",\"width\":800,\"height\":800},{\"@type\":\"BreadcrumbList\",\"@id\":\"https:\/\/metaltale.com\/lv\/produkts\/thor-cuguna-pastavigais-svecturis\/#breadcrumb\",\"itemListElement\":[{\"@type\":\"ListItem\",\"position\":1,\"name\":\"Home\",\"item\":\"https:\/\/metaltale.com\/lv\/majas\/\"},{\"@type\":\"ListItem\",\"position\":2,\"name\":\"Veikals\",\"item\":\"https:\/\/metaltale.com\/lv\/shop\/\"},{\"@type\":\"ListItem\",\"position\":3,\"name\":\"THOR \u010duguna past\u0101v\u012bgais sve\u010dturis\"}]},{\"@type\":\"WebSite\",\"@id\":\"https:\/\/metaltale.com\/lv\/#website\",\"url\":\"https:\/\/metaltale.com\/lv\/\",\"name\":\"Metaltale.com\",\"description\":\"\",\"potentialAction\":[{\"@type\":\"SearchAction\",\"target\":{\"@type\":\"EntryPoint\",\"urlTemplate\":\"https:\/\/metaltale.com\/lv\/?s={search_term_string}\"},\"query-input\":{\"@type\":\"PropertyValueSpecification\",\"valueRequired\":true,\"valueName\":\"search_term_string\"}}],\"inLanguage\":\"lv-LV\"}]}<\/script>\n<!-- \/ Yoast SEO plugin. -->","yoast_head_json":{"title":"THOR \u010duguna past\u0101v\u012bgais sve\u010dturis - MetalTale.com","robots":{"index":"index","follow":"follow","max-snippet":"max-snippet:-1","max-image-preview":"max-image-preview:large","max-video-preview":"max-video-preview:-1"},"canonical":"https:\/\/metaltale.com\/lv\/produkts\/thor-cuguna-pastavigais-svecturis\/","og_locale":"lv_LV","og_type":"article","og_title":"THOR \u010duguna past\u0101v\u012bgais sve\u010dturis - MetalTale.com","og_description":"Modelis AF.794.34-PRGR Materi\u0101ls Ketus Kop\u0113jais augstums (cm ) 27, 32, 35, 44, 50 Kop\u0113jais diametrs (cm ) 12, 13, 14,","og_url":"https:\/\/metaltale.com\/lv\/produkts\/thor-cuguna-pastavigais-svecturis\/","og_site_name":"MetalTale.com","twitter_card":"summary_large_image","twitter_misc":{"Est. reading time":"1 minute"},"schema":{"@context":"https:\/\/schema.org","@graph":[{"@type":"WebPage","@id":"https:\/\/metaltale.com\/lv\/produkts\/thor-cuguna-pastavigais-svecturis\/","url":"https:\/\/metaltale.com\/lv\/produkts\/thor-cuguna-pastavigais-svecturis\/","name":"THOR \u010duguna past\u0101v\u012bgais sve\u010dturis - MetalTale.com","isPartOf":{"@id":"https:\/\/metaltale.com\/lv\/#website"},"primaryImageOfPage":{"@id":"https:\/\/metaltale.com\/lv\/produkts\/thor-cuguna-pastavigais-svecturis\/#primaryimage"},"image":{"@id":"https:\/\/metaltale.com\/lv\/produkts\/thor-cuguna-pastavigais-svecturis\/#primaryimage"},"thumbnailUrl":"https:\/\/metaltale.com\/wp-content\/uploads\/2023\/10\/x17Dvakidx117s-laikiklis-THOR-270mm.jpg","datePublished":"2024-02-13T11:39:42+00:00","breadcrumb":{"@id":"https:\/\/metaltale.com\/lv\/produkts\/thor-cuguna-pastavigais-svecturis\/#breadcrumb"},"inLanguage":"lv-LV","potentialAction":[{"@type":"ReadAction","target":["https:\/\/metaltale.com\/lv\/produkts\/thor-cuguna-pastavigais-svecturis\/"]}]},{"@type":"ImageObject","inLanguage":"lv-LV","@id":"https:\/\/metaltale.com\/lv\/produkts\/thor-cuguna-pastavigais-svecturis\/#primaryimage","url":"https:\/\/metaltale.com\/wp-content\/uploads\/2023\/10\/x17Dvakidx117s-laikiklis-THOR-270mm.jpg","contentUrl":"https:\/\/metaltale.com\/wp-content\/uploads\/2023\/10\/x17Dvakidx117s-laikiklis-THOR-270mm.jpg","width":800,"height":800},{"@type":"BreadcrumbList","@id":"https:\/\/metaltale.com\/lv\/produkts\/thor-cuguna-pastavigais-svecturis\/#breadcrumb","itemListElement":[{"@type":"ListItem","position":1,"name":"Home","item":"https:\/\/metaltale.com\/lv\/majas\/"},{"@type":"ListItem","position":2,"name":"Veikals","item":"https:\/\/metaltale.com\/lv\/shop\/"},{"@type":"ListItem","position":3,"name":"THOR \u010duguna past\u0101v\u012bgais sve\u010dturis"}]},{"@type":"WebSite","@id":"https:\/\/metaltale.com\/lv\/#website","url":"https:\/\/metaltale.com\/lv\/","name":"Metaltale.com","description":"","potentialAction":[{"@type":"SearchAction","target":{"@type":"EntryPoint","urlTemplate":"https:\/\/metaltale.com\/lv\/?s={search_term_string}"},"query-input":{"@type":"PropertyValueSpecification","valueRequired":true,"valueName":"search_term_string"}}],"inLanguage":"lv-LV"}]}},"_links":{"self":[{"href":"https:\/\/metaltale.com\/lv\/wp-json\/wp\/v2\/product\/134223","targetHints":{"allow":["GET"]}}],"collection":[{"href":"https:\/\/metaltale.com\/lv\/wp-json\/wp\/v2\/product"}],"about":[{"href":"https:\/\/metaltale.com\/lv\/wp-json\/wp\/v2\/types\/product"}],"replies":[{"embeddable":true,"href":"https:\/\/metaltale.com\/lv\/wp-json\/wp\/v2\/comments?post=134223"}],"version-history":[{"count":0,"href":"https:\/\/metaltale.com\/lv\/wp-json\/wp\/v2\/product\/134223\/revisions"}],"wp:featuredmedia":[{"embeddable":true,"href":"https:\/\/metaltale.com\/lv\/wp-json\/wp\/v2\/media\/79426"}],"wp:attachment":[{"href":"https:\/\/metaltale.com\/lv\/wp-json\/wp\/v2\/media?parent=134223"}],"wp:term":[{"taxonomy":"product_brand","embeddable":true,"href":"https:\/\/metaltale.com\/lv\/wp-json\/wp\/v2\/product_brand?post=134223"},{"taxonomy":"product_cat","embeddable":true,"href":"https:\/\/metaltale.com\/lv\/wp-json\/wp\/v2\/product_cat?post=134223"},{"taxonomy":"product_tag","embeddable":true,"href":"https:\/\/metaltale.com\/lv\/wp-json\/wp\/v2\/product_tag?post=134223"}],"curies":[{"name":"wp","href":"https:\/\/api.w.org\/{rel}","templated":true}]}}