{"id":134222,"date":"2024-02-13T15:17:46","date_gmt":"2024-02-13T13:17:46","guid":{"rendered":"https:\/\/metaltale.com\/produktas\/tv-skapitis-strong-2\/"},"modified":"2024-02-13T15:17:46","modified_gmt":"2024-02-13T13:17:46","slug":"tv-skapitis-strong-2","status":"publish","type":"product","link":"https:\/\/metaltale.com\/lv\/produkts\/tv-skapitis-strong-2\/","title":{"rendered":"TV skap\u012btis STRONG 2"},"content":{"rendered":"<div class=\"prod_data\">\n<p><strong>Modelis<\/strong> ZA.SG.F3<br \/>\nSp\u0113c\u012bga <strong>kolekcija<\/strong><br \/>\n<strong>Materi\u0101ls<\/strong> Ozola koks, t\u0113rauds<br \/>\nPlatums (cm) 150<br \/>\n<strong>Augstums (cm<\/strong> ) 60<br \/>\n<strong>Dzi\u013cums (cm<\/strong> ) 45<br \/>\n<strong>Kr\u0101sa<\/strong> Melna, koks &#8211; dab\u012bg\u0101 e\u013c\u013ca<br \/>\n<strong>Apdare<\/strong> Pulvera p\u0101rkl\u0101jums, e\u013c\u013cots<br \/>\n<strong>Pieg\u0101des veids<\/strong> Piln\u012bb\u0101 samont\u0113ts produkts<\/p>\n<p>TV skap\u012btis no ozolkoka un t\u0113rauda ar pulverkr\u0101sas p\u0101rkl\u0101jumu<\/p>\n<p>skap\u012b ir atvilktnes ar m\u012bkstu aizv\u0113r\u0161anos.<\/p>\n<p>ozolkoka koksne, kas aizsarg\u0101ta ar dabiski kr\u0101sotu e\u013c\u013cu<\/p>\n<p>Redzami raksti un krokas pie\u0161\u0137ir unik\u0101lu izskatu.<\/p>\n<p>atvilktnes ar koka fas\u0101d\u0113m un met\u0101la korpusu<\/p>\n<p>izstr\u0101d\u0101jumu kr\u0101sa var at\u0161\u0137irties no galerij\u0101 redzamajiem att\u0113liem, kas var b\u016bt saist\u012bts ar individu\u0101liem monitora iestat\u012bjumiem un materi\u0101lu \u012bpa\u0161\u012bb\u0101m.<\/p>\n<p>t\u0113rauds un ozolkoks ir izejmateri\u0101li, kuru kr\u0101sa, tonis un tekst\u016bra var at\u0161\u0137irties atkar\u012bb\u0101 no uzst\u0101d\u012b\u0161anas vai ra\u017eo\u0161anas partijas.<\/p>\n<hr>\n<p>RTV Strong 2 skapja ergonomisk\u0101 forma padara to piem\u0113rotu maz\u0101k\u0101m telp\u0101m. T\u0101 uzb\u016bves kvalit\u0101te un uzman\u012bba deta\u013c\u0101m apmierin\u0101s pat vispras\u012bg\u0101ko industri\u0101l\u0101 stila entuziastu. Mas\u012bvkoka ozolkoka un meln\u0101 met\u0101la izmanto\u0161ana apvieno trad\u012bcijas ar m\u016bsdien\u012bgu stilu. Neparasts risin\u0101jums ir izmantot b\u012bd\u0101mo skapja fas\u0101des sist\u0113mu, kas ir izgatavota no met\u0101la ar pulverkr\u0101sas p\u0101rkl\u0101jumu, padarot to iztur\u012bg\u0101ku pret skr\u0101p\u0113jumiem. Atvilktnes ir apr\u012bkotas ar klusas aizv\u0113r\u0161an\u0101s sl\u012bd\u0146iem, kas nodro\u0161ina \u0113rtu un vieglu iz\u0146em\u0161anu un ievieto\u0161anu. RTV skap\u012btim ir rakstur\u012bga augsta iztur\u012bba un est\u0113tika, t\u0101p\u0113c tas ir ide\u0101la izv\u0113le tiem, kas mekl\u0113 funkcion\u0101lu un skaistu m\u0113beli modernam, industri\u0101lam un b\u0113ni\u0146u stila interjeram.<\/p>\n<\/div>\n","protected":false},"excerpt":{"rendered":"<p>Modelis ZA.SG.F3 Sp\u0113c\u012bga kolekcija Materi\u0101ls Ozola koks, t\u0113rauds Platums (cm) 150 Augstums (cm ) 60 Dzi\u013cums (cm ) 45 Kr\u0101sa<\/p>\n","protected":false},"featured_media":119697,"comment_status":"open","ping_status":"closed","template":"","meta":{"_acf_changed":false,"pmpro_default_level":""},"product_brand":[],"product_cat":[24057,24091],"product_tag":[],"class_list":{"0":"post-134222","1":"product","2":"type-product","3":"status-publish","4":"has-post-thumbnail","6":"product_cat-rupnieciskas-mebeles","7":"product_cat-televizoru-skapji","8":"pmpro-has-access","10":"first","11":"instock","12":"shipping-taxable","13":"purchasable","14":"product-type-simple"},"acf":[],"yoast_head":"<!-- This site is optimized with the Yoast SEO plugin v24.9 - https:\/\/yoast.com\/wordpress\/plugins\/seo\/ -->\n<title>TV skap\u012btis STRONG 2 - MetalTale.com<\/title>\n<meta name=\"robots\" content=\"index, follow, max-snippet:-1, max-image-preview:large, max-video-preview:-1\" \/>\n<link rel=\"canonical\" href=\"https:\/\/metaltale.com\/lv\/produkts\/tv-skapitis-strong-2\/\" \/>\n<meta property=\"og:locale\" content=\"lv_LV\" \/>\n<meta property=\"og:type\" content=\"article\" \/>\n<meta property=\"og:title\" content=\"TV skap\u012btis STRONG 2 - MetalTale.com\" \/>\n<meta property=\"og:description\" content=\"Modelis ZA.SG.F3 Sp\u0113c\u012bga kolekcija Materi\u0101ls Ozola koks, t\u0113rauds Platums (cm) 150 Augstums (cm ) 60 Dzi\u013cums (cm ) 45 Kr\u0101sa\" \/>\n<meta property=\"og:url\" content=\"https:\/\/metaltale.com\/lv\/produkts\/tv-skapitis-strong-2\/\" \/>\n<meta property=\"og:site_name\" content=\"MetalTale.com\" \/>\n<meta name=\"twitter:card\" content=\"summary_large_image\" \/>\n<meta name=\"twitter:label1\" content=\"Est. reading time\" \/>\n\t<meta name=\"twitter:data1\" content=\"2 minutes\" \/>\n<script type=\"application\/ld+json\" class=\"yoast-schema-graph\">{\"@context\":\"https:\/\/schema.org\",\"@graph\":[{\"@type\":\"WebPage\",\"@id\":\"https:\/\/metaltale.com\/lv\/produkts\/tv-skapitis-strong-2\/\",\"url\":\"https:\/\/metaltale.com\/lv\/produkts\/tv-skapitis-strong-2\/\",\"name\":\"TV skap\u012btis STRONG 2 - MetalTale.com\",\"isPartOf\":{\"@id\":\"https:\/\/metaltale.com\/lv\/#website\"},\"primaryImageOfPage\":{\"@id\":\"https:\/\/metaltale.com\/lv\/produkts\/tv-skapitis-strong-2\/#primaryimage\"},\"image\":{\"@id\":\"https:\/\/metaltale.com\/lv\/produkts\/tv-skapitis-strong-2\/#primaryimage\"},\"thumbnailUrl\":\"https:\/\/metaltale.com\/wp-content\/uploads\/2023\/12\/televizoriaus-spintele-7.jpg\",\"datePublished\":\"2024-02-13T13:17:46+00:00\",\"breadcrumb\":{\"@id\":\"https:\/\/metaltale.com\/lv\/produkts\/tv-skapitis-strong-2\/#breadcrumb\"},\"inLanguage\":\"lv-LV\",\"potentialAction\":[{\"@type\":\"ReadAction\",\"target\":[\"https:\/\/metaltale.com\/lv\/produkts\/tv-skapitis-strong-2\/\"]}]},{\"@type\":\"ImageObject\",\"inLanguage\":\"lv-LV\",\"@id\":\"https:\/\/metaltale.com\/lv\/produkts\/tv-skapitis-strong-2\/#primaryimage\",\"url\":\"https:\/\/metaltale.com\/wp-content\/uploads\/2023\/12\/televizoriaus-spintele-7.jpg\",\"contentUrl\":\"https:\/\/metaltale.com\/wp-content\/uploads\/2023\/12\/televizoriaus-spintele-7.jpg\",\"width\":800,\"height\":800,\"caption\":\"TV skap\u012btis\"},{\"@type\":\"BreadcrumbList\",\"@id\":\"https:\/\/metaltale.com\/lv\/produkts\/tv-skapitis-strong-2\/#breadcrumb\",\"itemListElement\":[{\"@type\":\"ListItem\",\"position\":1,\"name\":\"Home\",\"item\":\"https:\/\/metaltale.com\/lv\/majas\/\"},{\"@type\":\"ListItem\",\"position\":2,\"name\":\"Veikals\",\"item\":\"https:\/\/metaltale.com\/lv\/shop\/\"},{\"@type\":\"ListItem\",\"position\":3,\"name\":\"TV skap\u012btis STRONG 2\"}]},{\"@type\":\"WebSite\",\"@id\":\"https:\/\/metaltale.com\/lv\/#website\",\"url\":\"https:\/\/metaltale.com\/lv\/\",\"name\":\"Metaltale.com\",\"description\":\"\",\"potentialAction\":[{\"@type\":\"SearchAction\",\"target\":{\"@type\":\"EntryPoint\",\"urlTemplate\":\"https:\/\/metaltale.com\/lv\/?s={search_term_string}\"},\"query-input\":{\"@type\":\"PropertyValueSpecification\",\"valueRequired\":true,\"valueName\":\"search_term_string\"}}],\"inLanguage\":\"lv-LV\"}]}<\/script>\n<!-- \/ Yoast SEO plugin. -->","yoast_head_json":{"title":"TV skap\u012btis STRONG 2 - MetalTale.com","robots":{"index":"index","follow":"follow","max-snippet":"max-snippet:-1","max-image-preview":"max-image-preview:large","max-video-preview":"max-video-preview:-1"},"canonical":"https:\/\/metaltale.com\/lv\/produkts\/tv-skapitis-strong-2\/","og_locale":"lv_LV","og_type":"article","og_title":"TV skap\u012btis STRONG 2 - MetalTale.com","og_description":"Modelis ZA.SG.F3 Sp\u0113c\u012bga kolekcija Materi\u0101ls Ozola koks, t\u0113rauds Platums (cm) 150 Augstums (cm ) 60 Dzi\u013cums (cm ) 45 Kr\u0101sa","og_url":"https:\/\/metaltale.com\/lv\/produkts\/tv-skapitis-strong-2\/","og_site_name":"MetalTale.com","twitter_card":"summary_large_image","twitter_misc":{"Est. reading time":"2 minutes"},"schema":{"@context":"https:\/\/schema.org","@graph":[{"@type":"WebPage","@id":"https:\/\/metaltale.com\/lv\/produkts\/tv-skapitis-strong-2\/","url":"https:\/\/metaltale.com\/lv\/produkts\/tv-skapitis-strong-2\/","name":"TV skap\u012btis STRONG 2 - MetalTale.com","isPartOf":{"@id":"https:\/\/metaltale.com\/lv\/#website"},"primaryImageOfPage":{"@id":"https:\/\/metaltale.com\/lv\/produkts\/tv-skapitis-strong-2\/#primaryimage"},"image":{"@id":"https:\/\/metaltale.com\/lv\/produkts\/tv-skapitis-strong-2\/#primaryimage"},"thumbnailUrl":"https:\/\/metaltale.com\/wp-content\/uploads\/2023\/12\/televizoriaus-spintele-7.jpg","datePublished":"2024-02-13T13:17:46+00:00","breadcrumb":{"@id":"https:\/\/metaltale.com\/lv\/produkts\/tv-skapitis-strong-2\/#breadcrumb"},"inLanguage":"lv-LV","potentialAction":[{"@type":"ReadAction","target":["https:\/\/metaltale.com\/lv\/produkts\/tv-skapitis-strong-2\/"]}]},{"@type":"ImageObject","inLanguage":"lv-LV","@id":"https:\/\/metaltale.com\/lv\/produkts\/tv-skapitis-strong-2\/#primaryimage","url":"https:\/\/metaltale.com\/wp-content\/uploads\/2023\/12\/televizoriaus-spintele-7.jpg","contentUrl":"https:\/\/metaltale.com\/wp-content\/uploads\/2023\/12\/televizoriaus-spintele-7.jpg","width":800,"height":800,"caption":"TV skap\u012btis"},{"@type":"BreadcrumbList","@id":"https:\/\/metaltale.com\/lv\/produkts\/tv-skapitis-strong-2\/#breadcrumb","itemListElement":[{"@type":"ListItem","position":1,"name":"Home","item":"https:\/\/metaltale.com\/lv\/majas\/"},{"@type":"ListItem","position":2,"name":"Veikals","item":"https:\/\/metaltale.com\/lv\/shop\/"},{"@type":"ListItem","position":3,"name":"TV skap\u012btis STRONG 2"}]},{"@type":"WebSite","@id":"https:\/\/metaltale.com\/lv\/#website","url":"https:\/\/metaltale.com\/lv\/","name":"Metaltale.com","description":"","potentialAction":[{"@type":"SearchAction","target":{"@type":"EntryPoint","urlTemplate":"https:\/\/metaltale.com\/lv\/?s={search_term_string}"},"query-input":{"@type":"PropertyValueSpecification","valueRequired":true,"valueName":"search_term_string"}}],"inLanguage":"lv-LV"}]}},"_links":{"self":[{"href":"https:\/\/metaltale.com\/lv\/wp-json\/wp\/v2\/product\/134222","targetHints":{"allow":["GET"]}}],"collection":[{"href":"https:\/\/metaltale.com\/lv\/wp-json\/wp\/v2\/product"}],"about":[{"href":"https:\/\/metaltale.com\/lv\/wp-json\/wp\/v2\/types\/product"}],"replies":[{"embeddable":true,"href":"https:\/\/metaltale.com\/lv\/wp-json\/wp\/v2\/comments?post=134222"}],"version-history":[{"count":0,"href":"https:\/\/metaltale.com\/lv\/wp-json\/wp\/v2\/product\/134222\/revisions"}],"wp:featuredmedia":[{"embeddable":true,"href":"https:\/\/metaltale.com\/lv\/wp-json\/wp\/v2\/media\/119697"}],"wp:attachment":[{"href":"https:\/\/metaltale.com\/lv\/wp-json\/wp\/v2\/media?parent=134222"}],"wp:term":[{"taxonomy":"product_brand","embeddable":true,"href":"https:\/\/metaltale.com\/lv\/wp-json\/wp\/v2\/product_brand?post=134222"},{"taxonomy":"product_cat","embeddable":true,"href":"https:\/\/metaltale.com\/lv\/wp-json\/wp\/v2\/product_cat?post=134222"},{"taxonomy":"product_tag","embeddable":true,"href":"https:\/\/metaltale.com\/lv\/wp-json\/wp\/v2\/product_tag?post=134222"}],"curies":[{"name":"wp","href":"https:\/\/api.w.org\/{rel}","templated":true}]}}