{"id":134215,"date":"2024-01-12T21:12:18","date_gmt":"2024-01-12T19:12:18","guid":{"rendered":"https:\/\/metaltale.com\/produktas\/tv-skapitis-strong-1\/"},"modified":"2024-01-12T21:12:18","modified_gmt":"2024-01-12T19:12:18","slug":"tv-skapitis-strong-1","status":"publish","type":"product","link":"https:\/\/metaltale.com\/lv\/produkts\/tv-skapitis-strong-1\/","title":{"rendered":"TV skap\u012btis STRONG 1"},"content":{"rendered":"<div class=\"prod_data\">\n<p><strong>Modelis<\/strong> ZA.SG.C3<br \/>\nSp\u0113c\u012bga <strong>kolekcija<\/strong><br \/>\n<strong>Materi\u0101ls<\/strong> Ozola koks, t\u0113rauds<br \/>\n<strong>Platums (cm)<\/strong> 220<br \/>\n<strong>Augstums (cm<\/strong> ) 67<br \/>\n<strong>Dzi\u013cums (cm<\/strong> ) 40<br \/>\n<strong>Kr\u0101sa<\/strong> Melna, koks &#8211; dab\u012bg\u0101 e\u013c\u013ca<br \/>\n<strong>Apdare<\/strong> Pulvera p\u0101rkl\u0101jums, e\u013c\u013cots<br \/>\n<strong>Pieg\u0101des veids<\/strong> Piln\u012bb\u0101 samont\u0113ts produkts<\/p>\n<p>TV skap\u012btis no ozolkoka un t\u0113rauda ar pulverkr\u0101sas p\u0101rkl\u0101jumu<\/p>\n<p>skap\u012b ir atvilktnes ar m\u012bkstu aizv\u0113r\u0161anos.<\/p>\n<p>ozolkoka koksne, kas aizsarg\u0101ta ar dabiski kr\u0101sotu e\u013c\u013cu<\/p>\n<p>Redzami raksti un krokas pie\u0161\u0137ir unik\u0101lu izskatu.<\/p>\n<p>atvilktnes ar koka fas\u0101d\u0113m un met\u0101la korpusu<\/p>\n<p>izstr\u0101d\u0101jumu kr\u0101sa var at\u0161\u0137irties no galerij\u0101 redzamajiem att\u0113liem, kas var b\u016bt saist\u012bts ar individu\u0101liem monitora iestat\u012bjumiem un materi\u0101lu \u012bpa\u0161\u012bb\u0101m.<\/p>\n<p>t\u0113rauds un ozolkoks ir izejmateri\u0101li, kuru kr\u0101sa, tonis un tekst\u016bra var at\u0161\u0137irties atkar\u012bb\u0101 no uzst\u0101d\u012b\u0161anas vai ra\u017eo\u0161anas partijas.<\/p>\n<hr>\n<p>TV skap\u012btis Strong ir unik\u0101la un moderna m\u0113bele, kas lieliski iederas da\u017e\u0101dos interjeros. Skap\u012btis ir izgatavots no mas\u012bvkoka, kas aizsarg\u0101ts ar e\u013c\u013cu, kas pie\u0161\u0137ir skaisto, dab\u012bgo kr\u0101su. Neparasts un ori\u0123in\u0101ls m\u0113be\u013cu elements ir skap\u012b\u0161u fas\u0101des, kas izgatavotas no met\u0101la sieta un melnas lok\u0161\u0146u loksnes, kas pie\u0161\u0137ir m\u0113bel\u0113m industri\u0101lu raksturu. B\u012bd\u0101m\u0101s sist\u0113mas izmanto\u0161ana ir ori\u0123in\u0101ls un praktisks risin\u0101jums. Meln\u0101 met\u0101la rokturi ir gan praktiski, gan pie\u0161\u0137ir skap\u012btim eleganci. Rokturi lieliski kontrast\u0113 ar koka dab\u012bgo kr\u0101su. TV skap\u012b\u0161a atvilktnes ir apr\u012bkotas ar klusas aizv\u0113r\u0161anas slied\u0113m, kas nodro\u0161ina vienm\u0113r\u012bgu atv\u0113r\u0161anu un aizv\u0113r\u0161anu. \u0160is skapis ir funkcion\u0101la un unik\u0101la m\u0113bele visiem b\u0113ni\u0146u un industri\u0101l\u0101 stila cien\u012bt\u0101jiem.<\/p>\n<\/div>\n","protected":false},"excerpt":{"rendered":"<p>Modelis ZA.SG.C3 Sp\u0113c\u012bga kolekcija Materi\u0101ls Ozola koks, t\u0113rauds Platums (cm) 220 Augstums (cm ) 67 Dzi\u013cums (cm ) 40 Kr\u0101sa<\/p>\n","protected":false},"featured_media":119703,"comment_status":"open","ping_status":"closed","template":"","meta":{"_acf_changed":false,"pmpro_default_level":""},"product_brand":[],"product_cat":[24057,24091],"product_tag":[],"class_list":{"0":"post-134215","1":"product","2":"type-product","3":"status-publish","4":"has-post-thumbnail","6":"product_cat-rupnieciskas-mebeles","7":"product_cat-televizoru-skapji","8":"pmpro-has-access","10":"first","11":"instock","12":"shipping-taxable","13":"purchasable","14":"product-type-simple"},"acf":[],"yoast_head":"<!-- This site is optimized with the Yoast SEO plugin v24.9 - https:\/\/yoast.com\/wordpress\/plugins\/seo\/ -->\n<title>TV skap\u012btis STRONG 1 - MetalTale.com<\/title>\n<meta name=\"robots\" content=\"index, follow, max-snippet:-1, max-image-preview:large, max-video-preview:-1\" \/>\n<link rel=\"canonical\" href=\"https:\/\/metaltale.com\/lv\/produkts\/tv-skapitis-strong-1\/\" \/>\n<meta property=\"og:locale\" content=\"lv_LV\" \/>\n<meta property=\"og:type\" content=\"article\" \/>\n<meta property=\"og:title\" content=\"TV skap\u012btis STRONG 1 - MetalTale.com\" \/>\n<meta property=\"og:description\" content=\"Modelis ZA.SG.C3 Sp\u0113c\u012bga kolekcija Materi\u0101ls Ozola koks, t\u0113rauds Platums (cm) 220 Augstums (cm ) 67 Dzi\u013cums (cm ) 40 Kr\u0101sa\" \/>\n<meta property=\"og:url\" content=\"https:\/\/metaltale.com\/lv\/produkts\/tv-skapitis-strong-1\/\" \/>\n<meta property=\"og:site_name\" content=\"MetalTale.com\" \/>\n<meta name=\"twitter:card\" content=\"summary_large_image\" \/>\n<meta name=\"twitter:label1\" content=\"Est. reading time\" \/>\n\t<meta name=\"twitter:data1\" content=\"2 minutes\" \/>\n<script type=\"application\/ld+json\" class=\"yoast-schema-graph\">{\"@context\":\"https:\/\/schema.org\",\"@graph\":[{\"@type\":\"WebPage\",\"@id\":\"https:\/\/metaltale.com\/lv\/produkts\/tv-skapitis-strong-1\/\",\"url\":\"https:\/\/metaltale.com\/lv\/produkts\/tv-skapitis-strong-1\/\",\"name\":\"TV skap\u012btis STRONG 1 - MetalTale.com\",\"isPartOf\":{\"@id\":\"https:\/\/metaltale.com\/lv\/#website\"},\"primaryImageOfPage\":{\"@id\":\"https:\/\/metaltale.com\/lv\/produkts\/tv-skapitis-strong-1\/#primaryimage\"},\"image\":{\"@id\":\"https:\/\/metaltale.com\/lv\/produkts\/tv-skapitis-strong-1\/#primaryimage\"},\"thumbnailUrl\":\"https:\/\/metaltale.com\/wp-content\/uploads\/2023\/11\/televizoriaus-spintele.jpg\",\"datePublished\":\"2024-01-12T19:12:18+00:00\",\"breadcrumb\":{\"@id\":\"https:\/\/metaltale.com\/lv\/produkts\/tv-skapitis-strong-1\/#breadcrumb\"},\"inLanguage\":\"lv-LV\",\"potentialAction\":[{\"@type\":\"ReadAction\",\"target\":[\"https:\/\/metaltale.com\/lv\/produkts\/tv-skapitis-strong-1\/\"]}]},{\"@type\":\"ImageObject\",\"inLanguage\":\"lv-LV\",\"@id\":\"https:\/\/metaltale.com\/lv\/produkts\/tv-skapitis-strong-1\/#primaryimage\",\"url\":\"https:\/\/metaltale.com\/wp-content\/uploads\/2023\/11\/televizoriaus-spintele.jpg\",\"contentUrl\":\"https:\/\/metaltale.com\/wp-content\/uploads\/2023\/11\/televizoriaus-spintele.jpg\",\"width\":800,\"height\":800,\"caption\":\"TV spintele\"},{\"@type\":\"BreadcrumbList\",\"@id\":\"https:\/\/metaltale.com\/lv\/produkts\/tv-skapitis-strong-1\/#breadcrumb\",\"itemListElement\":[{\"@type\":\"ListItem\",\"position\":1,\"name\":\"Home\",\"item\":\"https:\/\/metaltale.com\/lv\/majas\/\"},{\"@type\":\"ListItem\",\"position\":2,\"name\":\"Veikals\",\"item\":\"https:\/\/metaltale.com\/lv\/shop\/\"},{\"@type\":\"ListItem\",\"position\":3,\"name\":\"TV skap\u012btis STRONG 1\"}]},{\"@type\":\"WebSite\",\"@id\":\"https:\/\/metaltale.com\/lv\/#website\",\"url\":\"https:\/\/metaltale.com\/lv\/\",\"name\":\"Metaltale.com\",\"description\":\"\",\"potentialAction\":[{\"@type\":\"SearchAction\",\"target\":{\"@type\":\"EntryPoint\",\"urlTemplate\":\"https:\/\/metaltale.com\/lv\/?s={search_term_string}\"},\"query-input\":{\"@type\":\"PropertyValueSpecification\",\"valueRequired\":true,\"valueName\":\"search_term_string\"}}],\"inLanguage\":\"lv-LV\"}]}<\/script>\n<!-- \/ Yoast SEO plugin. -->","yoast_head_json":{"title":"TV skap\u012btis STRONG 1 - MetalTale.com","robots":{"index":"index","follow":"follow","max-snippet":"max-snippet:-1","max-image-preview":"max-image-preview:large","max-video-preview":"max-video-preview:-1"},"canonical":"https:\/\/metaltale.com\/lv\/produkts\/tv-skapitis-strong-1\/","og_locale":"lv_LV","og_type":"article","og_title":"TV skap\u012btis STRONG 1 - MetalTale.com","og_description":"Modelis ZA.SG.C3 Sp\u0113c\u012bga kolekcija Materi\u0101ls Ozola koks, t\u0113rauds Platums (cm) 220 Augstums (cm ) 67 Dzi\u013cums (cm ) 40 Kr\u0101sa","og_url":"https:\/\/metaltale.com\/lv\/produkts\/tv-skapitis-strong-1\/","og_site_name":"MetalTale.com","twitter_card":"summary_large_image","twitter_misc":{"Est. reading time":"2 minutes"},"schema":{"@context":"https:\/\/schema.org","@graph":[{"@type":"WebPage","@id":"https:\/\/metaltale.com\/lv\/produkts\/tv-skapitis-strong-1\/","url":"https:\/\/metaltale.com\/lv\/produkts\/tv-skapitis-strong-1\/","name":"TV skap\u012btis STRONG 1 - MetalTale.com","isPartOf":{"@id":"https:\/\/metaltale.com\/lv\/#website"},"primaryImageOfPage":{"@id":"https:\/\/metaltale.com\/lv\/produkts\/tv-skapitis-strong-1\/#primaryimage"},"image":{"@id":"https:\/\/metaltale.com\/lv\/produkts\/tv-skapitis-strong-1\/#primaryimage"},"thumbnailUrl":"https:\/\/metaltale.com\/wp-content\/uploads\/2023\/11\/televizoriaus-spintele.jpg","datePublished":"2024-01-12T19:12:18+00:00","breadcrumb":{"@id":"https:\/\/metaltale.com\/lv\/produkts\/tv-skapitis-strong-1\/#breadcrumb"},"inLanguage":"lv-LV","potentialAction":[{"@type":"ReadAction","target":["https:\/\/metaltale.com\/lv\/produkts\/tv-skapitis-strong-1\/"]}]},{"@type":"ImageObject","inLanguage":"lv-LV","@id":"https:\/\/metaltale.com\/lv\/produkts\/tv-skapitis-strong-1\/#primaryimage","url":"https:\/\/metaltale.com\/wp-content\/uploads\/2023\/11\/televizoriaus-spintele.jpg","contentUrl":"https:\/\/metaltale.com\/wp-content\/uploads\/2023\/11\/televizoriaus-spintele.jpg","width":800,"height":800,"caption":"TV spintele"},{"@type":"BreadcrumbList","@id":"https:\/\/metaltale.com\/lv\/produkts\/tv-skapitis-strong-1\/#breadcrumb","itemListElement":[{"@type":"ListItem","position":1,"name":"Home","item":"https:\/\/metaltale.com\/lv\/majas\/"},{"@type":"ListItem","position":2,"name":"Veikals","item":"https:\/\/metaltale.com\/lv\/shop\/"},{"@type":"ListItem","position":3,"name":"TV skap\u012btis STRONG 1"}]},{"@type":"WebSite","@id":"https:\/\/metaltale.com\/lv\/#website","url":"https:\/\/metaltale.com\/lv\/","name":"Metaltale.com","description":"","potentialAction":[{"@type":"SearchAction","target":{"@type":"EntryPoint","urlTemplate":"https:\/\/metaltale.com\/lv\/?s={search_term_string}"},"query-input":{"@type":"PropertyValueSpecification","valueRequired":true,"valueName":"search_term_string"}}],"inLanguage":"lv-LV"}]}},"_links":{"self":[{"href":"https:\/\/metaltale.com\/lv\/wp-json\/wp\/v2\/product\/134215","targetHints":{"allow":["GET"]}}],"collection":[{"href":"https:\/\/metaltale.com\/lv\/wp-json\/wp\/v2\/product"}],"about":[{"href":"https:\/\/metaltale.com\/lv\/wp-json\/wp\/v2\/types\/product"}],"replies":[{"embeddable":true,"href":"https:\/\/metaltale.com\/lv\/wp-json\/wp\/v2\/comments?post=134215"}],"version-history":[{"count":0,"href":"https:\/\/metaltale.com\/lv\/wp-json\/wp\/v2\/product\/134215\/revisions"}],"wp:featuredmedia":[{"embeddable":true,"href":"https:\/\/metaltale.com\/lv\/wp-json\/wp\/v2\/media\/119703"}],"wp:attachment":[{"href":"https:\/\/metaltale.com\/lv\/wp-json\/wp\/v2\/media?parent=134215"}],"wp:term":[{"taxonomy":"product_brand","embeddable":true,"href":"https:\/\/metaltale.com\/lv\/wp-json\/wp\/v2\/product_brand?post=134215"},{"taxonomy":"product_cat","embeddable":true,"href":"https:\/\/metaltale.com\/lv\/wp-json\/wp\/v2\/product_cat?post=134215"},{"taxonomy":"product_tag","embeddable":true,"href":"https:\/\/metaltale.com\/lv\/wp-json\/wp\/v2\/product_tag?post=134215"}],"curies":[{"name":"wp","href":"https:\/\/api.w.org\/{rel}","templated":true}]}}