{"id":134206,"date":"2024-02-13T15:19:05","date_gmt":"2024-02-13T13:19:05","guid":{"rendered":"https:\/\/metaltale.com\/produktas\/industrialais-rakstamgalds-terauds-1\/"},"modified":"2024-02-13T15:19:05","modified_gmt":"2024-02-13T13:19:05","slug":"industrialais-rakstamgalds-terauds-1","status":"publish","type":"product","link":"https:\/\/metaltale.com\/lv\/produkts\/industrialais-rakstamgalds-terauds-1\/","title":{"rendered":"Industri\u0101lais rakst\u0101mgalds T\u0112RAUDS 1"},"content":{"rendered":"<div class=\"prod_data\">\n<p><strong>Modelis<\/strong> ZA.SW.BMET<br \/>\nT\u0113rauda koka <strong>kolekcija<\/strong><br \/>\n<strong>EAN.<\/strong>  5905369912894<br \/>\n<strong>Materi\u0101ls<\/strong> Priede, t\u0113rauds<br \/>\n<strong>Kop\u0113jais augstums (cm<\/strong> ) 79<br \/>\n<strong>Kop\u0113jais platums (cm<\/strong> ) 140<br \/>\n<strong>Dzi\u013cums (cm<\/strong> ) 60<br \/>\nT\u0113rauda <strong>kr\u0101sa<\/strong><br \/>\n<strong>Trim<\/strong> Spotted<br \/>\n<strong>Pieg\u0101des veids<\/strong> Piln\u012bb\u0101 samont\u0113ts produkts<\/p>\n<p>&#8211; <span class=\"hiddenSpellError\">b\u0113ni\u0146u<\/span> galds, kas izgatavots no priedes koka un augstas kvalit\u0101tes t\u0113rauda kombin\u0101cijas<br \/>\n&#8211; konstrukcija bija veidota no diviem savstarp\u0113ji savienotiem sl\u0113gtiem profiliem ar \u0161\u0137\u0113rsgriezumu <span class=\"hiddenGrammarError\">2&#215;2<\/span> cm.<br \/>\n&#8211; met\u0101la konstrukcijas un atvilkt\u0146u fas\u0101des tika pies\u016bcin\u0101tas ar caursp\u012bd\u012bgu sl\u0101ni.<br \/>\n&#8211; dro\u0161\u012bba un lieto\u0161anas \u0113rtums garant\u0113 visu nel\u012bdzenumu un metin\u0101\u0161anas punktu sl\u012bp\u0113\u0161anu.<br \/>\n&#8211; ar rok\u0101m sl\u012bp\u0113ti priedes elementi saglab\u0101 koksnes dabisko strukt\u016bru.<br \/>\n&#8211; Prie\u017eu koksne ir aizsarg\u0101ta ar \u016bdens kr\u0101sojumu, izmantojot iegremd\u0113\u0161anas metodi.<br \/>\n&#8211; lod\u012b\u0161u gult\u0146u atvilkt\u0146u vadotnes \u0113rt\u0101kai lieto\u0161anai<br \/>\n&#8211; stil\u012bgi <span class=\"hiddenGrammarError\">met\u0101la rokturi<\/span> priek\u0161pus\u0113<\/p>\n<hr>\n<p>Funkcion\u0101lais galds ir izgatavots no stabilas t\u0113rauda konstrukcijas ar koka virsmu un atvilktni. Izstr\u0101d\u0101jumam ir neparasts, b\u0113ni\u0146iem l\u012bdz\u012bgs dizains. Tas pie\u0161\u0137ir birojam vai darba telpai drosm\u012bgu, vienreiz\u0113ju, industri\u0101lu akcentu. Papildus est\u0113tiskajai v\u0113rt\u012bbai m\u0113beles galvenok\u0101rt kalpo k\u0101 \u0113rta un pla\u0161a darba vieta. Galdam ir tr\u012bs ietilp\u012bgas atvilktnes uz klus\u0101m lod\u012b\u0161u gult\u0146u vadotn\u0113m. Katrs no tiem bija izgatavots no mas\u012bvkoka, polster\u0113ts ar lakota t\u0113rauda apdari. M\u0113be\u013cu priek\u0161da\u013cai ir pievienoti rokturi, lai saglab\u0101tu vienotu stilu. STEEL WOOD b\u0113ni\u0146u rakst\u0101mgalds ir b\u016btisks apr\u012bkojuma elements katrai darba vietai un studijai, kas iek\u0101rtota industri\u0101l\u0101 stil\u0101.<\/p>\n<hr>\n<\/div>\n","protected":false},"excerpt":{"rendered":"<p>Modelis ZA.SW.BMET T\u0113rauda koka kolekcija EAN. 5905369912894 Materi\u0101ls Priede, t\u0113rauds Kop\u0113jais augstums (cm ) 79 Kop\u0113jais platums (cm ) 140<\/p>\n","protected":false},"featured_media":119679,"comment_status":"open","ping_status":"closed","template":"","meta":{"_acf_changed":false,"pmpro_default_level":""},"product_brand":[],"product_cat":[24121,24057],"product_tag":[],"class_list":{"0":"post-134206","1":"product","2":"type-product","3":"status-publish","4":"has-post-thumbnail","6":"product_cat-rakstamgaldi","7":"product_cat-rupnieciskas-mebeles","8":"pmpro-has-access","10":"first","11":"instock","12":"shipping-taxable","13":"purchasable","14":"product-type-simple"},"acf":[],"yoast_head":"<!-- This site is optimized with the Yoast SEO plugin v24.9 - https:\/\/yoast.com\/wordpress\/plugins\/seo\/ -->\n<title>Industri\u0101lais rakst\u0101mgalds T\u0112RAUDS 1 - MetalTale.com<\/title>\n<meta name=\"robots\" content=\"index, follow, max-snippet:-1, max-image-preview:large, max-video-preview:-1\" \/>\n<link rel=\"canonical\" href=\"https:\/\/metaltale.com\/lv\/produkts\/industrialais-rakstamgalds-terauds-1\/\" \/>\n<meta property=\"og:locale\" content=\"lv_LV\" \/>\n<meta property=\"og:type\" content=\"article\" \/>\n<meta property=\"og:title\" content=\"Industri\u0101lais rakst\u0101mgalds T\u0112RAUDS 1 - MetalTale.com\" \/>\n<meta property=\"og:description\" content=\"Modelis ZA.SW.BMET T\u0113rauda koka kolekcija EAN. 5905369912894 Materi\u0101ls Priede, t\u0113rauds Kop\u0113jais augstums (cm ) 79 Kop\u0113jais platums (cm ) 140\" \/>\n<meta property=\"og:url\" content=\"https:\/\/metaltale.com\/lv\/produkts\/industrialais-rakstamgalds-terauds-1\/\" \/>\n<meta property=\"og:site_name\" content=\"MetalTale.com\" \/>\n<meta name=\"twitter:card\" content=\"summary_large_image\" \/>\n<meta name=\"twitter:label1\" content=\"Est. reading time\" \/>\n\t<meta name=\"twitter:data1\" content=\"1 minute\" \/>\n<script type=\"application\/ld+json\" class=\"yoast-schema-graph\">{\"@context\":\"https:\/\/schema.org\",\"@graph\":[{\"@type\":\"WebPage\",\"@id\":\"https:\/\/metaltale.com\/lv\/produkts\/industrialais-rakstamgalds-terauds-1\/\",\"url\":\"https:\/\/metaltale.com\/lv\/produkts\/industrialais-rakstamgalds-terauds-1\/\",\"name\":\"Industri\u0101lais rakst\u0101mgalds T\u0112RAUDS 1 - MetalTale.com\",\"isPartOf\":{\"@id\":\"https:\/\/metaltale.com\/lv\/#website\"},\"primaryImageOfPage\":{\"@id\":\"https:\/\/metaltale.com\/lv\/produkts\/industrialais-rakstamgalds-terauds-1\/#primaryimage\"},\"image\":{\"@id\":\"https:\/\/metaltale.com\/lv\/produkts\/industrialais-rakstamgalds-terauds-1\/#primaryimage\"},\"thumbnailUrl\":\"https:\/\/metaltale.com\/wp-content\/uploads\/2023\/12\/loft-rasomasis-stalas.jpg\",\"datePublished\":\"2024-02-13T13:19:05+00:00\",\"breadcrumb\":{\"@id\":\"https:\/\/metaltale.com\/lv\/produkts\/industrialais-rakstamgalds-terauds-1\/#breadcrumb\"},\"inLanguage\":\"lv-LV\",\"potentialAction\":[{\"@type\":\"ReadAction\",\"target\":[\"https:\/\/metaltale.com\/lv\/produkts\/industrialais-rakstamgalds-terauds-1\/\"]}]},{\"@type\":\"ImageObject\",\"inLanguage\":\"lv-LV\",\"@id\":\"https:\/\/metaltale.com\/lv\/produkts\/industrialais-rakstamgalds-terauds-1\/#primaryimage\",\"url\":\"https:\/\/metaltale.com\/wp-content\/uploads\/2023\/12\/loft-rasomasis-stalas.jpg\",\"contentUrl\":\"https:\/\/metaltale.com\/wp-content\/uploads\/2023\/12\/loft-rasomasis-stalas.jpg\",\"width\":800,\"height\":800,\"caption\":\"z\u012bm\u0113\u0161anas tabula\"},{\"@type\":\"BreadcrumbList\",\"@id\":\"https:\/\/metaltale.com\/lv\/produkts\/industrialais-rakstamgalds-terauds-1\/#breadcrumb\",\"itemListElement\":[{\"@type\":\"ListItem\",\"position\":1,\"name\":\"Home\",\"item\":\"https:\/\/metaltale.com\/lv\/majas\/\"},{\"@type\":\"ListItem\",\"position\":2,\"name\":\"Veikals\",\"item\":\"https:\/\/metaltale.com\/lv\/shop\/\"},{\"@type\":\"ListItem\",\"position\":3,\"name\":\"Industri\u0101lais rakst\u0101mgalds T\u0112RAUDS 1\"}]},{\"@type\":\"WebSite\",\"@id\":\"https:\/\/metaltale.com\/lv\/#website\",\"url\":\"https:\/\/metaltale.com\/lv\/\",\"name\":\"Metaltale.com\",\"description\":\"\",\"potentialAction\":[{\"@type\":\"SearchAction\",\"target\":{\"@type\":\"EntryPoint\",\"urlTemplate\":\"https:\/\/metaltale.com\/lv\/?s={search_term_string}\"},\"query-input\":{\"@type\":\"PropertyValueSpecification\",\"valueRequired\":true,\"valueName\":\"search_term_string\"}}],\"inLanguage\":\"lv-LV\"}]}<\/script>\n<!-- \/ Yoast SEO plugin. -->","yoast_head_json":{"title":"Industri\u0101lais rakst\u0101mgalds T\u0112RAUDS 1 - MetalTale.com","robots":{"index":"index","follow":"follow","max-snippet":"max-snippet:-1","max-image-preview":"max-image-preview:large","max-video-preview":"max-video-preview:-1"},"canonical":"https:\/\/metaltale.com\/lv\/produkts\/industrialais-rakstamgalds-terauds-1\/","og_locale":"lv_LV","og_type":"article","og_title":"Industri\u0101lais rakst\u0101mgalds T\u0112RAUDS 1 - MetalTale.com","og_description":"Modelis ZA.SW.BMET T\u0113rauda koka kolekcija EAN. 5905369912894 Materi\u0101ls Priede, t\u0113rauds Kop\u0113jais augstums (cm ) 79 Kop\u0113jais platums (cm ) 140","og_url":"https:\/\/metaltale.com\/lv\/produkts\/industrialais-rakstamgalds-terauds-1\/","og_site_name":"MetalTale.com","twitter_card":"summary_large_image","twitter_misc":{"Est. reading time":"1 minute"},"schema":{"@context":"https:\/\/schema.org","@graph":[{"@type":"WebPage","@id":"https:\/\/metaltale.com\/lv\/produkts\/industrialais-rakstamgalds-terauds-1\/","url":"https:\/\/metaltale.com\/lv\/produkts\/industrialais-rakstamgalds-terauds-1\/","name":"Industri\u0101lais rakst\u0101mgalds T\u0112RAUDS 1 - MetalTale.com","isPartOf":{"@id":"https:\/\/metaltale.com\/lv\/#website"},"primaryImageOfPage":{"@id":"https:\/\/metaltale.com\/lv\/produkts\/industrialais-rakstamgalds-terauds-1\/#primaryimage"},"image":{"@id":"https:\/\/metaltale.com\/lv\/produkts\/industrialais-rakstamgalds-terauds-1\/#primaryimage"},"thumbnailUrl":"https:\/\/metaltale.com\/wp-content\/uploads\/2023\/12\/loft-rasomasis-stalas.jpg","datePublished":"2024-02-13T13:19:05+00:00","breadcrumb":{"@id":"https:\/\/metaltale.com\/lv\/produkts\/industrialais-rakstamgalds-terauds-1\/#breadcrumb"},"inLanguage":"lv-LV","potentialAction":[{"@type":"ReadAction","target":["https:\/\/metaltale.com\/lv\/produkts\/industrialais-rakstamgalds-terauds-1\/"]}]},{"@type":"ImageObject","inLanguage":"lv-LV","@id":"https:\/\/metaltale.com\/lv\/produkts\/industrialais-rakstamgalds-terauds-1\/#primaryimage","url":"https:\/\/metaltale.com\/wp-content\/uploads\/2023\/12\/loft-rasomasis-stalas.jpg","contentUrl":"https:\/\/metaltale.com\/wp-content\/uploads\/2023\/12\/loft-rasomasis-stalas.jpg","width":800,"height":800,"caption":"z\u012bm\u0113\u0161anas tabula"},{"@type":"BreadcrumbList","@id":"https:\/\/metaltale.com\/lv\/produkts\/industrialais-rakstamgalds-terauds-1\/#breadcrumb","itemListElement":[{"@type":"ListItem","position":1,"name":"Home","item":"https:\/\/metaltale.com\/lv\/majas\/"},{"@type":"ListItem","position":2,"name":"Veikals","item":"https:\/\/metaltale.com\/lv\/shop\/"},{"@type":"ListItem","position":3,"name":"Industri\u0101lais rakst\u0101mgalds T\u0112RAUDS 1"}]},{"@type":"WebSite","@id":"https:\/\/metaltale.com\/lv\/#website","url":"https:\/\/metaltale.com\/lv\/","name":"Metaltale.com","description":"","potentialAction":[{"@type":"SearchAction","target":{"@type":"EntryPoint","urlTemplate":"https:\/\/metaltale.com\/lv\/?s={search_term_string}"},"query-input":{"@type":"PropertyValueSpecification","valueRequired":true,"valueName":"search_term_string"}}],"inLanguage":"lv-LV"}]}},"_links":{"self":[{"href":"https:\/\/metaltale.com\/lv\/wp-json\/wp\/v2\/product\/134206","targetHints":{"allow":["GET"]}}],"collection":[{"href":"https:\/\/metaltale.com\/lv\/wp-json\/wp\/v2\/product"}],"about":[{"href":"https:\/\/metaltale.com\/lv\/wp-json\/wp\/v2\/types\/product"}],"replies":[{"embeddable":true,"href":"https:\/\/metaltale.com\/lv\/wp-json\/wp\/v2\/comments?post=134206"}],"version-history":[{"count":0,"href":"https:\/\/metaltale.com\/lv\/wp-json\/wp\/v2\/product\/134206\/revisions"}],"wp:featuredmedia":[{"embeddable":true,"href":"https:\/\/metaltale.com\/lv\/wp-json\/wp\/v2\/media\/119679"}],"wp:attachment":[{"href":"https:\/\/metaltale.com\/lv\/wp-json\/wp\/v2\/media?parent=134206"}],"wp:term":[{"taxonomy":"product_brand","embeddable":true,"href":"https:\/\/metaltale.com\/lv\/wp-json\/wp\/v2\/product_brand?post=134206"},{"taxonomy":"product_cat","embeddable":true,"href":"https:\/\/metaltale.com\/lv\/wp-json\/wp\/v2\/product_cat?post=134206"},{"taxonomy":"product_tag","embeddable":true,"href":"https:\/\/metaltale.com\/lv\/wp-json\/wp\/v2\/product_tag?post=134206"}],"curies":[{"name":"wp","href":"https:\/\/api.w.org\/{rel}","templated":true}]}}