{"id":134186,"date":"2024-02-13T15:15:50","date_gmt":"2024-02-13T13:15:50","guid":{"rendered":"https:\/\/metaltale.com\/produktas\/3d-metala-attels-female-act-2-60x100-cm\/"},"modified":"2024-02-13T15:15:50","modified_gmt":"2024-02-13T13:15:50","slug":"3d-metala-attels-female-act-2-60x100-cm","status":"publish","type":"product","link":"https:\/\/metaltale.com\/lv\/produkts\/3d-metala-attels-female-act-2-60x100-cm\/","title":{"rendered":"3D met\u0101la att\u0113ls FEMALE ACT 2; 60&#215;100 cm"},"content":{"rendered":"<div class=\"prod_data\">\n<p><strong>Modelis<\/strong> PT. L22057<br \/>\n<strong>Platums (cm<\/strong> ) 60<br \/>\n<strong>Augstums (cm<\/strong> ) 100<br \/>\n<strong>Biezums (cm<\/strong> ) 5<br \/>\n<strong>Materi\u0101ls<\/strong> T\u0113rauds<br \/>\n<strong>Formas<\/strong> Taisnst\u016bra <strong>formas<\/strong><br \/>\nOrient\u0101cija Vertik\u0101l\u0101<br \/>\nCilv\u0113ki ar mot\u012bviem<\/p>\n<p>met\u0101la 3D att\u0113ls no p\u0101rstr\u0101d\u0101ta t\u0113rauda<\/p>\n<p>Faktiskie izvirz\u012bjumi<\/p>\n<p>kr\u0101sas, ko rada kr\u0101sa vai dabiska kr\u0101sas mai\u0146a un korozija.<\/p>\n<p>Impregn\u0113\u0161ana ar caursp\u012bd\u012bgu laku garant\u0113 kr\u0101sas notur\u012bbu un iztur\u012bbu pret skr\u0101p\u0113jumiem.<\/p>\n<p>\u0160aj\u0101 att\u0113l\u0101 redzama kaila sieviete<\/p>\n<hr>\n<p>Par\u0101d\u012btais tr\u012bsdimensiju att\u0113ls ir izgatavots no p\u0101rstr\u0101d\u0101ta t\u0113rauda, t\u0101p\u0113c tam ir re\u0101las p\u0101rkares. Akt\u012bva sieviete tika att\u0113lota minim\u0101lisma stil\u0101, un gleznas kr\u0101sas tika ietur\u0113tas br\u016bnos to\u0146os, kas kop\u0101 ar met\u0101lisku fakt\u016bru pie\u0161\u0137ir tai neapstr\u0101d\u0101tu raksturu. \u0160is 3D met\u0101la gleznojums sievi\u0161\u0137\u012bg\u0101 stil\u0101 nude loft stil\u0101 b\u016bs lielisks papildin\u0101jums m\u016bsdien\u012bgiem un industri\u0101liem interjeriem. Neatkar\u012bgi no t\u0101, vai tas atrodas viesistab\u0101, gu\u013camistab\u0101 vai darbistab\u0101, tas noteikti piesaist\u012bs uzman\u012bbu un pie\u0161\u0137irs j\u016bsu telpai unik\u0101lu atmosf\u0113ru. 3D met\u0101liskais att\u0113ls ir apdare, kas lau\u017e formu, un t\u0101 ir ar\u012b lieliska d\u0101vin\u0101juma ideja. M\u0101kslas darbu piestiprin\u0101\u0161ana ir iesp\u0113jama, pateicoties komplekt\u0101 iek\u013cautajiem stiprin\u0101jumiem.<\/p>\n<\/div>\n","protected":false},"excerpt":{"rendered":"<p>Modelis PT. L22057 Platums (cm ) 60 Augstums (cm ) 100 Biezums (cm ) 5 Materi\u0101ls T\u0113rauds Formas Taisnst\u016bra formas<\/p>\n","protected":false},"featured_media":74926,"comment_status":"open","ping_status":"closed","template":"","meta":{"_acf_changed":false,"pmpro_default_level":""},"product_brand":[],"product_cat":[24055,23908],"product_tag":[],"class_list":{"0":"post-134186","1":"product","2":"type-product","3":"status-publish","4":"has-post-thumbnail","6":"product_cat-rotajumi","7":"product_cat-3d-paveikslai-lv","8":"pmpro-has-access","10":"first","11":"instock","12":"shipping-taxable","13":"purchasable","14":"product-type-simple"},"acf":[],"yoast_head":"<!-- This site is optimized with the Yoast SEO plugin v24.9 - https:\/\/yoast.com\/wordpress\/plugins\/seo\/ -->\n<title>3D met\u0101la att\u0113ls FEMALE ACT 2; 60x100 cm - MetalTale.com<\/title>\n<meta name=\"robots\" content=\"index, follow, max-snippet:-1, max-image-preview:large, max-video-preview:-1\" \/>\n<link rel=\"canonical\" href=\"https:\/\/metaltale.com\/lv\/produkts\/3d-metala-attels-female-act-2-60x100-cm\/\" \/>\n<meta property=\"og:locale\" content=\"lv_LV\" \/>\n<meta property=\"og:type\" content=\"article\" \/>\n<meta property=\"og:title\" content=\"3D met\u0101la att\u0113ls FEMALE ACT 2; 60x100 cm - MetalTale.com\" \/>\n<meta property=\"og:description\" content=\"Modelis PT. L22057 Platums (cm ) 60 Augstums (cm ) 100 Biezums (cm ) 5 Materi\u0101ls T\u0113rauds Formas Taisnst\u016bra formas\" \/>\n<meta property=\"og:url\" content=\"https:\/\/metaltale.com\/lv\/produkts\/3d-metala-attels-female-act-2-60x100-cm\/\" \/>\n<meta property=\"og:site_name\" content=\"MetalTale.com\" \/>\n<meta name=\"twitter:card\" content=\"summary_large_image\" \/>\n<meta name=\"twitter:label1\" content=\"Est. reading time\" \/>\n\t<meta name=\"twitter:data1\" content=\"1 minute\" \/>\n<script type=\"application\/ld+json\" class=\"yoast-schema-graph\">{\"@context\":\"https:\/\/schema.org\",\"@graph\":[{\"@type\":\"WebPage\",\"@id\":\"https:\/\/metaltale.com\/lv\/produkts\/3d-metala-attels-female-act-2-60x100-cm\/\",\"url\":\"https:\/\/metaltale.com\/lv\/produkts\/3d-metala-attels-female-act-2-60x100-cm\/\",\"name\":\"3D met\u0101la att\u0113ls FEMALE ACT 2; 60x100 cm - MetalTale.com\",\"isPartOf\":{\"@id\":\"https:\/\/metaltale.com\/lv\/#website\"},\"primaryImageOfPage\":{\"@id\":\"https:\/\/metaltale.com\/lv\/produkts\/3d-metala-attels-female-act-2-60x100-cm\/#primaryimage\"},\"image\":{\"@id\":\"https:\/\/metaltale.com\/lv\/produkts\/3d-metala-attels-female-act-2-60x100-cm\/#primaryimage\"},\"thumbnailUrl\":\"https:\/\/metaltale.com\/wp-content\/uploads\/2023\/09\/Metalo-tapybos-3D-palx117px117-MOTERIx160KAS-AKTAS-2.jpg\",\"datePublished\":\"2024-02-13T13:15:50+00:00\",\"breadcrumb\":{\"@id\":\"https:\/\/metaltale.com\/lv\/produkts\/3d-metala-attels-female-act-2-60x100-cm\/#breadcrumb\"},\"inLanguage\":\"lv-LV\",\"potentialAction\":[{\"@type\":\"ReadAction\",\"target\":[\"https:\/\/metaltale.com\/lv\/produkts\/3d-metala-attels-female-act-2-60x100-cm\/\"]}]},{\"@type\":\"ImageObject\",\"inLanguage\":\"lv-LV\",\"@id\":\"https:\/\/metaltale.com\/lv\/produkts\/3d-metala-attels-female-act-2-60x100-cm\/#primaryimage\",\"url\":\"https:\/\/metaltale.com\/wp-content\/uploads\/2023\/09\/Metalo-tapybos-3D-palx117px117-MOTERIx160KAS-AKTAS-2.jpg\",\"contentUrl\":\"https:\/\/metaltale.com\/wp-content\/uploads\/2023\/09\/Metalo-tapybos-3D-palx117px117-MOTERIx160KAS-AKTAS-2.jpg\",\"width\":800,\"height\":800},{\"@type\":\"BreadcrumbList\",\"@id\":\"https:\/\/metaltale.com\/lv\/produkts\/3d-metala-attels-female-act-2-60x100-cm\/#breadcrumb\",\"itemListElement\":[{\"@type\":\"ListItem\",\"position\":1,\"name\":\"Home\",\"item\":\"https:\/\/metaltale.com\/lv\/majas\/\"},{\"@type\":\"ListItem\",\"position\":2,\"name\":\"Veikals\",\"item\":\"https:\/\/metaltale.com\/lv\/shop\/\"},{\"@type\":\"ListItem\",\"position\":3,\"name\":\"3D met\u0101la att\u0113ls FEMALE ACT 2; 60&#215;100 cm\"}]},{\"@type\":\"WebSite\",\"@id\":\"https:\/\/metaltale.com\/lv\/#website\",\"url\":\"https:\/\/metaltale.com\/lv\/\",\"name\":\"Metaltale.com\",\"description\":\"\",\"potentialAction\":[{\"@type\":\"SearchAction\",\"target\":{\"@type\":\"EntryPoint\",\"urlTemplate\":\"https:\/\/metaltale.com\/lv\/?s={search_term_string}\"},\"query-input\":{\"@type\":\"PropertyValueSpecification\",\"valueRequired\":true,\"valueName\":\"search_term_string\"}}],\"inLanguage\":\"lv-LV\"}]}<\/script>\n<!-- \/ Yoast SEO plugin. -->","yoast_head_json":{"title":"3D met\u0101la att\u0113ls FEMALE ACT 2; 60x100 cm - MetalTale.com","robots":{"index":"index","follow":"follow","max-snippet":"max-snippet:-1","max-image-preview":"max-image-preview:large","max-video-preview":"max-video-preview:-1"},"canonical":"https:\/\/metaltale.com\/lv\/produkts\/3d-metala-attels-female-act-2-60x100-cm\/","og_locale":"lv_LV","og_type":"article","og_title":"3D met\u0101la att\u0113ls FEMALE ACT 2; 60x100 cm - MetalTale.com","og_description":"Modelis PT. L22057 Platums (cm ) 60 Augstums (cm ) 100 Biezums (cm ) 5 Materi\u0101ls T\u0113rauds Formas Taisnst\u016bra formas","og_url":"https:\/\/metaltale.com\/lv\/produkts\/3d-metala-attels-female-act-2-60x100-cm\/","og_site_name":"MetalTale.com","twitter_card":"summary_large_image","twitter_misc":{"Est. reading time":"1 minute"},"schema":{"@context":"https:\/\/schema.org","@graph":[{"@type":"WebPage","@id":"https:\/\/metaltale.com\/lv\/produkts\/3d-metala-attels-female-act-2-60x100-cm\/","url":"https:\/\/metaltale.com\/lv\/produkts\/3d-metala-attels-female-act-2-60x100-cm\/","name":"3D met\u0101la att\u0113ls FEMALE ACT 2; 60x100 cm - MetalTale.com","isPartOf":{"@id":"https:\/\/metaltale.com\/lv\/#website"},"primaryImageOfPage":{"@id":"https:\/\/metaltale.com\/lv\/produkts\/3d-metala-attels-female-act-2-60x100-cm\/#primaryimage"},"image":{"@id":"https:\/\/metaltale.com\/lv\/produkts\/3d-metala-attels-female-act-2-60x100-cm\/#primaryimage"},"thumbnailUrl":"https:\/\/metaltale.com\/wp-content\/uploads\/2023\/09\/Metalo-tapybos-3D-palx117px117-MOTERIx160KAS-AKTAS-2.jpg","datePublished":"2024-02-13T13:15:50+00:00","breadcrumb":{"@id":"https:\/\/metaltale.com\/lv\/produkts\/3d-metala-attels-female-act-2-60x100-cm\/#breadcrumb"},"inLanguage":"lv-LV","potentialAction":[{"@type":"ReadAction","target":["https:\/\/metaltale.com\/lv\/produkts\/3d-metala-attels-female-act-2-60x100-cm\/"]}]},{"@type":"ImageObject","inLanguage":"lv-LV","@id":"https:\/\/metaltale.com\/lv\/produkts\/3d-metala-attels-female-act-2-60x100-cm\/#primaryimage","url":"https:\/\/metaltale.com\/wp-content\/uploads\/2023\/09\/Metalo-tapybos-3D-palx117px117-MOTERIx160KAS-AKTAS-2.jpg","contentUrl":"https:\/\/metaltale.com\/wp-content\/uploads\/2023\/09\/Metalo-tapybos-3D-palx117px117-MOTERIx160KAS-AKTAS-2.jpg","width":800,"height":800},{"@type":"BreadcrumbList","@id":"https:\/\/metaltale.com\/lv\/produkts\/3d-metala-attels-female-act-2-60x100-cm\/#breadcrumb","itemListElement":[{"@type":"ListItem","position":1,"name":"Home","item":"https:\/\/metaltale.com\/lv\/majas\/"},{"@type":"ListItem","position":2,"name":"Veikals","item":"https:\/\/metaltale.com\/lv\/shop\/"},{"@type":"ListItem","position":3,"name":"3D met\u0101la att\u0113ls FEMALE ACT 2; 60&#215;100 cm"}]},{"@type":"WebSite","@id":"https:\/\/metaltale.com\/lv\/#website","url":"https:\/\/metaltale.com\/lv\/","name":"Metaltale.com","description":"","potentialAction":[{"@type":"SearchAction","target":{"@type":"EntryPoint","urlTemplate":"https:\/\/metaltale.com\/lv\/?s={search_term_string}"},"query-input":{"@type":"PropertyValueSpecification","valueRequired":true,"valueName":"search_term_string"}}],"inLanguage":"lv-LV"}]}},"_links":{"self":[{"href":"https:\/\/metaltale.com\/lv\/wp-json\/wp\/v2\/product\/134186","targetHints":{"allow":["GET"]}}],"collection":[{"href":"https:\/\/metaltale.com\/lv\/wp-json\/wp\/v2\/product"}],"about":[{"href":"https:\/\/metaltale.com\/lv\/wp-json\/wp\/v2\/types\/product"}],"replies":[{"embeddable":true,"href":"https:\/\/metaltale.com\/lv\/wp-json\/wp\/v2\/comments?post=134186"}],"version-history":[{"count":0,"href":"https:\/\/metaltale.com\/lv\/wp-json\/wp\/v2\/product\/134186\/revisions"}],"wp:featuredmedia":[{"embeddable":true,"href":"https:\/\/metaltale.com\/lv\/wp-json\/wp\/v2\/media\/74926"}],"wp:attachment":[{"href":"https:\/\/metaltale.com\/lv\/wp-json\/wp\/v2\/media?parent=134186"}],"wp:term":[{"taxonomy":"product_brand","embeddable":true,"href":"https:\/\/metaltale.com\/lv\/wp-json\/wp\/v2\/product_brand?post=134186"},{"taxonomy":"product_cat","embeddable":true,"href":"https:\/\/metaltale.com\/lv\/wp-json\/wp\/v2\/product_cat?post=134186"},{"taxonomy":"product_tag","embeddable":true,"href":"https:\/\/metaltale.com\/lv\/wp-json\/wp\/v2\/product_tag?post=134186"}],"curies":[{"name":"wp","href":"https:\/\/api.w.org\/{rel}","templated":true}]}}