{"id":134174,"date":"2024-02-13T14:29:05","date_gmt":"2024-02-13T12:29:05","guid":{"rendered":"https:\/\/metaltale.com\/produktas\/3d-metalisks-loft-auto-mustang-2-120x80-cm\/"},"modified":"2024-02-13T14:29:05","modified_gmt":"2024-02-13T12:29:05","slug":"3d-metalisks-loft-auto-mustang-2-120x80-cm","status":"publish","type":"product","link":"https:\/\/metaltale.com\/lv\/produkts\/3d-metalisks-loft-auto-mustang-2-120x80-cm\/","title":{"rendered":"3D met\u0101lisks LOFT AUTO MUSTANG 2; 120&#215;80 cm"},"content":{"rendered":"<div class=\"prod_data\">\n<p><strong>Modelis<\/strong> PT. G130628<br \/>\n<strong>EAN.<\/strong>  5907772073292<br \/>\n<strong>Platums (cm)<\/strong> 120<br \/>\n<strong>Augstums (cm<\/strong> ) 80<br \/>\n<strong>Biezums (cm<\/strong> ) 5<br \/>\n<strong>Materi\u0101ls<\/strong> T\u0113rauds<br \/>\nOrient\u0101cija Horizont\u0101l\u0101<br \/>\nMotiva motoriz\u0101cija<\/p>\n<p>&#8211; met\u0101la 3D att\u0113ls no p\u0101rstr\u0101d\u0101ta t\u0113rauda<br \/>\n&#8211; faktiskie izvirz\u012bjumi<br \/>\n&#8211; kr\u0101sas, ko rada kr\u0101sa vai dabiska kr\u0101sas mai\u0146a un korozija.<br \/>\n&#8211; impregn\u0113\u0161ana ar caursp\u012bd\u012bgu laku garant\u0113 kr\u0101sas notur\u012bbu un iztur\u012bbu pret skr\u0101p\u0113jumiem.<br \/>\n&#8211; \u0160aj\u0101 att\u0113l\u0101 redzams Mustang automobilis<\/p>\n<hr>\n<p>Vecais 3D met\u0101liskais izskats \u012bsteni amerik\u0101\u0146u stil\u0101 priec\u0113 automobi\u013cu fanu. Ikoniskais Mustang automobilis bija redzams ko\u0161\u0101s kr\u0101s\u0101s uz ASV karoga fona. Sarkan\u0101s un balt\u0101s kr\u0101sas dominante atdz\u012bvin\u0101s jebkuru interjeru. Le\u0123end\u0101rais retro automobilis lieliski atbilst iecer\u0113tajam korozijas efektam. Unik\u0101lais tr\u012bsdimensiju efekts pie\u0161\u0137ir apdarei dzi\u013cumu, un p\u0101rstr\u0101d\u0101t\u0101 t\u0113rauda izmanto\u0161ana ir p\u0101rlaic\u012bga. Lofta sienu rot\u0101jums ar senatn\u012bguma pieska\u0146u ieder\u0113sies daudzos interjera stilos un var b\u016bt ar\u012b neparasta d\u0101vana. Nelielajam m\u0101kslas darbam, kas piestiprin\u0101ts pie sienas, ir pievienoti stiprin\u0101juma kron\u0161teini. Rokdarbi garant\u0113 katra eksempl\u0101ra unikalit\u0101ti. Iepriek\u0161min\u0113t\u0101 r\u016bsas, nokritu\u0161\u0101s kr\u0101sas p\u0113das un skr\u0101p\u0113jumi att\u0113lam pie\u0161\u0137ir industri\u0101lu naglu. Neparast\u0101 un sh\u0113mu lau\u017eo\u0161\u0101 t\u0113rauda glezna ir gaum\u012bgs m\u0101kslas darbs m\u016bsdien\u012bg\u0101 izdevum\u0101.<\/p>\n<\/div>\n","protected":false},"excerpt":{"rendered":"<p>Modelis PT. G130628 EAN. 5907772073292 Platums (cm) 120 Augstums (cm ) 80 Biezums (cm ) 5 Materi\u0101ls T\u0113rauds Orient\u0101cija Horizont\u0101l\u0101<\/p>\n","protected":false},"featured_media":69496,"comment_status":"open","ping_status":"closed","template":"","meta":{"_acf_changed":false,"pmpro_default_level":""},"product_brand":[],"product_cat":[24055,23908],"product_tag":[],"class_list":{"0":"post-134174","1":"product","2":"type-product","3":"status-publish","4":"has-post-thumbnail","6":"product_cat-rotajumi","7":"product_cat-3d-paveikslai-lv","8":"pmpro-has-access","10":"first","11":"instock","12":"shipping-taxable","13":"purchasable","14":"product-type-simple"},"acf":[],"yoast_head":"<!-- This site is optimized with the Yoast SEO plugin v24.9 - https:\/\/yoast.com\/wordpress\/plugins\/seo\/ -->\n<title>3D met\u0101lisks LOFT AUTO MUSTANG 2; 120x80 cm - MetalTale.com<\/title>\n<meta name=\"robots\" content=\"index, follow, max-snippet:-1, max-image-preview:large, max-video-preview:-1\" \/>\n<link rel=\"canonical\" href=\"https:\/\/metaltale.com\/lv\/produkts\/3d-metalisks-loft-auto-mustang-2-120x80-cm\/\" \/>\n<meta property=\"og:locale\" content=\"lv_LV\" \/>\n<meta property=\"og:type\" content=\"article\" \/>\n<meta property=\"og:title\" content=\"3D met\u0101lisks LOFT AUTO MUSTANG 2; 120x80 cm - MetalTale.com\" \/>\n<meta property=\"og:description\" content=\"Modelis PT. G130628 EAN. 5907772073292 Platums (cm) 120 Augstums (cm ) 80 Biezums (cm ) 5 Materi\u0101ls T\u0113rauds Orient\u0101cija Horizont\u0101l\u0101\" \/>\n<meta property=\"og:url\" content=\"https:\/\/metaltale.com\/lv\/produkts\/3d-metalisks-loft-auto-mustang-2-120x80-cm\/\" \/>\n<meta property=\"og:site_name\" content=\"MetalTale.com\" \/>\n<meta name=\"twitter:card\" content=\"summary_large_image\" \/>\n<meta name=\"twitter:label1\" content=\"Est. reading time\" \/>\n\t<meta name=\"twitter:data1\" content=\"1 minute\" \/>\n<script type=\"application\/ld+json\" class=\"yoast-schema-graph\">{\"@context\":\"https:\/\/schema.org\",\"@graph\":[{\"@type\":\"WebPage\",\"@id\":\"https:\/\/metaltale.com\/lv\/produkts\/3d-metalisks-loft-auto-mustang-2-120x80-cm\/\",\"url\":\"https:\/\/metaltale.com\/lv\/produkts\/3d-metalisks-loft-auto-mustang-2-120x80-cm\/\",\"name\":\"3D met\u0101lisks LOFT AUTO MUSTANG 2; 120x80 cm - MetalTale.com\",\"isPartOf\":{\"@id\":\"https:\/\/metaltale.com\/lv\/#website\"},\"primaryImageOfPage\":{\"@id\":\"https:\/\/metaltale.com\/lv\/produkts\/3d-metalisks-loft-auto-mustang-2-120x80-cm\/#primaryimage\"},\"image\":{\"@id\":\"https:\/\/metaltale.com\/lv\/produkts\/3d-metalisks-loft-auto-mustang-2-120x80-cm\/#primaryimage\"},\"thumbnailUrl\":\"https:\/\/metaltale.com\/wp-content\/uploads\/2023\/09\/3D-vaizdas-LOFT-AUTO-MUSTANG-2.jpg\",\"datePublished\":\"2024-02-13T12:29:05+00:00\",\"breadcrumb\":{\"@id\":\"https:\/\/metaltale.com\/lv\/produkts\/3d-metalisks-loft-auto-mustang-2-120x80-cm\/#breadcrumb\"},\"inLanguage\":\"lv-LV\",\"potentialAction\":[{\"@type\":\"ReadAction\",\"target\":[\"https:\/\/metaltale.com\/lv\/produkts\/3d-metalisks-loft-auto-mustang-2-120x80-cm\/\"]}]},{\"@type\":\"ImageObject\",\"inLanguage\":\"lv-LV\",\"@id\":\"https:\/\/metaltale.com\/lv\/produkts\/3d-metalisks-loft-auto-mustang-2-120x80-cm\/#primaryimage\",\"url\":\"https:\/\/metaltale.com\/wp-content\/uploads\/2023\/09\/3D-vaizdas-LOFT-AUTO-MUSTANG-2.jpg\",\"contentUrl\":\"https:\/\/metaltale.com\/wp-content\/uploads\/2023\/09\/3D-vaizdas-LOFT-AUTO-MUSTANG-2.jpg\",\"width\":800,\"height\":800},{\"@type\":\"BreadcrumbList\",\"@id\":\"https:\/\/metaltale.com\/lv\/produkts\/3d-metalisks-loft-auto-mustang-2-120x80-cm\/#breadcrumb\",\"itemListElement\":[{\"@type\":\"ListItem\",\"position\":1,\"name\":\"Home\",\"item\":\"https:\/\/metaltale.com\/lv\/majas\/\"},{\"@type\":\"ListItem\",\"position\":2,\"name\":\"Veikals\",\"item\":\"https:\/\/metaltale.com\/lv\/shop\/\"},{\"@type\":\"ListItem\",\"position\":3,\"name\":\"3D met\u0101lisks LOFT AUTO MUSTANG 2; 120&#215;80 cm\"}]},{\"@type\":\"WebSite\",\"@id\":\"https:\/\/metaltale.com\/lv\/#website\",\"url\":\"https:\/\/metaltale.com\/lv\/\",\"name\":\"Metaltale.com\",\"description\":\"\",\"potentialAction\":[{\"@type\":\"SearchAction\",\"target\":{\"@type\":\"EntryPoint\",\"urlTemplate\":\"https:\/\/metaltale.com\/lv\/?s={search_term_string}\"},\"query-input\":{\"@type\":\"PropertyValueSpecification\",\"valueRequired\":true,\"valueName\":\"search_term_string\"}}],\"inLanguage\":\"lv-LV\"}]}<\/script>\n<!-- \/ Yoast SEO plugin. -->","yoast_head_json":{"title":"3D met\u0101lisks LOFT AUTO MUSTANG 2; 120x80 cm - MetalTale.com","robots":{"index":"index","follow":"follow","max-snippet":"max-snippet:-1","max-image-preview":"max-image-preview:large","max-video-preview":"max-video-preview:-1"},"canonical":"https:\/\/metaltale.com\/lv\/produkts\/3d-metalisks-loft-auto-mustang-2-120x80-cm\/","og_locale":"lv_LV","og_type":"article","og_title":"3D met\u0101lisks LOFT AUTO MUSTANG 2; 120x80 cm - MetalTale.com","og_description":"Modelis PT. G130628 EAN. 5907772073292 Platums (cm) 120 Augstums (cm ) 80 Biezums (cm ) 5 Materi\u0101ls T\u0113rauds Orient\u0101cija Horizont\u0101l\u0101","og_url":"https:\/\/metaltale.com\/lv\/produkts\/3d-metalisks-loft-auto-mustang-2-120x80-cm\/","og_site_name":"MetalTale.com","twitter_card":"summary_large_image","twitter_misc":{"Est. reading time":"1 minute"},"schema":{"@context":"https:\/\/schema.org","@graph":[{"@type":"WebPage","@id":"https:\/\/metaltale.com\/lv\/produkts\/3d-metalisks-loft-auto-mustang-2-120x80-cm\/","url":"https:\/\/metaltale.com\/lv\/produkts\/3d-metalisks-loft-auto-mustang-2-120x80-cm\/","name":"3D met\u0101lisks LOFT AUTO MUSTANG 2; 120x80 cm - MetalTale.com","isPartOf":{"@id":"https:\/\/metaltale.com\/lv\/#website"},"primaryImageOfPage":{"@id":"https:\/\/metaltale.com\/lv\/produkts\/3d-metalisks-loft-auto-mustang-2-120x80-cm\/#primaryimage"},"image":{"@id":"https:\/\/metaltale.com\/lv\/produkts\/3d-metalisks-loft-auto-mustang-2-120x80-cm\/#primaryimage"},"thumbnailUrl":"https:\/\/metaltale.com\/wp-content\/uploads\/2023\/09\/3D-vaizdas-LOFT-AUTO-MUSTANG-2.jpg","datePublished":"2024-02-13T12:29:05+00:00","breadcrumb":{"@id":"https:\/\/metaltale.com\/lv\/produkts\/3d-metalisks-loft-auto-mustang-2-120x80-cm\/#breadcrumb"},"inLanguage":"lv-LV","potentialAction":[{"@type":"ReadAction","target":["https:\/\/metaltale.com\/lv\/produkts\/3d-metalisks-loft-auto-mustang-2-120x80-cm\/"]}]},{"@type":"ImageObject","inLanguage":"lv-LV","@id":"https:\/\/metaltale.com\/lv\/produkts\/3d-metalisks-loft-auto-mustang-2-120x80-cm\/#primaryimage","url":"https:\/\/metaltale.com\/wp-content\/uploads\/2023\/09\/3D-vaizdas-LOFT-AUTO-MUSTANG-2.jpg","contentUrl":"https:\/\/metaltale.com\/wp-content\/uploads\/2023\/09\/3D-vaizdas-LOFT-AUTO-MUSTANG-2.jpg","width":800,"height":800},{"@type":"BreadcrumbList","@id":"https:\/\/metaltale.com\/lv\/produkts\/3d-metalisks-loft-auto-mustang-2-120x80-cm\/#breadcrumb","itemListElement":[{"@type":"ListItem","position":1,"name":"Home","item":"https:\/\/metaltale.com\/lv\/majas\/"},{"@type":"ListItem","position":2,"name":"Veikals","item":"https:\/\/metaltale.com\/lv\/shop\/"},{"@type":"ListItem","position":3,"name":"3D met\u0101lisks LOFT AUTO MUSTANG 2; 120&#215;80 cm"}]},{"@type":"WebSite","@id":"https:\/\/metaltale.com\/lv\/#website","url":"https:\/\/metaltale.com\/lv\/","name":"Metaltale.com","description":"","potentialAction":[{"@type":"SearchAction","target":{"@type":"EntryPoint","urlTemplate":"https:\/\/metaltale.com\/lv\/?s={search_term_string}"},"query-input":{"@type":"PropertyValueSpecification","valueRequired":true,"valueName":"search_term_string"}}],"inLanguage":"lv-LV"}]}},"_links":{"self":[{"href":"https:\/\/metaltale.com\/lv\/wp-json\/wp\/v2\/product\/134174","targetHints":{"allow":["GET"]}}],"collection":[{"href":"https:\/\/metaltale.com\/lv\/wp-json\/wp\/v2\/product"}],"about":[{"href":"https:\/\/metaltale.com\/lv\/wp-json\/wp\/v2\/types\/product"}],"replies":[{"embeddable":true,"href":"https:\/\/metaltale.com\/lv\/wp-json\/wp\/v2\/comments?post=134174"}],"version-history":[{"count":0,"href":"https:\/\/metaltale.com\/lv\/wp-json\/wp\/v2\/product\/134174\/revisions"}],"wp:featuredmedia":[{"embeddable":true,"href":"https:\/\/metaltale.com\/lv\/wp-json\/wp\/v2\/media\/69496"}],"wp:attachment":[{"href":"https:\/\/metaltale.com\/lv\/wp-json\/wp\/v2\/media?parent=134174"}],"wp:term":[{"taxonomy":"product_brand","embeddable":true,"href":"https:\/\/metaltale.com\/lv\/wp-json\/wp\/v2\/product_brand?post=134174"},{"taxonomy":"product_cat","embeddable":true,"href":"https:\/\/metaltale.com\/lv\/wp-json\/wp\/v2\/product_cat?post=134174"},{"taxonomy":"product_tag","embeddable":true,"href":"https:\/\/metaltale.com\/lv\/wp-json\/wp\/v2\/product_tag?post=134174"}],"curies":[{"name":"wp","href":"https:\/\/api.w.org\/{rel}","templated":true}]}}