{"id":134166,"date":"2024-02-13T13:17:48","date_gmt":"2024-02-13T11:17:48","guid":{"rendered":"https:\/\/metaltale.com\/produktas\/3d-metalisks-attels-loft-bike-2-100x100-cm\/"},"modified":"2024-02-13T13:17:48","modified_gmt":"2024-02-13T11:17:48","slug":"3d-metalisks-attels-loft-bike-2-100x100-cm","status":"publish","type":"product","link":"https:\/\/metaltale.com\/lv\/produkts\/3d-metalisks-attels-loft-bike-2-100x100-cm\/","title":{"rendered":"3D met\u0101lisks att\u0113ls LOFT BIKE 2; 100&#215;100 cm"},"content":{"rendered":"<div class=\"prod_data\">\n<p><strong>Modelis<\/strong> PT. P120810<br \/>\n<strong>EAN.<\/strong>  5907772072011<br \/>\nOrient\u0113\u0161an\u0101s Univers\u0101l\u0101<br \/>\nMotiva motoriz\u0101cija<br \/>\n<strong>Materi\u0101ls<\/strong> T\u0113rauds<br \/>\n<strong>Platums (cm)<\/strong> 100<br \/>\n<strong>Augstums (cm<\/strong> ) 100<br \/>\n<strong>Dzi\u013cums (cm<\/strong> ) 9<\/p>\n<p>&#8211; neparasts tr\u012bsdimensiju att\u0113ls no p\u0101rstr\u0101d\u0101ta t\u0113rauda.<br \/>\n&#8211; izstr\u0101d\u0101jumam ir re\u0101listiskas telpisk\u0101s p\u0101rkares.<br \/>\n&#8211; ar\u012b uz gleznot\u0101 att\u0113la ir daudz dabisku kr\u0101sas izmai\u0146u un r\u016bsas p\u0113du.<br \/>\n&#8211; izstr\u0101d\u0101juma impregn\u0113\u0161ana ar caursp\u012bd\u012bgu laku nodro\u0161ina virs vid\u0113j\u0101 l\u012bme\u0146a kr\u0101sas saglab\u0101\u0161anu.<\/p>\n<hr>\n<p>Tr\u012bsdimensiju gleznas ir lieliska d\u0101vin\u0101juma ideja, kas rot\u0101s j\u016bsu interjeru un uz daudziem gadiem rais\u012bs siltas atmi\u0146as. Pla\u0161ie, industri\u0101lie dekori, kas veidoti <span class=\"hiddenSpellError\"> p\u0113c manekenu principiem<\/span>, ne\u013cauj tiem paiet gar\u0101m, neapskatot tos. Tie piesaista uzman\u012bbu, atdz\u012bvina, papildina vai <span class=\"hiddenSpellError\">izce\u013c<\/span> b\u0113ni\u0146u <span class=\"hiddenSpellError\">interjera<\/span> raksturu. 3D gleznojumi ir \u012bsti m\u0101kslas darbi ar rok\u0101m veidotu apdari, dabisku t\u0113rauda kr\u0101sas mai\u0146u un dekorat\u012bvo deta\u013cu bag\u0101t\u012bbu, kam nav analogu tradicion\u0101laj\u0101 glezniec\u012bb\u0101. Pla\u0161ais telpisko rot\u0101jumu kl\u0101sts, kas pieejams <span class=\"hiddenSpellError\">vietn\u0113<\/span> store.pl, \u013cauj jums izv\u0113l\u0113ties pareizo j\u016bsu interjera apdarei.<\/p>\n<\/div>\n","protected":false},"excerpt":{"rendered":"<p>Modelis PT. P120810 EAN. 5907772072011 Orient\u0113\u0161an\u0101s Univers\u0101l\u0101 Motiva motoriz\u0101cija Materi\u0101ls T\u0113rauds Platums (cm) 100 Augstums (cm ) 100 Dzi\u013cums (cm<\/p>\n","protected":false},"featured_media":65281,"comment_status":"open","ping_status":"closed","template":"","meta":{"_acf_changed":false,"pmpro_default_level":""},"product_brand":[],"product_cat":[24055,23908],"product_tag":[],"class_list":{"0":"post-134166","1":"product","2":"type-product","3":"status-publish","4":"has-post-thumbnail","6":"product_cat-rotajumi","7":"product_cat-3d-paveikslai-lv","8":"pmpro-has-access","10":"first","11":"instock","12":"shipping-taxable","13":"purchasable","14":"product-type-simple"},"acf":[],"yoast_head":"<!-- This site is optimized with the Yoast SEO plugin v24.9 - https:\/\/yoast.com\/wordpress\/plugins\/seo\/ -->\n<title>3D met\u0101lisks att\u0113ls LOFT BIKE 2; 100x100 cm - MetalTale.com<\/title>\n<meta name=\"robots\" content=\"index, follow, max-snippet:-1, max-image-preview:large, max-video-preview:-1\" \/>\n<link rel=\"canonical\" href=\"https:\/\/metaltale.com\/lv\/produkts\/3d-metalisks-attels-loft-bike-2-100x100-cm\/\" \/>\n<meta property=\"og:locale\" content=\"lv_LV\" \/>\n<meta property=\"og:type\" content=\"article\" \/>\n<meta property=\"og:title\" content=\"3D met\u0101lisks att\u0113ls LOFT BIKE 2; 100x100 cm - MetalTale.com\" \/>\n<meta property=\"og:description\" content=\"Modelis PT. P120810 EAN. 5907772072011 Orient\u0113\u0161an\u0101s Univers\u0101l\u0101 Motiva motoriz\u0101cija Materi\u0101ls T\u0113rauds Platums (cm) 100 Augstums (cm ) 100 Dzi\u013cums (cm\" \/>\n<meta property=\"og:url\" content=\"https:\/\/metaltale.com\/lv\/produkts\/3d-metalisks-attels-loft-bike-2-100x100-cm\/\" \/>\n<meta property=\"og:site_name\" content=\"MetalTale.com\" \/>\n<meta name=\"twitter:card\" content=\"summary_large_image\" \/>\n<meta name=\"twitter:label1\" content=\"Est. reading time\" \/>\n\t<meta name=\"twitter:data1\" content=\"1 minute\" \/>\n<script type=\"application\/ld+json\" class=\"yoast-schema-graph\">{\"@context\":\"https:\/\/schema.org\",\"@graph\":[{\"@type\":\"WebPage\",\"@id\":\"https:\/\/metaltale.com\/lv\/produkts\/3d-metalisks-attels-loft-bike-2-100x100-cm\/\",\"url\":\"https:\/\/metaltale.com\/lv\/produkts\/3d-metalisks-attels-loft-bike-2-100x100-cm\/\",\"name\":\"3D met\u0101lisks att\u0113ls LOFT BIKE 2; 100x100 cm - MetalTale.com\",\"isPartOf\":{\"@id\":\"https:\/\/metaltale.com\/lv\/#website\"},\"primaryImageOfPage\":{\"@id\":\"https:\/\/metaltale.com\/lv\/produkts\/3d-metalisks-attels-loft-bike-2-100x100-cm\/#primaryimage\"},\"image\":{\"@id\":\"https:\/\/metaltale.com\/lv\/produkts\/3d-metalisks-attels-loft-bike-2-100x100-cm\/#primaryimage\"},\"thumbnailUrl\":\"https:\/\/metaltale.com\/wp-content\/uploads\/2023\/09\/3D-vaizdas-BIKE-2.jpg\",\"datePublished\":\"2024-02-13T11:17:48+00:00\",\"breadcrumb\":{\"@id\":\"https:\/\/metaltale.com\/lv\/produkts\/3d-metalisks-attels-loft-bike-2-100x100-cm\/#breadcrumb\"},\"inLanguage\":\"lv-LV\",\"potentialAction\":[{\"@type\":\"ReadAction\",\"target\":[\"https:\/\/metaltale.com\/lv\/produkts\/3d-metalisks-attels-loft-bike-2-100x100-cm\/\"]}]},{\"@type\":\"ImageObject\",\"inLanguage\":\"lv-LV\",\"@id\":\"https:\/\/metaltale.com\/lv\/produkts\/3d-metalisks-attels-loft-bike-2-100x100-cm\/#primaryimage\",\"url\":\"https:\/\/metaltale.com\/wp-content\/uploads\/2023\/09\/3D-vaizdas-BIKE-2.jpg\",\"contentUrl\":\"https:\/\/metaltale.com\/wp-content\/uploads\/2023\/09\/3D-vaizdas-BIKE-2.jpg\",\"width\":800,\"height\":800},{\"@type\":\"BreadcrumbList\",\"@id\":\"https:\/\/metaltale.com\/lv\/produkts\/3d-metalisks-attels-loft-bike-2-100x100-cm\/#breadcrumb\",\"itemListElement\":[{\"@type\":\"ListItem\",\"position\":1,\"name\":\"Home\",\"item\":\"https:\/\/metaltale.com\/lv\/majas\/\"},{\"@type\":\"ListItem\",\"position\":2,\"name\":\"Veikals\",\"item\":\"https:\/\/metaltale.com\/lv\/shop\/\"},{\"@type\":\"ListItem\",\"position\":3,\"name\":\"3D met\u0101lisks att\u0113ls LOFT BIKE 2; 100&#215;100 cm\"}]},{\"@type\":\"WebSite\",\"@id\":\"https:\/\/metaltale.com\/lv\/#website\",\"url\":\"https:\/\/metaltale.com\/lv\/\",\"name\":\"Metaltale.com\",\"description\":\"\",\"potentialAction\":[{\"@type\":\"SearchAction\",\"target\":{\"@type\":\"EntryPoint\",\"urlTemplate\":\"https:\/\/metaltale.com\/lv\/?s={search_term_string}\"},\"query-input\":{\"@type\":\"PropertyValueSpecification\",\"valueRequired\":true,\"valueName\":\"search_term_string\"}}],\"inLanguage\":\"lv-LV\"}]}<\/script>\n<!-- \/ Yoast SEO plugin. -->","yoast_head_json":{"title":"3D met\u0101lisks att\u0113ls LOFT BIKE 2; 100x100 cm - MetalTale.com","robots":{"index":"index","follow":"follow","max-snippet":"max-snippet:-1","max-image-preview":"max-image-preview:large","max-video-preview":"max-video-preview:-1"},"canonical":"https:\/\/metaltale.com\/lv\/produkts\/3d-metalisks-attels-loft-bike-2-100x100-cm\/","og_locale":"lv_LV","og_type":"article","og_title":"3D met\u0101lisks att\u0113ls LOFT BIKE 2; 100x100 cm - MetalTale.com","og_description":"Modelis PT. P120810 EAN. 5907772072011 Orient\u0113\u0161an\u0101s Univers\u0101l\u0101 Motiva motoriz\u0101cija Materi\u0101ls T\u0113rauds Platums (cm) 100 Augstums (cm ) 100 Dzi\u013cums (cm","og_url":"https:\/\/metaltale.com\/lv\/produkts\/3d-metalisks-attels-loft-bike-2-100x100-cm\/","og_site_name":"MetalTale.com","twitter_card":"summary_large_image","twitter_misc":{"Est. reading time":"1 minute"},"schema":{"@context":"https:\/\/schema.org","@graph":[{"@type":"WebPage","@id":"https:\/\/metaltale.com\/lv\/produkts\/3d-metalisks-attels-loft-bike-2-100x100-cm\/","url":"https:\/\/metaltale.com\/lv\/produkts\/3d-metalisks-attels-loft-bike-2-100x100-cm\/","name":"3D met\u0101lisks att\u0113ls LOFT BIKE 2; 100x100 cm - MetalTale.com","isPartOf":{"@id":"https:\/\/metaltale.com\/lv\/#website"},"primaryImageOfPage":{"@id":"https:\/\/metaltale.com\/lv\/produkts\/3d-metalisks-attels-loft-bike-2-100x100-cm\/#primaryimage"},"image":{"@id":"https:\/\/metaltale.com\/lv\/produkts\/3d-metalisks-attels-loft-bike-2-100x100-cm\/#primaryimage"},"thumbnailUrl":"https:\/\/metaltale.com\/wp-content\/uploads\/2023\/09\/3D-vaizdas-BIKE-2.jpg","datePublished":"2024-02-13T11:17:48+00:00","breadcrumb":{"@id":"https:\/\/metaltale.com\/lv\/produkts\/3d-metalisks-attels-loft-bike-2-100x100-cm\/#breadcrumb"},"inLanguage":"lv-LV","potentialAction":[{"@type":"ReadAction","target":["https:\/\/metaltale.com\/lv\/produkts\/3d-metalisks-attels-loft-bike-2-100x100-cm\/"]}]},{"@type":"ImageObject","inLanguage":"lv-LV","@id":"https:\/\/metaltale.com\/lv\/produkts\/3d-metalisks-attels-loft-bike-2-100x100-cm\/#primaryimage","url":"https:\/\/metaltale.com\/wp-content\/uploads\/2023\/09\/3D-vaizdas-BIKE-2.jpg","contentUrl":"https:\/\/metaltale.com\/wp-content\/uploads\/2023\/09\/3D-vaizdas-BIKE-2.jpg","width":800,"height":800},{"@type":"BreadcrumbList","@id":"https:\/\/metaltale.com\/lv\/produkts\/3d-metalisks-attels-loft-bike-2-100x100-cm\/#breadcrumb","itemListElement":[{"@type":"ListItem","position":1,"name":"Home","item":"https:\/\/metaltale.com\/lv\/majas\/"},{"@type":"ListItem","position":2,"name":"Veikals","item":"https:\/\/metaltale.com\/lv\/shop\/"},{"@type":"ListItem","position":3,"name":"3D met\u0101lisks att\u0113ls LOFT BIKE 2; 100&#215;100 cm"}]},{"@type":"WebSite","@id":"https:\/\/metaltale.com\/lv\/#website","url":"https:\/\/metaltale.com\/lv\/","name":"Metaltale.com","description":"","potentialAction":[{"@type":"SearchAction","target":{"@type":"EntryPoint","urlTemplate":"https:\/\/metaltale.com\/lv\/?s={search_term_string}"},"query-input":{"@type":"PropertyValueSpecification","valueRequired":true,"valueName":"search_term_string"}}],"inLanguage":"lv-LV"}]}},"_links":{"self":[{"href":"https:\/\/metaltale.com\/lv\/wp-json\/wp\/v2\/product\/134166","targetHints":{"allow":["GET"]}}],"collection":[{"href":"https:\/\/metaltale.com\/lv\/wp-json\/wp\/v2\/product"}],"about":[{"href":"https:\/\/metaltale.com\/lv\/wp-json\/wp\/v2\/types\/product"}],"replies":[{"embeddable":true,"href":"https:\/\/metaltale.com\/lv\/wp-json\/wp\/v2\/comments?post=134166"}],"version-history":[{"count":0,"href":"https:\/\/metaltale.com\/lv\/wp-json\/wp\/v2\/product\/134166\/revisions"}],"wp:featuredmedia":[{"embeddable":true,"href":"https:\/\/metaltale.com\/lv\/wp-json\/wp\/v2\/media\/65281"}],"wp:attachment":[{"href":"https:\/\/metaltale.com\/lv\/wp-json\/wp\/v2\/media?parent=134166"}],"wp:term":[{"taxonomy":"product_brand","embeddable":true,"href":"https:\/\/metaltale.com\/lv\/wp-json\/wp\/v2\/product_brand?post=134166"},{"taxonomy":"product_cat","embeddable":true,"href":"https:\/\/metaltale.com\/lv\/wp-json\/wp\/v2\/product_cat?post=134166"},{"taxonomy":"product_tag","embeddable":true,"href":"https:\/\/metaltale.com\/lv\/wp-json\/wp\/v2\/product_tag?post=134166"}],"curies":[{"name":"wp","href":"https:\/\/api.w.org\/{rel}","templated":true}]}}