{"id":134145,"date":"2024-02-13T15:01:05","date_gmt":"2024-02-13T13:01:05","guid":{"rendered":"https:\/\/metaltale.com\/produktas\/3d-metalisks-attels-loft-dancing-parent-2-80x120-cm\/"},"modified":"2024-02-13T15:01:05","modified_gmt":"2024-02-13T13:01:05","slug":"3d-metalisks-attels-loft-dancing-parent-2-80x120-cm","status":"publish","type":"product","link":"https:\/\/metaltale.com\/lv\/produkts\/3d-metalisks-attels-loft-dancing-parent-2-80x120-cm\/","title":{"rendered":"3D met\u0101lisks att\u0113ls LOFT DANCING PARENT 2; 80&#215;120 cm"},"content":{"rendered":"<div class=\"prod_data\">\n<p><strong>Modelis<\/strong> PT. G120931<br \/>\n<strong>EAN.<\/strong>  5907772074879<br \/>\n<strong>Platums (cm<\/strong> ) 80<br \/>\n<strong>Augstums (cm<\/strong> ) 120<br \/>\n<strong>Biezums (cm<\/strong> ) 6<br \/>\n<strong>Materi\u0101ls<\/strong> T\u0113rauds<br \/>\n<strong>Formas<\/strong> Taisnst\u016bra <strong>formas<\/strong><br \/>\nOrient\u0101cija Vertik\u0101l\u0101<br \/>\nCilv\u0113ki ar mot\u012bviem<\/p>\n<p>&#8211; met\u0101la 3D att\u0113ls no p\u0101rstr\u0101d\u0101ta t\u0113rauda<br \/>\n&#8211; \u012astas p\u0101rkares, kas rada satrieco\u0161u tr\u012bsdimensiju efektu.<br \/>\n&#8211; kr\u0101sas, ko rada kr\u0101sa vai dabiska kr\u0101sas mai\u0146a un korozija.<br \/>\n&#8211; impregn\u0113\u0161ana ar caursp\u012bd\u012bgu laku garant\u0113 kr\u0101sas notur\u012bbu un iztur\u012bbu pret skr\u0101p\u0113jumiem.<br \/>\n&#8211; att\u0113l\u0101 redzams dejojo\u0161s p\u0101ris<\/p>\n<hr>\n<p>P\u0113d\u0113j\u0101 laik\u0101 arvien liel\u0101ku popularit\u0101ti g\u016bst met\u0101la sienu dekori, kurus var viegli iek\u013caut b\u0113ni\u0146u, industri\u0101l\u0101s vai retro kompoz\u012bcij\u0101s. Pied\u0101v\u0101taj\u0101 att\u0113l\u0101 ir redzams dejojo\u0161s p\u0101ris, un kr\u0101su tonis ar vienu sp\u0113c\u012bgu kr\u0101su akcentu, \u0161aj\u0101 gad\u012bjum\u0101 sarkanu, pie\u0161\u0137ir tam at\u0161\u0137ir\u012bgu raksturu. Glezna ir izgatavota no p\u0101rstr\u0101d\u0101ta t\u0113rauda, un redzam\u0101s skr\u0101p\u0113jumu un &#8220;miru\u0161\u0101s&#8221; kr\u0101sas p\u0113das pastiprina noveco\u0161anas efektu. Roku darbs ir katra att\u0113la unikalit\u0101tes garantija. 3D att\u0113ls b\u016bs br\u012bni\u0161\u0137\u012bgs interjera rot\u0101jums, bet t\u0101 ir ar\u012b lieliska d\u0101vin\u0101juma ideja, kas iepriecin\u0101s ne vienu vien dejot\u0101ju p\u0101ri. M\u0101kslas darbu piestiprin\u0101\u0161ana ir iesp\u0113jama, pateicoties komplekt\u0101 iek\u013cautajiem stiprin\u0101jumiem.<\/p>\n<\/div>\n","protected":false},"excerpt":{"rendered":"<p>Modelis PT. G120931 EAN. 5907772074879 Platums (cm ) 80 Augstums (cm ) 120 Biezums (cm ) 6 Materi\u0101ls T\u0113rauds Formas<\/p>\n","protected":false},"featured_media":74341,"comment_status":"open","ping_status":"closed","template":"","meta":{"_acf_changed":false,"pmpro_default_level":""},"product_brand":[],"product_cat":[24055,23908],"product_tag":[],"class_list":{"0":"post-134145","1":"product","2":"type-product","3":"status-publish","4":"has-post-thumbnail","6":"product_cat-rotajumi","7":"product_cat-3d-paveikslai-lv","8":"pmpro-has-access","10":"first","11":"instock","12":"shipping-taxable","13":"purchasable","14":"product-type-simple"},"acf":[],"yoast_head":"<!-- This site is optimized with the Yoast SEO plugin v24.9 - https:\/\/yoast.com\/wordpress\/plugins\/seo\/ -->\n<title>3D met\u0101lisks att\u0113ls LOFT DANCING PARENT 2; 80x120 cm - MetalTale.com<\/title>\n<meta name=\"robots\" content=\"index, follow, max-snippet:-1, max-image-preview:large, max-video-preview:-1\" \/>\n<link rel=\"canonical\" href=\"https:\/\/metaltale.com\/lv\/produkts\/3d-metalisks-attels-loft-dancing-parent-2-80x120-cm\/\" \/>\n<meta property=\"og:locale\" content=\"lv_LV\" \/>\n<meta property=\"og:type\" content=\"article\" \/>\n<meta property=\"og:title\" content=\"3D met\u0101lisks att\u0113ls LOFT DANCING PARENT 2; 80x120 cm - MetalTale.com\" \/>\n<meta property=\"og:description\" content=\"Modelis PT. G120931 EAN. 5907772074879 Platums (cm ) 80 Augstums (cm ) 120 Biezums (cm ) 6 Materi\u0101ls T\u0113rauds Formas\" \/>\n<meta property=\"og:url\" content=\"https:\/\/metaltale.com\/lv\/produkts\/3d-metalisks-attels-loft-dancing-parent-2-80x120-cm\/\" \/>\n<meta property=\"og:site_name\" content=\"MetalTale.com\" \/>\n<meta name=\"twitter:card\" content=\"summary_large_image\" \/>\n<meta name=\"twitter:label1\" content=\"Est. reading time\" \/>\n\t<meta name=\"twitter:data1\" content=\"1 minute\" \/>\n<script type=\"application\/ld+json\" class=\"yoast-schema-graph\">{\"@context\":\"https:\/\/schema.org\",\"@graph\":[{\"@type\":\"WebPage\",\"@id\":\"https:\/\/metaltale.com\/lv\/produkts\/3d-metalisks-attels-loft-dancing-parent-2-80x120-cm\/\",\"url\":\"https:\/\/metaltale.com\/lv\/produkts\/3d-metalisks-attels-loft-dancing-parent-2-80x120-cm\/\",\"name\":\"3D met\u0101lisks att\u0113ls LOFT DANCING PARENT 2; 80x120 cm - MetalTale.com\",\"isPartOf\":{\"@id\":\"https:\/\/metaltale.com\/lv\/#website\"},\"primaryImageOfPage\":{\"@id\":\"https:\/\/metaltale.com\/lv\/produkts\/3d-metalisks-attels-loft-dancing-parent-2-80x120-cm\/#primaryimage\"},\"image\":{\"@id\":\"https:\/\/metaltale.com\/lv\/produkts\/3d-metalisks-attels-loft-dancing-parent-2-80x120-cm\/#primaryimage\"},\"thumbnailUrl\":\"https:\/\/metaltale.com\/wp-content\/uploads\/2023\/09\/3D-vaizdas-LOFTO-x160OKIx172-PORA-2.jpg\",\"datePublished\":\"2024-02-13T13:01:05+00:00\",\"breadcrumb\":{\"@id\":\"https:\/\/metaltale.com\/lv\/produkts\/3d-metalisks-attels-loft-dancing-parent-2-80x120-cm\/#breadcrumb\"},\"inLanguage\":\"lv-LV\",\"potentialAction\":[{\"@type\":\"ReadAction\",\"target\":[\"https:\/\/metaltale.com\/lv\/produkts\/3d-metalisks-attels-loft-dancing-parent-2-80x120-cm\/\"]}]},{\"@type\":\"ImageObject\",\"inLanguage\":\"lv-LV\",\"@id\":\"https:\/\/metaltale.com\/lv\/produkts\/3d-metalisks-attels-loft-dancing-parent-2-80x120-cm\/#primaryimage\",\"url\":\"https:\/\/metaltale.com\/wp-content\/uploads\/2023\/09\/3D-vaizdas-LOFTO-x160OKIx172-PORA-2.jpg\",\"contentUrl\":\"https:\/\/metaltale.com\/wp-content\/uploads\/2023\/09\/3D-vaizdas-LOFTO-x160OKIx172-PORA-2.jpg\",\"width\":800,\"height\":800},{\"@type\":\"BreadcrumbList\",\"@id\":\"https:\/\/metaltale.com\/lv\/produkts\/3d-metalisks-attels-loft-dancing-parent-2-80x120-cm\/#breadcrumb\",\"itemListElement\":[{\"@type\":\"ListItem\",\"position\":1,\"name\":\"Home\",\"item\":\"https:\/\/metaltale.com\/lv\/majas\/\"},{\"@type\":\"ListItem\",\"position\":2,\"name\":\"Veikals\",\"item\":\"https:\/\/metaltale.com\/lv\/shop\/\"},{\"@type\":\"ListItem\",\"position\":3,\"name\":\"3D met\u0101lisks att\u0113ls LOFT DANCING PARENT 2; 80&#215;120 cm\"}]},{\"@type\":\"WebSite\",\"@id\":\"https:\/\/metaltale.com\/lv\/#website\",\"url\":\"https:\/\/metaltale.com\/lv\/\",\"name\":\"Metaltale.com\",\"description\":\"\",\"potentialAction\":[{\"@type\":\"SearchAction\",\"target\":{\"@type\":\"EntryPoint\",\"urlTemplate\":\"https:\/\/metaltale.com\/lv\/?s={search_term_string}\"},\"query-input\":{\"@type\":\"PropertyValueSpecification\",\"valueRequired\":true,\"valueName\":\"search_term_string\"}}],\"inLanguage\":\"lv-LV\"}]}<\/script>\n<!-- \/ Yoast SEO plugin. -->","yoast_head_json":{"title":"3D met\u0101lisks att\u0113ls LOFT DANCING PARENT 2; 80x120 cm - MetalTale.com","robots":{"index":"index","follow":"follow","max-snippet":"max-snippet:-1","max-image-preview":"max-image-preview:large","max-video-preview":"max-video-preview:-1"},"canonical":"https:\/\/metaltale.com\/lv\/produkts\/3d-metalisks-attels-loft-dancing-parent-2-80x120-cm\/","og_locale":"lv_LV","og_type":"article","og_title":"3D met\u0101lisks att\u0113ls LOFT DANCING PARENT 2; 80x120 cm - MetalTale.com","og_description":"Modelis PT. G120931 EAN. 5907772074879 Platums (cm ) 80 Augstums (cm ) 120 Biezums (cm ) 6 Materi\u0101ls T\u0113rauds Formas","og_url":"https:\/\/metaltale.com\/lv\/produkts\/3d-metalisks-attels-loft-dancing-parent-2-80x120-cm\/","og_site_name":"MetalTale.com","twitter_card":"summary_large_image","twitter_misc":{"Est. reading time":"1 minute"},"schema":{"@context":"https:\/\/schema.org","@graph":[{"@type":"WebPage","@id":"https:\/\/metaltale.com\/lv\/produkts\/3d-metalisks-attels-loft-dancing-parent-2-80x120-cm\/","url":"https:\/\/metaltale.com\/lv\/produkts\/3d-metalisks-attels-loft-dancing-parent-2-80x120-cm\/","name":"3D met\u0101lisks att\u0113ls LOFT DANCING PARENT 2; 80x120 cm - MetalTale.com","isPartOf":{"@id":"https:\/\/metaltale.com\/lv\/#website"},"primaryImageOfPage":{"@id":"https:\/\/metaltale.com\/lv\/produkts\/3d-metalisks-attels-loft-dancing-parent-2-80x120-cm\/#primaryimage"},"image":{"@id":"https:\/\/metaltale.com\/lv\/produkts\/3d-metalisks-attels-loft-dancing-parent-2-80x120-cm\/#primaryimage"},"thumbnailUrl":"https:\/\/metaltale.com\/wp-content\/uploads\/2023\/09\/3D-vaizdas-LOFTO-x160OKIx172-PORA-2.jpg","datePublished":"2024-02-13T13:01:05+00:00","breadcrumb":{"@id":"https:\/\/metaltale.com\/lv\/produkts\/3d-metalisks-attels-loft-dancing-parent-2-80x120-cm\/#breadcrumb"},"inLanguage":"lv-LV","potentialAction":[{"@type":"ReadAction","target":["https:\/\/metaltale.com\/lv\/produkts\/3d-metalisks-attels-loft-dancing-parent-2-80x120-cm\/"]}]},{"@type":"ImageObject","inLanguage":"lv-LV","@id":"https:\/\/metaltale.com\/lv\/produkts\/3d-metalisks-attels-loft-dancing-parent-2-80x120-cm\/#primaryimage","url":"https:\/\/metaltale.com\/wp-content\/uploads\/2023\/09\/3D-vaizdas-LOFTO-x160OKIx172-PORA-2.jpg","contentUrl":"https:\/\/metaltale.com\/wp-content\/uploads\/2023\/09\/3D-vaizdas-LOFTO-x160OKIx172-PORA-2.jpg","width":800,"height":800},{"@type":"BreadcrumbList","@id":"https:\/\/metaltale.com\/lv\/produkts\/3d-metalisks-attels-loft-dancing-parent-2-80x120-cm\/#breadcrumb","itemListElement":[{"@type":"ListItem","position":1,"name":"Home","item":"https:\/\/metaltale.com\/lv\/majas\/"},{"@type":"ListItem","position":2,"name":"Veikals","item":"https:\/\/metaltale.com\/lv\/shop\/"},{"@type":"ListItem","position":3,"name":"3D met\u0101lisks att\u0113ls LOFT DANCING PARENT 2; 80&#215;120 cm"}]},{"@type":"WebSite","@id":"https:\/\/metaltale.com\/lv\/#website","url":"https:\/\/metaltale.com\/lv\/","name":"Metaltale.com","description":"","potentialAction":[{"@type":"SearchAction","target":{"@type":"EntryPoint","urlTemplate":"https:\/\/metaltale.com\/lv\/?s={search_term_string}"},"query-input":{"@type":"PropertyValueSpecification","valueRequired":true,"valueName":"search_term_string"}}],"inLanguage":"lv-LV"}]}},"_links":{"self":[{"href":"https:\/\/metaltale.com\/lv\/wp-json\/wp\/v2\/product\/134145","targetHints":{"allow":["GET"]}}],"collection":[{"href":"https:\/\/metaltale.com\/lv\/wp-json\/wp\/v2\/product"}],"about":[{"href":"https:\/\/metaltale.com\/lv\/wp-json\/wp\/v2\/types\/product"}],"replies":[{"embeddable":true,"href":"https:\/\/metaltale.com\/lv\/wp-json\/wp\/v2\/comments?post=134145"}],"version-history":[{"count":0,"href":"https:\/\/metaltale.com\/lv\/wp-json\/wp\/v2\/product\/134145\/revisions"}],"wp:featuredmedia":[{"embeddable":true,"href":"https:\/\/metaltale.com\/lv\/wp-json\/wp\/v2\/media\/74341"}],"wp:attachment":[{"href":"https:\/\/metaltale.com\/lv\/wp-json\/wp\/v2\/media?parent=134145"}],"wp:term":[{"taxonomy":"product_brand","embeddable":true,"href":"https:\/\/metaltale.com\/lv\/wp-json\/wp\/v2\/product_brand?post=134145"},{"taxonomy":"product_cat","embeddable":true,"href":"https:\/\/metaltale.com\/lv\/wp-json\/wp\/v2\/product_cat?post=134145"},{"taxonomy":"product_tag","embeddable":true,"href":"https:\/\/metaltale.com\/lv\/wp-json\/wp\/v2\/product_tag?post=134145"}],"curies":[{"name":"wp","href":"https:\/\/api.w.org\/{rel}","templated":true}]}}