{"id":134116,"date":"2024-02-13T14:29:05","date_gmt":"2024-02-13T12:29:05","guid":{"rendered":"https:\/\/metaltale.com\/produktas\/3d-metala-attels-loft-music-of-guitars-180x56-cm\/"},"modified":"2024-02-13T14:29:05","modified_gmt":"2024-02-13T12:29:05","slug":"3d-metala-attels-loft-music-of-guitars-180x56-cm","status":"publish","type":"product","link":"https:\/\/metaltale.com\/lv\/produkts\/3d-metala-attels-loft-music-of-guitars-180x56-cm\/","title":{"rendered":"3D met\u0101la att\u0113ls LOFT MUSIC OF GUITARS 180&#215;56 cm"},"content":{"rendered":"<div class=\"prod_data\">\n<p><strong>Modelis<\/strong> PT. J20910<br \/>\n<strong>EAN.<\/strong>  5907772073155<br \/>\n<strong>Platums (cm<\/strong> ) 180<br \/>\n<strong>Augstums (cm<\/strong> ) 56<br \/>\n<strong>Biezums (cm<\/strong> ) 5<br \/>\n<strong>Materi\u0101ls<\/strong> T\u0113rauds<br \/>\nOrient\u0101cija Horizont\u0101l\u0101<br \/>\nMotiv M\u016bzika<\/p>\n<p>&#8211; met\u0101la 3D att\u0113ls no p\u0101rstr\u0101d\u0101ta t\u0113rauda<br \/>\n&#8211; faktiskie izvirz\u012bjumi<br \/>\n&#8211; kr\u0101sas, ko rada kr\u0101sa vai dabiska kr\u0101sas mai\u0146a un korozija.<br \/>\n&#8211; impregn\u0113\u0161ana ar caursp\u012bd\u012bgu laku garant\u0113 kr\u0101sas notur\u012bbu un iztur\u012bbu pret skr\u0101p\u0113jumiem.<br \/>\n&#8211; \u0161eit att\u0113lot\u0101s kr\u0101sain\u0101s \u0123it\u0101ras<\/p>\n<hr>\n<p>Akustisk\u0101 vai elektrisk\u0101 \u0123it\u0101ra? Neatkar\u012bgi no j\u016bsu v\u0113lm\u0113m, \u0123it\u0101ras att\u0113ls noteikti patiks ikvienam m\u016bzikas m\u012b\u013cot\u0101jam. V\u0101j\u0161 fons efekt\u012bvi izce\u013c telpisk\u0101 att\u0113l\u0101 redzamo m\u016bzikas instrumentu kr\u0101sas. No tradicion\u0101l\u0101s \u0123it\u0101ras, ko paz\u012bstam no ugunskuriem me\u017e\u0101, l\u012bdz ori\u0123in\u0101liem mode\u013ciem tie\u0161i no rokkoncerta, no maigi dzelteniem l\u012bdz izsmalcin\u0101tiem sarkaniem &#8211; tas ir ori\u0123in\u0101ls sienas dekors m\u016bsdien\u012bg\u0101 stil\u0101. Drosm\u012bg\u0101 kr\u0101su kombin\u0101cija un dzi\u013cuma efekts, kas apvienoti liel\u0101 plakn\u0113, garant\u0113 neaizmirstamu est\u0113tisku pieredzi. Gleznojuma r\u016bpnieciskais raksturs izpau\u017eas k\u0101 manu\u0101laj\u0101 ra\u017eo\u0161an\u0101 izmantotais izejmateri\u0101ls (p\u0101rstr\u0101d\u0101ts t\u0113rauds), redzamie savienojumi un \u0161uves, apzin\u0101ta noveco\u0161anas apstr\u0101de. Ori\u0123in\u0101lais m\u0101kslas darbs horizont\u0101l\u0101 orient\u0101cij\u0101 lieliski izskat\u0101s virs kumod\u0113m un k\u0101pn\u0113m. Komplekt\u0101cij\u0101 iek\u013cautie mont\u0101\u017eas kron\u0161teini nodro\u0161ina vieglu uzst\u0101d\u012b\u0161anu. Unik\u0101ls 3D met\u0101lisks att\u0113ls ir ar\u012b unik\u0101ls d\u0101vanu pied\u0101v\u0101jums.<\/p>\n<\/div>\n","protected":false},"excerpt":{"rendered":"<p>Modelis PT. J20910 EAN. 5907772073155 Platums (cm ) 180 Augstums (cm ) 56 Biezums (cm ) 5 Materi\u0101ls T\u0113rauds Orient\u0101cija<\/p>\n","protected":false},"featured_media":69670,"comment_status":"open","ping_status":"closed","template":"","meta":{"_acf_changed":false,"pmpro_default_level":""},"product_brand":[],"product_cat":[24055,23908],"product_tag":[],"class_list":{"0":"post-134116","1":"product","2":"type-product","3":"status-publish","4":"has-post-thumbnail","6":"product_cat-rotajumi","7":"product_cat-3d-paveikslai-lv","8":"pmpro-has-access","10":"first","11":"instock","12":"shipping-taxable","13":"purchasable","14":"product-type-simple"},"acf":[],"yoast_head":"<!-- This site is optimized with the Yoast SEO plugin v24.9 - https:\/\/yoast.com\/wordpress\/plugins\/seo\/ -->\n<title>3D met\u0101la att\u0113ls LOFT MUSIC OF GUITARS 180x56 cm - MetalTale.com<\/title>\n<meta name=\"robots\" content=\"index, follow, max-snippet:-1, max-image-preview:large, max-video-preview:-1\" \/>\n<link rel=\"canonical\" href=\"https:\/\/metaltale.com\/lv\/produkts\/3d-metala-attels-loft-music-of-guitars-180x56-cm\/\" \/>\n<meta property=\"og:locale\" content=\"lv_LV\" \/>\n<meta property=\"og:type\" content=\"article\" \/>\n<meta property=\"og:title\" content=\"3D met\u0101la att\u0113ls LOFT MUSIC OF GUITARS 180x56 cm - MetalTale.com\" \/>\n<meta property=\"og:description\" content=\"Modelis PT. J20910 EAN. 5907772073155 Platums (cm ) 180 Augstums (cm ) 56 Biezums (cm ) 5 Materi\u0101ls T\u0113rauds Orient\u0101cija\" \/>\n<meta property=\"og:url\" content=\"https:\/\/metaltale.com\/lv\/produkts\/3d-metala-attels-loft-music-of-guitars-180x56-cm\/\" \/>\n<meta property=\"og:site_name\" content=\"MetalTale.com\" \/>\n<meta name=\"twitter:card\" content=\"summary_large_image\" \/>\n<meta name=\"twitter:label1\" content=\"Est. reading time\" \/>\n\t<meta name=\"twitter:data1\" content=\"1 minute\" \/>\n<script type=\"application\/ld+json\" class=\"yoast-schema-graph\">{\"@context\":\"https:\/\/schema.org\",\"@graph\":[{\"@type\":\"WebPage\",\"@id\":\"https:\/\/metaltale.com\/lv\/produkts\/3d-metala-attels-loft-music-of-guitars-180x56-cm\/\",\"url\":\"https:\/\/metaltale.com\/lv\/produkts\/3d-metala-attels-loft-music-of-guitars-180x56-cm\/\",\"name\":\"3D met\u0101la att\u0113ls LOFT MUSIC OF GUITARS 180x56 cm - MetalTale.com\",\"isPartOf\":{\"@id\":\"https:\/\/metaltale.com\/lv\/#website\"},\"primaryImageOfPage\":{\"@id\":\"https:\/\/metaltale.com\/lv\/produkts\/3d-metala-attels-loft-music-of-guitars-180x56-cm\/#primaryimage\"},\"image\":{\"@id\":\"https:\/\/metaltale.com\/lv\/produkts\/3d-metala-attels-loft-music-of-guitars-180x56-cm\/#primaryimage\"},\"thumbnailUrl\":\"https:\/\/metaltale.com\/wp-content\/uploads\/2023\/09\/3D-vaizdas-LOFTO-GITAROS-MUZIKA.jpg\",\"datePublished\":\"2024-02-13T12:29:05+00:00\",\"breadcrumb\":{\"@id\":\"https:\/\/metaltale.com\/lv\/produkts\/3d-metala-attels-loft-music-of-guitars-180x56-cm\/#breadcrumb\"},\"inLanguage\":\"lv-LV\",\"potentialAction\":[{\"@type\":\"ReadAction\",\"target\":[\"https:\/\/metaltale.com\/lv\/produkts\/3d-metala-attels-loft-music-of-guitars-180x56-cm\/\"]}]},{\"@type\":\"ImageObject\",\"inLanguage\":\"lv-LV\",\"@id\":\"https:\/\/metaltale.com\/lv\/produkts\/3d-metala-attels-loft-music-of-guitars-180x56-cm\/#primaryimage\",\"url\":\"https:\/\/metaltale.com\/wp-content\/uploads\/2023\/09\/3D-vaizdas-LOFTO-GITAROS-MUZIKA.jpg\",\"contentUrl\":\"https:\/\/metaltale.com\/wp-content\/uploads\/2023\/09\/3D-vaizdas-LOFTO-GITAROS-MUZIKA.jpg\",\"width\":800,\"height\":800},{\"@type\":\"BreadcrumbList\",\"@id\":\"https:\/\/metaltale.com\/lv\/produkts\/3d-metala-attels-loft-music-of-guitars-180x56-cm\/#breadcrumb\",\"itemListElement\":[{\"@type\":\"ListItem\",\"position\":1,\"name\":\"Home\",\"item\":\"https:\/\/metaltale.com\/lv\/majas\/\"},{\"@type\":\"ListItem\",\"position\":2,\"name\":\"Veikals\",\"item\":\"https:\/\/metaltale.com\/lv\/shop\/\"},{\"@type\":\"ListItem\",\"position\":3,\"name\":\"3D met\u0101la att\u0113ls LOFT MUSIC OF GUITARS 180&#215;56 cm\"}]},{\"@type\":\"WebSite\",\"@id\":\"https:\/\/metaltale.com\/lv\/#website\",\"url\":\"https:\/\/metaltale.com\/lv\/\",\"name\":\"Metaltale.com\",\"description\":\"\",\"potentialAction\":[{\"@type\":\"SearchAction\",\"target\":{\"@type\":\"EntryPoint\",\"urlTemplate\":\"https:\/\/metaltale.com\/lv\/?s={search_term_string}\"},\"query-input\":{\"@type\":\"PropertyValueSpecification\",\"valueRequired\":true,\"valueName\":\"search_term_string\"}}],\"inLanguage\":\"lv-LV\"}]}<\/script>\n<!-- \/ Yoast SEO plugin. -->","yoast_head_json":{"title":"3D met\u0101la att\u0113ls LOFT MUSIC OF GUITARS 180x56 cm - MetalTale.com","robots":{"index":"index","follow":"follow","max-snippet":"max-snippet:-1","max-image-preview":"max-image-preview:large","max-video-preview":"max-video-preview:-1"},"canonical":"https:\/\/metaltale.com\/lv\/produkts\/3d-metala-attels-loft-music-of-guitars-180x56-cm\/","og_locale":"lv_LV","og_type":"article","og_title":"3D met\u0101la att\u0113ls LOFT MUSIC OF GUITARS 180x56 cm - MetalTale.com","og_description":"Modelis PT. J20910 EAN. 5907772073155 Platums (cm ) 180 Augstums (cm ) 56 Biezums (cm ) 5 Materi\u0101ls T\u0113rauds Orient\u0101cija","og_url":"https:\/\/metaltale.com\/lv\/produkts\/3d-metala-attels-loft-music-of-guitars-180x56-cm\/","og_site_name":"MetalTale.com","twitter_card":"summary_large_image","twitter_misc":{"Est. reading time":"1 minute"},"schema":{"@context":"https:\/\/schema.org","@graph":[{"@type":"WebPage","@id":"https:\/\/metaltale.com\/lv\/produkts\/3d-metala-attels-loft-music-of-guitars-180x56-cm\/","url":"https:\/\/metaltale.com\/lv\/produkts\/3d-metala-attels-loft-music-of-guitars-180x56-cm\/","name":"3D met\u0101la att\u0113ls LOFT MUSIC OF GUITARS 180x56 cm - MetalTale.com","isPartOf":{"@id":"https:\/\/metaltale.com\/lv\/#website"},"primaryImageOfPage":{"@id":"https:\/\/metaltale.com\/lv\/produkts\/3d-metala-attels-loft-music-of-guitars-180x56-cm\/#primaryimage"},"image":{"@id":"https:\/\/metaltale.com\/lv\/produkts\/3d-metala-attels-loft-music-of-guitars-180x56-cm\/#primaryimage"},"thumbnailUrl":"https:\/\/metaltale.com\/wp-content\/uploads\/2023\/09\/3D-vaizdas-LOFTO-GITAROS-MUZIKA.jpg","datePublished":"2024-02-13T12:29:05+00:00","breadcrumb":{"@id":"https:\/\/metaltale.com\/lv\/produkts\/3d-metala-attels-loft-music-of-guitars-180x56-cm\/#breadcrumb"},"inLanguage":"lv-LV","potentialAction":[{"@type":"ReadAction","target":["https:\/\/metaltale.com\/lv\/produkts\/3d-metala-attels-loft-music-of-guitars-180x56-cm\/"]}]},{"@type":"ImageObject","inLanguage":"lv-LV","@id":"https:\/\/metaltale.com\/lv\/produkts\/3d-metala-attels-loft-music-of-guitars-180x56-cm\/#primaryimage","url":"https:\/\/metaltale.com\/wp-content\/uploads\/2023\/09\/3D-vaizdas-LOFTO-GITAROS-MUZIKA.jpg","contentUrl":"https:\/\/metaltale.com\/wp-content\/uploads\/2023\/09\/3D-vaizdas-LOFTO-GITAROS-MUZIKA.jpg","width":800,"height":800},{"@type":"BreadcrumbList","@id":"https:\/\/metaltale.com\/lv\/produkts\/3d-metala-attels-loft-music-of-guitars-180x56-cm\/#breadcrumb","itemListElement":[{"@type":"ListItem","position":1,"name":"Home","item":"https:\/\/metaltale.com\/lv\/majas\/"},{"@type":"ListItem","position":2,"name":"Veikals","item":"https:\/\/metaltale.com\/lv\/shop\/"},{"@type":"ListItem","position":3,"name":"3D met\u0101la att\u0113ls LOFT MUSIC OF GUITARS 180&#215;56 cm"}]},{"@type":"WebSite","@id":"https:\/\/metaltale.com\/lv\/#website","url":"https:\/\/metaltale.com\/lv\/","name":"Metaltale.com","description":"","potentialAction":[{"@type":"SearchAction","target":{"@type":"EntryPoint","urlTemplate":"https:\/\/metaltale.com\/lv\/?s={search_term_string}"},"query-input":{"@type":"PropertyValueSpecification","valueRequired":true,"valueName":"search_term_string"}}],"inLanguage":"lv-LV"}]}},"_links":{"self":[{"href":"https:\/\/metaltale.com\/lv\/wp-json\/wp\/v2\/product\/134116","targetHints":{"allow":["GET"]}}],"collection":[{"href":"https:\/\/metaltale.com\/lv\/wp-json\/wp\/v2\/product"}],"about":[{"href":"https:\/\/metaltale.com\/lv\/wp-json\/wp\/v2\/types\/product"}],"replies":[{"embeddable":true,"href":"https:\/\/metaltale.com\/lv\/wp-json\/wp\/v2\/comments?post=134116"}],"version-history":[{"count":0,"href":"https:\/\/metaltale.com\/lv\/wp-json\/wp\/v2\/product\/134116\/revisions"}],"wp:featuredmedia":[{"embeddable":true,"href":"https:\/\/metaltale.com\/lv\/wp-json\/wp\/v2\/media\/69670"}],"wp:attachment":[{"href":"https:\/\/metaltale.com\/lv\/wp-json\/wp\/v2\/media?parent=134116"}],"wp:term":[{"taxonomy":"product_brand","embeddable":true,"href":"https:\/\/metaltale.com\/lv\/wp-json\/wp\/v2\/product_brand?post=134116"},{"taxonomy":"product_cat","embeddable":true,"href":"https:\/\/metaltale.com\/lv\/wp-json\/wp\/v2\/product_cat?post=134116"},{"taxonomy":"product_tag","embeddable":true,"href":"https:\/\/metaltale.com\/lv\/wp-json\/wp\/v2\/product_tag?post=134116"}],"curies":[{"name":"wp","href":"https:\/\/api.w.org\/{rel}","templated":true}]}}