{"id":134070,"date":"2024-02-13T15:15:50","date_gmt":"2024-02-13T13:15:50","guid":{"rendered":"https:\/\/metaltale.com\/produktas\/3d-metalisks-attels-woman-in-red-80x120-cm\/"},"modified":"2024-02-13T15:15:50","modified_gmt":"2024-02-13T13:15:50","slug":"3d-metalisks-attels-woman-in-red-80x120-cm","status":"publish","type":"product","link":"https:\/\/metaltale.com\/lv\/produkts\/3d-metalisks-attels-woman-in-red-80x120-cm\/","title":{"rendered":"3D met\u0101lisks att\u0113ls WOMAN IN RED 80&#215;120 cm"},"content":{"rendered":"<div class=\"prod_data\">\n<p><strong>Modelis<\/strong> PT. L22725<br \/>\n<strong>Platums (cm<\/strong> ) 80<br \/>\n<strong>Augstums (cm<\/strong> ) 120<br \/>\n<strong>Biezums (cm<\/strong> ) 5<br \/>\n<strong>Materi\u0101ls<\/strong> T\u0113rauds<br \/>\n<strong>Formas<\/strong> Taisnst\u016bra <strong>formas<\/strong><br \/>\nOrient\u0101cija Vertik\u0101l\u0101<br \/>\nCilv\u0113ki ar mot\u012bviem<\/p>\n<p>met\u0101la 3D att\u0113ls no p\u0101rstr\u0101d\u0101ta t\u0113rauda<\/p>\n<p>Faktiskie izvirz\u012bjumi<\/p>\n<p>kr\u0101sas, ko rada kr\u0101sa vai dabiska kr\u0101sas mai\u0146a un korozija.<\/p>\n<p>Impregn\u0113\u0161ana ar caursp\u012bd\u012bgu laku garant\u0113 kr\u0101sas notur\u012bbu un iztur\u012bbu pret skr\u0101p\u0113jumiem.<\/p>\n<p>Glezn\u0101 att\u0113lota sieviete sarkan\u0101 kleit\u0101, kas apbr\u012bno pils\u0113tas panor\u0101mu.<\/p>\n<hr>\n<p>Pla\u0161ie, b\u0113ni\u0146iem l\u012bdz\u012bgie dekori, kas veidoti saska\u0146\u0101 ar ra\u017eo\u0161anas principiem, ne\u013cauj vienaldz\u012bgi iziet gar\u0101m. Prezent\u0113tais 3D att\u0113ls tika izgatavots no p\u0101rstr\u0101d\u0101ta t\u0113rauda, un att\u0113la kr\u0101so\u0161anai papildus tradicion\u0101laj\u0101m kr\u0101s\u0101m tika izmantota izmantot\u0101 izejmateri\u0101la dabisk\u0101 iekr\u0101so\u0161an\u0101s. Sarkan\u0101 kleita kontrast\u0113 ar pel\u0113kajiem un melnajiem to\u0146iem, kas domin\u0113 fon\u0101, pie\u0161\u0137irot t\u0113lam \u012bpa\u0161u \u0161armu un eleganci. Fon\u0101 redzami debesskr\u0101pji un pils\u0113tas panor\u0101ma, kas papildina m\u016bsdien\u012bgo atmosf\u0113ru. \u0160is neparastais 3D att\u0113ls b\u016bs lielisks papildin\u0101jums jebkuram interjeram, \u012bpa\u0161i m\u016bsdienu dizaina cien\u012bt\u0101jiem.<\/p>\n<\/div>\n","protected":false},"excerpt":{"rendered":"<p>Modelis PT. L22725 Platums (cm ) 80 Augstums (cm ) 120 Biezums (cm ) 5 Materi\u0101ls T\u0113rauds Formas Taisnst\u016bra formas<\/p>\n","protected":false},"featured_media":74959,"comment_status":"open","ping_status":"closed","template":"","meta":{"_acf_changed":false,"pmpro_default_level":""},"product_brand":[],"product_cat":[24055,23908],"product_tag":[],"class_list":{"0":"post-134070","1":"product","2":"type-product","3":"status-publish","4":"has-post-thumbnail","6":"product_cat-rotajumi","7":"product_cat-3d-paveikslai-lv","8":"pmpro-has-access","10":"first","11":"instock","12":"shipping-taxable","13":"purchasable","14":"product-type-simple"},"acf":[],"yoast_head":"<!-- This site is optimized with the Yoast SEO plugin v24.9 - https:\/\/yoast.com\/wordpress\/plugins\/seo\/ -->\n<title>3D met\u0101lisks att\u0113ls WOMAN IN RED 80x120 cm - MetalTale.com<\/title>\n<meta name=\"robots\" content=\"index, follow, max-snippet:-1, max-image-preview:large, max-video-preview:-1\" \/>\n<link rel=\"canonical\" href=\"https:\/\/metaltale.com\/lv\/produkts\/3d-metalisks-attels-woman-in-red-80x120-cm\/\" \/>\n<meta property=\"og:locale\" content=\"lv_LV\" \/>\n<meta property=\"og:type\" content=\"article\" \/>\n<meta property=\"og:title\" content=\"3D met\u0101lisks att\u0113ls WOMAN IN RED 80x120 cm - MetalTale.com\" \/>\n<meta property=\"og:description\" content=\"Modelis PT. L22725 Platums (cm ) 80 Augstums (cm ) 120 Biezums (cm ) 5 Materi\u0101ls T\u0113rauds Formas Taisnst\u016bra formas\" \/>\n<meta property=\"og:url\" content=\"https:\/\/metaltale.com\/lv\/produkts\/3d-metalisks-attels-woman-in-red-80x120-cm\/\" \/>\n<meta property=\"og:site_name\" content=\"MetalTale.com\" \/>\n<meta name=\"twitter:card\" content=\"summary_large_image\" \/>\n<meta name=\"twitter:label1\" content=\"Est. reading time\" \/>\n\t<meta name=\"twitter:data1\" content=\"1 minute\" \/>\n<script type=\"application\/ld+json\" class=\"yoast-schema-graph\">{\"@context\":\"https:\/\/schema.org\",\"@graph\":[{\"@type\":\"WebPage\",\"@id\":\"https:\/\/metaltale.com\/lv\/produkts\/3d-metalisks-attels-woman-in-red-80x120-cm\/\",\"url\":\"https:\/\/metaltale.com\/lv\/produkts\/3d-metalisks-attels-woman-in-red-80x120-cm\/\",\"name\":\"3D met\u0101lisks att\u0113ls WOMAN IN RED 80x120 cm - MetalTale.com\",\"isPartOf\":{\"@id\":\"https:\/\/metaltale.com\/lv\/#website\"},\"primaryImageOfPage\":{\"@id\":\"https:\/\/metaltale.com\/lv\/produkts\/3d-metalisks-attels-woman-in-red-80x120-cm\/#primaryimage\"},\"image\":{\"@id\":\"https:\/\/metaltale.com\/lv\/produkts\/3d-metalisks-attels-woman-in-red-80x120-cm\/#primaryimage\"},\"thumbnailUrl\":\"https:\/\/metaltale.com\/wp-content\/uploads\/2023\/09\/Metalo-tapybos-3D-loftas-MOTERIS-RAUDONAI.jpg\",\"datePublished\":\"2024-02-13T13:15:50+00:00\",\"breadcrumb\":{\"@id\":\"https:\/\/metaltale.com\/lv\/produkts\/3d-metalisks-attels-woman-in-red-80x120-cm\/#breadcrumb\"},\"inLanguage\":\"lv-LV\",\"potentialAction\":[{\"@type\":\"ReadAction\",\"target\":[\"https:\/\/metaltale.com\/lv\/produkts\/3d-metalisks-attels-woman-in-red-80x120-cm\/\"]}]},{\"@type\":\"ImageObject\",\"inLanguage\":\"lv-LV\",\"@id\":\"https:\/\/metaltale.com\/lv\/produkts\/3d-metalisks-attels-woman-in-red-80x120-cm\/#primaryimage\",\"url\":\"https:\/\/metaltale.com\/wp-content\/uploads\/2023\/09\/Metalo-tapybos-3D-loftas-MOTERIS-RAUDONAI.jpg\",\"contentUrl\":\"https:\/\/metaltale.com\/wp-content\/uploads\/2023\/09\/Metalo-tapybos-3D-loftas-MOTERIS-RAUDONAI.jpg\",\"width\":800,\"height\":800},{\"@type\":\"BreadcrumbList\",\"@id\":\"https:\/\/metaltale.com\/lv\/produkts\/3d-metalisks-attels-woman-in-red-80x120-cm\/#breadcrumb\",\"itemListElement\":[{\"@type\":\"ListItem\",\"position\":1,\"name\":\"Home\",\"item\":\"https:\/\/metaltale.com\/lv\/majas\/\"},{\"@type\":\"ListItem\",\"position\":2,\"name\":\"Veikals\",\"item\":\"https:\/\/metaltale.com\/lv\/shop\/\"},{\"@type\":\"ListItem\",\"position\":3,\"name\":\"3D met\u0101lisks att\u0113ls WOMAN IN RED 80&#215;120 cm\"}]},{\"@type\":\"WebSite\",\"@id\":\"https:\/\/metaltale.com\/lv\/#website\",\"url\":\"https:\/\/metaltale.com\/lv\/\",\"name\":\"Metaltale.com\",\"description\":\"\",\"potentialAction\":[{\"@type\":\"SearchAction\",\"target\":{\"@type\":\"EntryPoint\",\"urlTemplate\":\"https:\/\/metaltale.com\/lv\/?s={search_term_string}\"},\"query-input\":{\"@type\":\"PropertyValueSpecification\",\"valueRequired\":true,\"valueName\":\"search_term_string\"}}],\"inLanguage\":\"lv-LV\"}]}<\/script>\n<!-- \/ Yoast SEO plugin. -->","yoast_head_json":{"title":"3D met\u0101lisks att\u0113ls WOMAN IN RED 80x120 cm - MetalTale.com","robots":{"index":"index","follow":"follow","max-snippet":"max-snippet:-1","max-image-preview":"max-image-preview:large","max-video-preview":"max-video-preview:-1"},"canonical":"https:\/\/metaltale.com\/lv\/produkts\/3d-metalisks-attels-woman-in-red-80x120-cm\/","og_locale":"lv_LV","og_type":"article","og_title":"3D met\u0101lisks att\u0113ls WOMAN IN RED 80x120 cm - MetalTale.com","og_description":"Modelis PT. L22725 Platums (cm ) 80 Augstums (cm ) 120 Biezums (cm ) 5 Materi\u0101ls T\u0113rauds Formas Taisnst\u016bra formas","og_url":"https:\/\/metaltale.com\/lv\/produkts\/3d-metalisks-attels-woman-in-red-80x120-cm\/","og_site_name":"MetalTale.com","twitter_card":"summary_large_image","twitter_misc":{"Est. reading time":"1 minute"},"schema":{"@context":"https:\/\/schema.org","@graph":[{"@type":"WebPage","@id":"https:\/\/metaltale.com\/lv\/produkts\/3d-metalisks-attels-woman-in-red-80x120-cm\/","url":"https:\/\/metaltale.com\/lv\/produkts\/3d-metalisks-attels-woman-in-red-80x120-cm\/","name":"3D met\u0101lisks att\u0113ls WOMAN IN RED 80x120 cm - MetalTale.com","isPartOf":{"@id":"https:\/\/metaltale.com\/lv\/#website"},"primaryImageOfPage":{"@id":"https:\/\/metaltale.com\/lv\/produkts\/3d-metalisks-attels-woman-in-red-80x120-cm\/#primaryimage"},"image":{"@id":"https:\/\/metaltale.com\/lv\/produkts\/3d-metalisks-attels-woman-in-red-80x120-cm\/#primaryimage"},"thumbnailUrl":"https:\/\/metaltale.com\/wp-content\/uploads\/2023\/09\/Metalo-tapybos-3D-loftas-MOTERIS-RAUDONAI.jpg","datePublished":"2024-02-13T13:15:50+00:00","breadcrumb":{"@id":"https:\/\/metaltale.com\/lv\/produkts\/3d-metalisks-attels-woman-in-red-80x120-cm\/#breadcrumb"},"inLanguage":"lv-LV","potentialAction":[{"@type":"ReadAction","target":["https:\/\/metaltale.com\/lv\/produkts\/3d-metalisks-attels-woman-in-red-80x120-cm\/"]}]},{"@type":"ImageObject","inLanguage":"lv-LV","@id":"https:\/\/metaltale.com\/lv\/produkts\/3d-metalisks-attels-woman-in-red-80x120-cm\/#primaryimage","url":"https:\/\/metaltale.com\/wp-content\/uploads\/2023\/09\/Metalo-tapybos-3D-loftas-MOTERIS-RAUDONAI.jpg","contentUrl":"https:\/\/metaltale.com\/wp-content\/uploads\/2023\/09\/Metalo-tapybos-3D-loftas-MOTERIS-RAUDONAI.jpg","width":800,"height":800},{"@type":"BreadcrumbList","@id":"https:\/\/metaltale.com\/lv\/produkts\/3d-metalisks-attels-woman-in-red-80x120-cm\/#breadcrumb","itemListElement":[{"@type":"ListItem","position":1,"name":"Home","item":"https:\/\/metaltale.com\/lv\/majas\/"},{"@type":"ListItem","position":2,"name":"Veikals","item":"https:\/\/metaltale.com\/lv\/shop\/"},{"@type":"ListItem","position":3,"name":"3D met\u0101lisks att\u0113ls WOMAN IN RED 80&#215;120 cm"}]},{"@type":"WebSite","@id":"https:\/\/metaltale.com\/lv\/#website","url":"https:\/\/metaltale.com\/lv\/","name":"Metaltale.com","description":"","potentialAction":[{"@type":"SearchAction","target":{"@type":"EntryPoint","urlTemplate":"https:\/\/metaltale.com\/lv\/?s={search_term_string}"},"query-input":{"@type":"PropertyValueSpecification","valueRequired":true,"valueName":"search_term_string"}}],"inLanguage":"lv-LV"}]}},"_links":{"self":[{"href":"https:\/\/metaltale.com\/lv\/wp-json\/wp\/v2\/product\/134070","targetHints":{"allow":["GET"]}}],"collection":[{"href":"https:\/\/metaltale.com\/lv\/wp-json\/wp\/v2\/product"}],"about":[{"href":"https:\/\/metaltale.com\/lv\/wp-json\/wp\/v2\/types\/product"}],"replies":[{"embeddable":true,"href":"https:\/\/metaltale.com\/lv\/wp-json\/wp\/v2\/comments?post=134070"}],"version-history":[{"count":0,"href":"https:\/\/metaltale.com\/lv\/wp-json\/wp\/v2\/product\/134070\/revisions"}],"wp:featuredmedia":[{"embeddable":true,"href":"https:\/\/metaltale.com\/lv\/wp-json\/wp\/v2\/media\/74959"}],"wp:attachment":[{"href":"https:\/\/metaltale.com\/lv\/wp-json\/wp\/v2\/media?parent=134070"}],"wp:term":[{"taxonomy":"product_brand","embeddable":true,"href":"https:\/\/metaltale.com\/lv\/wp-json\/wp\/v2\/product_brand?post=134070"},{"taxonomy":"product_cat","embeddable":true,"href":"https:\/\/metaltale.com\/lv\/wp-json\/wp\/v2\/product_cat?post=134070"},{"taxonomy":"product_tag","embeddable":true,"href":"https:\/\/metaltale.com\/lv\/wp-json\/wp\/v2\/product_tag?post=134070"}],"curies":[{"name":"wp","href":"https:\/\/api.w.org\/{rel}","templated":true}]}}