{"id":134050,"date":"2024-02-13T14:29:05","date_gmt":"2024-02-13T12:29:05","guid":{"rendered":"https:\/\/metaltale.com\/produktas\/3d-metala-apdruka-loft-most-brooklyn-1-180x56-cm\/"},"modified":"2024-02-13T14:29:05","modified_gmt":"2024-02-13T12:29:05","slug":"3d-metala-apdruka-loft-most-brooklyn-1-180x56-cm","status":"publish","type":"product","link":"https:\/\/metaltale.com\/lv\/produkts\/3d-metala-apdruka-loft-most-brooklyn-1-180x56-cm\/","title":{"rendered":"3D met\u0101la apdruka LOFT MOST BROOKLYN 1; 180&#215;56 cm"},"content":{"rendered":"<div class=\"prod_data\">\n<p><strong>Modelis<\/strong> PT. T130147<br \/>\n<strong>EAN.<\/strong>  5907772073339<br \/>\n<strong>Platums (cm<\/strong> ) 180<br \/>\n<strong>Augstums (cm<\/strong> ) 56<br \/>\n<strong>Biezums (cm<\/strong> ) 6<br \/>\n<strong>Materi\u0101ls<\/strong> T\u0113rauds<br \/>\nOrient\u0101cija Horizont\u0101l\u0101<br \/>\n\u0112kas \/ objekti ar mot\u012bviem<\/p>\n<p>&#8211; met\u0101la 3D att\u0113ls no p\u0101rstr\u0101d\u0101ta t\u0113rauda<br \/>\n&#8211; faktiskie izvirz\u012bjumi<br \/>\n&#8211; kr\u0101sas, ko rada kr\u0101sa vai dabiska kr\u0101sas mai\u0146a un korozija.<br \/>\n&#8211; impregn\u0113\u0161ana ar caursp\u012bd\u012bgu laku garant\u0113 kr\u0101sas notur\u012bbu un iztur\u012bbu pret skr\u0101p\u0113jumiem.<br \/>\n&#8211; 1. att\u0113l\u0101 redzams viens no diviem slavenajiem tiltiem, kas savieno Bruklinu un Manhetenu.<\/p>\n<hr>\n<p>Piekaramais tilts, kas savieno divus labi zin\u0101mus \u0145ujorkas rajonus, ir popul\u0101rs sienas apdares mot\u012bvs. Ta\u010du t\u0101s ori\u0123in\u0101lais r\u016bpnieciskais izdevums noteikti ir ori\u0123in\u0101ls priek\u0161likums. Dizainera kr\u0101su kombin\u0101cija ar dabisko kr\u0101su paleti (korozijas efekts, neapstr\u0101d\u0101ta t\u0113rauda plaisas) izskat\u0101s \u013coti pievilc\u012bgi. Ar rok\u0101m savienotie p\u0101rstr\u0101d\u0101t\u0101 t\u0113rauda elementi rada unik\u0101lu efektu, padarot katru met\u0101la sienas dekoru unik\u0101lu. Tr\u012bsdimensiju att\u0113lam ir re\u0101listiskas p\u0101rkares, kas kop\u0101 ar paredzamo noveco\u0161anas efektu rada unik\u0101lu un vienreiz\u0113ju m\u0101kslas darbu. 3D met\u0101lisks gleznojums ir daudzpus\u012bgs sienu rot\u0101jums, jo \u012bpa\u0161i spilgto kr\u0101su d\u0113\u013c. &#8220;Brooklyn 1&#8221; tilts ir apr\u012bkots ar mont\u0101\u017eas kron\u0161teiniem, kas nodro\u0161ina intuit\u012bvu un vienk\u0101r\u0161u uzst\u0101d\u012b\u0161anu. Ori\u0123in\u0101la r\u016bpnieciska glezna ir lieliska ideja d\u0101vanai.<\/p>\n<\/div>\n","protected":false},"excerpt":{"rendered":"<p>Modelis PT. T130147 EAN. 5907772073339 Platums (cm ) 180 Augstums (cm ) 56 Biezums (cm ) 6 Materi\u0101ls T\u0113rauds Orient\u0101cija<\/p>\n","protected":false},"featured_media":101708,"comment_status":"open","ping_status":"closed","template":"","meta":{"_acf_changed":false,"pmpro_default_level":""},"product_brand":[],"product_cat":[24055,23908],"product_tag":[],"class_list":{"0":"post-134050","1":"product","2":"type-product","3":"status-publish","4":"has-post-thumbnail","6":"product_cat-rotajumi","7":"product_cat-3d-paveikslai-lv","8":"pmpro-has-access","10":"first","11":"instock","12":"shipping-taxable","13":"purchasable","14":"product-type-simple"},"acf":[],"yoast_head":"<!-- This site is optimized with the Yoast SEO plugin v24.9 - https:\/\/yoast.com\/wordpress\/plugins\/seo\/ -->\n<title>3D met\u0101la apdruka LOFT MOST BROOKLYN 1; 180x56 cm - MetalTale.com<\/title>\n<meta name=\"robots\" content=\"index, follow, max-snippet:-1, max-image-preview:large, max-video-preview:-1\" \/>\n<link rel=\"canonical\" href=\"https:\/\/metaltale.com\/lv\/produkts\/3d-metala-apdruka-loft-most-brooklyn-1-180x56-cm\/\" \/>\n<meta property=\"og:locale\" content=\"lv_LV\" \/>\n<meta property=\"og:type\" content=\"article\" \/>\n<meta property=\"og:title\" content=\"3D met\u0101la apdruka LOFT MOST BROOKLYN 1; 180x56 cm - MetalTale.com\" \/>\n<meta property=\"og:description\" content=\"Modelis PT. T130147 EAN. 5907772073339 Platums (cm ) 180 Augstums (cm ) 56 Biezums (cm ) 6 Materi\u0101ls T\u0113rauds Orient\u0101cija\" \/>\n<meta property=\"og:url\" content=\"https:\/\/metaltale.com\/lv\/produkts\/3d-metala-apdruka-loft-most-brooklyn-1-180x56-cm\/\" \/>\n<meta property=\"og:site_name\" content=\"MetalTale.com\" \/>\n<meta name=\"twitter:card\" content=\"summary_large_image\" \/>\n<meta name=\"twitter:label1\" content=\"Est. reading time\" \/>\n\t<meta name=\"twitter:data1\" content=\"1 minute\" \/>\n<script type=\"application\/ld+json\" class=\"yoast-schema-graph\">{\"@context\":\"https:\/\/schema.org\",\"@graph\":[{\"@type\":\"WebPage\",\"@id\":\"https:\/\/metaltale.com\/lv\/produkts\/3d-metala-apdruka-loft-most-brooklyn-1-180x56-cm\/\",\"url\":\"https:\/\/metaltale.com\/lv\/produkts\/3d-metala-apdruka-loft-most-brooklyn-1-180x56-cm\/\",\"name\":\"3D met\u0101la apdruka LOFT MOST BROOKLYN 1; 180x56 cm - MetalTale.com\",\"isPartOf\":{\"@id\":\"https:\/\/metaltale.com\/lv\/#website\"},\"primaryImageOfPage\":{\"@id\":\"https:\/\/metaltale.com\/lv\/produkts\/3d-metala-apdruka-loft-most-brooklyn-1-180x56-cm\/#primaryimage\"},\"image\":{\"@id\":\"https:\/\/metaltale.com\/lv\/produkts\/3d-metala-apdruka-loft-most-brooklyn-1-180x56-cm\/#primaryimage\"},\"thumbnailUrl\":\"https:\/\/metaltale.com\/wp-content\/uploads\/2023\/11\/Obraz-3D-LOFTAS-MOST-BROOKLYN-1.jpg\",\"datePublished\":\"2024-02-13T12:29:05+00:00\",\"breadcrumb\":{\"@id\":\"https:\/\/metaltale.com\/lv\/produkts\/3d-metala-apdruka-loft-most-brooklyn-1-180x56-cm\/#breadcrumb\"},\"inLanguage\":\"lv-LV\",\"potentialAction\":[{\"@type\":\"ReadAction\",\"target\":[\"https:\/\/metaltale.com\/lv\/produkts\/3d-metala-apdruka-loft-most-brooklyn-1-180x56-cm\/\"]}]},{\"@type\":\"ImageObject\",\"inLanguage\":\"lv-LV\",\"@id\":\"https:\/\/metaltale.com\/lv\/produkts\/3d-metala-apdruka-loft-most-brooklyn-1-180x56-cm\/#primaryimage\",\"url\":\"https:\/\/metaltale.com\/wp-content\/uploads\/2023\/11\/Obraz-3D-LOFTAS-MOST-BROOKLYN-1.jpg\",\"contentUrl\":\"https:\/\/metaltale.com\/wp-content\/uploads\/2023\/11\/Obraz-3D-LOFTAS-MOST-BROOKLYN-1.jpg\",\"width\":800,\"height\":800},{\"@type\":\"BreadcrumbList\",\"@id\":\"https:\/\/metaltale.com\/lv\/produkts\/3d-metala-apdruka-loft-most-brooklyn-1-180x56-cm\/#breadcrumb\",\"itemListElement\":[{\"@type\":\"ListItem\",\"position\":1,\"name\":\"Home\",\"item\":\"https:\/\/metaltale.com\/lv\/majas\/\"},{\"@type\":\"ListItem\",\"position\":2,\"name\":\"Veikals\",\"item\":\"https:\/\/metaltale.com\/lv\/shop\/\"},{\"@type\":\"ListItem\",\"position\":3,\"name\":\"3D met\u0101la apdruka LOFT MOST BROOKLYN 1; 180&#215;56 cm\"}]},{\"@type\":\"WebSite\",\"@id\":\"https:\/\/metaltale.com\/lv\/#website\",\"url\":\"https:\/\/metaltale.com\/lv\/\",\"name\":\"Metaltale.com\",\"description\":\"\",\"potentialAction\":[{\"@type\":\"SearchAction\",\"target\":{\"@type\":\"EntryPoint\",\"urlTemplate\":\"https:\/\/metaltale.com\/lv\/?s={search_term_string}\"},\"query-input\":{\"@type\":\"PropertyValueSpecification\",\"valueRequired\":true,\"valueName\":\"search_term_string\"}}],\"inLanguage\":\"lv-LV\"}]}<\/script>\n<!-- \/ Yoast SEO plugin. -->","yoast_head_json":{"title":"3D met\u0101la apdruka LOFT MOST BROOKLYN 1; 180x56 cm - MetalTale.com","robots":{"index":"index","follow":"follow","max-snippet":"max-snippet:-1","max-image-preview":"max-image-preview:large","max-video-preview":"max-video-preview:-1"},"canonical":"https:\/\/metaltale.com\/lv\/produkts\/3d-metala-apdruka-loft-most-brooklyn-1-180x56-cm\/","og_locale":"lv_LV","og_type":"article","og_title":"3D met\u0101la apdruka LOFT MOST BROOKLYN 1; 180x56 cm - MetalTale.com","og_description":"Modelis PT. T130147 EAN. 5907772073339 Platums (cm ) 180 Augstums (cm ) 56 Biezums (cm ) 6 Materi\u0101ls T\u0113rauds Orient\u0101cija","og_url":"https:\/\/metaltale.com\/lv\/produkts\/3d-metala-apdruka-loft-most-brooklyn-1-180x56-cm\/","og_site_name":"MetalTale.com","twitter_card":"summary_large_image","twitter_misc":{"Est. reading time":"1 minute"},"schema":{"@context":"https:\/\/schema.org","@graph":[{"@type":"WebPage","@id":"https:\/\/metaltale.com\/lv\/produkts\/3d-metala-apdruka-loft-most-brooklyn-1-180x56-cm\/","url":"https:\/\/metaltale.com\/lv\/produkts\/3d-metala-apdruka-loft-most-brooklyn-1-180x56-cm\/","name":"3D met\u0101la apdruka LOFT MOST BROOKLYN 1; 180x56 cm - MetalTale.com","isPartOf":{"@id":"https:\/\/metaltale.com\/lv\/#website"},"primaryImageOfPage":{"@id":"https:\/\/metaltale.com\/lv\/produkts\/3d-metala-apdruka-loft-most-brooklyn-1-180x56-cm\/#primaryimage"},"image":{"@id":"https:\/\/metaltale.com\/lv\/produkts\/3d-metala-apdruka-loft-most-brooklyn-1-180x56-cm\/#primaryimage"},"thumbnailUrl":"https:\/\/metaltale.com\/wp-content\/uploads\/2023\/11\/Obraz-3D-LOFTAS-MOST-BROOKLYN-1.jpg","datePublished":"2024-02-13T12:29:05+00:00","breadcrumb":{"@id":"https:\/\/metaltale.com\/lv\/produkts\/3d-metala-apdruka-loft-most-brooklyn-1-180x56-cm\/#breadcrumb"},"inLanguage":"lv-LV","potentialAction":[{"@type":"ReadAction","target":["https:\/\/metaltale.com\/lv\/produkts\/3d-metala-apdruka-loft-most-brooklyn-1-180x56-cm\/"]}]},{"@type":"ImageObject","inLanguage":"lv-LV","@id":"https:\/\/metaltale.com\/lv\/produkts\/3d-metala-apdruka-loft-most-brooklyn-1-180x56-cm\/#primaryimage","url":"https:\/\/metaltale.com\/wp-content\/uploads\/2023\/11\/Obraz-3D-LOFTAS-MOST-BROOKLYN-1.jpg","contentUrl":"https:\/\/metaltale.com\/wp-content\/uploads\/2023\/11\/Obraz-3D-LOFTAS-MOST-BROOKLYN-1.jpg","width":800,"height":800},{"@type":"BreadcrumbList","@id":"https:\/\/metaltale.com\/lv\/produkts\/3d-metala-apdruka-loft-most-brooklyn-1-180x56-cm\/#breadcrumb","itemListElement":[{"@type":"ListItem","position":1,"name":"Home","item":"https:\/\/metaltale.com\/lv\/majas\/"},{"@type":"ListItem","position":2,"name":"Veikals","item":"https:\/\/metaltale.com\/lv\/shop\/"},{"@type":"ListItem","position":3,"name":"3D met\u0101la apdruka LOFT MOST BROOKLYN 1; 180&#215;56 cm"}]},{"@type":"WebSite","@id":"https:\/\/metaltale.com\/lv\/#website","url":"https:\/\/metaltale.com\/lv\/","name":"Metaltale.com","description":"","potentialAction":[{"@type":"SearchAction","target":{"@type":"EntryPoint","urlTemplate":"https:\/\/metaltale.com\/lv\/?s={search_term_string}"},"query-input":{"@type":"PropertyValueSpecification","valueRequired":true,"valueName":"search_term_string"}}],"inLanguage":"lv-LV"}]}},"_links":{"self":[{"href":"https:\/\/metaltale.com\/lv\/wp-json\/wp\/v2\/product\/134050","targetHints":{"allow":["GET"]}}],"collection":[{"href":"https:\/\/metaltale.com\/lv\/wp-json\/wp\/v2\/product"}],"about":[{"href":"https:\/\/metaltale.com\/lv\/wp-json\/wp\/v2\/types\/product"}],"replies":[{"embeddable":true,"href":"https:\/\/metaltale.com\/lv\/wp-json\/wp\/v2\/comments?post=134050"}],"version-history":[{"count":0,"href":"https:\/\/metaltale.com\/lv\/wp-json\/wp\/v2\/product\/134050\/revisions"}],"wp:featuredmedia":[{"embeddable":true,"href":"https:\/\/metaltale.com\/lv\/wp-json\/wp\/v2\/media\/101708"}],"wp:attachment":[{"href":"https:\/\/metaltale.com\/lv\/wp-json\/wp\/v2\/media?parent=134050"}],"wp:term":[{"taxonomy":"product_brand","embeddable":true,"href":"https:\/\/metaltale.com\/lv\/wp-json\/wp\/v2\/product_brand?post=134050"},{"taxonomy":"product_cat","embeddable":true,"href":"https:\/\/metaltale.com\/lv\/wp-json\/wp\/v2\/product_cat?post=134050"},{"taxonomy":"product_tag","embeddable":true,"href":"https:\/\/metaltale.com\/lv\/wp-json\/wp\/v2\/product_tag?post=134050"}],"curies":[{"name":"wp","href":"https:\/\/api.w.org\/{rel}","templated":true}]}}