{"id":134039,"date":"2024-02-13T13:17:08","date_gmt":"2024-02-13T11:17:08","guid":{"rendered":"https:\/\/metaltale.com\/produktas\/3d-metala-druka-loft-motor-wsk-100x100-cm\/"},"modified":"2024-02-13T13:17:08","modified_gmt":"2024-02-13T11:17:08","slug":"3d-metala-druka-loft-motor-wsk-100x100-cm","status":"publish","type":"product","link":"https:\/\/metaltale.com\/lv\/produkts\/3d-metala-druka-loft-motor-wsk-100x100-cm\/","title":{"rendered":"3D met\u0101la druka LOFT MOTOR WSK 100&#215;100 cm"},"content":{"rendered":"<div class=\"prod_data\">\n<p><strong>Modelis<\/strong> JIS. WSK<br \/>\n<strong>EAN.<\/strong>  5907772072066<br \/>\nOrient\u0113\u0161an\u0101s Univers\u0101l\u0101<br \/>\nMotiva motoriz\u0101cija<br \/>\n<strong>Materi\u0101ls<\/strong> T\u0113rauds<br \/>\n<strong>Biezums (cm<\/strong> ) 9<br \/>\n<strong>Platums (cm)<\/strong> 100<br \/>\n<strong>Augstums (cm<\/strong> ) 100<\/p>\n<p>Met\u0101la 3D att\u0113ls ir \u012bsts m\u0101kslas darbs, kas ir unik\u0101ls p\u0113c sava dizaina. \u0160\u012b kompoz\u012bcija ir dom\u0101ta ne tikai m\u0101kslas cien\u012bt\u0101jiem, bet ar\u012b visiem, kas nov\u0113rt\u0113 ori\u0123inalit\u0101ti. Gaum\u012bg\u0101 t\u0113rauda un p\u0101rstr\u0101d\u0101ta koka elementu kombin\u0101cija nodro\u0161ina paredzamu un unik\u0101lu telpisko efektu. Papildus izmantotaj\u0101m kr\u0101s\u0101m att\u0113los ir ar\u012b pla\u0161s dabiski ieg\u016bto kr\u0101su kl\u0101sts, tostarp. impregn\u0113tas r\u016bsas vai neapstr\u0101d\u0101tu t\u0113rauda spraugu d\u0113\u013c. Lai pie\u0161\u0137irtu dzi\u013c\u0101ku industri\u0101lo stilu, ir apzin\u0101ti izmantotas &#8220;p\u0101rsp\u012bl\u0113tas&#8221;, &#8220;izsl\u0113gtas&#8221; kr\u0101sas utt. Roku darbs, lai nodro\u0161in\u0101tu katra izstr\u0101d\u0101juma unikalit\u0101ti.<\/p>\n<p>3D att\u0113ls ir piln\u012bb\u0101 veidots no metamfetam\u012bna, un taj\u0101 redzams WSK motors.<br \/>\nM\u0101kslas darbu piestiprin\u0101\u0161ana ir iesp\u0113jama, pateicoties komplekt\u0101 iek\u013cautajiem stiprin\u0101jumiem.<\/p>\n<p>Met\u0101la 3D att\u0113ls ir apdare, kas lau\u017e rakstus, kas ir ar\u012b lieliska ideja ori\u0123in\u0101lai d\u0101vanai.<\/p>\n<\/div>\n","protected":false},"excerpt":{"rendered":"<p>Modelis JIS. WSK EAN. 5907772072066 Orient\u0113\u0161an\u0101s Univers\u0101l\u0101 Motiva motoriz\u0101cija Materi\u0101ls T\u0113rauds Biezums (cm ) 9 Platums (cm) 100 Augstums (cm<\/p>\n","protected":false},"featured_media":65098,"comment_status":"open","ping_status":"closed","template":"","meta":{"_acf_changed":false,"pmpro_default_level":""},"product_brand":[],"product_cat":[24055,23908],"product_tag":[],"class_list":{"0":"post-134039","1":"product","2":"type-product","3":"status-publish","4":"has-post-thumbnail","6":"product_cat-rotajumi","7":"product_cat-3d-paveikslai-lv","8":"pmpro-has-access","10":"first","11":"instock","12":"shipping-taxable","13":"purchasable","14":"product-type-simple"},"acf":[],"yoast_head":"<!-- This site is optimized with the Yoast SEO plugin v24.9 - https:\/\/yoast.com\/wordpress\/plugins\/seo\/ -->\n<title>3D met\u0101la druka LOFT MOTOR WSK 100x100 cm - MetalTale.com<\/title>\n<meta name=\"robots\" content=\"index, follow, max-snippet:-1, max-image-preview:large, max-video-preview:-1\" \/>\n<link rel=\"canonical\" href=\"https:\/\/metaltale.com\/lv\/produkts\/3d-metala-druka-loft-motor-wsk-100x100-cm\/\" \/>\n<meta property=\"og:locale\" content=\"lv_LV\" \/>\n<meta property=\"og:type\" content=\"article\" \/>\n<meta property=\"og:title\" content=\"3D met\u0101la druka LOFT MOTOR WSK 100x100 cm - MetalTale.com\" \/>\n<meta property=\"og:description\" content=\"Modelis JIS. WSK EAN. 5907772072066 Orient\u0113\u0161an\u0101s Univers\u0101l\u0101 Motiva motoriz\u0101cija Materi\u0101ls T\u0113rauds Biezums (cm ) 9 Platums (cm) 100 Augstums (cm\" \/>\n<meta property=\"og:url\" content=\"https:\/\/metaltale.com\/lv\/produkts\/3d-metala-druka-loft-motor-wsk-100x100-cm\/\" \/>\n<meta property=\"og:site_name\" content=\"MetalTale.com\" \/>\n<meta name=\"twitter:card\" content=\"summary_large_image\" \/>\n<meta name=\"twitter:label1\" content=\"Est. reading time\" \/>\n\t<meta name=\"twitter:data1\" content=\"1 minute\" \/>\n<script type=\"application\/ld+json\" class=\"yoast-schema-graph\">{\"@context\":\"https:\/\/schema.org\",\"@graph\":[{\"@type\":\"WebPage\",\"@id\":\"https:\/\/metaltale.com\/lv\/produkts\/3d-metala-druka-loft-motor-wsk-100x100-cm\/\",\"url\":\"https:\/\/metaltale.com\/lv\/produkts\/3d-metala-druka-loft-motor-wsk-100x100-cm\/\",\"name\":\"3D met\u0101la druka LOFT MOTOR WSK 100x100 cm - MetalTale.com\",\"isPartOf\":{\"@id\":\"https:\/\/metaltale.com\/lv\/#website\"},\"primaryImageOfPage\":{\"@id\":\"https:\/\/metaltale.com\/lv\/produkts\/3d-metala-druka-loft-motor-wsk-100x100-cm\/#primaryimage\"},\"image\":{\"@id\":\"https:\/\/metaltale.com\/lv\/produkts\/3d-metala-druka-loft-motor-wsk-100x100-cm\/#primaryimage\"},\"thumbnailUrl\":\"https:\/\/metaltale.com\/wp-content\/uploads\/2023\/09\/3D-VARIKLIO-WSK-vaizdas.jpg\",\"datePublished\":\"2024-02-13T11:17:08+00:00\",\"breadcrumb\":{\"@id\":\"https:\/\/metaltale.com\/lv\/produkts\/3d-metala-druka-loft-motor-wsk-100x100-cm\/#breadcrumb\"},\"inLanguage\":\"lv-LV\",\"potentialAction\":[{\"@type\":\"ReadAction\",\"target\":[\"https:\/\/metaltale.com\/lv\/produkts\/3d-metala-druka-loft-motor-wsk-100x100-cm\/\"]}]},{\"@type\":\"ImageObject\",\"inLanguage\":\"lv-LV\",\"@id\":\"https:\/\/metaltale.com\/lv\/produkts\/3d-metala-druka-loft-motor-wsk-100x100-cm\/#primaryimage\",\"url\":\"https:\/\/metaltale.com\/wp-content\/uploads\/2023\/09\/3D-VARIKLIO-WSK-vaizdas.jpg\",\"contentUrl\":\"https:\/\/metaltale.com\/wp-content\/uploads\/2023\/09\/3D-VARIKLIO-WSK-vaizdas.jpg\",\"width\":800,\"height\":800},{\"@type\":\"BreadcrumbList\",\"@id\":\"https:\/\/metaltale.com\/lv\/produkts\/3d-metala-druka-loft-motor-wsk-100x100-cm\/#breadcrumb\",\"itemListElement\":[{\"@type\":\"ListItem\",\"position\":1,\"name\":\"Home\",\"item\":\"https:\/\/metaltale.com\/lv\/majas\/\"},{\"@type\":\"ListItem\",\"position\":2,\"name\":\"Veikals\",\"item\":\"https:\/\/metaltale.com\/lv\/shop\/\"},{\"@type\":\"ListItem\",\"position\":3,\"name\":\"3D met\u0101la druka LOFT MOTOR WSK 100&#215;100 cm\"}]},{\"@type\":\"WebSite\",\"@id\":\"https:\/\/metaltale.com\/lv\/#website\",\"url\":\"https:\/\/metaltale.com\/lv\/\",\"name\":\"Metaltale.com\",\"description\":\"\",\"potentialAction\":[{\"@type\":\"SearchAction\",\"target\":{\"@type\":\"EntryPoint\",\"urlTemplate\":\"https:\/\/metaltale.com\/lv\/?s={search_term_string}\"},\"query-input\":{\"@type\":\"PropertyValueSpecification\",\"valueRequired\":true,\"valueName\":\"search_term_string\"}}],\"inLanguage\":\"lv-LV\"}]}<\/script>\n<!-- \/ Yoast SEO plugin. -->","yoast_head_json":{"title":"3D met\u0101la druka LOFT MOTOR WSK 100x100 cm - MetalTale.com","robots":{"index":"index","follow":"follow","max-snippet":"max-snippet:-1","max-image-preview":"max-image-preview:large","max-video-preview":"max-video-preview:-1"},"canonical":"https:\/\/metaltale.com\/lv\/produkts\/3d-metala-druka-loft-motor-wsk-100x100-cm\/","og_locale":"lv_LV","og_type":"article","og_title":"3D met\u0101la druka LOFT MOTOR WSK 100x100 cm - MetalTale.com","og_description":"Modelis JIS. WSK EAN. 5907772072066 Orient\u0113\u0161an\u0101s Univers\u0101l\u0101 Motiva motoriz\u0101cija Materi\u0101ls T\u0113rauds Biezums (cm ) 9 Platums (cm) 100 Augstums (cm","og_url":"https:\/\/metaltale.com\/lv\/produkts\/3d-metala-druka-loft-motor-wsk-100x100-cm\/","og_site_name":"MetalTale.com","twitter_card":"summary_large_image","twitter_misc":{"Est. reading time":"1 minute"},"schema":{"@context":"https:\/\/schema.org","@graph":[{"@type":"WebPage","@id":"https:\/\/metaltale.com\/lv\/produkts\/3d-metala-druka-loft-motor-wsk-100x100-cm\/","url":"https:\/\/metaltale.com\/lv\/produkts\/3d-metala-druka-loft-motor-wsk-100x100-cm\/","name":"3D met\u0101la druka LOFT MOTOR WSK 100x100 cm - MetalTale.com","isPartOf":{"@id":"https:\/\/metaltale.com\/lv\/#website"},"primaryImageOfPage":{"@id":"https:\/\/metaltale.com\/lv\/produkts\/3d-metala-druka-loft-motor-wsk-100x100-cm\/#primaryimage"},"image":{"@id":"https:\/\/metaltale.com\/lv\/produkts\/3d-metala-druka-loft-motor-wsk-100x100-cm\/#primaryimage"},"thumbnailUrl":"https:\/\/metaltale.com\/wp-content\/uploads\/2023\/09\/3D-VARIKLIO-WSK-vaizdas.jpg","datePublished":"2024-02-13T11:17:08+00:00","breadcrumb":{"@id":"https:\/\/metaltale.com\/lv\/produkts\/3d-metala-druka-loft-motor-wsk-100x100-cm\/#breadcrumb"},"inLanguage":"lv-LV","potentialAction":[{"@type":"ReadAction","target":["https:\/\/metaltale.com\/lv\/produkts\/3d-metala-druka-loft-motor-wsk-100x100-cm\/"]}]},{"@type":"ImageObject","inLanguage":"lv-LV","@id":"https:\/\/metaltale.com\/lv\/produkts\/3d-metala-druka-loft-motor-wsk-100x100-cm\/#primaryimage","url":"https:\/\/metaltale.com\/wp-content\/uploads\/2023\/09\/3D-VARIKLIO-WSK-vaizdas.jpg","contentUrl":"https:\/\/metaltale.com\/wp-content\/uploads\/2023\/09\/3D-VARIKLIO-WSK-vaizdas.jpg","width":800,"height":800},{"@type":"BreadcrumbList","@id":"https:\/\/metaltale.com\/lv\/produkts\/3d-metala-druka-loft-motor-wsk-100x100-cm\/#breadcrumb","itemListElement":[{"@type":"ListItem","position":1,"name":"Home","item":"https:\/\/metaltale.com\/lv\/majas\/"},{"@type":"ListItem","position":2,"name":"Veikals","item":"https:\/\/metaltale.com\/lv\/shop\/"},{"@type":"ListItem","position":3,"name":"3D met\u0101la druka LOFT MOTOR WSK 100&#215;100 cm"}]},{"@type":"WebSite","@id":"https:\/\/metaltale.com\/lv\/#website","url":"https:\/\/metaltale.com\/lv\/","name":"Metaltale.com","description":"","potentialAction":[{"@type":"SearchAction","target":{"@type":"EntryPoint","urlTemplate":"https:\/\/metaltale.com\/lv\/?s={search_term_string}"},"query-input":{"@type":"PropertyValueSpecification","valueRequired":true,"valueName":"search_term_string"}}],"inLanguage":"lv-LV"}]}},"_links":{"self":[{"href":"https:\/\/metaltale.com\/lv\/wp-json\/wp\/v2\/product\/134039","targetHints":{"allow":["GET"]}}],"collection":[{"href":"https:\/\/metaltale.com\/lv\/wp-json\/wp\/v2\/product"}],"about":[{"href":"https:\/\/metaltale.com\/lv\/wp-json\/wp\/v2\/types\/product"}],"replies":[{"embeddable":true,"href":"https:\/\/metaltale.com\/lv\/wp-json\/wp\/v2\/comments?post=134039"}],"version-history":[{"count":0,"href":"https:\/\/metaltale.com\/lv\/wp-json\/wp\/v2\/product\/134039\/revisions"}],"wp:featuredmedia":[{"embeddable":true,"href":"https:\/\/metaltale.com\/lv\/wp-json\/wp\/v2\/media\/65098"}],"wp:attachment":[{"href":"https:\/\/metaltale.com\/lv\/wp-json\/wp\/v2\/media?parent=134039"}],"wp:term":[{"taxonomy":"product_brand","embeddable":true,"href":"https:\/\/metaltale.com\/lv\/wp-json\/wp\/v2\/product_brand?post=134039"},{"taxonomy":"product_cat","embeddable":true,"href":"https:\/\/metaltale.com\/lv\/wp-json\/wp\/v2\/product_cat?post=134039"},{"taxonomy":"product_tag","embeddable":true,"href":"https:\/\/metaltale.com\/lv\/wp-json\/wp\/v2\/product_tag?post=134039"}],"curies":[{"name":"wp","href":"https:\/\/api.w.org\/{rel}","templated":true}]}}