{"id":134038,"date":"2024-02-13T14:29:05","date_gmt":"2024-02-13T12:29:05","guid":{"rendered":"https:\/\/metaltale.com\/produktas\/3d-metala-apdruka-loft-music-record-60x90-cm\/"},"modified":"2024-02-13T14:29:05","modified_gmt":"2024-02-13T12:29:05","slug":"3d-metala-apdruka-loft-music-record-60x90-cm","status":"publish","type":"product","link":"https:\/\/metaltale.com\/lv\/produkts\/3d-metala-apdruka-loft-music-record-60x90-cm\/","title":{"rendered":"3D met\u0101la apdruka LOFT MUSIC RECORD 60&#215;90 cm"},"content":{"rendered":"<div class=\"prod_data\">\n<p><strong>Modelis<\/strong> PT. L21118<br \/>\n<strong>EAN.<\/strong>  5907772073087<br \/>\n<strong>Platums (cm<\/strong> ) 60<br \/>\n<strong>Augstums (cm<\/strong> ) 90<br \/>\n<strong>Biezums (cm<\/strong> ) 4<br \/>\n<strong>Materi\u0101ls<\/strong> T\u0113rauds<br \/>\nOrient\u0101cija Vertik\u0101l\u0101<br \/>\nMotiv M\u016bzika<\/p>\n<p>&#8211; met\u0101la 3D att\u0113ls no p\u0101rstr\u0101d\u0101ta t\u0113rauda<br \/>\n&#8211; faktiskie izvirz\u012bjumi<br \/>\n&#8211; kr\u0101sas, ko rada kr\u0101sa vai dabiska kr\u0101sas mai\u0146a un korozija.<br \/>\n&#8211; impregn\u0113\u0161ana ar caursp\u012bd\u012bgu laku garant\u0113 kr\u0101sas notur\u012bbu un iztur\u012bbu pret skr\u0101p\u0113jumiem.<br \/>\n&#8211; Att\u0113ls ir plak\u0101ts<\/p>\n<hr>\n<p>Sienas apdare tr\u012bsdimensiju plak\u0101ta veid\u0101 ir lieliska alternat\u012bva klasiskajiem, sl\u0113gtajiem plak\u0101tiem. T\u0113rauda 3D att\u0113l\u0101 redzams ierakstu studijas mikrofons un austi\u0146as ar uzrakstu &#8220;Open Music&#8221;. Stil\u012bg\u0101 m\u016bzikas un koncertu mot\u012bvu kombin\u0101cija ar retro stilu patiks ikvienam dzied\u0101\u0161anas faniem. Met\u0101la unik\u0101lais vizu\u0101lais raksturs ir pan\u0101kts, pateicoties virsm\u0101 redzamajai (impregn\u0113ta) korozijai un ar vecaj\u0101m r\u016bpn\u012bc\u0101m saist\u012bto kr\u0101su izmanto\u0161anai. Kompaktais izm\u0113rs un vertik\u0101l\u0101 orient\u0101cija noz\u012bm\u0113 tradicion\u0101los plak\u0101tus. Industri\u0101l\u0101s sienu apdares materi\u0101li lieliski izskat\u0101s m\u016bsdien\u012bgos interjeros, pie\u0161\u0137irot tiem nopietn\u012bbu. Ar\u012b retro aran\u017e\u0113jumi viegli p\u0101rnes\u012bs \u0161o ori\u0123in\u0101lo m\u0101kslas darbu. Redzamie savienojumi, \u0161uves un apzin\u0101ti kr\u0101sas \u0161\u0137embas pie\u0161\u0137ir apdarei unik\u0101lu un at\u0161\u0137ir\u012bgu raksturu. Roku darbs, lai nodro\u0161in\u0101tu, ka katrs modelis ir at\u0161\u0137ir\u012bgs. Vieglu uzst\u0101d\u012b\u0161anu nodro\u0161ina komplekt\u0101 iek\u013cautie rokturi. Ieraksts var b\u016bt ori\u0123in\u0101la d\u0101vana, kas patiks m\u016bzikas m\u012b\u013cot\u0101jiem un&#8230; Pusaud\u017ei.<\/p>\n<\/div>\n","protected":false},"excerpt":{"rendered":"<p>Modelis PT. L21118 EAN. 5907772073087 Platums (cm ) 60 Augstums (cm ) 90 Biezums (cm ) 4 Materi\u0101ls T\u0113rauds Orient\u0101cija<\/p>\n","protected":false},"featured_media":69694,"comment_status":"open","ping_status":"closed","template":"","meta":{"_acf_changed":false,"pmpro_default_level":""},"product_brand":[],"product_cat":[24055,23908],"product_tag":[],"class_list":{"0":"post-134038","1":"product","2":"type-product","3":"status-publish","4":"has-post-thumbnail","6":"product_cat-rotajumi","7":"product_cat-3d-paveikslai-lv","8":"pmpro-has-access","10":"first","11":"instock","12":"shipping-taxable","13":"purchasable","14":"product-type-simple"},"acf":[],"yoast_head":"<!-- This site is optimized with the Yoast SEO plugin v24.9 - https:\/\/yoast.com\/wordpress\/plugins\/seo\/ -->\n<title>3D met\u0101la apdruka LOFT MUSIC RECORD 60x90 cm - MetalTale.com<\/title>\n<meta name=\"robots\" content=\"index, follow, max-snippet:-1, max-image-preview:large, max-video-preview:-1\" \/>\n<link rel=\"canonical\" href=\"https:\/\/metaltale.com\/lv\/produkts\/3d-metala-apdruka-loft-music-record-60x90-cm\/\" \/>\n<meta property=\"og:locale\" content=\"lv_LV\" \/>\n<meta property=\"og:type\" content=\"article\" \/>\n<meta property=\"og:title\" content=\"3D met\u0101la apdruka LOFT MUSIC RECORD 60x90 cm - MetalTale.com\" \/>\n<meta property=\"og:description\" content=\"Modelis PT. L21118 EAN. 5907772073087 Platums (cm ) 60 Augstums (cm ) 90 Biezums (cm ) 4 Materi\u0101ls T\u0113rauds Orient\u0101cija\" \/>\n<meta property=\"og:url\" content=\"https:\/\/metaltale.com\/lv\/produkts\/3d-metala-apdruka-loft-music-record-60x90-cm\/\" \/>\n<meta property=\"og:site_name\" content=\"MetalTale.com\" \/>\n<meta name=\"twitter:card\" content=\"summary_large_image\" \/>\n<meta name=\"twitter:label1\" content=\"Est. reading time\" \/>\n\t<meta name=\"twitter:data1\" content=\"1 minute\" \/>\n<script type=\"application\/ld+json\" class=\"yoast-schema-graph\">{\"@context\":\"https:\/\/schema.org\",\"@graph\":[{\"@type\":\"WebPage\",\"@id\":\"https:\/\/metaltale.com\/lv\/produkts\/3d-metala-apdruka-loft-music-record-60x90-cm\/\",\"url\":\"https:\/\/metaltale.com\/lv\/produkts\/3d-metala-apdruka-loft-music-record-60x90-cm\/\",\"name\":\"3D met\u0101la apdruka LOFT MUSIC RECORD 60x90 cm - MetalTale.com\",\"isPartOf\":{\"@id\":\"https:\/\/metaltale.com\/lv\/#website\"},\"primaryImageOfPage\":{\"@id\":\"https:\/\/metaltale.com\/lv\/produkts\/3d-metala-apdruka-loft-music-record-60x90-cm\/#primaryimage\"},\"image\":{\"@id\":\"https:\/\/metaltale.com\/lv\/produkts\/3d-metala-apdruka-loft-music-record-60x90-cm\/#primaryimage\"},\"thumbnailUrl\":\"https:\/\/metaltale.com\/wp-content\/uploads\/2023\/09\/3D-vaizdas-LOFTO-MUZIKOS-x12ERAx160AS.jpg\",\"datePublished\":\"2024-02-13T12:29:05+00:00\",\"breadcrumb\":{\"@id\":\"https:\/\/metaltale.com\/lv\/produkts\/3d-metala-apdruka-loft-music-record-60x90-cm\/#breadcrumb\"},\"inLanguage\":\"lv-LV\",\"potentialAction\":[{\"@type\":\"ReadAction\",\"target\":[\"https:\/\/metaltale.com\/lv\/produkts\/3d-metala-apdruka-loft-music-record-60x90-cm\/\"]}]},{\"@type\":\"ImageObject\",\"inLanguage\":\"lv-LV\",\"@id\":\"https:\/\/metaltale.com\/lv\/produkts\/3d-metala-apdruka-loft-music-record-60x90-cm\/#primaryimage\",\"url\":\"https:\/\/metaltale.com\/wp-content\/uploads\/2023\/09\/3D-vaizdas-LOFTO-MUZIKOS-x12ERAx160AS.jpg\",\"contentUrl\":\"https:\/\/metaltale.com\/wp-content\/uploads\/2023\/09\/3D-vaizdas-LOFTO-MUZIKOS-x12ERAx160AS.jpg\",\"width\":800,\"height\":800},{\"@type\":\"BreadcrumbList\",\"@id\":\"https:\/\/metaltale.com\/lv\/produkts\/3d-metala-apdruka-loft-music-record-60x90-cm\/#breadcrumb\",\"itemListElement\":[{\"@type\":\"ListItem\",\"position\":1,\"name\":\"Home\",\"item\":\"https:\/\/metaltale.com\/lv\/majas\/\"},{\"@type\":\"ListItem\",\"position\":2,\"name\":\"Veikals\",\"item\":\"https:\/\/metaltale.com\/lv\/shop\/\"},{\"@type\":\"ListItem\",\"position\":3,\"name\":\"3D met\u0101la apdruka LOFT MUSIC RECORD 60&#215;90 cm\"}]},{\"@type\":\"WebSite\",\"@id\":\"https:\/\/metaltale.com\/lv\/#website\",\"url\":\"https:\/\/metaltale.com\/lv\/\",\"name\":\"Metaltale.com\",\"description\":\"\",\"potentialAction\":[{\"@type\":\"SearchAction\",\"target\":{\"@type\":\"EntryPoint\",\"urlTemplate\":\"https:\/\/metaltale.com\/lv\/?s={search_term_string}\"},\"query-input\":{\"@type\":\"PropertyValueSpecification\",\"valueRequired\":true,\"valueName\":\"search_term_string\"}}],\"inLanguage\":\"lv-LV\"}]}<\/script>\n<!-- \/ Yoast SEO plugin. -->","yoast_head_json":{"title":"3D met\u0101la apdruka LOFT MUSIC RECORD 60x90 cm - MetalTale.com","robots":{"index":"index","follow":"follow","max-snippet":"max-snippet:-1","max-image-preview":"max-image-preview:large","max-video-preview":"max-video-preview:-1"},"canonical":"https:\/\/metaltale.com\/lv\/produkts\/3d-metala-apdruka-loft-music-record-60x90-cm\/","og_locale":"lv_LV","og_type":"article","og_title":"3D met\u0101la apdruka LOFT MUSIC RECORD 60x90 cm - MetalTale.com","og_description":"Modelis PT. L21118 EAN. 5907772073087 Platums (cm ) 60 Augstums (cm ) 90 Biezums (cm ) 4 Materi\u0101ls T\u0113rauds Orient\u0101cija","og_url":"https:\/\/metaltale.com\/lv\/produkts\/3d-metala-apdruka-loft-music-record-60x90-cm\/","og_site_name":"MetalTale.com","twitter_card":"summary_large_image","twitter_misc":{"Est. reading time":"1 minute"},"schema":{"@context":"https:\/\/schema.org","@graph":[{"@type":"WebPage","@id":"https:\/\/metaltale.com\/lv\/produkts\/3d-metala-apdruka-loft-music-record-60x90-cm\/","url":"https:\/\/metaltale.com\/lv\/produkts\/3d-metala-apdruka-loft-music-record-60x90-cm\/","name":"3D met\u0101la apdruka LOFT MUSIC RECORD 60x90 cm - MetalTale.com","isPartOf":{"@id":"https:\/\/metaltale.com\/lv\/#website"},"primaryImageOfPage":{"@id":"https:\/\/metaltale.com\/lv\/produkts\/3d-metala-apdruka-loft-music-record-60x90-cm\/#primaryimage"},"image":{"@id":"https:\/\/metaltale.com\/lv\/produkts\/3d-metala-apdruka-loft-music-record-60x90-cm\/#primaryimage"},"thumbnailUrl":"https:\/\/metaltale.com\/wp-content\/uploads\/2023\/09\/3D-vaizdas-LOFTO-MUZIKOS-x12ERAx160AS.jpg","datePublished":"2024-02-13T12:29:05+00:00","breadcrumb":{"@id":"https:\/\/metaltale.com\/lv\/produkts\/3d-metala-apdruka-loft-music-record-60x90-cm\/#breadcrumb"},"inLanguage":"lv-LV","potentialAction":[{"@type":"ReadAction","target":["https:\/\/metaltale.com\/lv\/produkts\/3d-metala-apdruka-loft-music-record-60x90-cm\/"]}]},{"@type":"ImageObject","inLanguage":"lv-LV","@id":"https:\/\/metaltale.com\/lv\/produkts\/3d-metala-apdruka-loft-music-record-60x90-cm\/#primaryimage","url":"https:\/\/metaltale.com\/wp-content\/uploads\/2023\/09\/3D-vaizdas-LOFTO-MUZIKOS-x12ERAx160AS.jpg","contentUrl":"https:\/\/metaltale.com\/wp-content\/uploads\/2023\/09\/3D-vaizdas-LOFTO-MUZIKOS-x12ERAx160AS.jpg","width":800,"height":800},{"@type":"BreadcrumbList","@id":"https:\/\/metaltale.com\/lv\/produkts\/3d-metala-apdruka-loft-music-record-60x90-cm\/#breadcrumb","itemListElement":[{"@type":"ListItem","position":1,"name":"Home","item":"https:\/\/metaltale.com\/lv\/majas\/"},{"@type":"ListItem","position":2,"name":"Veikals","item":"https:\/\/metaltale.com\/lv\/shop\/"},{"@type":"ListItem","position":3,"name":"3D met\u0101la apdruka LOFT MUSIC RECORD 60&#215;90 cm"}]},{"@type":"WebSite","@id":"https:\/\/metaltale.com\/lv\/#website","url":"https:\/\/metaltale.com\/lv\/","name":"Metaltale.com","description":"","potentialAction":[{"@type":"SearchAction","target":{"@type":"EntryPoint","urlTemplate":"https:\/\/metaltale.com\/lv\/?s={search_term_string}"},"query-input":{"@type":"PropertyValueSpecification","valueRequired":true,"valueName":"search_term_string"}}],"inLanguage":"lv-LV"}]}},"_links":{"self":[{"href":"https:\/\/metaltale.com\/lv\/wp-json\/wp\/v2\/product\/134038","targetHints":{"allow":["GET"]}}],"collection":[{"href":"https:\/\/metaltale.com\/lv\/wp-json\/wp\/v2\/product"}],"about":[{"href":"https:\/\/metaltale.com\/lv\/wp-json\/wp\/v2\/types\/product"}],"replies":[{"embeddable":true,"href":"https:\/\/metaltale.com\/lv\/wp-json\/wp\/v2\/comments?post=134038"}],"version-history":[{"count":0,"href":"https:\/\/metaltale.com\/lv\/wp-json\/wp\/v2\/product\/134038\/revisions"}],"wp:featuredmedia":[{"embeddable":true,"href":"https:\/\/metaltale.com\/lv\/wp-json\/wp\/v2\/media\/69694"}],"wp:attachment":[{"href":"https:\/\/metaltale.com\/lv\/wp-json\/wp\/v2\/media?parent=134038"}],"wp:term":[{"taxonomy":"product_brand","embeddable":true,"href":"https:\/\/metaltale.com\/lv\/wp-json\/wp\/v2\/product_brand?post=134038"},{"taxonomy":"product_cat","embeddable":true,"href":"https:\/\/metaltale.com\/lv\/wp-json\/wp\/v2\/product_cat?post=134038"},{"taxonomy":"product_tag","embeddable":true,"href":"https:\/\/metaltale.com\/lv\/wp-json\/wp\/v2\/product_tag?post=134038"}],"curies":[{"name":"wp","href":"https:\/\/api.w.org\/{rel}","templated":true}]}}