{"id":134033,"date":"2024-02-13T14:29:05","date_gmt":"2024-02-13T12:29:05","guid":{"rendered":"https:\/\/metaltale.com\/produktas\/3d-apdruka-loft-music-blues-40x60-cm\/"},"modified":"2024-02-13T14:29:05","modified_gmt":"2024-02-13T12:29:05","slug":"3d-apdruka-loft-music-blues-40x60-cm","status":"publish","type":"product","link":"https:\/\/metaltale.com\/lv\/produkts\/3d-apdruka-loft-music-blues-40x60-cm\/","title":{"rendered":"3D apdruka LOFT MUSIC BLUES 40&#215;60 cm"},"content":{"rendered":"<div class=\"prod_data\">\n<p><strong>Modelis<\/strong> PT. T140760<br \/>\n<strong>EAN.<\/strong>  5907772073537<br \/>\nPlatums (cm) 40<br \/>\n<strong>Augstums (cm<\/strong> ) 60<br \/>\nBiezums (cm ) 3,5<br \/>\n<strong>Materi\u0101ls<\/strong> T\u0113rauds<br \/>\nOrient\u0101cija Vertik\u0101l\u0101<br \/>\nMotiv M\u016bzika<\/p>\n<p>&#8211; met\u0101la 3D att\u0113ls no p\u0101rstr\u0101d\u0101ta t\u0113rauda<br \/>\n&#8211; faktiskie izvirz\u012bjumi<br \/>\n&#8211; kr\u0101sas, ko rada kr\u0101sa vai dabiska kr\u0101sas mai\u0146a un korozija.<br \/>\n&#8211; impregn\u0113\u0161ana ar caursp\u012bd\u012bgu laku garant\u0113 kr\u0101sas notur\u012bbu un iztur\u012bbu pret skr\u0101p\u0113jumiem.<br \/>\n&#8211; att\u0113l\u0101 ir att\u0113lota \u0123it\u0101ra uz to\u0161u un notu fona.<\/p>\n<hr>\n<p>Tr\u012bsdimensiju met\u0101lisks att\u0113ls Musical blues piesaista uzman\u012bbu un pie\u0161\u0137ir interjeram raksturu. Stil\u012bg\u0101 kr\u0101su kombin\u0101cija un 3D efekts padara to par ori\u0123in\u0101lu m\u0101kslas darbu, kas \u012bpa\u0161i patiks m\u016bzikas un \u0123it\u0101ru faniem. Zilais elektrisk\u0101s \u0123it\u0101ras fragments izskat\u0101s skaisti uz tum\u0161a piecst\u016bru un notu fona. \u0160\u012b ir ori\u0123in\u0101la kompoz\u012bcija ikvienam, kas mekl\u0113 modernus sienas rot\u0101jumus. Ori\u0123in\u0101ls risin\u0101jums ir impregn\u0113tas r\u016bsas un neapstr\u0101d\u0101ta t\u0113rauda spraugu ieau\u0161ana vizu\u0101laj\u0101 kr\u0101su palet\u0113. 3D b\u0113ni\u0146u skats neaiz\u0113nos pat maz\u0101kas telpas un noteikti pie\u0161\u0137irs t\u0101m \u0161iku un industri\u0101lu noska\u0146u. Roku darbs garant\u0113 katra izstr\u0101d\u0101juma unikalit\u0101ti. Att\u0113la mont\u0101\u017ea ir iesp\u0113jama, pateicoties komplekt\u0101 iek\u013cautajiem kron\u0161teiniem. Lai pie\u0161\u0137irtu dzi\u013c\u0101ku industri\u0101lo stilu, ir apzin\u0101ti izmantotas &#8220;p\u0101rsp\u012bl\u0113tas&#8221;, &#8220;izsl\u0113gtas&#8221; kr\u0101sas utt. Met\u0101la 3D att\u0113ls ir apdare, kas lau\u017e rakstus, kas ir ar\u012b lieliska ideja ori\u0123in\u0101lai d\u0101vanai.<\/p>\n<\/div>\n","protected":false},"excerpt":{"rendered":"<p>Modelis PT. T140760 EAN. 5907772073537 Platums (cm) 40 Augstums (cm ) 60 Biezums (cm ) 3,5 Materi\u0101ls T\u0113rauds Orient\u0101cija Vertik\u0101l\u0101<\/p>\n","protected":false},"featured_media":101756,"comment_status":"open","ping_status":"closed","template":"","meta":{"_acf_changed":false,"pmpro_default_level":""},"product_brand":[],"product_cat":[24055,23908],"product_tag":[],"class_list":{"0":"post-134033","1":"product","2":"type-product","3":"status-publish","4":"has-post-thumbnail","6":"product_cat-rotajumi","7":"product_cat-3d-paveikslai-lv","8":"pmpro-has-access","10":"first","11":"instock","12":"shipping-taxable","13":"purchasable","14":"product-type-simple"},"acf":[],"yoast_head":"<!-- This site is optimized with the Yoast SEO plugin v24.9 - https:\/\/yoast.com\/wordpress\/plugins\/seo\/ -->\n<title>3D apdruka LOFT MUSIC BLUES 40x60 cm - MetalTale.com<\/title>\n<meta name=\"robots\" content=\"index, follow, max-snippet:-1, max-image-preview:large, max-video-preview:-1\" \/>\n<link rel=\"canonical\" href=\"https:\/\/metaltale.com\/lv\/produkts\/3d-apdruka-loft-music-blues-40x60-cm\/\" \/>\n<meta property=\"og:locale\" content=\"lv_LV\" \/>\n<meta property=\"og:type\" content=\"article\" \/>\n<meta property=\"og:title\" content=\"3D apdruka LOFT MUSIC BLUES 40x60 cm - MetalTale.com\" \/>\n<meta property=\"og:description\" content=\"Modelis PT. T140760 EAN. 5907772073537 Platums (cm) 40 Augstums (cm ) 60 Biezums (cm ) 3,5 Materi\u0101ls T\u0113rauds Orient\u0101cija Vertik\u0101l\u0101\" \/>\n<meta property=\"og:url\" content=\"https:\/\/metaltale.com\/lv\/produkts\/3d-apdruka-loft-music-blues-40x60-cm\/\" \/>\n<meta property=\"og:site_name\" content=\"MetalTale.com\" \/>\n<meta name=\"twitter:card\" content=\"summary_large_image\" \/>\n<meta name=\"twitter:label1\" content=\"Est. reading time\" \/>\n\t<meta name=\"twitter:data1\" content=\"1 minute\" \/>\n<script type=\"application\/ld+json\" class=\"yoast-schema-graph\">{\"@context\":\"https:\/\/schema.org\",\"@graph\":[{\"@type\":\"WebPage\",\"@id\":\"https:\/\/metaltale.com\/lv\/produkts\/3d-apdruka-loft-music-blues-40x60-cm\/\",\"url\":\"https:\/\/metaltale.com\/lv\/produkts\/3d-apdruka-loft-music-blues-40x60-cm\/\",\"name\":\"3D apdruka LOFT MUSIC BLUES 40x60 cm - MetalTale.com\",\"isPartOf\":{\"@id\":\"https:\/\/metaltale.com\/lv\/#website\"},\"primaryImageOfPage\":{\"@id\":\"https:\/\/metaltale.com\/lv\/produkts\/3d-apdruka-loft-music-blues-40x60-cm\/#primaryimage\"},\"image\":{\"@id\":\"https:\/\/metaltale.com\/lv\/produkts\/3d-apdruka-loft-music-blues-40x60-cm\/#primaryimage\"},\"thumbnailUrl\":\"https:\/\/metaltale.com\/wp-content\/uploads\/2023\/11\/3D-vaizdas-LOFT-BLUES-MUSIC.jpg\",\"datePublished\":\"2024-02-13T12:29:05+00:00\",\"breadcrumb\":{\"@id\":\"https:\/\/metaltale.com\/lv\/produkts\/3d-apdruka-loft-music-blues-40x60-cm\/#breadcrumb\"},\"inLanguage\":\"lv-LV\",\"potentialAction\":[{\"@type\":\"ReadAction\",\"target\":[\"https:\/\/metaltale.com\/lv\/produkts\/3d-apdruka-loft-music-blues-40x60-cm\/\"]}]},{\"@type\":\"ImageObject\",\"inLanguage\":\"lv-LV\",\"@id\":\"https:\/\/metaltale.com\/lv\/produkts\/3d-apdruka-loft-music-blues-40x60-cm\/#primaryimage\",\"url\":\"https:\/\/metaltale.com\/wp-content\/uploads\/2023\/11\/3D-vaizdas-LOFT-BLUES-MUSIC.jpg\",\"contentUrl\":\"https:\/\/metaltale.com\/wp-content\/uploads\/2023\/11\/3D-vaizdas-LOFT-BLUES-MUSIC.jpg\",\"width\":800,\"height\":800},{\"@type\":\"BreadcrumbList\",\"@id\":\"https:\/\/metaltale.com\/lv\/produkts\/3d-apdruka-loft-music-blues-40x60-cm\/#breadcrumb\",\"itemListElement\":[{\"@type\":\"ListItem\",\"position\":1,\"name\":\"Home\",\"item\":\"https:\/\/metaltale.com\/lv\/majas\/\"},{\"@type\":\"ListItem\",\"position\":2,\"name\":\"Veikals\",\"item\":\"https:\/\/metaltale.com\/lv\/shop\/\"},{\"@type\":\"ListItem\",\"position\":3,\"name\":\"3D apdruka LOFT MUSIC BLUES 40&#215;60 cm\"}]},{\"@type\":\"WebSite\",\"@id\":\"https:\/\/metaltale.com\/lv\/#website\",\"url\":\"https:\/\/metaltale.com\/lv\/\",\"name\":\"Metaltale.com\",\"description\":\"\",\"potentialAction\":[{\"@type\":\"SearchAction\",\"target\":{\"@type\":\"EntryPoint\",\"urlTemplate\":\"https:\/\/metaltale.com\/lv\/?s={search_term_string}\"},\"query-input\":{\"@type\":\"PropertyValueSpecification\",\"valueRequired\":true,\"valueName\":\"search_term_string\"}}],\"inLanguage\":\"lv-LV\"}]}<\/script>\n<!-- \/ Yoast SEO plugin. -->","yoast_head_json":{"title":"3D apdruka LOFT MUSIC BLUES 40x60 cm - MetalTale.com","robots":{"index":"index","follow":"follow","max-snippet":"max-snippet:-1","max-image-preview":"max-image-preview:large","max-video-preview":"max-video-preview:-1"},"canonical":"https:\/\/metaltale.com\/lv\/produkts\/3d-apdruka-loft-music-blues-40x60-cm\/","og_locale":"lv_LV","og_type":"article","og_title":"3D apdruka LOFT MUSIC BLUES 40x60 cm - MetalTale.com","og_description":"Modelis PT. T140760 EAN. 5907772073537 Platums (cm) 40 Augstums (cm ) 60 Biezums (cm ) 3,5 Materi\u0101ls T\u0113rauds Orient\u0101cija Vertik\u0101l\u0101","og_url":"https:\/\/metaltale.com\/lv\/produkts\/3d-apdruka-loft-music-blues-40x60-cm\/","og_site_name":"MetalTale.com","twitter_card":"summary_large_image","twitter_misc":{"Est. reading time":"1 minute"},"schema":{"@context":"https:\/\/schema.org","@graph":[{"@type":"WebPage","@id":"https:\/\/metaltale.com\/lv\/produkts\/3d-apdruka-loft-music-blues-40x60-cm\/","url":"https:\/\/metaltale.com\/lv\/produkts\/3d-apdruka-loft-music-blues-40x60-cm\/","name":"3D apdruka LOFT MUSIC BLUES 40x60 cm - MetalTale.com","isPartOf":{"@id":"https:\/\/metaltale.com\/lv\/#website"},"primaryImageOfPage":{"@id":"https:\/\/metaltale.com\/lv\/produkts\/3d-apdruka-loft-music-blues-40x60-cm\/#primaryimage"},"image":{"@id":"https:\/\/metaltale.com\/lv\/produkts\/3d-apdruka-loft-music-blues-40x60-cm\/#primaryimage"},"thumbnailUrl":"https:\/\/metaltale.com\/wp-content\/uploads\/2023\/11\/3D-vaizdas-LOFT-BLUES-MUSIC.jpg","datePublished":"2024-02-13T12:29:05+00:00","breadcrumb":{"@id":"https:\/\/metaltale.com\/lv\/produkts\/3d-apdruka-loft-music-blues-40x60-cm\/#breadcrumb"},"inLanguage":"lv-LV","potentialAction":[{"@type":"ReadAction","target":["https:\/\/metaltale.com\/lv\/produkts\/3d-apdruka-loft-music-blues-40x60-cm\/"]}]},{"@type":"ImageObject","inLanguage":"lv-LV","@id":"https:\/\/metaltale.com\/lv\/produkts\/3d-apdruka-loft-music-blues-40x60-cm\/#primaryimage","url":"https:\/\/metaltale.com\/wp-content\/uploads\/2023\/11\/3D-vaizdas-LOFT-BLUES-MUSIC.jpg","contentUrl":"https:\/\/metaltale.com\/wp-content\/uploads\/2023\/11\/3D-vaizdas-LOFT-BLUES-MUSIC.jpg","width":800,"height":800},{"@type":"BreadcrumbList","@id":"https:\/\/metaltale.com\/lv\/produkts\/3d-apdruka-loft-music-blues-40x60-cm\/#breadcrumb","itemListElement":[{"@type":"ListItem","position":1,"name":"Home","item":"https:\/\/metaltale.com\/lv\/majas\/"},{"@type":"ListItem","position":2,"name":"Veikals","item":"https:\/\/metaltale.com\/lv\/shop\/"},{"@type":"ListItem","position":3,"name":"3D apdruka LOFT MUSIC BLUES 40&#215;60 cm"}]},{"@type":"WebSite","@id":"https:\/\/metaltale.com\/lv\/#website","url":"https:\/\/metaltale.com\/lv\/","name":"Metaltale.com","description":"","potentialAction":[{"@type":"SearchAction","target":{"@type":"EntryPoint","urlTemplate":"https:\/\/metaltale.com\/lv\/?s={search_term_string}"},"query-input":{"@type":"PropertyValueSpecification","valueRequired":true,"valueName":"search_term_string"}}],"inLanguage":"lv-LV"}]}},"_links":{"self":[{"href":"https:\/\/metaltale.com\/lv\/wp-json\/wp\/v2\/product\/134033","targetHints":{"allow":["GET"]}}],"collection":[{"href":"https:\/\/metaltale.com\/lv\/wp-json\/wp\/v2\/product"}],"about":[{"href":"https:\/\/metaltale.com\/lv\/wp-json\/wp\/v2\/types\/product"}],"replies":[{"embeddable":true,"href":"https:\/\/metaltale.com\/lv\/wp-json\/wp\/v2\/comments?post=134033"}],"version-history":[{"count":0,"href":"https:\/\/metaltale.com\/lv\/wp-json\/wp\/v2\/product\/134033\/revisions"}],"wp:featuredmedia":[{"embeddable":true,"href":"https:\/\/metaltale.com\/lv\/wp-json\/wp\/v2\/media\/101756"}],"wp:attachment":[{"href":"https:\/\/metaltale.com\/lv\/wp-json\/wp\/v2\/media?parent=134033"}],"wp:term":[{"taxonomy":"product_brand","embeddable":true,"href":"https:\/\/metaltale.com\/lv\/wp-json\/wp\/v2\/product_brand?post=134033"},{"taxonomy":"product_cat","embeddable":true,"href":"https:\/\/metaltale.com\/lv\/wp-json\/wp\/v2\/product_cat?post=134033"},{"taxonomy":"product_tag","embeddable":true,"href":"https:\/\/metaltale.com\/lv\/wp-json\/wp\/v2\/product_tag?post=134033"}],"curies":[{"name":"wp","href":"https:\/\/api.w.org\/{rel}","templated":true}]}}