{"id":134024,"date":"2024-02-13T15:01:57","date_gmt":"2024-02-13T13:01:57","guid":{"rendered":"https:\/\/metaltale.com\/produktas\/3d-metala-druka-loft-yellow-flowers-60x60-cm\/"},"modified":"2024-02-13T15:01:57","modified_gmt":"2024-02-13T13:01:57","slug":"3d-metala-druka-loft-yellow-flowers-60x60-cm","status":"publish","type":"product","link":"https:\/\/metaltale.com\/lv\/produkts\/3d-metala-druka-loft-yellow-flowers-60x60-cm\/","title":{"rendered":"3D met\u0101la druka LOFT YELLOW FLOWERS 60&#215;60 cm"},"content":{"rendered":"<div class=\"prod_data\">\n<p><strong>Modelis<\/strong> PT. J22402<br \/>\n<strong>EAN.<\/strong>  5907772075005<br \/>\n<strong>Platums (cm<\/strong> ) 60<br \/>\n<strong>Augstums (cm<\/strong> ) 60<br \/>\n<strong>Biezums (cm<\/strong> ) 4<br \/>\n<strong>Materi\u0101ls<\/strong> T\u0113rauds<br \/>\n<strong>Forma<\/strong> Kvadr\u0101ts<br \/>\nOrient\u0101cija Vertik\u0101l\u0101<br \/>\n<strong>Motivs<\/strong> Ziedi<\/p>\n<p>&#8211; met\u0101la 3D att\u0113ls no p\u0101rstr\u0101d\u0101ta t\u0113rauda<br \/>\n&#8211; \u012astas p\u0101rkares, kas rada satrieco\u0161u tr\u012bsdimensiju efektu.<br \/>\n&#8211; kr\u0101sas, ko rada kr\u0101sa vai dabiska kr\u0101sas mai\u0146a un korozija.<br \/>\n&#8211; impregn\u0113\u0161ana ar caursp\u012bd\u012bgu laku garant\u0113 kr\u0101sas notur\u012bbu un iztur\u012bbu pret skr\u0101p\u0113jumiem.<br \/>\n&#8211; dzeltenie ziedi att\u0113l\u0101<\/p>\n<hr>\n<p>3D gleznas ir \u012bsti m\u0101kslas darbi, kas lieliski papildin\u0101s industri\u0101lo, b\u0113ni\u0146u vai retro interjeru. Glezn\u0101 pirmo vijoli sp\u0113l\u0113 intens\u012bvi dzelteni ziedi uz mier\u012bga fona. Kr\u0101su palete tika veidota, kombin\u0113jot tradicion\u0101l\u0101s kr\u0101sas, impregn\u0113tas r\u016bsas un dab\u012bgas t\u0113rauda plaisas. Papildu noveco\u0161anas efekti, kas redzami uz att\u0113la virsmas, pie\u0161\u0137ir att\u0113lam industri\u0101lu dzi\u013cumu. Ar rok\u0101m darin\u0101ta apdare ir unik\u0101la, un to nav iesp\u0113jams iziet vienaldz\u012bgi. Apdares uzst\u0101d\u012b\u0161ana ir iesp\u0113jama, pateicoties komplekt\u0101 iek\u013cautajiem stiprin\u0101juma kron\u0161teiniem.<\/p>\n<\/div>\n","protected":false},"excerpt":{"rendered":"<p>Modelis PT. J22402 EAN. 5907772075005 Platums (cm ) 60 Augstums (cm ) 60 Biezums (cm ) 4 Materi\u0101ls T\u0113rauds Forma<\/p>\n","protected":false},"featured_media":74578,"comment_status":"open","ping_status":"closed","template":"","meta":{"_acf_changed":false,"pmpro_default_level":""},"product_brand":[],"product_cat":[24055,23908],"product_tag":[],"class_list":{"0":"post-134024","1":"product","2":"type-product","3":"status-publish","4":"has-post-thumbnail","6":"product_cat-rotajumi","7":"product_cat-3d-paveikslai-lv","8":"pmpro-has-access","10":"first","11":"instock","12":"shipping-taxable","13":"purchasable","14":"product-type-simple"},"acf":[],"yoast_head":"<!-- This site is optimized with the Yoast SEO plugin v24.9 - https:\/\/yoast.com\/wordpress\/plugins\/seo\/ -->\n<title>3D met\u0101la druka LOFT YELLOW FLOWERS 60x60 cm - MetalTale.com<\/title>\n<meta name=\"robots\" content=\"index, follow, max-snippet:-1, max-image-preview:large, max-video-preview:-1\" \/>\n<link rel=\"canonical\" href=\"https:\/\/metaltale.com\/lv\/produkts\/3d-metala-druka-loft-yellow-flowers-60x60-cm\/\" \/>\n<meta property=\"og:locale\" content=\"lv_LV\" \/>\n<meta property=\"og:type\" content=\"article\" \/>\n<meta property=\"og:title\" content=\"3D met\u0101la druka LOFT YELLOW FLOWERS 60x60 cm - MetalTale.com\" \/>\n<meta property=\"og:description\" content=\"Modelis PT. J22402 EAN. 5907772075005 Platums (cm ) 60 Augstums (cm ) 60 Biezums (cm ) 4 Materi\u0101ls T\u0113rauds Forma\" \/>\n<meta property=\"og:url\" content=\"https:\/\/metaltale.com\/lv\/produkts\/3d-metala-druka-loft-yellow-flowers-60x60-cm\/\" \/>\n<meta property=\"og:site_name\" content=\"MetalTale.com\" \/>\n<meta name=\"twitter:card\" content=\"summary_large_image\" \/>\n<meta name=\"twitter:label1\" content=\"Est. reading time\" \/>\n\t<meta name=\"twitter:data1\" content=\"1 minute\" \/>\n<script type=\"application\/ld+json\" class=\"yoast-schema-graph\">{\"@context\":\"https:\/\/schema.org\",\"@graph\":[{\"@type\":\"WebPage\",\"@id\":\"https:\/\/metaltale.com\/lv\/produkts\/3d-metala-druka-loft-yellow-flowers-60x60-cm\/\",\"url\":\"https:\/\/metaltale.com\/lv\/produkts\/3d-metala-druka-loft-yellow-flowers-60x60-cm\/\",\"name\":\"3D met\u0101la druka LOFT YELLOW FLOWERS 60x60 cm - MetalTale.com\",\"isPartOf\":{\"@id\":\"https:\/\/metaltale.com\/lv\/#website\"},\"primaryImageOfPage\":{\"@id\":\"https:\/\/metaltale.com\/lv\/produkts\/3d-metala-druka-loft-yellow-flowers-60x60-cm\/#primaryimage\"},\"image\":{\"@id\":\"https:\/\/metaltale.com\/lv\/produkts\/3d-metala-druka-loft-yellow-flowers-60x60-cm\/#primaryimage\"},\"thumbnailUrl\":\"https:\/\/metaltale.com\/wp-content\/uploads\/2023\/09\/3D-vaizdas-LOFT-Gx116Lx116S-GELTONA.jpg\",\"datePublished\":\"2024-02-13T13:01:57+00:00\",\"breadcrumb\":{\"@id\":\"https:\/\/metaltale.com\/lv\/produkts\/3d-metala-druka-loft-yellow-flowers-60x60-cm\/#breadcrumb\"},\"inLanguage\":\"lv-LV\",\"potentialAction\":[{\"@type\":\"ReadAction\",\"target\":[\"https:\/\/metaltale.com\/lv\/produkts\/3d-metala-druka-loft-yellow-flowers-60x60-cm\/\"]}]},{\"@type\":\"ImageObject\",\"inLanguage\":\"lv-LV\",\"@id\":\"https:\/\/metaltale.com\/lv\/produkts\/3d-metala-druka-loft-yellow-flowers-60x60-cm\/#primaryimage\",\"url\":\"https:\/\/metaltale.com\/wp-content\/uploads\/2023\/09\/3D-vaizdas-LOFT-Gx116Lx116S-GELTONA.jpg\",\"contentUrl\":\"https:\/\/metaltale.com\/wp-content\/uploads\/2023\/09\/3D-vaizdas-LOFT-Gx116Lx116S-GELTONA.jpg\",\"width\":800,\"height\":800},{\"@type\":\"BreadcrumbList\",\"@id\":\"https:\/\/metaltale.com\/lv\/produkts\/3d-metala-druka-loft-yellow-flowers-60x60-cm\/#breadcrumb\",\"itemListElement\":[{\"@type\":\"ListItem\",\"position\":1,\"name\":\"Home\",\"item\":\"https:\/\/metaltale.com\/lv\/majas\/\"},{\"@type\":\"ListItem\",\"position\":2,\"name\":\"Veikals\",\"item\":\"https:\/\/metaltale.com\/lv\/shop\/\"},{\"@type\":\"ListItem\",\"position\":3,\"name\":\"3D met\u0101la druka LOFT YELLOW FLOWERS 60&#215;60 cm\"}]},{\"@type\":\"WebSite\",\"@id\":\"https:\/\/metaltale.com\/lv\/#website\",\"url\":\"https:\/\/metaltale.com\/lv\/\",\"name\":\"Metaltale.com\",\"description\":\"\",\"potentialAction\":[{\"@type\":\"SearchAction\",\"target\":{\"@type\":\"EntryPoint\",\"urlTemplate\":\"https:\/\/metaltale.com\/lv\/?s={search_term_string}\"},\"query-input\":{\"@type\":\"PropertyValueSpecification\",\"valueRequired\":true,\"valueName\":\"search_term_string\"}}],\"inLanguage\":\"lv-LV\"}]}<\/script>\n<!-- \/ Yoast SEO plugin. -->","yoast_head_json":{"title":"3D met\u0101la druka LOFT YELLOW FLOWERS 60x60 cm - MetalTale.com","robots":{"index":"index","follow":"follow","max-snippet":"max-snippet:-1","max-image-preview":"max-image-preview:large","max-video-preview":"max-video-preview:-1"},"canonical":"https:\/\/metaltale.com\/lv\/produkts\/3d-metala-druka-loft-yellow-flowers-60x60-cm\/","og_locale":"lv_LV","og_type":"article","og_title":"3D met\u0101la druka LOFT YELLOW FLOWERS 60x60 cm - MetalTale.com","og_description":"Modelis PT. J22402 EAN. 5907772075005 Platums (cm ) 60 Augstums (cm ) 60 Biezums (cm ) 4 Materi\u0101ls T\u0113rauds Forma","og_url":"https:\/\/metaltale.com\/lv\/produkts\/3d-metala-druka-loft-yellow-flowers-60x60-cm\/","og_site_name":"MetalTale.com","twitter_card":"summary_large_image","twitter_misc":{"Est. reading time":"1 minute"},"schema":{"@context":"https:\/\/schema.org","@graph":[{"@type":"WebPage","@id":"https:\/\/metaltale.com\/lv\/produkts\/3d-metala-druka-loft-yellow-flowers-60x60-cm\/","url":"https:\/\/metaltale.com\/lv\/produkts\/3d-metala-druka-loft-yellow-flowers-60x60-cm\/","name":"3D met\u0101la druka LOFT YELLOW FLOWERS 60x60 cm - MetalTale.com","isPartOf":{"@id":"https:\/\/metaltale.com\/lv\/#website"},"primaryImageOfPage":{"@id":"https:\/\/metaltale.com\/lv\/produkts\/3d-metala-druka-loft-yellow-flowers-60x60-cm\/#primaryimage"},"image":{"@id":"https:\/\/metaltale.com\/lv\/produkts\/3d-metala-druka-loft-yellow-flowers-60x60-cm\/#primaryimage"},"thumbnailUrl":"https:\/\/metaltale.com\/wp-content\/uploads\/2023\/09\/3D-vaizdas-LOFT-Gx116Lx116S-GELTONA.jpg","datePublished":"2024-02-13T13:01:57+00:00","breadcrumb":{"@id":"https:\/\/metaltale.com\/lv\/produkts\/3d-metala-druka-loft-yellow-flowers-60x60-cm\/#breadcrumb"},"inLanguage":"lv-LV","potentialAction":[{"@type":"ReadAction","target":["https:\/\/metaltale.com\/lv\/produkts\/3d-metala-druka-loft-yellow-flowers-60x60-cm\/"]}]},{"@type":"ImageObject","inLanguage":"lv-LV","@id":"https:\/\/metaltale.com\/lv\/produkts\/3d-metala-druka-loft-yellow-flowers-60x60-cm\/#primaryimage","url":"https:\/\/metaltale.com\/wp-content\/uploads\/2023\/09\/3D-vaizdas-LOFT-Gx116Lx116S-GELTONA.jpg","contentUrl":"https:\/\/metaltale.com\/wp-content\/uploads\/2023\/09\/3D-vaizdas-LOFT-Gx116Lx116S-GELTONA.jpg","width":800,"height":800},{"@type":"BreadcrumbList","@id":"https:\/\/metaltale.com\/lv\/produkts\/3d-metala-druka-loft-yellow-flowers-60x60-cm\/#breadcrumb","itemListElement":[{"@type":"ListItem","position":1,"name":"Home","item":"https:\/\/metaltale.com\/lv\/majas\/"},{"@type":"ListItem","position":2,"name":"Veikals","item":"https:\/\/metaltale.com\/lv\/shop\/"},{"@type":"ListItem","position":3,"name":"3D met\u0101la druka LOFT YELLOW FLOWERS 60&#215;60 cm"}]},{"@type":"WebSite","@id":"https:\/\/metaltale.com\/lv\/#website","url":"https:\/\/metaltale.com\/lv\/","name":"Metaltale.com","description":"","potentialAction":[{"@type":"SearchAction","target":{"@type":"EntryPoint","urlTemplate":"https:\/\/metaltale.com\/lv\/?s={search_term_string}"},"query-input":{"@type":"PropertyValueSpecification","valueRequired":true,"valueName":"search_term_string"}}],"inLanguage":"lv-LV"}]}},"_links":{"self":[{"href":"https:\/\/metaltale.com\/lv\/wp-json\/wp\/v2\/product\/134024","targetHints":{"allow":["GET"]}}],"collection":[{"href":"https:\/\/metaltale.com\/lv\/wp-json\/wp\/v2\/product"}],"about":[{"href":"https:\/\/metaltale.com\/lv\/wp-json\/wp\/v2\/types\/product"}],"replies":[{"embeddable":true,"href":"https:\/\/metaltale.com\/lv\/wp-json\/wp\/v2\/comments?post=134024"}],"version-history":[{"count":0,"href":"https:\/\/metaltale.com\/lv\/wp-json\/wp\/v2\/product\/134024\/revisions"}],"wp:featuredmedia":[{"embeddable":true,"href":"https:\/\/metaltale.com\/lv\/wp-json\/wp\/v2\/media\/74578"}],"wp:attachment":[{"href":"https:\/\/metaltale.com\/lv\/wp-json\/wp\/v2\/media?parent=134024"}],"wp:term":[{"taxonomy":"product_brand","embeddable":true,"href":"https:\/\/metaltale.com\/lv\/wp-json\/wp\/v2\/product_brand?post=134024"},{"taxonomy":"product_cat","embeddable":true,"href":"https:\/\/metaltale.com\/lv\/wp-json\/wp\/v2\/product_cat?post=134024"},{"taxonomy":"product_tag","embeddable":true,"href":"https:\/\/metaltale.com\/lv\/wp-json\/wp\/v2\/product_tag?post=134024"}],"curies":[{"name":"wp","href":"https:\/\/api.w.org\/{rel}","templated":true}]}}