{"id":134019,"date":"2024-02-13T15:01:57","date_gmt":"2024-02-13T13:01:57","guid":{"rendered":"https:\/\/metaltale.com\/produktas\/3d-metala-apdruka-loft-red-flowers-80x80-cm\/"},"modified":"2024-02-13T15:01:57","modified_gmt":"2024-02-13T13:01:57","slug":"3d-metala-apdruka-loft-red-flowers-80x80-cm","status":"publish","type":"product","link":"https:\/\/metaltale.com\/lv\/produkts\/3d-metala-apdruka-loft-red-flowers-80x80-cm\/","title":{"rendered":"3D met\u0101la apdruka LOFT RED FLOWERS 80&#215;80 cm"},"content":{"rendered":"<div class=\"prod_data\">\n<p><strong>Modelis<\/strong> PT. L22123<br \/>\n<strong>EAN.<\/strong>  5907772075012<br \/>\n<strong>Platums (cm<\/strong> ) 80<br \/>\n<strong>Augstums (cm<\/strong> ) 80<br \/>\n<strong>Biezums (cm<\/strong> ) 6<br \/>\n<strong>Materi\u0101ls<\/strong> T\u0113rauds<br \/>\n<strong>Forma<\/strong> Kvadr\u0101ts<br \/>\nOrient\u0101cija Vertik\u0101l\u0101<br \/>\n<strong>Motivs<\/strong> Ziedi<\/p>\n<p>&#8211; met\u0101la 3D att\u0113ls no p\u0101rstr\u0101d\u0101ta t\u0113rauda<br \/>\n&#8211; \u012astas p\u0101rkares, kas rada satrieco\u0161u tr\u012bsdimensiju efektu.<br \/>\n&#8211; kr\u0101sas, ko rada kr\u0101sa vai dabiska kr\u0101sas mai\u0146a un korozija.<br \/>\n&#8211; impregn\u0113\u0161ana ar caursp\u012bd\u012bgu laku garant\u0113 kr\u0101sas notur\u012bbu un iztur\u012bbu pret skr\u0101p\u0113jumiem.<br \/>\n&#8211; att\u0113l\u0101 redzami sarkani ziedi<\/p>\n<hr>\n<p>Tr\u012bsdimensiju dekori k\u013c\u016bs par ori\u0123in\u0101lu m\u016bsu interjeru rot\u0101jumu. Ar rok\u0101m darin\u0101tie izstr\u0101d\u0101jumi izce\u013cas ar gaum\u012bgi kombin\u0113tiem p\u0101rstr\u0101d\u0101ta t\u0113rauda elementiem. Iepriek\u0161 att\u0113l\u0101 redzami sarkani ziedi uz dzidra, kr\u0101saina fona kr\u0101sainu \u0137ie\u0123e\u013cu veid\u0101. P\u0101rstr\u0101d\u0101ta t\u0113rauda un izteiksm\u012bgu kr\u0101su izmanto\u0161ana rada uzman\u012bbu piesaisto\u0161u t\u0113lu un izgaismo interjeru. Redzamie noveco\u0161anas plankumi, kas izpau\u017eas k\u0101 skr\u0101p\u0113jumi un &#8220;nokritu\u0161as&#8221; kr\u0101sas p\u0113das, pie\u0161\u0137ir apdarei dzi\u013c\u0101ku industri\u0101lo stilu. \u0160is nelielais m\u0101kslas darbs b\u016bs lieliska d\u0101vin\u0101juma ideja. Apdares uzst\u0101d\u012b\u0161ana ir iesp\u0113jama, pateicoties komplekt\u0101 iek\u013cautajiem stiprin\u0101juma kron\u0161teiniem.<\/p>\n<\/div>\n","protected":false},"excerpt":{"rendered":"<p>Modelis PT. L22123 EAN. 5907772075012 Platums (cm ) 80 Augstums (cm ) 80 Biezums (cm ) 6 Materi\u0101ls T\u0113rauds Forma<\/p>\n","protected":false},"featured_media":74602,"comment_status":"open","ping_status":"closed","template":"","meta":{"_acf_changed":false,"pmpro_default_level":""},"product_brand":[],"product_cat":[24055,23908],"product_tag":[],"class_list":{"0":"post-134019","1":"product","2":"type-product","3":"status-publish","4":"has-post-thumbnail","6":"product_cat-rotajumi","7":"product_cat-3d-paveikslai-lv","8":"pmpro-has-access","10":"first","11":"instock","12":"shipping-taxable","13":"purchasable","14":"product-type-simple"},"acf":[],"yoast_head":"<!-- This site is optimized with the Yoast SEO plugin v24.9 - https:\/\/yoast.com\/wordpress\/plugins\/seo\/ -->\n<title>3D met\u0101la apdruka LOFT RED FLOWERS 80x80 cm - MetalTale.com<\/title>\n<meta name=\"robots\" content=\"index, follow, max-snippet:-1, max-image-preview:large, max-video-preview:-1\" \/>\n<link rel=\"canonical\" href=\"https:\/\/metaltale.com\/lv\/produkts\/3d-metala-apdruka-loft-red-flowers-80x80-cm\/\" \/>\n<meta property=\"og:locale\" content=\"lv_LV\" \/>\n<meta property=\"og:type\" content=\"article\" \/>\n<meta property=\"og:title\" content=\"3D met\u0101la apdruka LOFT RED FLOWERS 80x80 cm - MetalTale.com\" \/>\n<meta property=\"og:description\" content=\"Modelis PT. L22123 EAN. 5907772075012 Platums (cm ) 80 Augstums (cm ) 80 Biezums (cm ) 6 Materi\u0101ls T\u0113rauds Forma\" \/>\n<meta property=\"og:url\" content=\"https:\/\/metaltale.com\/lv\/produkts\/3d-metala-apdruka-loft-red-flowers-80x80-cm\/\" \/>\n<meta property=\"og:site_name\" content=\"MetalTale.com\" \/>\n<meta name=\"twitter:card\" content=\"summary_large_image\" \/>\n<meta name=\"twitter:label1\" content=\"Est. reading time\" \/>\n\t<meta name=\"twitter:data1\" content=\"1 minute\" \/>\n<script type=\"application\/ld+json\" class=\"yoast-schema-graph\">{\"@context\":\"https:\/\/schema.org\",\"@graph\":[{\"@type\":\"WebPage\",\"@id\":\"https:\/\/metaltale.com\/lv\/produkts\/3d-metala-apdruka-loft-red-flowers-80x80-cm\/\",\"url\":\"https:\/\/metaltale.com\/lv\/produkts\/3d-metala-apdruka-loft-red-flowers-80x80-cm\/\",\"name\":\"3D met\u0101la apdruka LOFT RED FLOWERS 80x80 cm - MetalTale.com\",\"isPartOf\":{\"@id\":\"https:\/\/metaltale.com\/lv\/#website\"},\"primaryImageOfPage\":{\"@id\":\"https:\/\/metaltale.com\/lv\/produkts\/3d-metala-apdruka-loft-red-flowers-80x80-cm\/#primaryimage\"},\"image\":{\"@id\":\"https:\/\/metaltale.com\/lv\/produkts\/3d-metala-apdruka-loft-red-flowers-80x80-cm\/#primaryimage\"},\"thumbnailUrl\":\"https:\/\/metaltale.com\/wp-content\/uploads\/2023\/09\/3D-vaizdas-LOFT-FLOWERS-RED.jpg\",\"datePublished\":\"2024-02-13T13:01:57+00:00\",\"breadcrumb\":{\"@id\":\"https:\/\/metaltale.com\/lv\/produkts\/3d-metala-apdruka-loft-red-flowers-80x80-cm\/#breadcrumb\"},\"inLanguage\":\"lv-LV\",\"potentialAction\":[{\"@type\":\"ReadAction\",\"target\":[\"https:\/\/metaltale.com\/lv\/produkts\/3d-metala-apdruka-loft-red-flowers-80x80-cm\/\"]}]},{\"@type\":\"ImageObject\",\"inLanguage\":\"lv-LV\",\"@id\":\"https:\/\/metaltale.com\/lv\/produkts\/3d-metala-apdruka-loft-red-flowers-80x80-cm\/#primaryimage\",\"url\":\"https:\/\/metaltale.com\/wp-content\/uploads\/2023\/09\/3D-vaizdas-LOFT-FLOWERS-RED.jpg\",\"contentUrl\":\"https:\/\/metaltale.com\/wp-content\/uploads\/2023\/09\/3D-vaizdas-LOFT-FLOWERS-RED.jpg\",\"width\":800,\"height\":800},{\"@type\":\"BreadcrumbList\",\"@id\":\"https:\/\/metaltale.com\/lv\/produkts\/3d-metala-apdruka-loft-red-flowers-80x80-cm\/#breadcrumb\",\"itemListElement\":[{\"@type\":\"ListItem\",\"position\":1,\"name\":\"Home\",\"item\":\"https:\/\/metaltale.com\/lv\/majas\/\"},{\"@type\":\"ListItem\",\"position\":2,\"name\":\"Veikals\",\"item\":\"https:\/\/metaltale.com\/lv\/shop\/\"},{\"@type\":\"ListItem\",\"position\":3,\"name\":\"3D met\u0101la apdruka LOFT RED FLOWERS 80&#215;80 cm\"}]},{\"@type\":\"WebSite\",\"@id\":\"https:\/\/metaltale.com\/lv\/#website\",\"url\":\"https:\/\/metaltale.com\/lv\/\",\"name\":\"Metaltale.com\",\"description\":\"\",\"potentialAction\":[{\"@type\":\"SearchAction\",\"target\":{\"@type\":\"EntryPoint\",\"urlTemplate\":\"https:\/\/metaltale.com\/lv\/?s={search_term_string}\"},\"query-input\":{\"@type\":\"PropertyValueSpecification\",\"valueRequired\":true,\"valueName\":\"search_term_string\"}}],\"inLanguage\":\"lv-LV\"}]}<\/script>\n<!-- \/ Yoast SEO plugin. -->","yoast_head_json":{"title":"3D met\u0101la apdruka LOFT RED FLOWERS 80x80 cm - MetalTale.com","robots":{"index":"index","follow":"follow","max-snippet":"max-snippet:-1","max-image-preview":"max-image-preview:large","max-video-preview":"max-video-preview:-1"},"canonical":"https:\/\/metaltale.com\/lv\/produkts\/3d-metala-apdruka-loft-red-flowers-80x80-cm\/","og_locale":"lv_LV","og_type":"article","og_title":"3D met\u0101la apdruka LOFT RED FLOWERS 80x80 cm - MetalTale.com","og_description":"Modelis PT. L22123 EAN. 5907772075012 Platums (cm ) 80 Augstums (cm ) 80 Biezums (cm ) 6 Materi\u0101ls T\u0113rauds Forma","og_url":"https:\/\/metaltale.com\/lv\/produkts\/3d-metala-apdruka-loft-red-flowers-80x80-cm\/","og_site_name":"MetalTale.com","twitter_card":"summary_large_image","twitter_misc":{"Est. reading time":"1 minute"},"schema":{"@context":"https:\/\/schema.org","@graph":[{"@type":"WebPage","@id":"https:\/\/metaltale.com\/lv\/produkts\/3d-metala-apdruka-loft-red-flowers-80x80-cm\/","url":"https:\/\/metaltale.com\/lv\/produkts\/3d-metala-apdruka-loft-red-flowers-80x80-cm\/","name":"3D met\u0101la apdruka LOFT RED FLOWERS 80x80 cm - MetalTale.com","isPartOf":{"@id":"https:\/\/metaltale.com\/lv\/#website"},"primaryImageOfPage":{"@id":"https:\/\/metaltale.com\/lv\/produkts\/3d-metala-apdruka-loft-red-flowers-80x80-cm\/#primaryimage"},"image":{"@id":"https:\/\/metaltale.com\/lv\/produkts\/3d-metala-apdruka-loft-red-flowers-80x80-cm\/#primaryimage"},"thumbnailUrl":"https:\/\/metaltale.com\/wp-content\/uploads\/2023\/09\/3D-vaizdas-LOFT-FLOWERS-RED.jpg","datePublished":"2024-02-13T13:01:57+00:00","breadcrumb":{"@id":"https:\/\/metaltale.com\/lv\/produkts\/3d-metala-apdruka-loft-red-flowers-80x80-cm\/#breadcrumb"},"inLanguage":"lv-LV","potentialAction":[{"@type":"ReadAction","target":["https:\/\/metaltale.com\/lv\/produkts\/3d-metala-apdruka-loft-red-flowers-80x80-cm\/"]}]},{"@type":"ImageObject","inLanguage":"lv-LV","@id":"https:\/\/metaltale.com\/lv\/produkts\/3d-metala-apdruka-loft-red-flowers-80x80-cm\/#primaryimage","url":"https:\/\/metaltale.com\/wp-content\/uploads\/2023\/09\/3D-vaizdas-LOFT-FLOWERS-RED.jpg","contentUrl":"https:\/\/metaltale.com\/wp-content\/uploads\/2023\/09\/3D-vaizdas-LOFT-FLOWERS-RED.jpg","width":800,"height":800},{"@type":"BreadcrumbList","@id":"https:\/\/metaltale.com\/lv\/produkts\/3d-metala-apdruka-loft-red-flowers-80x80-cm\/#breadcrumb","itemListElement":[{"@type":"ListItem","position":1,"name":"Home","item":"https:\/\/metaltale.com\/lv\/majas\/"},{"@type":"ListItem","position":2,"name":"Veikals","item":"https:\/\/metaltale.com\/lv\/shop\/"},{"@type":"ListItem","position":3,"name":"3D met\u0101la apdruka LOFT RED FLOWERS 80&#215;80 cm"}]},{"@type":"WebSite","@id":"https:\/\/metaltale.com\/lv\/#website","url":"https:\/\/metaltale.com\/lv\/","name":"Metaltale.com","description":"","potentialAction":[{"@type":"SearchAction","target":{"@type":"EntryPoint","urlTemplate":"https:\/\/metaltale.com\/lv\/?s={search_term_string}"},"query-input":{"@type":"PropertyValueSpecification","valueRequired":true,"valueName":"search_term_string"}}],"inLanguage":"lv-LV"}]}},"_links":{"self":[{"href":"https:\/\/metaltale.com\/lv\/wp-json\/wp\/v2\/product\/134019","targetHints":{"allow":["GET"]}}],"collection":[{"href":"https:\/\/metaltale.com\/lv\/wp-json\/wp\/v2\/product"}],"about":[{"href":"https:\/\/metaltale.com\/lv\/wp-json\/wp\/v2\/types\/product"}],"replies":[{"embeddable":true,"href":"https:\/\/metaltale.com\/lv\/wp-json\/wp\/v2\/comments?post=134019"}],"version-history":[{"count":0,"href":"https:\/\/metaltale.com\/lv\/wp-json\/wp\/v2\/product\/134019\/revisions"}],"wp:featuredmedia":[{"embeddable":true,"href":"https:\/\/metaltale.com\/lv\/wp-json\/wp\/v2\/media\/74602"}],"wp:attachment":[{"href":"https:\/\/metaltale.com\/lv\/wp-json\/wp\/v2\/media?parent=134019"}],"wp:term":[{"taxonomy":"product_brand","embeddable":true,"href":"https:\/\/metaltale.com\/lv\/wp-json\/wp\/v2\/product_brand?post=134019"},{"taxonomy":"product_cat","embeddable":true,"href":"https:\/\/metaltale.com\/lv\/wp-json\/wp\/v2\/product_cat?post=134019"},{"taxonomy":"product_tag","embeddable":true,"href":"https:\/\/metaltale.com\/lv\/wp-json\/wp\/v2\/product_tag?post=134019"}],"curies":[{"name":"wp","href":"https:\/\/api.w.org\/{rel}","templated":true}]}}