{"id":134016,"date":"2024-02-13T14:29:51","date_gmt":"2024-02-13T12:29:51","guid":{"rendered":"https:\/\/metaltale.com\/produktas\/3d-skats-loft-most-160x55-cm\/"},"modified":"2024-02-13T14:29:51","modified_gmt":"2024-02-13T12:29:51","slug":"3d-skats-loft-most-160x55-cm","status":"publish","type":"product","link":"https:\/\/metaltale.com\/lv\/produkts\/3d-skats-loft-most-160x55-cm\/","title":{"rendered":"3D skats LOFT MOST 160&#215;55 cm"},"content":{"rendered":"<div class=\"prod_data\">\n<p><strong>Modelis<\/strong> PT. G130314<br \/>\n<strong>EAN.<\/strong>  5907772073131<br \/>\n<strong>Platums (cm)<\/strong> 160<br \/>\nAugstums (cm ) 55<br \/>\n<strong>Biezums (cm<\/strong> ) 7<br \/>\nMateri\u0101ls Koks, kokskaidu pl\u0101tne, plastmasa<br \/>\nOrient\u0101cija Horizont\u0101l\u0101<br \/>\n\u0112kas \/ objekti ar mot\u012bviem<\/p>\n<p>&#8211; 3D att\u0113ls, kas izgatavots no plastmasas un galdniec\u012bbas pl\u0101tnes un t\u0113rauda elementu kombin\u0101cijas<br \/>\n&#8211; koka r\u0101mis veido iztur\u012bgu konstrukciju, kas pasarg\u0101 att\u0113lu no izkrop\u013cojumiem.<br \/>\n&#8211; faktiskie izvirz\u012bjumi<br \/>\n&#8211; ar rok\u0101m darin\u0101ts unik\u0101ls vizu\u0101lais efekts<br \/>\n&#8211; impregn\u0113\u0161ana ar caursp\u012bd\u012bgu laku garant\u0113 kr\u0101sas notur\u012bbu un iztur\u012bbu pret skr\u0101p\u0113jumiem.<br \/>\n&#8211; 4.1. att\u0113l\u0101 redzams viens no tiltiem, kas savieno Bruklinu ar Manhetenu.<\/p>\n<hr>\n<p>Tr\u012bsdimensiju gleznojums, kur\u0101 att\u0113lots viens no piekares tiltiem p\u0101r \u012astriveri, ir ietur\u0113ts klasiskaj\u0101s sepijas kr\u0101s\u0101s &#8211; balt\u0101, dzelten\u0101 un br\u016bn\u0101. Ori\u0123in\u0101l\u0101 glezno\u0161anas tehnika pie\u0161\u0137ir gleznai unik\u0101lu dzi\u013cumu. Ir v\u0113rts piev\u0113rst uzman\u012bbu ar\u012b fonam &#8211; tas ir smalks un vienlaikus ori\u0123in\u0101ls. Telpiskais skats ir gandr\u012bz skice. \u0160\u0101ds neparasts sienas dekors ieder\u0113sies ne tikai loftos un industri\u0101l\u0101 vid\u0113, bet ar\u012b viegli ieder\u0113sies retro stil\u0101. Tr\u012bsdimensiju att\u0113ls iepriecin\u0101s visus, kas nov\u0113rt\u0113 ori\u0123inalit\u0101ti. Apzin\u0101ts p\u0101rkr\u0101sojums, kas izpau\u017eas k\u0101 \u0161\u0137embas vai skr\u0101p\u0113jumi, v\u0113l vair\u0101k izce\u013c m\u0101kslas darba unikalit\u0101ti. P\u0113c manufakt\u016bras principa izgatavotai gleznai nav identiska dublik\u0101ta, katra kopija ir at\u0161\u0137ir\u012bga. Uzst\u0101d\u012b\u0161ana ir iesp\u0113jama, pateicoties komplekt\u0101 iek\u013cautajiem kron\u0161teiniem. Ar\u012b glezna ar \u0145ujorkas tilta mot\u012bvu ir lieliska ideja viltotai d\u0101vanai.<\/p>\n<\/div>\n","protected":false},"excerpt":{"rendered":"<p>Modelis PT. G130314 EAN. 5907772073131 Platums (cm) 160 Augstums (cm ) 55 Biezums (cm ) 7 Materi\u0101ls Koks, kokskaidu pl\u0101tne,<\/p>\n","protected":false},"featured_media":101914,"comment_status":"open","ping_status":"closed","template":"","meta":{"_acf_changed":false,"pmpro_default_level":""},"product_brand":[],"product_cat":[24055,23908],"product_tag":[],"class_list":{"0":"post-134016","1":"product","2":"type-product","3":"status-publish","4":"has-post-thumbnail","6":"product_cat-rotajumi","7":"product_cat-3d-paveikslai-lv","8":"pmpro-has-access","10":"first","11":"instock","12":"shipping-taxable","13":"purchasable","14":"product-type-simple"},"acf":[],"yoast_head":"<!-- This site is optimized with the Yoast SEO plugin v24.9 - https:\/\/yoast.com\/wordpress\/plugins\/seo\/ -->\n<title>3D skats LOFT MOST 160x55 cm - MetalTale.com<\/title>\n<meta name=\"robots\" content=\"index, follow, max-snippet:-1, max-image-preview:large, max-video-preview:-1\" \/>\n<link rel=\"canonical\" href=\"https:\/\/metaltale.com\/lv\/produkts\/3d-skats-loft-most-160x55-cm\/\" \/>\n<meta property=\"og:locale\" content=\"lv_LV\" \/>\n<meta property=\"og:type\" content=\"article\" \/>\n<meta property=\"og:title\" content=\"3D skats LOFT MOST 160x55 cm - MetalTale.com\" \/>\n<meta property=\"og:description\" content=\"Modelis PT. G130314 EAN. 5907772073131 Platums (cm) 160 Augstums (cm ) 55 Biezums (cm ) 7 Materi\u0101ls Koks, kokskaidu pl\u0101tne,\" \/>\n<meta property=\"og:url\" content=\"https:\/\/metaltale.com\/lv\/produkts\/3d-skats-loft-most-160x55-cm\/\" \/>\n<meta property=\"og:site_name\" content=\"MetalTale.com\" \/>\n<meta name=\"twitter:card\" content=\"summary_large_image\" \/>\n<meta name=\"twitter:label1\" content=\"Est. reading time\" \/>\n\t<meta name=\"twitter:data1\" content=\"1 minute\" \/>\n<script type=\"application\/ld+json\" class=\"yoast-schema-graph\">{\"@context\":\"https:\/\/schema.org\",\"@graph\":[{\"@type\":\"WebPage\",\"@id\":\"https:\/\/metaltale.com\/lv\/produkts\/3d-skats-loft-most-160x55-cm\/\",\"url\":\"https:\/\/metaltale.com\/lv\/produkts\/3d-skats-loft-most-160x55-cm\/\",\"name\":\"3D skats LOFT MOST 160x55 cm - MetalTale.com\",\"isPartOf\":{\"@id\":\"https:\/\/metaltale.com\/lv\/#website\"},\"primaryImageOfPage\":{\"@id\":\"https:\/\/metaltale.com\/lv\/produkts\/3d-skats-loft-most-160x55-cm\/#primaryimage\"},\"image\":{\"@id\":\"https:\/\/metaltale.com\/lv\/produkts\/3d-skats-loft-most-160x55-cm\/#primaryimage\"},\"thumbnailUrl\":\"https:\/\/metaltale.com\/wp-content\/uploads\/2023\/11\/3D-vaizdas-LOFTAS-MOST.jpg\",\"datePublished\":\"2024-02-13T12:29:51+00:00\",\"breadcrumb\":{\"@id\":\"https:\/\/metaltale.com\/lv\/produkts\/3d-skats-loft-most-160x55-cm\/#breadcrumb\"},\"inLanguage\":\"lv-LV\",\"potentialAction\":[{\"@type\":\"ReadAction\",\"target\":[\"https:\/\/metaltale.com\/lv\/produkts\/3d-skats-loft-most-160x55-cm\/\"]}]},{\"@type\":\"ImageObject\",\"inLanguage\":\"lv-LV\",\"@id\":\"https:\/\/metaltale.com\/lv\/produkts\/3d-skats-loft-most-160x55-cm\/#primaryimage\",\"url\":\"https:\/\/metaltale.com\/wp-content\/uploads\/2023\/11\/3D-vaizdas-LOFTAS-MOST.jpg\",\"contentUrl\":\"https:\/\/metaltale.com\/wp-content\/uploads\/2023\/11\/3D-vaizdas-LOFTAS-MOST.jpg\",\"width\":800,\"height\":800},{\"@type\":\"BreadcrumbList\",\"@id\":\"https:\/\/metaltale.com\/lv\/produkts\/3d-skats-loft-most-160x55-cm\/#breadcrumb\",\"itemListElement\":[{\"@type\":\"ListItem\",\"position\":1,\"name\":\"Home\",\"item\":\"https:\/\/metaltale.com\/lv\/majas\/\"},{\"@type\":\"ListItem\",\"position\":2,\"name\":\"Veikals\",\"item\":\"https:\/\/metaltale.com\/lv\/shop\/\"},{\"@type\":\"ListItem\",\"position\":3,\"name\":\"3D skats LOFT MOST 160&#215;55 cm\"}]},{\"@type\":\"WebSite\",\"@id\":\"https:\/\/metaltale.com\/lv\/#website\",\"url\":\"https:\/\/metaltale.com\/lv\/\",\"name\":\"Metaltale.com\",\"description\":\"\",\"potentialAction\":[{\"@type\":\"SearchAction\",\"target\":{\"@type\":\"EntryPoint\",\"urlTemplate\":\"https:\/\/metaltale.com\/lv\/?s={search_term_string}\"},\"query-input\":{\"@type\":\"PropertyValueSpecification\",\"valueRequired\":true,\"valueName\":\"search_term_string\"}}],\"inLanguage\":\"lv-LV\"}]}<\/script>\n<!-- \/ Yoast SEO plugin. -->","yoast_head_json":{"title":"3D skats LOFT MOST 160x55 cm - MetalTale.com","robots":{"index":"index","follow":"follow","max-snippet":"max-snippet:-1","max-image-preview":"max-image-preview:large","max-video-preview":"max-video-preview:-1"},"canonical":"https:\/\/metaltale.com\/lv\/produkts\/3d-skats-loft-most-160x55-cm\/","og_locale":"lv_LV","og_type":"article","og_title":"3D skats LOFT MOST 160x55 cm - MetalTale.com","og_description":"Modelis PT. G130314 EAN. 5907772073131 Platums (cm) 160 Augstums (cm ) 55 Biezums (cm ) 7 Materi\u0101ls Koks, kokskaidu pl\u0101tne,","og_url":"https:\/\/metaltale.com\/lv\/produkts\/3d-skats-loft-most-160x55-cm\/","og_site_name":"MetalTale.com","twitter_card":"summary_large_image","twitter_misc":{"Est. reading time":"1 minute"},"schema":{"@context":"https:\/\/schema.org","@graph":[{"@type":"WebPage","@id":"https:\/\/metaltale.com\/lv\/produkts\/3d-skats-loft-most-160x55-cm\/","url":"https:\/\/metaltale.com\/lv\/produkts\/3d-skats-loft-most-160x55-cm\/","name":"3D skats LOFT MOST 160x55 cm - MetalTale.com","isPartOf":{"@id":"https:\/\/metaltale.com\/lv\/#website"},"primaryImageOfPage":{"@id":"https:\/\/metaltale.com\/lv\/produkts\/3d-skats-loft-most-160x55-cm\/#primaryimage"},"image":{"@id":"https:\/\/metaltale.com\/lv\/produkts\/3d-skats-loft-most-160x55-cm\/#primaryimage"},"thumbnailUrl":"https:\/\/metaltale.com\/wp-content\/uploads\/2023\/11\/3D-vaizdas-LOFTAS-MOST.jpg","datePublished":"2024-02-13T12:29:51+00:00","breadcrumb":{"@id":"https:\/\/metaltale.com\/lv\/produkts\/3d-skats-loft-most-160x55-cm\/#breadcrumb"},"inLanguage":"lv-LV","potentialAction":[{"@type":"ReadAction","target":["https:\/\/metaltale.com\/lv\/produkts\/3d-skats-loft-most-160x55-cm\/"]}]},{"@type":"ImageObject","inLanguage":"lv-LV","@id":"https:\/\/metaltale.com\/lv\/produkts\/3d-skats-loft-most-160x55-cm\/#primaryimage","url":"https:\/\/metaltale.com\/wp-content\/uploads\/2023\/11\/3D-vaizdas-LOFTAS-MOST.jpg","contentUrl":"https:\/\/metaltale.com\/wp-content\/uploads\/2023\/11\/3D-vaizdas-LOFTAS-MOST.jpg","width":800,"height":800},{"@type":"BreadcrumbList","@id":"https:\/\/metaltale.com\/lv\/produkts\/3d-skats-loft-most-160x55-cm\/#breadcrumb","itemListElement":[{"@type":"ListItem","position":1,"name":"Home","item":"https:\/\/metaltale.com\/lv\/majas\/"},{"@type":"ListItem","position":2,"name":"Veikals","item":"https:\/\/metaltale.com\/lv\/shop\/"},{"@type":"ListItem","position":3,"name":"3D skats LOFT MOST 160&#215;55 cm"}]},{"@type":"WebSite","@id":"https:\/\/metaltale.com\/lv\/#website","url":"https:\/\/metaltale.com\/lv\/","name":"Metaltale.com","description":"","potentialAction":[{"@type":"SearchAction","target":{"@type":"EntryPoint","urlTemplate":"https:\/\/metaltale.com\/lv\/?s={search_term_string}"},"query-input":{"@type":"PropertyValueSpecification","valueRequired":true,"valueName":"search_term_string"}}],"inLanguage":"lv-LV"}]}},"_links":{"self":[{"href":"https:\/\/metaltale.com\/lv\/wp-json\/wp\/v2\/product\/134016","targetHints":{"allow":["GET"]}}],"collection":[{"href":"https:\/\/metaltale.com\/lv\/wp-json\/wp\/v2\/product"}],"about":[{"href":"https:\/\/metaltale.com\/lv\/wp-json\/wp\/v2\/types\/product"}],"replies":[{"embeddable":true,"href":"https:\/\/metaltale.com\/lv\/wp-json\/wp\/v2\/comments?post=134016"}],"version-history":[{"count":0,"href":"https:\/\/metaltale.com\/lv\/wp-json\/wp\/v2\/product\/134016\/revisions"}],"wp:featuredmedia":[{"embeddable":true,"href":"https:\/\/metaltale.com\/lv\/wp-json\/wp\/v2\/media\/101914"}],"wp:attachment":[{"href":"https:\/\/metaltale.com\/lv\/wp-json\/wp\/v2\/media?parent=134016"}],"wp:term":[{"taxonomy":"product_brand","embeddable":true,"href":"https:\/\/metaltale.com\/lv\/wp-json\/wp\/v2\/product_brand?post=134016"},{"taxonomy":"product_cat","embeddable":true,"href":"https:\/\/metaltale.com\/lv\/wp-json\/wp\/v2\/product_cat?post=134016"},{"taxonomy":"product_tag","embeddable":true,"href":"https:\/\/metaltale.com\/lv\/wp-json\/wp\/v2\/product_tag?post=134016"}],"curies":[{"name":"wp","href":"https:\/\/api.w.org\/{rel}","templated":true}]}}