{"id":134011,"date":"2024-02-13T13:17:48","date_gmt":"2024-02-13T11:17:48","guid":{"rendered":"https:\/\/metaltale.com\/produktas\/3d-metala-tapetes-loft-route-66-distributor-60x120-cm\/"},"modified":"2024-02-13T13:17:48","modified_gmt":"2024-02-13T11:17:48","slug":"3d-metala-tapetes-loft-route-66-distributor-60x120-cm","status":"publish","type":"product","link":"https:\/\/metaltale.com\/lv\/produkts\/3d-metala-tapetes-loft-route-66-distributor-60x120-cm\/","title":{"rendered":"3D met\u0101la tapetes LOFT ROUTE 66 DISTRIBUTOR 60&#215;120 cm"},"content":{"rendered":"<div class=\"prod_data\">\n<p><strong>Modelis<\/strong> PT. T150111<br \/>\n<strong>EAN.<\/strong>  5907772071854<br \/>\nOrient\u0101cija Vertik\u0101l\u0101<br \/>\nMotiva motoriz\u0101cija<br \/>\n<strong>Materi\u0101ls<\/strong> T\u0113rauds<br \/>\n<strong>Platums (cm<\/strong> ) 60<br \/>\n<strong>Augstums (cm<\/strong> ) 120<br \/>\nDzi\u013cums (cm ) 6<\/p>\n<p>&#8211; fenomen\u0101ls tr\u012bsdimensiju skats uz p\u0101rstr\u0101d\u0101tu t\u0113raudu.<br \/>\n&#8211; izstr\u0101d\u0101jumam ir re\u0101las tr\u012bsdimensiju p\u0101rkares.<br \/>\n&#8211; kr\u0101sotajai gleznai ir ar\u012b dabiska met\u0101la kr\u0101sas mai\u0146a un r\u016bsas p\u0113das.<br \/>\n&#8211; impregn\u0113\u0161ana ar caursp\u012bd\u012bgu laku garant\u0113 virs vid\u0113j\u0101 l\u012bme\u0146a kr\u0101sas notur\u012bbu.<\/p>\n<hr>\n<p>Tr\u012bsdimensiju gleznas ir lieliska d\u0101vin\u0101juma ideja, kas rot\u0101s j\u016bsu interjeru un uz daudziem gadiem rais\u012bs siltas atmi\u0146as. Pla\u0161ie, b\u0113ni\u0146iem l\u012bdz\u012bgie dekori, kas veidoti, balstoties uz manekenu principiem, ne\u013cauj vienaldz\u012bgi iziet tiem gar\u0101m. Tie piesaista uzman\u012bbu, atdz\u012bvina, papildina vai izce\u013c b\u0113ni\u0146u interjera raksturu. 3D gleznojumi ir \u012bsti m\u0101kslas darbi ar rok\u0101m veidotu apdari, dabisku t\u0113rauda kr\u0101sas mai\u0146u un dekorat\u012bvo deta\u013cu bag\u0101t\u012bbu, kam nav analogu tradicion\u0101laj\u0101 glezniec\u012bb\u0101.<\/p>\n<hr>\n<\/div>\n","protected":false},"excerpt":{"rendered":"<p>Modelis PT. T150111 EAN. 5907772071854 Orient\u0101cija Vertik\u0101l\u0101 Motiva motoriz\u0101cija Materi\u0101ls T\u0113rauds Platums (cm ) 60 Augstums (cm ) 120 Dzi\u013cums<\/p>\n","protected":false},"featured_media":65218,"comment_status":"open","ping_status":"closed","template":"","meta":{"_acf_changed":false,"pmpro_default_level":""},"product_brand":[],"product_cat":[24055,23908],"product_tag":[],"class_list":{"0":"post-134011","1":"product","2":"type-product","3":"status-publish","4":"has-post-thumbnail","6":"product_cat-rotajumi","7":"product_cat-3d-paveikslai-lv","8":"pmpro-has-access","10":"first","11":"instock","12":"shipping-taxable","13":"purchasable","14":"product-type-simple"},"acf":[],"yoast_head":"<!-- This site is optimized with the Yoast SEO plugin v24.9 - https:\/\/yoast.com\/wordpress\/plugins\/seo\/ -->\n<title>3D met\u0101la tapetes LOFT ROUTE 66 DISTRIBUTOR 60x120 cm - MetalTale.com<\/title>\n<meta name=\"robots\" content=\"index, follow, max-snippet:-1, max-image-preview:large, max-video-preview:-1\" \/>\n<link rel=\"canonical\" href=\"https:\/\/metaltale.com\/lv\/produkts\/3d-metala-tapetes-loft-route-66-distributor-60x120-cm\/\" \/>\n<meta property=\"og:locale\" content=\"lv_LV\" \/>\n<meta property=\"og:type\" content=\"article\" \/>\n<meta property=\"og:title\" content=\"3D met\u0101la tapetes LOFT ROUTE 66 DISTRIBUTOR 60x120 cm - MetalTale.com\" \/>\n<meta property=\"og:description\" content=\"Modelis PT. T150111 EAN. 5907772071854 Orient\u0101cija Vertik\u0101l\u0101 Motiva motoriz\u0101cija Materi\u0101ls T\u0113rauds Platums (cm ) 60 Augstums (cm ) 120 Dzi\u013cums\" \/>\n<meta property=\"og:url\" content=\"https:\/\/metaltale.com\/lv\/produkts\/3d-metala-tapetes-loft-route-66-distributor-60x120-cm\/\" \/>\n<meta property=\"og:site_name\" content=\"MetalTale.com\" \/>\n<meta name=\"twitter:card\" content=\"summary_large_image\" \/>\n<meta name=\"twitter:label1\" content=\"Est. reading time\" \/>\n\t<meta name=\"twitter:data1\" content=\"1 minute\" \/>\n<script type=\"application\/ld+json\" class=\"yoast-schema-graph\">{\"@context\":\"https:\/\/schema.org\",\"@graph\":[{\"@type\":\"WebPage\",\"@id\":\"https:\/\/metaltale.com\/lv\/produkts\/3d-metala-tapetes-loft-route-66-distributor-60x120-cm\/\",\"url\":\"https:\/\/metaltale.com\/lv\/produkts\/3d-metala-tapetes-loft-route-66-distributor-60x120-cm\/\",\"name\":\"3D met\u0101la tapetes LOFT ROUTE 66 DISTRIBUTOR 60x120 cm - MetalTale.com\",\"isPartOf\":{\"@id\":\"https:\/\/metaltale.com\/lv\/#website\"},\"primaryImageOfPage\":{\"@id\":\"https:\/\/metaltale.com\/lv\/produkts\/3d-metala-tapetes-loft-route-66-distributor-60x120-cm\/#primaryimage\"},\"image\":{\"@id\":\"https:\/\/metaltale.com\/lv\/produkts\/3d-metala-tapetes-loft-route-66-distributor-60x120-cm\/#primaryimage\"},\"thumbnailUrl\":\"https:\/\/metaltale.com\/wp-content\/uploads\/2023\/09\/3D-vaizdas-ROUTE-66-DISTRIBUTOR.jpg\",\"datePublished\":\"2024-02-13T11:17:48+00:00\",\"breadcrumb\":{\"@id\":\"https:\/\/metaltale.com\/lv\/produkts\/3d-metala-tapetes-loft-route-66-distributor-60x120-cm\/#breadcrumb\"},\"inLanguage\":\"lv-LV\",\"potentialAction\":[{\"@type\":\"ReadAction\",\"target\":[\"https:\/\/metaltale.com\/lv\/produkts\/3d-metala-tapetes-loft-route-66-distributor-60x120-cm\/\"]}]},{\"@type\":\"ImageObject\",\"inLanguage\":\"lv-LV\",\"@id\":\"https:\/\/metaltale.com\/lv\/produkts\/3d-metala-tapetes-loft-route-66-distributor-60x120-cm\/#primaryimage\",\"url\":\"https:\/\/metaltale.com\/wp-content\/uploads\/2023\/09\/3D-vaizdas-ROUTE-66-DISTRIBUTOR.jpg\",\"contentUrl\":\"https:\/\/metaltale.com\/wp-content\/uploads\/2023\/09\/3D-vaizdas-ROUTE-66-DISTRIBUTOR.jpg\",\"width\":800,\"height\":800},{\"@type\":\"BreadcrumbList\",\"@id\":\"https:\/\/metaltale.com\/lv\/produkts\/3d-metala-tapetes-loft-route-66-distributor-60x120-cm\/#breadcrumb\",\"itemListElement\":[{\"@type\":\"ListItem\",\"position\":1,\"name\":\"Home\",\"item\":\"https:\/\/metaltale.com\/lv\/majas\/\"},{\"@type\":\"ListItem\",\"position\":2,\"name\":\"Veikals\",\"item\":\"https:\/\/metaltale.com\/lv\/shop\/\"},{\"@type\":\"ListItem\",\"position\":3,\"name\":\"3D met\u0101la tapetes LOFT ROUTE 66 DISTRIBUTOR 60&#215;120 cm\"}]},{\"@type\":\"WebSite\",\"@id\":\"https:\/\/metaltale.com\/lv\/#website\",\"url\":\"https:\/\/metaltale.com\/lv\/\",\"name\":\"Metaltale.com\",\"description\":\"\",\"potentialAction\":[{\"@type\":\"SearchAction\",\"target\":{\"@type\":\"EntryPoint\",\"urlTemplate\":\"https:\/\/metaltale.com\/lv\/?s={search_term_string}\"},\"query-input\":{\"@type\":\"PropertyValueSpecification\",\"valueRequired\":true,\"valueName\":\"search_term_string\"}}],\"inLanguage\":\"lv-LV\"}]}<\/script>\n<!-- \/ Yoast SEO plugin. -->","yoast_head_json":{"title":"3D met\u0101la tapetes LOFT ROUTE 66 DISTRIBUTOR 60x120 cm - MetalTale.com","robots":{"index":"index","follow":"follow","max-snippet":"max-snippet:-1","max-image-preview":"max-image-preview:large","max-video-preview":"max-video-preview:-1"},"canonical":"https:\/\/metaltale.com\/lv\/produkts\/3d-metala-tapetes-loft-route-66-distributor-60x120-cm\/","og_locale":"lv_LV","og_type":"article","og_title":"3D met\u0101la tapetes LOFT ROUTE 66 DISTRIBUTOR 60x120 cm - MetalTale.com","og_description":"Modelis PT. T150111 EAN. 5907772071854 Orient\u0101cija Vertik\u0101l\u0101 Motiva motoriz\u0101cija Materi\u0101ls T\u0113rauds Platums (cm ) 60 Augstums (cm ) 120 Dzi\u013cums","og_url":"https:\/\/metaltale.com\/lv\/produkts\/3d-metala-tapetes-loft-route-66-distributor-60x120-cm\/","og_site_name":"MetalTale.com","twitter_card":"summary_large_image","twitter_misc":{"Est. reading time":"1 minute"},"schema":{"@context":"https:\/\/schema.org","@graph":[{"@type":"WebPage","@id":"https:\/\/metaltale.com\/lv\/produkts\/3d-metala-tapetes-loft-route-66-distributor-60x120-cm\/","url":"https:\/\/metaltale.com\/lv\/produkts\/3d-metala-tapetes-loft-route-66-distributor-60x120-cm\/","name":"3D met\u0101la tapetes LOFT ROUTE 66 DISTRIBUTOR 60x120 cm - MetalTale.com","isPartOf":{"@id":"https:\/\/metaltale.com\/lv\/#website"},"primaryImageOfPage":{"@id":"https:\/\/metaltale.com\/lv\/produkts\/3d-metala-tapetes-loft-route-66-distributor-60x120-cm\/#primaryimage"},"image":{"@id":"https:\/\/metaltale.com\/lv\/produkts\/3d-metala-tapetes-loft-route-66-distributor-60x120-cm\/#primaryimage"},"thumbnailUrl":"https:\/\/metaltale.com\/wp-content\/uploads\/2023\/09\/3D-vaizdas-ROUTE-66-DISTRIBUTOR.jpg","datePublished":"2024-02-13T11:17:48+00:00","breadcrumb":{"@id":"https:\/\/metaltale.com\/lv\/produkts\/3d-metala-tapetes-loft-route-66-distributor-60x120-cm\/#breadcrumb"},"inLanguage":"lv-LV","potentialAction":[{"@type":"ReadAction","target":["https:\/\/metaltale.com\/lv\/produkts\/3d-metala-tapetes-loft-route-66-distributor-60x120-cm\/"]}]},{"@type":"ImageObject","inLanguage":"lv-LV","@id":"https:\/\/metaltale.com\/lv\/produkts\/3d-metala-tapetes-loft-route-66-distributor-60x120-cm\/#primaryimage","url":"https:\/\/metaltale.com\/wp-content\/uploads\/2023\/09\/3D-vaizdas-ROUTE-66-DISTRIBUTOR.jpg","contentUrl":"https:\/\/metaltale.com\/wp-content\/uploads\/2023\/09\/3D-vaizdas-ROUTE-66-DISTRIBUTOR.jpg","width":800,"height":800},{"@type":"BreadcrumbList","@id":"https:\/\/metaltale.com\/lv\/produkts\/3d-metala-tapetes-loft-route-66-distributor-60x120-cm\/#breadcrumb","itemListElement":[{"@type":"ListItem","position":1,"name":"Home","item":"https:\/\/metaltale.com\/lv\/majas\/"},{"@type":"ListItem","position":2,"name":"Veikals","item":"https:\/\/metaltale.com\/lv\/shop\/"},{"@type":"ListItem","position":3,"name":"3D met\u0101la tapetes LOFT ROUTE 66 DISTRIBUTOR 60&#215;120 cm"}]},{"@type":"WebSite","@id":"https:\/\/metaltale.com\/lv\/#website","url":"https:\/\/metaltale.com\/lv\/","name":"Metaltale.com","description":"","potentialAction":[{"@type":"SearchAction","target":{"@type":"EntryPoint","urlTemplate":"https:\/\/metaltale.com\/lv\/?s={search_term_string}"},"query-input":{"@type":"PropertyValueSpecification","valueRequired":true,"valueName":"search_term_string"}}],"inLanguage":"lv-LV"}]}},"_links":{"self":[{"href":"https:\/\/metaltale.com\/lv\/wp-json\/wp\/v2\/product\/134011","targetHints":{"allow":["GET"]}}],"collection":[{"href":"https:\/\/metaltale.com\/lv\/wp-json\/wp\/v2\/product"}],"about":[{"href":"https:\/\/metaltale.com\/lv\/wp-json\/wp\/v2\/types\/product"}],"replies":[{"embeddable":true,"href":"https:\/\/metaltale.com\/lv\/wp-json\/wp\/v2\/comments?post=134011"}],"version-history":[{"count":0,"href":"https:\/\/metaltale.com\/lv\/wp-json\/wp\/v2\/product\/134011\/revisions"}],"wp:featuredmedia":[{"embeddable":true,"href":"https:\/\/metaltale.com\/lv\/wp-json\/wp\/v2\/media\/65218"}],"wp:attachment":[{"href":"https:\/\/metaltale.com\/lv\/wp-json\/wp\/v2\/media?parent=134011"}],"wp:term":[{"taxonomy":"product_brand","embeddable":true,"href":"https:\/\/metaltale.com\/lv\/wp-json\/wp\/v2\/product_brand?post=134011"},{"taxonomy":"product_cat","embeddable":true,"href":"https:\/\/metaltale.com\/lv\/wp-json\/wp\/v2\/product_cat?post=134011"},{"taxonomy":"product_tag","embeddable":true,"href":"https:\/\/metaltale.com\/lv\/wp-json\/wp\/v2\/product_tag?post=134011"}],"curies":[{"name":"wp","href":"https:\/\/api.w.org\/{rel}","templated":true}]}}