{"id":134008,"date":"2024-02-13T15:01:05","date_gmt":"2024-02-13T13:01:05","guid":{"rendered":"https:\/\/metaltale.com\/produktas\/3d-attels-loft-mozaiko-4-75x75-cm\/"},"modified":"2024-02-13T15:01:05","modified_gmt":"2024-02-13T13:01:05","slug":"3d-attels-loft-mozaiko-4-75x75-cm","status":"publish","type":"product","link":"https:\/\/metaltale.com\/lv\/produkts\/3d-attels-loft-mozaiko-4-75x75-cm\/","title":{"rendered":"3D att\u0113ls LOFT MOZAIKO 4; 75&#215;75 cm"},"content":{"rendered":"<div class=\"prod_data\">\n<p><strong>Modelis<\/strong> PT. F21913<br \/>\n<strong>EAN.<\/strong>  5907772074824<br \/>\n<strong>Platums (cm<\/strong> ) 75<br \/>\n<strong>Augstums (cm<\/strong> ) 75<br \/>\n<strong>Biezums (cm<\/strong> ) 8,5<br \/>\n<strong>Materi\u0101ls<\/strong> Koks<br \/>\n<strong>Forma<\/strong> Kvadr\u0101ts<br \/>\nOrient\u0113\u0161an\u0101s Univers\u0101l\u0101<br \/>\nCiti mot\u012bvi<\/p>\n<p>&#8211; Koka 3D skats<br \/>\n&#8211; \u012astas p\u0101rkares, kas rada satrieco\u0161u tr\u012bsdimensiju efektu.<br \/>\n&#8211; impregn\u0113\u0161ana ar caursp\u012bd\u012bgu laku garant\u0113 kr\u0101sas notur\u012bbu un iztur\u012bbu pret skr\u0101p\u0113jumiem.<br \/>\n&#8211; koka r\u0101mis veido iztur\u012bgu konstrukciju, kas pasarg\u0101 att\u0113lu no izkrop\u013cojumiem.<br \/>\n&#8211; tr\u012bsdimensiju moza\u012bkas apdare<\/p>\n<hr>\n<p>Mosaic 4 ir skaists sienas dekors, kas ar silt\u0101m kr\u0101s\u0101m pie\u0161\u0137irs interjeram dzi\u013cumu un m\u0101j\u012bgumu. Att\u0113l\u0101 redzami mazi kvadr\u0101ti\u0146i, kas iesl\u0113gti liel\u0101 plaukst\u0101, kas atg\u0101dina labi zin\u0101mu moza\u012bku. Apdares m\u016b\u017e\u012bgais raksturs padara to piem\u0113rotu modernam, b\u0113ni\u0146u un tradicion\u0101lajam stilam. Autentiskumu pie\u0161\u0137ir redzamas koka tekst\u016bras p\u0113das un ar rok\u0101m darin\u0101ti izstr\u0101d\u0101jumi. Neapstr\u0101d\u0101ta koka un zelta kombin\u0101cija pie\u0161\u0137ir gleznai unik\u0101lu raksturu. \u0160is ori\u0123in\u0101lais rot\u0101jums var b\u016bt ar\u012b lieliska d\u0101vin\u0101juma ideja. M\u0101kslas darbu piestiprin\u0101\u0161ana ir iesp\u0113jama, pateicoties komplekt\u0101 iek\u013cautajiem stiprin\u0101jumiem.<\/p>\n<\/div>\n","protected":false},"excerpt":{"rendered":"<p>Modelis PT. F21913 EAN. 5907772074824 Platums (cm ) 75 Augstums (cm ) 75 Biezums (cm ) 8,5 Materi\u0101ls Koks Forma<\/p>\n","protected":false},"featured_media":74248,"comment_status":"open","ping_status":"closed","template":"","meta":{"_acf_changed":false,"pmpro_default_level":""},"product_brand":[],"product_cat":[24055,23908],"product_tag":[],"class_list":{"0":"post-134008","1":"product","2":"type-product","3":"status-publish","4":"has-post-thumbnail","6":"product_cat-rotajumi","7":"product_cat-3d-paveikslai-lv","8":"pmpro-has-access","10":"first","11":"instock","12":"shipping-taxable","13":"purchasable","14":"product-type-simple"},"acf":[],"yoast_head":"<!-- This site is optimized with the Yoast SEO plugin v24.9 - https:\/\/yoast.com\/wordpress\/plugins\/seo\/ -->\n<title>3D att\u0113ls LOFT MOZAIKO 4; 75x75 cm - MetalTale.com<\/title>\n<meta name=\"robots\" content=\"index, follow, max-snippet:-1, max-image-preview:large, max-video-preview:-1\" \/>\n<link rel=\"canonical\" href=\"https:\/\/metaltale.com\/lv\/produkts\/3d-attels-loft-mozaiko-4-75x75-cm\/\" \/>\n<meta property=\"og:locale\" content=\"lv_LV\" \/>\n<meta property=\"og:type\" content=\"article\" \/>\n<meta property=\"og:title\" content=\"3D att\u0113ls LOFT MOZAIKO 4; 75x75 cm - MetalTale.com\" \/>\n<meta property=\"og:description\" content=\"Modelis PT. F21913 EAN. 5907772074824 Platums (cm ) 75 Augstums (cm ) 75 Biezums (cm ) 8,5 Materi\u0101ls Koks Forma\" \/>\n<meta property=\"og:url\" content=\"https:\/\/metaltale.com\/lv\/produkts\/3d-attels-loft-mozaiko-4-75x75-cm\/\" \/>\n<meta property=\"og:site_name\" content=\"MetalTale.com\" \/>\n<meta name=\"twitter:card\" content=\"summary_large_image\" \/>\n<meta name=\"twitter:label1\" content=\"Est. reading time\" \/>\n\t<meta name=\"twitter:data1\" content=\"1 minute\" \/>\n<script type=\"application\/ld+json\" class=\"yoast-schema-graph\">{\"@context\":\"https:\/\/schema.org\",\"@graph\":[{\"@type\":\"WebPage\",\"@id\":\"https:\/\/metaltale.com\/lv\/produkts\/3d-attels-loft-mozaiko-4-75x75-cm\/\",\"url\":\"https:\/\/metaltale.com\/lv\/produkts\/3d-attels-loft-mozaiko-4-75x75-cm\/\",\"name\":\"3D att\u0113ls LOFT MOZAIKO 4; 75x75 cm - MetalTale.com\",\"isPartOf\":{\"@id\":\"https:\/\/metaltale.com\/lv\/#website\"},\"primaryImageOfPage\":{\"@id\":\"https:\/\/metaltale.com\/lv\/produkts\/3d-attels-loft-mozaiko-4-75x75-cm\/#primaryimage\"},\"image\":{\"@id\":\"https:\/\/metaltale.com\/lv\/produkts\/3d-attels-loft-mozaiko-4-75x75-cm\/#primaryimage\"},\"thumbnailUrl\":\"https:\/\/metaltale.com\/wp-content\/uploads\/2023\/09\/3D-vaizdas-LOFT-MOZAIKO-4.jpg\",\"datePublished\":\"2024-02-13T13:01:05+00:00\",\"breadcrumb\":{\"@id\":\"https:\/\/metaltale.com\/lv\/produkts\/3d-attels-loft-mozaiko-4-75x75-cm\/#breadcrumb\"},\"inLanguage\":\"lv-LV\",\"potentialAction\":[{\"@type\":\"ReadAction\",\"target\":[\"https:\/\/metaltale.com\/lv\/produkts\/3d-attels-loft-mozaiko-4-75x75-cm\/\"]}]},{\"@type\":\"ImageObject\",\"inLanguage\":\"lv-LV\",\"@id\":\"https:\/\/metaltale.com\/lv\/produkts\/3d-attels-loft-mozaiko-4-75x75-cm\/#primaryimage\",\"url\":\"https:\/\/metaltale.com\/wp-content\/uploads\/2023\/09\/3D-vaizdas-LOFT-MOZAIKO-4.jpg\",\"contentUrl\":\"https:\/\/metaltale.com\/wp-content\/uploads\/2023\/09\/3D-vaizdas-LOFT-MOZAIKO-4.jpg\",\"width\":800,\"height\":800},{\"@type\":\"BreadcrumbList\",\"@id\":\"https:\/\/metaltale.com\/lv\/produkts\/3d-attels-loft-mozaiko-4-75x75-cm\/#breadcrumb\",\"itemListElement\":[{\"@type\":\"ListItem\",\"position\":1,\"name\":\"Home\",\"item\":\"https:\/\/metaltale.com\/lv\/majas\/\"},{\"@type\":\"ListItem\",\"position\":2,\"name\":\"Veikals\",\"item\":\"https:\/\/metaltale.com\/lv\/shop\/\"},{\"@type\":\"ListItem\",\"position\":3,\"name\":\"3D att\u0113ls LOFT MOZAIKO 4; 75&#215;75 cm\"}]},{\"@type\":\"WebSite\",\"@id\":\"https:\/\/metaltale.com\/lv\/#website\",\"url\":\"https:\/\/metaltale.com\/lv\/\",\"name\":\"Metaltale.com\",\"description\":\"\",\"potentialAction\":[{\"@type\":\"SearchAction\",\"target\":{\"@type\":\"EntryPoint\",\"urlTemplate\":\"https:\/\/metaltale.com\/lv\/?s={search_term_string}\"},\"query-input\":{\"@type\":\"PropertyValueSpecification\",\"valueRequired\":true,\"valueName\":\"search_term_string\"}}],\"inLanguage\":\"lv-LV\"}]}<\/script>\n<!-- \/ Yoast SEO plugin. -->","yoast_head_json":{"title":"3D att\u0113ls LOFT MOZAIKO 4; 75x75 cm - MetalTale.com","robots":{"index":"index","follow":"follow","max-snippet":"max-snippet:-1","max-image-preview":"max-image-preview:large","max-video-preview":"max-video-preview:-1"},"canonical":"https:\/\/metaltale.com\/lv\/produkts\/3d-attels-loft-mozaiko-4-75x75-cm\/","og_locale":"lv_LV","og_type":"article","og_title":"3D att\u0113ls LOFT MOZAIKO 4; 75x75 cm - MetalTale.com","og_description":"Modelis PT. F21913 EAN. 5907772074824 Platums (cm ) 75 Augstums (cm ) 75 Biezums (cm ) 8,5 Materi\u0101ls Koks Forma","og_url":"https:\/\/metaltale.com\/lv\/produkts\/3d-attels-loft-mozaiko-4-75x75-cm\/","og_site_name":"MetalTale.com","twitter_card":"summary_large_image","twitter_misc":{"Est. reading time":"1 minute"},"schema":{"@context":"https:\/\/schema.org","@graph":[{"@type":"WebPage","@id":"https:\/\/metaltale.com\/lv\/produkts\/3d-attels-loft-mozaiko-4-75x75-cm\/","url":"https:\/\/metaltale.com\/lv\/produkts\/3d-attels-loft-mozaiko-4-75x75-cm\/","name":"3D att\u0113ls LOFT MOZAIKO 4; 75x75 cm - MetalTale.com","isPartOf":{"@id":"https:\/\/metaltale.com\/lv\/#website"},"primaryImageOfPage":{"@id":"https:\/\/metaltale.com\/lv\/produkts\/3d-attels-loft-mozaiko-4-75x75-cm\/#primaryimage"},"image":{"@id":"https:\/\/metaltale.com\/lv\/produkts\/3d-attels-loft-mozaiko-4-75x75-cm\/#primaryimage"},"thumbnailUrl":"https:\/\/metaltale.com\/wp-content\/uploads\/2023\/09\/3D-vaizdas-LOFT-MOZAIKO-4.jpg","datePublished":"2024-02-13T13:01:05+00:00","breadcrumb":{"@id":"https:\/\/metaltale.com\/lv\/produkts\/3d-attels-loft-mozaiko-4-75x75-cm\/#breadcrumb"},"inLanguage":"lv-LV","potentialAction":[{"@type":"ReadAction","target":["https:\/\/metaltale.com\/lv\/produkts\/3d-attels-loft-mozaiko-4-75x75-cm\/"]}]},{"@type":"ImageObject","inLanguage":"lv-LV","@id":"https:\/\/metaltale.com\/lv\/produkts\/3d-attels-loft-mozaiko-4-75x75-cm\/#primaryimage","url":"https:\/\/metaltale.com\/wp-content\/uploads\/2023\/09\/3D-vaizdas-LOFT-MOZAIKO-4.jpg","contentUrl":"https:\/\/metaltale.com\/wp-content\/uploads\/2023\/09\/3D-vaizdas-LOFT-MOZAIKO-4.jpg","width":800,"height":800},{"@type":"BreadcrumbList","@id":"https:\/\/metaltale.com\/lv\/produkts\/3d-attels-loft-mozaiko-4-75x75-cm\/#breadcrumb","itemListElement":[{"@type":"ListItem","position":1,"name":"Home","item":"https:\/\/metaltale.com\/lv\/majas\/"},{"@type":"ListItem","position":2,"name":"Veikals","item":"https:\/\/metaltale.com\/lv\/shop\/"},{"@type":"ListItem","position":3,"name":"3D att\u0113ls LOFT MOZAIKO 4; 75&#215;75 cm"}]},{"@type":"WebSite","@id":"https:\/\/metaltale.com\/lv\/#website","url":"https:\/\/metaltale.com\/lv\/","name":"Metaltale.com","description":"","potentialAction":[{"@type":"SearchAction","target":{"@type":"EntryPoint","urlTemplate":"https:\/\/metaltale.com\/lv\/?s={search_term_string}"},"query-input":{"@type":"PropertyValueSpecification","valueRequired":true,"valueName":"search_term_string"}}],"inLanguage":"lv-LV"}]}},"_links":{"self":[{"href":"https:\/\/metaltale.com\/lv\/wp-json\/wp\/v2\/product\/134008","targetHints":{"allow":["GET"]}}],"collection":[{"href":"https:\/\/metaltale.com\/lv\/wp-json\/wp\/v2\/product"}],"about":[{"href":"https:\/\/metaltale.com\/lv\/wp-json\/wp\/v2\/types\/product"}],"replies":[{"embeddable":true,"href":"https:\/\/metaltale.com\/lv\/wp-json\/wp\/v2\/comments?post=134008"}],"version-history":[{"count":0,"href":"https:\/\/metaltale.com\/lv\/wp-json\/wp\/v2\/product\/134008\/revisions"}],"wp:featuredmedia":[{"embeddable":true,"href":"https:\/\/metaltale.com\/lv\/wp-json\/wp\/v2\/media\/74248"}],"wp:attachment":[{"href":"https:\/\/metaltale.com\/lv\/wp-json\/wp\/v2\/media?parent=134008"}],"wp:term":[{"taxonomy":"product_brand","embeddable":true,"href":"https:\/\/metaltale.com\/lv\/wp-json\/wp\/v2\/product_brand?post=134008"},{"taxonomy":"product_cat","embeddable":true,"href":"https:\/\/metaltale.com\/lv\/wp-json\/wp\/v2\/product_cat?post=134008"},{"taxonomy":"product_tag","embeddable":true,"href":"https:\/\/metaltale.com\/lv\/wp-json\/wp\/v2\/product_tag?post=134008"}],"curies":[{"name":"wp","href":"https:\/\/api.w.org\/{rel}","templated":true}]}}