{"id":133992,"date":"2024-02-13T14:29:51","date_gmt":"2024-02-13T12:29:51","guid":{"rendered":"https:\/\/metaltale.com\/produktas\/3d-skats-loftas-mozaiko-1\/"},"modified":"2024-02-13T14:29:51","modified_gmt":"2024-02-13T12:29:51","slug":"3d-skats-loftas-mozaiko-1","status":"publish","type":"product","link":"https:\/\/metaltale.com\/lv\/produkts\/3d-skats-loftas-mozaiko-1\/","title":{"rendered":"3D skats LOFTAS MOZAIKO 1"},"content":{"rendered":"<div class=\"prod_data\">\n<p><strong>Modelis<\/strong> PT. G120911<br \/>\n<strong>EAN.<\/strong>  5907772073506<br \/>\n<strong>Platums (cm<\/strong> ) 76<br \/>\n<strong>Augstums (cm<\/strong> ) 118<br \/>\n<strong>Biezums (cm<\/strong> ) 8,5<br \/>\nMateri\u0101ls Koks, kokskaidu pl\u0101tne, plastmasa<br \/>\nOrient\u0101cija Vertik\u0101l\u0101<br \/>\nCiti mot\u012bvi<\/p>\n<p>&#8211; 3D skats uz galdniec\u012bbas d\u0113li un plastmasu<br \/>\n&#8211; koka r\u0101mis veido iztur\u012bgu konstrukciju, kas pasarg\u0101 att\u0113lu no izkrop\u013cojumiem.<br \/>\n&#8211; manu\u0101la izpilde garant\u0113 katras kopijas unikalit\u0101ti.<br \/>\n&#8211; faktiskie izvirz\u012bjumi<br \/>\n&#8211; sienu apdares sp\u012bd\u012bg\u0101s virsmas d\u0113\u013c galerij\u0101 redzam\u0101s fotogr\u0101fijas prec\u012bzi neatspogu\u013co gleznas kr\u0101su gammu, kas ietur\u0113ta tum\u0161\u0101kos to\u0146os.<br \/>\n&#8211; impregn\u0113\u0161ana ar caursp\u012bd\u012bgu laku nodro\u0161ina kr\u0101sas notur\u012bbu un iztur\u012bbu pret skr\u0101p\u0113jumiem.<br \/>\n&#8211; tr\u012bsdimensiju moza\u012bkas apdare<\/p>\n<hr>\n<p>3D glezna vai tr\u012bsdimensiju sienas apdare? Mosaic ir kompromiss neizl\u0113m\u012bgajiem. Moza\u012bkas sienu ap\u0161uvuma priek\u0161roc\u012bba ir t\u0101 vienk\u0101r\u0161\u012bba. Taisnst\u016brveida form\u0101 sl\u0113gtie kvadr\u0101ti atg\u0101dina gadsimtiem ilgi izmantoto moza\u012bkas rakstu, kas labi iederas gan modern\u0101, gan klasisk\u0101 interjer\u0101. T\u0101s priek\u0161roc\u012bba ir ar\u012b t\u0101, ka att\u0113lu var piek\u0101rt vertik\u0101li un horizont\u0101li. 3D sienu dekori silt\u0101s kr\u0101s\u0101s pie\u0161\u0137irs dzi\u013cumu un m\u0101j\u012bgumu m\u016bsdien\u012bgiem un b\u0113ni\u0146u interjeriem. Ori\u0123in\u0101lais 3D att\u0113ls pie\u0161\u0137ir svaigumu un dizaina piesk\u0101rienu katrai kompoz\u012bcijai. Ar rok\u0101m darin\u0101ta izstr\u0101d\u0101juma unikalit\u0101te ir iev\u0113rojama &#8211; nav divu identisku eksempl\u0101ru. Uz virsmas redzam\u0101s otas p\u0113das ir intri\u0123\u0113jo\u0161a deta\u013ca. Ar\u012b rakstur\u012bgs dekorat\u012bvs elements var b\u016bt ori\u0123in\u0101la d\u0101vana. Komplekt\u0101 iek\u013cautie stiprin\u0101juma kron\u0161teini garant\u0113 dro\u0161u piestiprin\u0101\u0161anu pie sienas. Moza\u012bkas ir kas vair\u0101k nek\u0101 tikai sienu rot\u0101jums &#8211; t\u0101s ir m\u016b\u017e\u012bgs dekors un lieliska d\u0101vin\u0101juma ideja.<\/p>\n<\/div>\n","protected":false},"excerpt":{"rendered":"<p>Modelis PT. G120911 EAN. 5907772073506 Platums (cm ) 76 Augstums (cm ) 118 Biezums (cm ) 8,5 Materi\u0101ls Koks, kokskaidu<\/p>\n","protected":false},"featured_media":69952,"comment_status":"open","ping_status":"closed","template":"","meta":{"_acf_changed":false,"pmpro_default_level":""},"product_brand":[],"product_cat":[24055,23908],"product_tag":[],"class_list":{"0":"post-133992","1":"product","2":"type-product","3":"status-publish","4":"has-post-thumbnail","6":"product_cat-rotajumi","7":"product_cat-3d-paveikslai-lv","8":"pmpro-has-access","10":"first","11":"instock","12":"shipping-taxable","13":"purchasable","14":"product-type-simple"},"acf":[],"yoast_head":"<!-- This site is optimized with the Yoast SEO plugin v24.9 - https:\/\/yoast.com\/wordpress\/plugins\/seo\/ -->\n<title>3D skats LOFTAS MOZAIKO 1 - MetalTale.com<\/title>\n<meta name=\"robots\" content=\"index, follow, max-snippet:-1, max-image-preview:large, max-video-preview:-1\" \/>\n<link rel=\"canonical\" href=\"https:\/\/metaltale.com\/lv\/produkts\/3d-skats-loftas-mozaiko-1\/\" \/>\n<meta property=\"og:locale\" content=\"lv_LV\" \/>\n<meta property=\"og:type\" content=\"article\" \/>\n<meta property=\"og:title\" content=\"3D skats LOFTAS MOZAIKO 1 - MetalTale.com\" \/>\n<meta property=\"og:description\" content=\"Modelis PT. G120911 EAN. 5907772073506 Platums (cm ) 76 Augstums (cm ) 118 Biezums (cm ) 8,5 Materi\u0101ls Koks, kokskaidu\" \/>\n<meta property=\"og:url\" content=\"https:\/\/metaltale.com\/lv\/produkts\/3d-skats-loftas-mozaiko-1\/\" \/>\n<meta property=\"og:site_name\" content=\"MetalTale.com\" \/>\n<meta property=\"og:image\" content=\"http:\/\/metaltale.com\/wp-content\/uploads\/2023\/09\/3D-vaizdas-LOFTAS-MOZAIKO-1.jpg\" \/>\n\t<meta property=\"og:image:width\" content=\"800\" \/>\n\t<meta property=\"og:image:height\" content=\"800\" \/>\n\t<meta property=\"og:image:type\" content=\"image\/jpeg\" \/>\n<meta name=\"twitter:card\" content=\"summary_large_image\" \/>\n<meta name=\"twitter:label1\" content=\"Est. reading time\" \/>\n\t<meta name=\"twitter:data1\" content=\"2 minutes\" \/>\n<script type=\"application\/ld+json\" class=\"yoast-schema-graph\">{\"@context\":\"https:\/\/schema.org\",\"@graph\":[{\"@type\":\"WebPage\",\"@id\":\"https:\/\/metaltale.com\/lv\/produkts\/3d-skats-loftas-mozaiko-1\/\",\"url\":\"https:\/\/metaltale.com\/lv\/produkts\/3d-skats-loftas-mozaiko-1\/\",\"name\":\"3D skats LOFTAS MOZAIKO 1 - MetalTale.com\",\"isPartOf\":{\"@id\":\"https:\/\/metaltale.com\/lv\/#website\"},\"primaryImageOfPage\":{\"@id\":\"https:\/\/metaltale.com\/lv\/produkts\/3d-skats-loftas-mozaiko-1\/#primaryimage\"},\"image\":{\"@id\":\"https:\/\/metaltale.com\/lv\/produkts\/3d-skats-loftas-mozaiko-1\/#primaryimage\"},\"thumbnailUrl\":\"https:\/\/metaltale.com\/wp-content\/uploads\/2023\/09\/3D-vaizdas-LOFTAS-MOZAIKO-1.jpg\",\"datePublished\":\"2024-02-13T12:29:51+00:00\",\"breadcrumb\":{\"@id\":\"https:\/\/metaltale.com\/lv\/produkts\/3d-skats-loftas-mozaiko-1\/#breadcrumb\"},\"inLanguage\":\"lv-LV\",\"potentialAction\":[{\"@type\":\"ReadAction\",\"target\":[\"https:\/\/metaltale.com\/lv\/produkts\/3d-skats-loftas-mozaiko-1\/\"]}]},{\"@type\":\"ImageObject\",\"inLanguage\":\"lv-LV\",\"@id\":\"https:\/\/metaltale.com\/lv\/produkts\/3d-skats-loftas-mozaiko-1\/#primaryimage\",\"url\":\"https:\/\/metaltale.com\/wp-content\/uploads\/2023\/09\/3D-vaizdas-LOFTAS-MOZAIKO-1.jpg\",\"contentUrl\":\"https:\/\/metaltale.com\/wp-content\/uploads\/2023\/09\/3D-vaizdas-LOFTAS-MOZAIKO-1.jpg\",\"width\":800,\"height\":800},{\"@type\":\"BreadcrumbList\",\"@id\":\"https:\/\/metaltale.com\/lv\/produkts\/3d-skats-loftas-mozaiko-1\/#breadcrumb\",\"itemListElement\":[{\"@type\":\"ListItem\",\"position\":1,\"name\":\"Home\",\"item\":\"https:\/\/metaltale.com\/lv\/majas\/\"},{\"@type\":\"ListItem\",\"position\":2,\"name\":\"Veikals\",\"item\":\"https:\/\/metaltale.com\/lv\/shop\/\"},{\"@type\":\"ListItem\",\"position\":3,\"name\":\"3D skats LOFTAS MOZAIKO 1\"}]},{\"@type\":\"WebSite\",\"@id\":\"https:\/\/metaltale.com\/lv\/#website\",\"url\":\"https:\/\/metaltale.com\/lv\/\",\"name\":\"Metaltale.com\",\"description\":\"\",\"potentialAction\":[{\"@type\":\"SearchAction\",\"target\":{\"@type\":\"EntryPoint\",\"urlTemplate\":\"https:\/\/metaltale.com\/lv\/?s={search_term_string}\"},\"query-input\":{\"@type\":\"PropertyValueSpecification\",\"valueRequired\":true,\"valueName\":\"search_term_string\"}}],\"inLanguage\":\"lv-LV\"}]}<\/script>\n<!-- \/ Yoast SEO plugin. -->","yoast_head_json":{"title":"3D skats LOFTAS MOZAIKO 1 - MetalTale.com","robots":{"index":"index","follow":"follow","max-snippet":"max-snippet:-1","max-image-preview":"max-image-preview:large","max-video-preview":"max-video-preview:-1"},"canonical":"https:\/\/metaltale.com\/lv\/produkts\/3d-skats-loftas-mozaiko-1\/","og_locale":"lv_LV","og_type":"article","og_title":"3D skats LOFTAS MOZAIKO 1 - MetalTale.com","og_description":"Modelis PT. G120911 EAN. 5907772073506 Platums (cm ) 76 Augstums (cm ) 118 Biezums (cm ) 8,5 Materi\u0101ls Koks, kokskaidu","og_url":"https:\/\/metaltale.com\/lv\/produkts\/3d-skats-loftas-mozaiko-1\/","og_site_name":"MetalTale.com","og_image":[{"width":800,"height":800,"url":"http:\/\/metaltale.com\/wp-content\/uploads\/2023\/09\/3D-vaizdas-LOFTAS-MOZAIKO-1.jpg","type":"image\/jpeg"}],"twitter_card":"summary_large_image","twitter_misc":{"Est. reading time":"2 minutes"},"schema":{"@context":"https:\/\/schema.org","@graph":[{"@type":"WebPage","@id":"https:\/\/metaltale.com\/lv\/produkts\/3d-skats-loftas-mozaiko-1\/","url":"https:\/\/metaltale.com\/lv\/produkts\/3d-skats-loftas-mozaiko-1\/","name":"3D skats LOFTAS MOZAIKO 1 - MetalTale.com","isPartOf":{"@id":"https:\/\/metaltale.com\/lv\/#website"},"primaryImageOfPage":{"@id":"https:\/\/metaltale.com\/lv\/produkts\/3d-skats-loftas-mozaiko-1\/#primaryimage"},"image":{"@id":"https:\/\/metaltale.com\/lv\/produkts\/3d-skats-loftas-mozaiko-1\/#primaryimage"},"thumbnailUrl":"https:\/\/metaltale.com\/wp-content\/uploads\/2023\/09\/3D-vaizdas-LOFTAS-MOZAIKO-1.jpg","datePublished":"2024-02-13T12:29:51+00:00","breadcrumb":{"@id":"https:\/\/metaltale.com\/lv\/produkts\/3d-skats-loftas-mozaiko-1\/#breadcrumb"},"inLanguage":"lv-LV","potentialAction":[{"@type":"ReadAction","target":["https:\/\/metaltale.com\/lv\/produkts\/3d-skats-loftas-mozaiko-1\/"]}]},{"@type":"ImageObject","inLanguage":"lv-LV","@id":"https:\/\/metaltale.com\/lv\/produkts\/3d-skats-loftas-mozaiko-1\/#primaryimage","url":"https:\/\/metaltale.com\/wp-content\/uploads\/2023\/09\/3D-vaizdas-LOFTAS-MOZAIKO-1.jpg","contentUrl":"https:\/\/metaltale.com\/wp-content\/uploads\/2023\/09\/3D-vaizdas-LOFTAS-MOZAIKO-1.jpg","width":800,"height":800},{"@type":"BreadcrumbList","@id":"https:\/\/metaltale.com\/lv\/produkts\/3d-skats-loftas-mozaiko-1\/#breadcrumb","itemListElement":[{"@type":"ListItem","position":1,"name":"Home","item":"https:\/\/metaltale.com\/lv\/majas\/"},{"@type":"ListItem","position":2,"name":"Veikals","item":"https:\/\/metaltale.com\/lv\/shop\/"},{"@type":"ListItem","position":3,"name":"3D skats LOFTAS MOZAIKO 1"}]},{"@type":"WebSite","@id":"https:\/\/metaltale.com\/lv\/#website","url":"https:\/\/metaltale.com\/lv\/","name":"Metaltale.com","description":"","potentialAction":[{"@type":"SearchAction","target":{"@type":"EntryPoint","urlTemplate":"https:\/\/metaltale.com\/lv\/?s={search_term_string}"},"query-input":{"@type":"PropertyValueSpecification","valueRequired":true,"valueName":"search_term_string"}}],"inLanguage":"lv-LV"}]}},"_links":{"self":[{"href":"https:\/\/metaltale.com\/lv\/wp-json\/wp\/v2\/product\/133992","targetHints":{"allow":["GET"]}}],"collection":[{"href":"https:\/\/metaltale.com\/lv\/wp-json\/wp\/v2\/product"}],"about":[{"href":"https:\/\/metaltale.com\/lv\/wp-json\/wp\/v2\/types\/product"}],"replies":[{"embeddable":true,"href":"https:\/\/metaltale.com\/lv\/wp-json\/wp\/v2\/comments?post=133992"}],"version-history":[{"count":0,"href":"https:\/\/metaltale.com\/lv\/wp-json\/wp\/v2\/product\/133992\/revisions"}],"wp:featuredmedia":[{"embeddable":true,"href":"https:\/\/metaltale.com\/lv\/wp-json\/wp\/v2\/media\/69952"}],"wp:attachment":[{"href":"https:\/\/metaltale.com\/lv\/wp-json\/wp\/v2\/media?parent=133992"}],"wp:term":[{"taxonomy":"product_brand","embeddable":true,"href":"https:\/\/metaltale.com\/lv\/wp-json\/wp\/v2\/product_brand?post=133992"},{"taxonomy":"product_cat","embeddable":true,"href":"https:\/\/metaltale.com\/lv\/wp-json\/wp\/v2\/product_cat?post=133992"},{"taxonomy":"product_tag","embeddable":true,"href":"https:\/\/metaltale.com\/lv\/wp-json\/wp\/v2\/product_tag?post=133992"}],"curies":[{"name":"wp","href":"https:\/\/api.w.org\/{rel}","templated":true}]}}