{"id":133978,"date":"2024-02-13T13:39:04","date_gmt":"2024-02-13T11:39:04","guid":{"rendered":"https:\/\/metaltale.com\/produktas\/alex-apalais-terauda-piekaramais-gaismeklis\/"},"modified":"2024-02-13T13:39:04","modified_gmt":"2024-02-13T11:39:04","slug":"alex-apalais-terauda-piekaramais-gaismeklis","status":"publish","type":"product","link":"https:\/\/metaltale.com\/lv\/produkts\/alex-apalais-terauda-piekaramais-gaismeklis\/","title":{"rendered":"ALEX apa\u013cais t\u0113rauda piekaramais gaismeklis"},"content":{"rendered":"<div class=\"prod_data\"><strong>Modelis<\/strong> AF.797.08-PRGR  <br \/><strong>Materi\u0101ls<\/strong> T\u0113rauds  <br \/><strong>Kop\u0113jais augstums (cm<\/strong> ) 82, 98  <br \/><strong>Kop\u0113jais diametrs (cm<\/strong> ) 39, 55  <br \/><strong>Kr\u0101sa<\/strong> Melna  <\/p>\n<p>&#8211; apa\u013c\u0161 piekaramais sve\u010dturis  <br \/>&#8211; izgatavots no pusmat\u0113ta melni kr\u0101sota t\u0113rauda.<br \/>&#8211; sveces tur\u0113t\u0101jam izv\u0113lieties sveci, kuras diametrs ir 2,2 cm.<br \/>&#8211; komplekt\u0101 ir \u0137\u0113d\u012bte sve\u010dtur\u012b\u0161a piek\u0101r\u0161anai.<br \/>&#8211; iev\u0113rot att\u0101lumu no sienas (15 cm).<\/p>\n<hr>\n<p>Sav\u0101 vienk\u0101r\u0161\u012bb\u0101 ori\u0123in\u0101lais piekaramais sve\u010du tur\u0113t\u0101js ir ori\u0123in\u0101ls rot\u0101jums, kas viegli iederas jebkur\u0101 interjer\u0101. Meln\u0101, da\u013c\u0113ji mat\u0113t\u0101 t\u0113rauda apdare izskat\u0101s m\u016b\u017e\u012bga un iederas gan lauku, gan modern\u0101, gan b\u0113ni\u0146u stil\u0101. Alex, dekor\u0113ts ar buksusa zari\u0146iem vai svaigiem \u0113rk\u0161\u0137iem, maina savu raksturu un uzreiz k\u013c\u016bst par stil\u012bgu gad\u012bjuma rot\u0101jumu. Komplekt\u0101 ir \u0137\u0113d\u012bte sve\u010dtur\u012b\u0161a piek\u0101r\u0161anai. Uzst\u0101dot apdari, atcerieties iev\u0113rot dro\u0161u att\u0101lumu no sienas.<\/p>\n<\/div>\n","protected":false},"excerpt":{"rendered":"<p>Modelis AF.797.08-PRGR Materi\u0101ls T\u0113rauds Kop\u0113jais augstums (cm ) 82, 98 Kop\u0113jais diametrs (cm ) 39, 55 Kr\u0101sa Melna &#8211; apa\u013c\u0161<\/p>\n","protected":false},"featured_media":79264,"comment_status":"open","ping_status":"closed","template":"","meta":{"_acf_changed":false,"pmpro_default_level":""},"product_brand":[],"product_cat":[24104],"product_tag":[],"class_list":{"0":"post-133978","1":"product","2":"type-product","3":"status-publish","4":"has-post-thumbnail","6":"product_cat-piekaramie-svecturi","7":"pmpro-has-access","9":"first","10":"instock","11":"shipping-taxable","12":"purchasable","13":"product-type-simple"},"acf":[],"yoast_head":"<!-- This site is optimized with the Yoast SEO plugin v24.9 - https:\/\/yoast.com\/wordpress\/plugins\/seo\/ -->\n<title>ALEX apa\u013cais t\u0113rauda piekaramais gaismeklis - MetalTale.com<\/title>\n<meta name=\"robots\" content=\"index, follow, max-snippet:-1, max-image-preview:large, max-video-preview:-1\" \/>\n<link rel=\"canonical\" href=\"https:\/\/metaltale.com\/lv\/produkts\/alex-apalais-terauda-piekaramais-gaismeklis\/\" \/>\n<meta property=\"og:locale\" content=\"lv_LV\" \/>\n<meta property=\"og:type\" content=\"article\" \/>\n<meta property=\"og:title\" content=\"ALEX apa\u013cais t\u0113rauda piekaramais gaismeklis - MetalTale.com\" \/>\n<meta property=\"og:description\" content=\"Modelis AF.797.08-PRGR Materi\u0101ls T\u0113rauds Kop\u0113jais augstums (cm ) 82, 98 Kop\u0113jais diametrs (cm ) 39, 55 Kr\u0101sa Melna &#8211; apa\u013c\u0161\" \/>\n<meta property=\"og:url\" content=\"https:\/\/metaltale.com\/lv\/produkts\/alex-apalais-terauda-piekaramais-gaismeklis\/\" \/>\n<meta property=\"og:site_name\" content=\"MetalTale.com\" \/>\n<meta name=\"twitter:card\" content=\"summary_large_image\" \/>\n<meta name=\"twitter:label1\" content=\"Est. reading time\" \/>\n\t<meta name=\"twitter:data1\" content=\"1 minute\" \/>\n<script type=\"application\/ld+json\" class=\"yoast-schema-graph\">{\"@context\":\"https:\/\/schema.org\",\"@graph\":[{\"@type\":\"WebPage\",\"@id\":\"https:\/\/metaltale.com\/lv\/produkts\/alex-apalais-terauda-piekaramais-gaismeklis\/\",\"url\":\"https:\/\/metaltale.com\/lv\/produkts\/alex-apalais-terauda-piekaramais-gaismeklis\/\",\"name\":\"ALEX apa\u013cais t\u0113rauda piekaramais gaismeklis - MetalTale.com\",\"isPartOf\":{\"@id\":\"https:\/\/metaltale.com\/lv\/#website\"},\"primaryImageOfPage\":{\"@id\":\"https:\/\/metaltale.com\/lv\/produkts\/alex-apalais-terauda-piekaramais-gaismeklis\/#primaryimage\"},\"image\":{\"@id\":\"https:\/\/metaltale.com\/lv\/produkts\/alex-apalais-terauda-piekaramais-gaismeklis\/#primaryimage\"},\"thumbnailUrl\":\"https:\/\/metaltale.com\/wp-content\/uploads\/2023\/10\/x15Awiecznik-ALEX.jpg\",\"datePublished\":\"2024-02-13T11:39:04+00:00\",\"breadcrumb\":{\"@id\":\"https:\/\/metaltale.com\/lv\/produkts\/alex-apalais-terauda-piekaramais-gaismeklis\/#breadcrumb\"},\"inLanguage\":\"lv-LV\",\"potentialAction\":[{\"@type\":\"ReadAction\",\"target\":[\"https:\/\/metaltale.com\/lv\/produkts\/alex-apalais-terauda-piekaramais-gaismeklis\/\"]}]},{\"@type\":\"ImageObject\",\"inLanguage\":\"lv-LV\",\"@id\":\"https:\/\/metaltale.com\/lv\/produkts\/alex-apalais-terauda-piekaramais-gaismeklis\/#primaryimage\",\"url\":\"https:\/\/metaltale.com\/wp-content\/uploads\/2023\/10\/x15Awiecznik-ALEX.jpg\",\"contentUrl\":\"https:\/\/metaltale.com\/wp-content\/uploads\/2023\/10\/x15Awiecznik-ALEX.jpg\",\"width\":800,\"height\":800},{\"@type\":\"BreadcrumbList\",\"@id\":\"https:\/\/metaltale.com\/lv\/produkts\/alex-apalais-terauda-piekaramais-gaismeklis\/#breadcrumb\",\"itemListElement\":[{\"@type\":\"ListItem\",\"position\":1,\"name\":\"Home\",\"item\":\"https:\/\/metaltale.com\/lv\/majas\/\"},{\"@type\":\"ListItem\",\"position\":2,\"name\":\"Veikals\",\"item\":\"https:\/\/metaltale.com\/lv\/shop\/\"},{\"@type\":\"ListItem\",\"position\":3,\"name\":\"ALEX apa\u013cais t\u0113rauda piekaramais gaismeklis\"}]},{\"@type\":\"WebSite\",\"@id\":\"https:\/\/metaltale.com\/lv\/#website\",\"url\":\"https:\/\/metaltale.com\/lv\/\",\"name\":\"Metaltale.com\",\"description\":\"\",\"potentialAction\":[{\"@type\":\"SearchAction\",\"target\":{\"@type\":\"EntryPoint\",\"urlTemplate\":\"https:\/\/metaltale.com\/lv\/?s={search_term_string}\"},\"query-input\":{\"@type\":\"PropertyValueSpecification\",\"valueRequired\":true,\"valueName\":\"search_term_string\"}}],\"inLanguage\":\"lv-LV\"}]}<\/script>\n<!-- \/ Yoast SEO plugin. -->","yoast_head_json":{"title":"ALEX apa\u013cais t\u0113rauda piekaramais gaismeklis - MetalTale.com","robots":{"index":"index","follow":"follow","max-snippet":"max-snippet:-1","max-image-preview":"max-image-preview:large","max-video-preview":"max-video-preview:-1"},"canonical":"https:\/\/metaltale.com\/lv\/produkts\/alex-apalais-terauda-piekaramais-gaismeklis\/","og_locale":"lv_LV","og_type":"article","og_title":"ALEX apa\u013cais t\u0113rauda piekaramais gaismeklis - MetalTale.com","og_description":"Modelis AF.797.08-PRGR Materi\u0101ls T\u0113rauds Kop\u0113jais augstums (cm ) 82, 98 Kop\u0113jais diametrs (cm ) 39, 55 Kr\u0101sa Melna &#8211; apa\u013c\u0161","og_url":"https:\/\/metaltale.com\/lv\/produkts\/alex-apalais-terauda-piekaramais-gaismeklis\/","og_site_name":"MetalTale.com","twitter_card":"summary_large_image","twitter_misc":{"Est. reading time":"1 minute"},"schema":{"@context":"https:\/\/schema.org","@graph":[{"@type":"WebPage","@id":"https:\/\/metaltale.com\/lv\/produkts\/alex-apalais-terauda-piekaramais-gaismeklis\/","url":"https:\/\/metaltale.com\/lv\/produkts\/alex-apalais-terauda-piekaramais-gaismeklis\/","name":"ALEX apa\u013cais t\u0113rauda piekaramais gaismeklis - MetalTale.com","isPartOf":{"@id":"https:\/\/metaltale.com\/lv\/#website"},"primaryImageOfPage":{"@id":"https:\/\/metaltale.com\/lv\/produkts\/alex-apalais-terauda-piekaramais-gaismeklis\/#primaryimage"},"image":{"@id":"https:\/\/metaltale.com\/lv\/produkts\/alex-apalais-terauda-piekaramais-gaismeklis\/#primaryimage"},"thumbnailUrl":"https:\/\/metaltale.com\/wp-content\/uploads\/2023\/10\/x15Awiecznik-ALEX.jpg","datePublished":"2024-02-13T11:39:04+00:00","breadcrumb":{"@id":"https:\/\/metaltale.com\/lv\/produkts\/alex-apalais-terauda-piekaramais-gaismeklis\/#breadcrumb"},"inLanguage":"lv-LV","potentialAction":[{"@type":"ReadAction","target":["https:\/\/metaltale.com\/lv\/produkts\/alex-apalais-terauda-piekaramais-gaismeklis\/"]}]},{"@type":"ImageObject","inLanguage":"lv-LV","@id":"https:\/\/metaltale.com\/lv\/produkts\/alex-apalais-terauda-piekaramais-gaismeklis\/#primaryimage","url":"https:\/\/metaltale.com\/wp-content\/uploads\/2023\/10\/x15Awiecznik-ALEX.jpg","contentUrl":"https:\/\/metaltale.com\/wp-content\/uploads\/2023\/10\/x15Awiecznik-ALEX.jpg","width":800,"height":800},{"@type":"BreadcrumbList","@id":"https:\/\/metaltale.com\/lv\/produkts\/alex-apalais-terauda-piekaramais-gaismeklis\/#breadcrumb","itemListElement":[{"@type":"ListItem","position":1,"name":"Home","item":"https:\/\/metaltale.com\/lv\/majas\/"},{"@type":"ListItem","position":2,"name":"Veikals","item":"https:\/\/metaltale.com\/lv\/shop\/"},{"@type":"ListItem","position":3,"name":"ALEX apa\u013cais t\u0113rauda piekaramais gaismeklis"}]},{"@type":"WebSite","@id":"https:\/\/metaltale.com\/lv\/#website","url":"https:\/\/metaltale.com\/lv\/","name":"Metaltale.com","description":"","potentialAction":[{"@type":"SearchAction","target":{"@type":"EntryPoint","urlTemplate":"https:\/\/metaltale.com\/lv\/?s={search_term_string}"},"query-input":{"@type":"PropertyValueSpecification","valueRequired":true,"valueName":"search_term_string"}}],"inLanguage":"lv-LV"}]}},"_links":{"self":[{"href":"https:\/\/metaltale.com\/lv\/wp-json\/wp\/v2\/product\/133978","targetHints":{"allow":["GET"]}}],"collection":[{"href":"https:\/\/metaltale.com\/lv\/wp-json\/wp\/v2\/product"}],"about":[{"href":"https:\/\/metaltale.com\/lv\/wp-json\/wp\/v2\/types\/product"}],"replies":[{"embeddable":true,"href":"https:\/\/metaltale.com\/lv\/wp-json\/wp\/v2\/comments?post=133978"}],"version-history":[{"count":0,"href":"https:\/\/metaltale.com\/lv\/wp-json\/wp\/v2\/product\/133978\/revisions"}],"wp:featuredmedia":[{"embeddable":true,"href":"https:\/\/metaltale.com\/lv\/wp-json\/wp\/v2\/media\/79264"}],"wp:attachment":[{"href":"https:\/\/metaltale.com\/lv\/wp-json\/wp\/v2\/media?parent=133978"}],"wp:term":[{"taxonomy":"product_brand","embeddable":true,"href":"https:\/\/metaltale.com\/lv\/wp-json\/wp\/v2\/product_brand?post=133978"},{"taxonomy":"product_cat","embeddable":true,"href":"https:\/\/metaltale.com\/lv\/wp-json\/wp\/v2\/product_cat?post=133978"},{"taxonomy":"product_tag","embeddable":true,"href":"https:\/\/metaltale.com\/lv\/wp-json\/wp\/v2\/product_tag?post=133978"}],"curies":[{"name":"wp","href":"https:\/\/api.w.org\/{rel}","templated":true}]}}