{"id":133959,"date":"2024-02-13T14:41:05","date_gmt":"2024-02-13T12:41:05","guid":{"rendered":"https:\/\/metaltale.com\/produktas\/aluminija-stativais-svecturis-erin-1-2\/"},"modified":"2024-02-13T14:41:05","modified_gmt":"2024-02-13T12:41:05","slug":"aluminija-stativais-svecturis-erin-1-2","status":"publish","type":"product","link":"https:\/\/metaltale.com\/lv\/produkts\/aluminija-stativais-svecturis-erin-1-2\/","title":{"rendered":"Alum\u012bnija stat\u012bvais sve\u010dturis ERIN 1"},"content":{"rendered":"<div class=\"prod_data\"><strong>Modelis<\/strong> AF.795.00.1-PRGR  <br \/><strong>Materi\u0101ls<\/strong> Alum\u012bnijs  <br \/><strong>Kop\u0113jais augstums (cm<\/strong> ) 13, 18, 23  <br \/><strong>Kop\u0113jais diametrs (cm<\/strong> ) 9  <br \/>Vara <strong>kr\u0101sa<\/strong>  <\/p>\n<p>&#8211; St\u0101v sve\u010dturis<br \/>&#8211; vara kr\u0101sas modelis<br \/>&#8211; rakstur\u012bg\u0101s otas p\u0113das un skr\u0101p\u0113jumi izce\u013c sve\u010dturu raksturu.<br \/>&#8211; sveces tur\u0113t\u0101jam izv\u0113lieties sveci, kuras diametrs ir 7 cm.<br \/>&#8211; pamatnes apak\u0161\u0113j\u0101 da\u013ca ir izgatavota no filca materi\u0101la, kas pasarg\u0101 m\u0113beles no skr\u0101p\u0113jumiem.<\/p>\n<hr>\n<p>Unik\u0101ls galda dekors vienk\u0101r\u0161u, bet mas\u012bvu sve\u010dturu veid\u0101 ir ide\u0101ls vakara svin\u012bbu priek\u0161mets. ERIN sve\u010dturu novecojus\u012b virsma lieliski sader ar ant\u012bko vara kr\u0101su. Sve\u010dtur\u012b\u0161a praktisk\u0101s, paaugstin\u0101t\u0101s malas pasarg\u0101 galda vai kumodes virsmu no biezas sveces vaska. ERIN l\u012bnijas da\u017e\u0101du augstumu un variantu kombin\u0101cija garant\u0113 unik\u0101lu un stil\u012bgu apdari.<\/p>\n<\/div>\n","protected":false},"excerpt":{"rendered":"<p>Modelis AF.795.00.1-PRGR Materi\u0101ls Alum\u012bnijs Kop\u0113jais augstums (cm ) 13, 18, 23 Kop\u0113jais diametrs (cm ) 9 Vara kr\u0101sa &#8211; St\u0101v<\/p>\n","protected":false},"featured_media":89259,"comment_status":"open","ping_status":"closed","template":"","meta":{"_acf_changed":false,"pmpro_default_level":""},"product_brand":[],"product_cat":[24105],"product_tag":[],"class_list":{"0":"post-133959","1":"product","2":"type-product","3":"status-publish","4":"has-post-thumbnail","6":"product_cat-uzcelamie-svecturi","7":"pmpro-has-access","9":"first","10":"instock","11":"shipping-taxable","12":"purchasable","13":"product-type-simple"},"acf":[],"yoast_head":"<!-- This site is optimized with the Yoast SEO plugin v24.9 - https:\/\/yoast.com\/wordpress\/plugins\/seo\/ -->\n<title>Alum\u012bnija stat\u012bvais sve\u010dturis ERIN 1 - MetalTale.com<\/title>\n<meta name=\"robots\" content=\"index, follow, max-snippet:-1, max-image-preview:large, max-video-preview:-1\" \/>\n<link rel=\"canonical\" href=\"https:\/\/metaltale.com\/lv\/produkts\/aluminija-stativais-svecturis-erin-1-2\/\" \/>\n<meta property=\"og:locale\" content=\"lv_LV\" \/>\n<meta property=\"og:type\" content=\"article\" \/>\n<meta property=\"og:title\" content=\"Alum\u012bnija stat\u012bvais sve\u010dturis ERIN 1 - MetalTale.com\" \/>\n<meta property=\"og:description\" content=\"Modelis AF.795.00.1-PRGR Materi\u0101ls Alum\u012bnijs Kop\u0113jais augstums (cm ) 13, 18, 23 Kop\u0113jais diametrs (cm ) 9 Vara kr\u0101sa &#8211; St\u0101v\" \/>\n<meta property=\"og:url\" content=\"https:\/\/metaltale.com\/lv\/produkts\/aluminija-stativais-svecturis-erin-1-2\/\" \/>\n<meta property=\"og:site_name\" content=\"MetalTale.com\" \/>\n<meta name=\"twitter:card\" content=\"summary_large_image\" \/>\n<meta name=\"twitter:label1\" content=\"Est. reading time\" \/>\n\t<meta name=\"twitter:data1\" content=\"1 minute\" \/>\n<script type=\"application\/ld+json\" class=\"yoast-schema-graph\">{\"@context\":\"https:\/\/schema.org\",\"@graph\":[{\"@type\":\"WebPage\",\"@id\":\"https:\/\/metaltale.com\/lv\/produkts\/aluminija-stativais-svecturis-erin-1-2\/\",\"url\":\"https:\/\/metaltale.com\/lv\/produkts\/aluminija-stativais-svecturis-erin-1-2\/\",\"name\":\"Alum\u012bnija stat\u012bvais sve\u010dturis ERIN 1 - MetalTale.com\",\"isPartOf\":{\"@id\":\"https:\/\/metaltale.com\/lv\/#website\"},\"primaryImageOfPage\":{\"@id\":\"https:\/\/metaltale.com\/lv\/produkts\/aluminija-stativais-svecturis-erin-1-2\/#primaryimage\"},\"image\":{\"@id\":\"https:\/\/metaltale.com\/lv\/produkts\/aluminija-stativais-svecturis-erin-1-2\/#primaryimage\"},\"thumbnailUrl\":\"https:\/\/metaltale.com\/wp-content\/uploads\/2023\/10\/x15Awiecznik-ERIN-1-13cm.jpg\",\"datePublished\":\"2024-02-13T12:41:05+00:00\",\"breadcrumb\":{\"@id\":\"https:\/\/metaltale.com\/lv\/produkts\/aluminija-stativais-svecturis-erin-1-2\/#breadcrumb\"},\"inLanguage\":\"lv-LV\",\"potentialAction\":[{\"@type\":\"ReadAction\",\"target\":[\"https:\/\/metaltale.com\/lv\/produkts\/aluminija-stativais-svecturis-erin-1-2\/\"]}]},{\"@type\":\"ImageObject\",\"inLanguage\":\"lv-LV\",\"@id\":\"https:\/\/metaltale.com\/lv\/produkts\/aluminija-stativais-svecturis-erin-1-2\/#primaryimage\",\"url\":\"https:\/\/metaltale.com\/wp-content\/uploads\/2023\/10\/x15Awiecznik-ERIN-1-13cm.jpg\",\"contentUrl\":\"https:\/\/metaltale.com\/wp-content\/uploads\/2023\/10\/x15Awiecznik-ERIN-1-13cm.jpg\",\"width\":800,\"height\":800},{\"@type\":\"BreadcrumbList\",\"@id\":\"https:\/\/metaltale.com\/lv\/produkts\/aluminija-stativais-svecturis-erin-1-2\/#breadcrumb\",\"itemListElement\":[{\"@type\":\"ListItem\",\"position\":1,\"name\":\"Home\",\"item\":\"https:\/\/metaltale.com\/lv\/majas\/\"},{\"@type\":\"ListItem\",\"position\":2,\"name\":\"Veikals\",\"item\":\"https:\/\/metaltale.com\/lv\/shop\/\"},{\"@type\":\"ListItem\",\"position\":3,\"name\":\"Alum\u012bnija stat\u012bvais sve\u010dturis ERIN 1\"}]},{\"@type\":\"WebSite\",\"@id\":\"https:\/\/metaltale.com\/lv\/#website\",\"url\":\"https:\/\/metaltale.com\/lv\/\",\"name\":\"Metaltale.com\",\"description\":\"\",\"potentialAction\":[{\"@type\":\"SearchAction\",\"target\":{\"@type\":\"EntryPoint\",\"urlTemplate\":\"https:\/\/metaltale.com\/lv\/?s={search_term_string}\"},\"query-input\":{\"@type\":\"PropertyValueSpecification\",\"valueRequired\":true,\"valueName\":\"search_term_string\"}}],\"inLanguage\":\"lv-LV\"}]}<\/script>\n<!-- \/ Yoast SEO plugin. -->","yoast_head_json":{"title":"Alum\u012bnija stat\u012bvais sve\u010dturis ERIN 1 - MetalTale.com","robots":{"index":"index","follow":"follow","max-snippet":"max-snippet:-1","max-image-preview":"max-image-preview:large","max-video-preview":"max-video-preview:-1"},"canonical":"https:\/\/metaltale.com\/lv\/produkts\/aluminija-stativais-svecturis-erin-1-2\/","og_locale":"lv_LV","og_type":"article","og_title":"Alum\u012bnija stat\u012bvais sve\u010dturis ERIN 1 - MetalTale.com","og_description":"Modelis AF.795.00.1-PRGR Materi\u0101ls Alum\u012bnijs Kop\u0113jais augstums (cm ) 13, 18, 23 Kop\u0113jais diametrs (cm ) 9 Vara kr\u0101sa &#8211; St\u0101v","og_url":"https:\/\/metaltale.com\/lv\/produkts\/aluminija-stativais-svecturis-erin-1-2\/","og_site_name":"MetalTale.com","twitter_card":"summary_large_image","twitter_misc":{"Est. reading time":"1 minute"},"schema":{"@context":"https:\/\/schema.org","@graph":[{"@type":"WebPage","@id":"https:\/\/metaltale.com\/lv\/produkts\/aluminija-stativais-svecturis-erin-1-2\/","url":"https:\/\/metaltale.com\/lv\/produkts\/aluminija-stativais-svecturis-erin-1-2\/","name":"Alum\u012bnija stat\u012bvais sve\u010dturis ERIN 1 - MetalTale.com","isPartOf":{"@id":"https:\/\/metaltale.com\/lv\/#website"},"primaryImageOfPage":{"@id":"https:\/\/metaltale.com\/lv\/produkts\/aluminija-stativais-svecturis-erin-1-2\/#primaryimage"},"image":{"@id":"https:\/\/metaltale.com\/lv\/produkts\/aluminija-stativais-svecturis-erin-1-2\/#primaryimage"},"thumbnailUrl":"https:\/\/metaltale.com\/wp-content\/uploads\/2023\/10\/x15Awiecznik-ERIN-1-13cm.jpg","datePublished":"2024-02-13T12:41:05+00:00","breadcrumb":{"@id":"https:\/\/metaltale.com\/lv\/produkts\/aluminija-stativais-svecturis-erin-1-2\/#breadcrumb"},"inLanguage":"lv-LV","potentialAction":[{"@type":"ReadAction","target":["https:\/\/metaltale.com\/lv\/produkts\/aluminija-stativais-svecturis-erin-1-2\/"]}]},{"@type":"ImageObject","inLanguage":"lv-LV","@id":"https:\/\/metaltale.com\/lv\/produkts\/aluminija-stativais-svecturis-erin-1-2\/#primaryimage","url":"https:\/\/metaltale.com\/wp-content\/uploads\/2023\/10\/x15Awiecznik-ERIN-1-13cm.jpg","contentUrl":"https:\/\/metaltale.com\/wp-content\/uploads\/2023\/10\/x15Awiecznik-ERIN-1-13cm.jpg","width":800,"height":800},{"@type":"BreadcrumbList","@id":"https:\/\/metaltale.com\/lv\/produkts\/aluminija-stativais-svecturis-erin-1-2\/#breadcrumb","itemListElement":[{"@type":"ListItem","position":1,"name":"Home","item":"https:\/\/metaltale.com\/lv\/majas\/"},{"@type":"ListItem","position":2,"name":"Veikals","item":"https:\/\/metaltale.com\/lv\/shop\/"},{"@type":"ListItem","position":3,"name":"Alum\u012bnija stat\u012bvais sve\u010dturis ERIN 1"}]},{"@type":"WebSite","@id":"https:\/\/metaltale.com\/lv\/#website","url":"https:\/\/metaltale.com\/lv\/","name":"Metaltale.com","description":"","potentialAction":[{"@type":"SearchAction","target":{"@type":"EntryPoint","urlTemplate":"https:\/\/metaltale.com\/lv\/?s={search_term_string}"},"query-input":{"@type":"PropertyValueSpecification","valueRequired":true,"valueName":"search_term_string"}}],"inLanguage":"lv-LV"}]}},"_links":{"self":[{"href":"https:\/\/metaltale.com\/lv\/wp-json\/wp\/v2\/product\/133959","targetHints":{"allow":["GET"]}}],"collection":[{"href":"https:\/\/metaltale.com\/lv\/wp-json\/wp\/v2\/product"}],"about":[{"href":"https:\/\/metaltale.com\/lv\/wp-json\/wp\/v2\/types\/product"}],"replies":[{"embeddable":true,"href":"https:\/\/metaltale.com\/lv\/wp-json\/wp\/v2\/comments?post=133959"}],"version-history":[{"count":0,"href":"https:\/\/metaltale.com\/lv\/wp-json\/wp\/v2\/product\/133959\/revisions"}],"wp:featuredmedia":[{"embeddable":true,"href":"https:\/\/metaltale.com\/lv\/wp-json\/wp\/v2\/media\/89259"}],"wp:attachment":[{"href":"https:\/\/metaltale.com\/lv\/wp-json\/wp\/v2\/media?parent=133959"}],"wp:term":[{"taxonomy":"product_brand","embeddable":true,"href":"https:\/\/metaltale.com\/lv\/wp-json\/wp\/v2\/product_brand?post=133959"},{"taxonomy":"product_cat","embeddable":true,"href":"https:\/\/metaltale.com\/lv\/wp-json\/wp\/v2\/product_cat?post=133959"},{"taxonomy":"product_tag","embeddable":true,"href":"https:\/\/metaltale.com\/lv\/wp-json\/wp\/v2\/product_tag?post=133959"}],"curies":[{"name":"wp","href":"https:\/\/api.w.org\/{rel}","templated":true}]}}