{"id":133934,"date":"2024-02-13T14:43:05","date_gmt":"2024-02-13T12:43:05","guid":{"rendered":"https:\/\/metaltale.com\/produktas\/apgaismota-3d-retro-zime-welcome-2\/"},"modified":"2024-02-13T14:43:05","modified_gmt":"2024-02-13T12:43:05","slug":"apgaismota-3d-retro-zime-welcome-2","status":"publish","type":"product","link":"https:\/\/metaltale.com\/lv\/produkts\/apgaismota-3d-retro-zime-welcome-2\/","title":{"rendered":"Apgaismota 3D retro z\u012bme WELCOME 2"},"content":{"rendered":"<div class=\"prod_data\"><strong>Modelis<\/strong> YOU.51250  <br \/><strong>EAN.<\/strong>  5905369928277  <br \/>Inform\u0101cija par <strong>mot\u012bviem<\/strong>  <br \/><strong>Augstums (cm<\/strong> ) 20  <br \/><strong>Platums (cm<\/strong> ) 60  <br \/><strong>Dzi\u013cums (cm<\/strong> ) 5,5  <br \/><strong>Materi\u0101ls<\/strong> HDF, t\u0113rauds  <br \/><strong>Formas<\/strong> Arrow  <br \/><strong>Orient\u0101cija<\/strong> Horizont\u0101l\u0101  <\/p>\n<p>&#8211; met\u0101la sienu ap\u0161uvums<br \/>&#8211; 3D z\u012bme ar re\u0101liem izvirz\u012bjumiem<br \/>&#8211; Ieb\u016bv\u0113ti LED spuld\u017eu punkti<br \/>&#8211; Z\u012bmi darbina ar AA baterij\u0101m (nav iek\u013cautas komplekt\u0101)<br \/>&#8211; iesl\u0113g\u0161anas\/izsl\u0113g\u0161anas sl\u0113dzis uz z\u012bmes s\u0101nu sienas.<\/p>\n<hr>\n<p>Izgaismot\u0101 izk\u0101rtne ir nor\u0101des, kas mudin\u0101s apmekl\u0113t koplieto\u0161anas telpas. Tie ietver da\u017e\u0101da veida lapenes vai gar\u0101\u017eas, k\u0101 ar\u012b dz\u012bvojam\u0101s telpas. 3D z\u012bme ir ar baterij\u0101m izgaismots dekors. \u0160is risin\u0101jums neierobe\u017eo izk\u0101rtojumu un \u013cauj \u0101tri main\u012bt dekoru.<\/p>\n<\/div>\n","protected":false},"excerpt":{"rendered":"<p>Modelis YOU.51250 EAN. 5905369928277 Inform\u0101cija par mot\u012bviem Augstums (cm ) 20 Platums (cm ) 60 Dzi\u013cums (cm ) 5,5 Materi\u0101ls<\/p>\n","protected":false},"featured_media":90454,"comment_status":"open","ping_status":"closed","template":"","meta":{"_acf_changed":false,"pmpro_default_level":""},"product_brand":[],"product_cat":[24087],"product_tag":[],"class_list":{"0":"post-133934","1":"product","2":"type-product","3":"status-publish","4":"has-post-thumbnail","6":"product_cat-3d-izgaismotas-izkartnes","7":"pmpro-has-access","9":"first","10":"instock","11":"shipping-taxable","12":"purchasable","13":"product-type-simple"},"acf":[],"yoast_head":"<!-- This site is optimized with the Yoast SEO plugin v24.9 - https:\/\/yoast.com\/wordpress\/plugins\/seo\/ -->\n<title>Apgaismota 3D retro z\u012bme WELCOME 2 - MetalTale.com<\/title>\n<meta name=\"robots\" content=\"index, follow, max-snippet:-1, max-image-preview:large, max-video-preview:-1\" \/>\n<link rel=\"canonical\" href=\"https:\/\/metaltale.com\/lv\/produkts\/apgaismota-3d-retro-zime-welcome-2\/\" \/>\n<meta property=\"og:locale\" content=\"lv_LV\" \/>\n<meta property=\"og:type\" content=\"article\" \/>\n<meta property=\"og:title\" content=\"Apgaismota 3D retro z\u012bme WELCOME 2 - MetalTale.com\" \/>\n<meta property=\"og:description\" content=\"Modelis YOU.51250 EAN. 5905369928277 Inform\u0101cija par mot\u012bviem Augstums (cm ) 20 Platums (cm ) 60 Dzi\u013cums (cm ) 5,5 Materi\u0101ls\" \/>\n<meta property=\"og:url\" content=\"https:\/\/metaltale.com\/lv\/produkts\/apgaismota-3d-retro-zime-welcome-2\/\" \/>\n<meta property=\"og:site_name\" content=\"MetalTale.com\" \/>\n<meta name=\"twitter:card\" content=\"summary_large_image\" \/>\n<meta name=\"twitter:label1\" content=\"Est. reading time\" \/>\n\t<meta name=\"twitter:data1\" content=\"1 minute\" \/>\n<script type=\"application\/ld+json\" class=\"yoast-schema-graph\">{\"@context\":\"https:\/\/schema.org\",\"@graph\":[{\"@type\":\"WebPage\",\"@id\":\"https:\/\/metaltale.com\/lv\/produkts\/apgaismota-3d-retro-zime-welcome-2\/\",\"url\":\"https:\/\/metaltale.com\/lv\/produkts\/apgaismota-3d-retro-zime-welcome-2\/\",\"name\":\"Apgaismota 3D retro z\u012bme WELCOME 2 - MetalTale.com\",\"isPartOf\":{\"@id\":\"https:\/\/metaltale.com\/lv\/#website\"},\"primaryImageOfPage\":{\"@id\":\"https:\/\/metaltale.com\/lv\/produkts\/apgaismota-3d-retro-zime-welcome-2\/#primaryimage\"},\"image\":{\"@id\":\"https:\/\/metaltale.com\/lv\/produkts\/apgaismota-3d-retro-zime-welcome-2\/#primaryimage\"},\"thumbnailUrl\":\"https:\/\/metaltale.com\/wp-content\/uploads\/2023\/10\/Apx161viestas-3D-retro-x17Eenklas-SVEIKI-ATVYKx118-2.jpg\",\"datePublished\":\"2024-02-13T12:43:05+00:00\",\"breadcrumb\":{\"@id\":\"https:\/\/metaltale.com\/lv\/produkts\/apgaismota-3d-retro-zime-welcome-2\/#breadcrumb\"},\"inLanguage\":\"lv-LV\",\"potentialAction\":[{\"@type\":\"ReadAction\",\"target\":[\"https:\/\/metaltale.com\/lv\/produkts\/apgaismota-3d-retro-zime-welcome-2\/\"]}]},{\"@type\":\"ImageObject\",\"inLanguage\":\"lv-LV\",\"@id\":\"https:\/\/metaltale.com\/lv\/produkts\/apgaismota-3d-retro-zime-welcome-2\/#primaryimage\",\"url\":\"https:\/\/metaltale.com\/wp-content\/uploads\/2023\/10\/Apx161viestas-3D-retro-x17Eenklas-SVEIKI-ATVYKx118-2.jpg\",\"contentUrl\":\"https:\/\/metaltale.com\/wp-content\/uploads\/2023\/10\/Apx161viestas-3D-retro-x17Eenklas-SVEIKI-ATVYKx118-2.jpg\",\"width\":800,\"height\":800},{\"@type\":\"BreadcrumbList\",\"@id\":\"https:\/\/metaltale.com\/lv\/produkts\/apgaismota-3d-retro-zime-welcome-2\/#breadcrumb\",\"itemListElement\":[{\"@type\":\"ListItem\",\"position\":1,\"name\":\"Home\",\"item\":\"https:\/\/metaltale.com\/lv\/majas\/\"},{\"@type\":\"ListItem\",\"position\":2,\"name\":\"Veikals\",\"item\":\"https:\/\/metaltale.com\/lv\/shop\/\"},{\"@type\":\"ListItem\",\"position\":3,\"name\":\"Apgaismota 3D retro z\u012bme WELCOME 2\"}]},{\"@type\":\"WebSite\",\"@id\":\"https:\/\/metaltale.com\/lv\/#website\",\"url\":\"https:\/\/metaltale.com\/lv\/\",\"name\":\"Metaltale.com\",\"description\":\"\",\"potentialAction\":[{\"@type\":\"SearchAction\",\"target\":{\"@type\":\"EntryPoint\",\"urlTemplate\":\"https:\/\/metaltale.com\/lv\/?s={search_term_string}\"},\"query-input\":{\"@type\":\"PropertyValueSpecification\",\"valueRequired\":true,\"valueName\":\"search_term_string\"}}],\"inLanguage\":\"lv-LV\"}]}<\/script>\n<!-- \/ Yoast SEO plugin. -->","yoast_head_json":{"title":"Apgaismota 3D retro z\u012bme WELCOME 2 - MetalTale.com","robots":{"index":"index","follow":"follow","max-snippet":"max-snippet:-1","max-image-preview":"max-image-preview:large","max-video-preview":"max-video-preview:-1"},"canonical":"https:\/\/metaltale.com\/lv\/produkts\/apgaismota-3d-retro-zime-welcome-2\/","og_locale":"lv_LV","og_type":"article","og_title":"Apgaismota 3D retro z\u012bme WELCOME 2 - MetalTale.com","og_description":"Modelis YOU.51250 EAN. 5905369928277 Inform\u0101cija par mot\u012bviem Augstums (cm ) 20 Platums (cm ) 60 Dzi\u013cums (cm ) 5,5 Materi\u0101ls","og_url":"https:\/\/metaltale.com\/lv\/produkts\/apgaismota-3d-retro-zime-welcome-2\/","og_site_name":"MetalTale.com","twitter_card":"summary_large_image","twitter_misc":{"Est. reading time":"1 minute"},"schema":{"@context":"https:\/\/schema.org","@graph":[{"@type":"WebPage","@id":"https:\/\/metaltale.com\/lv\/produkts\/apgaismota-3d-retro-zime-welcome-2\/","url":"https:\/\/metaltale.com\/lv\/produkts\/apgaismota-3d-retro-zime-welcome-2\/","name":"Apgaismota 3D retro z\u012bme WELCOME 2 - MetalTale.com","isPartOf":{"@id":"https:\/\/metaltale.com\/lv\/#website"},"primaryImageOfPage":{"@id":"https:\/\/metaltale.com\/lv\/produkts\/apgaismota-3d-retro-zime-welcome-2\/#primaryimage"},"image":{"@id":"https:\/\/metaltale.com\/lv\/produkts\/apgaismota-3d-retro-zime-welcome-2\/#primaryimage"},"thumbnailUrl":"https:\/\/metaltale.com\/wp-content\/uploads\/2023\/10\/Apx161viestas-3D-retro-x17Eenklas-SVEIKI-ATVYKx118-2.jpg","datePublished":"2024-02-13T12:43:05+00:00","breadcrumb":{"@id":"https:\/\/metaltale.com\/lv\/produkts\/apgaismota-3d-retro-zime-welcome-2\/#breadcrumb"},"inLanguage":"lv-LV","potentialAction":[{"@type":"ReadAction","target":["https:\/\/metaltale.com\/lv\/produkts\/apgaismota-3d-retro-zime-welcome-2\/"]}]},{"@type":"ImageObject","inLanguage":"lv-LV","@id":"https:\/\/metaltale.com\/lv\/produkts\/apgaismota-3d-retro-zime-welcome-2\/#primaryimage","url":"https:\/\/metaltale.com\/wp-content\/uploads\/2023\/10\/Apx161viestas-3D-retro-x17Eenklas-SVEIKI-ATVYKx118-2.jpg","contentUrl":"https:\/\/metaltale.com\/wp-content\/uploads\/2023\/10\/Apx161viestas-3D-retro-x17Eenklas-SVEIKI-ATVYKx118-2.jpg","width":800,"height":800},{"@type":"BreadcrumbList","@id":"https:\/\/metaltale.com\/lv\/produkts\/apgaismota-3d-retro-zime-welcome-2\/#breadcrumb","itemListElement":[{"@type":"ListItem","position":1,"name":"Home","item":"https:\/\/metaltale.com\/lv\/majas\/"},{"@type":"ListItem","position":2,"name":"Veikals","item":"https:\/\/metaltale.com\/lv\/shop\/"},{"@type":"ListItem","position":3,"name":"Apgaismota 3D retro z\u012bme WELCOME 2"}]},{"@type":"WebSite","@id":"https:\/\/metaltale.com\/lv\/#website","url":"https:\/\/metaltale.com\/lv\/","name":"Metaltale.com","description":"","potentialAction":[{"@type":"SearchAction","target":{"@type":"EntryPoint","urlTemplate":"https:\/\/metaltale.com\/lv\/?s={search_term_string}"},"query-input":{"@type":"PropertyValueSpecification","valueRequired":true,"valueName":"search_term_string"}}],"inLanguage":"lv-LV"}]}},"_links":{"self":[{"href":"https:\/\/metaltale.com\/lv\/wp-json\/wp\/v2\/product\/133934","targetHints":{"allow":["GET"]}}],"collection":[{"href":"https:\/\/metaltale.com\/lv\/wp-json\/wp\/v2\/product"}],"about":[{"href":"https:\/\/metaltale.com\/lv\/wp-json\/wp\/v2\/types\/product"}],"replies":[{"embeddable":true,"href":"https:\/\/metaltale.com\/lv\/wp-json\/wp\/v2\/comments?post=133934"}],"version-history":[{"count":0,"href":"https:\/\/metaltale.com\/lv\/wp-json\/wp\/v2\/product\/133934\/revisions"}],"wp:featuredmedia":[{"embeddable":true,"href":"https:\/\/metaltale.com\/lv\/wp-json\/wp\/v2\/media\/90454"}],"wp:attachment":[{"href":"https:\/\/metaltale.com\/lv\/wp-json\/wp\/v2\/media?parent=133934"}],"wp:term":[{"taxonomy":"product_brand","embeddable":true,"href":"https:\/\/metaltale.com\/lv\/wp-json\/wp\/v2\/product_brand?post=133934"},{"taxonomy":"product_cat","embeddable":true,"href":"https:\/\/metaltale.com\/lv\/wp-json\/wp\/v2\/product_cat?post=133934"},{"taxonomy":"product_tag","embeddable":true,"href":"https:\/\/metaltale.com\/lv\/wp-json\/wp\/v2\/product_tag?post=133934"}],"curies":[{"name":"wp","href":"https:\/\/api.w.org\/{rel}","templated":true}]}}