{"id":133908,"date":"2024-02-13T15:19:44","date_gmt":"2024-02-13T13:19:44","guid":{"rendered":"https:\/\/metaltale.com\/produktas\/industriala-konsole-beniniem-factory-pine-1\/"},"modified":"2024-02-13T15:19:44","modified_gmt":"2024-02-13T13:19:44","slug":"industriala-konsole-beniniem-factory-pine-1","status":"publish","type":"product","link":"https:\/\/metaltale.com\/lv\/produkts\/industriala-konsole-beniniem-factory-pine-1\/","title":{"rendered":"Industri\u0101la konsole b\u0113ni\u0146iem FACTORY PINE 1"},"content":{"rendered":"<div class=\"prod_data\">\n<p><strong>Modelis<\/strong> ZA.FAC10<br \/>\nFACTORY PINE <strong>kolekcija<\/strong><br \/>\n<strong>EAN.<\/strong>  5905369914072<br \/>\n<strong>Materi\u0101ls<\/strong> Priede, t\u0113rauds<br \/>\n<strong>Kop\u0113jais augstums (cm<\/strong> ) 80<br \/>\nKop\u0113jais platums (cm ) 120<br \/>\n<strong>Dzi\u013cums (cm<\/strong> ) 40<br \/>\n<strong>Pieg\u0101des veids<\/strong> Piln\u012bb\u0101 samont\u0113ts produkts<\/p>\n<p>&#8211; industri\u0101la konsole no priedes koka un t\u0113rauda<br \/>\n&#8211; 80&#215;20 mm sl\u0113gta profila konstrukcija nodro\u0161ina stabilit\u0101ti un iztur\u012bbu.<br \/>\n&#8211; ar bezkr\u0101sainu laku impregn\u0113ts t\u0113rauds aizsardz\u012bbai pret boj\u0101jumiem un skr\u0101p\u0113jumiem.<br \/>\n&#8211; starp atl\u012bm\u0113tiem pane\u013ciem var rasties spraugas, kas neietekm\u0113 lieto\u0161anas \u0113rtumu.<br \/>\n&#8211; p\u0101rstr\u0101d\u0101ta priedes koksne, kas pies\u016bcin\u0101ta ar laku uz \u016bdens b\u0101zes, iegremd\u0113jot.<br \/>\n&#8211; paredz\u0113t\u0101 noveco\u0161anas ietekme izpau\u017eas k\u0101 redzami skr\u0101p\u0113jumi uz virsmas un j\u016btama koka tekst\u016bra.<br \/>\n&#8211; izstr\u0101d\u0101jumu kr\u0101sa var at\u0161\u0137irties no galerij\u0101 redzamajiem att\u0113liem individu\u0101lu monitora iestat\u012bjumu un materi\u0101lu \u012bpa\u0161\u012bbu d\u0113\u013c &#8211; t\u0113rauds un priedes koksne ir izejmateri\u0101li, kuru kr\u0101sa, nokr\u0101sa un tekst\u016bra var at\u0161\u0137irties no vien\u012bbas uz vien\u012bbu vai no ra\u017eo\u0161anas partijas uz ra\u017eo\u0161anas partiju.<\/p>\n<hr>\n<p>Factory Pine b\u0113ni\u0146u stila konsole, kas izgatavota no t\u0113rauda un p\u0101rstr\u0101d\u0101ta koka. M\u0113r\u0137tiec\u012bgi iekr\u0101sot\u0101s priedes apzin\u0101ts raupjums un apzin\u0101ta noveco\u0161an\u0101s, kas redzama uz m\u0113be\u013cu met\u0101la elementiem, garant\u0113 katra izstr\u0101d\u0101juma ori\u0123inalit\u0101ti un unikalit\u0101ti. Koka konsole ir ne tikai dizaina elements m\u0113bel\u0113, bet ar\u012b praktiska m\u0113bele, ko var izmantot k\u0101 galdu, mini sali\u0146u vai tualetes galdi\u0146u. Koka m\u0113be\u013cu m\u016b\u017e\u012bgais raksturs atrad\u012bs savu vietu visda\u017e\u0101d\u0101kajos interjeros, un Factory Pine konsoles smalkais industri\u0101lais nags viegli ieder\u0113sies pat modern\u0101 vai retro interjer\u0101. Factory kolekcija ir \u012bsts m\u0113be\u013cu meistardarbs. \u0160\u012b s\u0113rija ir \u012bsti b\u0113ni\u0146u stila, un to raksturo visaugst\u0101k\u0101 kvalit\u0101te un stabilit\u0101te.<\/p>\n<\/div>\n","protected":false},"excerpt":{"rendered":"<p>Modelis ZA.FAC10 FACTORY PINE kolekcija EAN. 5905369914072 Materi\u0101ls Priede, t\u0113rauds Kop\u0113jais augstums (cm ) 80 Kop\u0113jais platums (cm ) 120<\/p>\n","protected":false},"featured_media":119783,"comment_status":"open","ping_status":"closed","template":"","meta":{"_acf_changed":false,"pmpro_default_level":""},"product_brand":[],"product_cat":[24119,24057],"product_tag":[],"class_list":{"0":"post-133908","1":"product","2":"type-product","3":"status-publish","4":"has-post-thumbnail","6":"product_cat-konsoles-lv","7":"product_cat-rupnieciskas-mebeles","8":"pmpro-has-access","10":"first","11":"instock","12":"shipping-taxable","13":"purchasable","14":"product-type-simple"},"acf":[],"yoast_head":"<!-- This site is optimized with the Yoast SEO plugin v24.9 - https:\/\/yoast.com\/wordpress\/plugins\/seo\/ -->\n<title>Industri\u0101la konsole b\u0113ni\u0146iem FACTORY PINE 1 - MetalTale.com<\/title>\n<meta name=\"robots\" content=\"index, follow, max-snippet:-1, max-image-preview:large, max-video-preview:-1\" \/>\n<link rel=\"canonical\" href=\"https:\/\/metaltale.com\/lv\/produkts\/industriala-konsole-beniniem-factory-pine-1\/\" \/>\n<meta property=\"og:locale\" content=\"lv_LV\" \/>\n<meta property=\"og:type\" content=\"article\" \/>\n<meta property=\"og:title\" content=\"Industri\u0101la konsole b\u0113ni\u0146iem FACTORY PINE 1 - MetalTale.com\" \/>\n<meta property=\"og:description\" content=\"Modelis ZA.FAC10 FACTORY PINE kolekcija EAN. 5905369914072 Materi\u0101ls Priede, t\u0113rauds Kop\u0113jais augstums (cm ) 80 Kop\u0113jais platums (cm ) 120\" \/>\n<meta property=\"og:url\" content=\"https:\/\/metaltale.com\/lv\/produkts\/industriala-konsole-beniniem-factory-pine-1\/\" \/>\n<meta property=\"og:site_name\" content=\"MetalTale.com\" \/>\n<meta name=\"twitter:card\" content=\"summary_large_image\" \/>\n<meta name=\"twitter:label1\" content=\"Est. reading time\" \/>\n\t<meta name=\"twitter:data1\" content=\"2 minutes\" \/>\n<script type=\"application\/ld+json\" class=\"yoast-schema-graph\">{\"@context\":\"https:\/\/schema.org\",\"@graph\":[{\"@type\":\"WebPage\",\"@id\":\"https:\/\/metaltale.com\/lv\/produkts\/industriala-konsole-beniniem-factory-pine-1\/\",\"url\":\"https:\/\/metaltale.com\/lv\/produkts\/industriala-konsole-beniniem-factory-pine-1\/\",\"name\":\"Industri\u0101la konsole b\u0113ni\u0146iem FACTORY PINE 1 - MetalTale.com\",\"isPartOf\":{\"@id\":\"https:\/\/metaltale.com\/lv\/#website\"},\"primaryImageOfPage\":{\"@id\":\"https:\/\/metaltale.com\/lv\/produkts\/industriala-konsole-beniniem-factory-pine-1\/#primaryimage\"},\"image\":{\"@id\":\"https:\/\/metaltale.com\/lv\/produkts\/industriala-konsole-beniniem-factory-pine-1\/#primaryimage\"},\"thumbnailUrl\":\"https:\/\/metaltale.com\/wp-content\/uploads\/2023\/12\/konsole-4.jpg\",\"datePublished\":\"2024-02-13T13:19:44+00:00\",\"breadcrumb\":{\"@id\":\"https:\/\/metaltale.com\/lv\/produkts\/industriala-konsole-beniniem-factory-pine-1\/#breadcrumb\"},\"inLanguage\":\"lv-LV\",\"potentialAction\":[{\"@type\":\"ReadAction\",\"target\":[\"https:\/\/metaltale.com\/lv\/produkts\/industriala-konsole-beniniem-factory-pine-1\/\"]}]},{\"@type\":\"ImageObject\",\"inLanguage\":\"lv-LV\",\"@id\":\"https:\/\/metaltale.com\/lv\/produkts\/industriala-konsole-beniniem-factory-pine-1\/#primaryimage\",\"url\":\"https:\/\/metaltale.com\/wp-content\/uploads\/2023\/12\/konsole-4.jpg\",\"contentUrl\":\"https:\/\/metaltale.com\/wp-content\/uploads\/2023\/12\/konsole-4.jpg\",\"width\":800,\"height\":800,\"caption\":\"Konsole\"},{\"@type\":\"BreadcrumbList\",\"@id\":\"https:\/\/metaltale.com\/lv\/produkts\/industriala-konsole-beniniem-factory-pine-1\/#breadcrumb\",\"itemListElement\":[{\"@type\":\"ListItem\",\"position\":1,\"name\":\"Home\",\"item\":\"https:\/\/metaltale.com\/lv\/majas\/\"},{\"@type\":\"ListItem\",\"position\":2,\"name\":\"Veikals\",\"item\":\"https:\/\/metaltale.com\/lv\/shop\/\"},{\"@type\":\"ListItem\",\"position\":3,\"name\":\"Industri\u0101la konsole b\u0113ni\u0146iem FACTORY PINE 1\"}]},{\"@type\":\"WebSite\",\"@id\":\"https:\/\/metaltale.com\/lv\/#website\",\"url\":\"https:\/\/metaltale.com\/lv\/\",\"name\":\"Metaltale.com\",\"description\":\"\",\"potentialAction\":[{\"@type\":\"SearchAction\",\"target\":{\"@type\":\"EntryPoint\",\"urlTemplate\":\"https:\/\/metaltale.com\/lv\/?s={search_term_string}\"},\"query-input\":{\"@type\":\"PropertyValueSpecification\",\"valueRequired\":true,\"valueName\":\"search_term_string\"}}],\"inLanguage\":\"lv-LV\"}]}<\/script>\n<!-- \/ Yoast SEO plugin. -->","yoast_head_json":{"title":"Industri\u0101la konsole b\u0113ni\u0146iem FACTORY PINE 1 - MetalTale.com","robots":{"index":"index","follow":"follow","max-snippet":"max-snippet:-1","max-image-preview":"max-image-preview:large","max-video-preview":"max-video-preview:-1"},"canonical":"https:\/\/metaltale.com\/lv\/produkts\/industriala-konsole-beniniem-factory-pine-1\/","og_locale":"lv_LV","og_type":"article","og_title":"Industri\u0101la konsole b\u0113ni\u0146iem FACTORY PINE 1 - MetalTale.com","og_description":"Modelis ZA.FAC10 FACTORY PINE kolekcija EAN. 5905369914072 Materi\u0101ls Priede, t\u0113rauds Kop\u0113jais augstums (cm ) 80 Kop\u0113jais platums (cm ) 120","og_url":"https:\/\/metaltale.com\/lv\/produkts\/industriala-konsole-beniniem-factory-pine-1\/","og_site_name":"MetalTale.com","twitter_card":"summary_large_image","twitter_misc":{"Est. reading time":"2 minutes"},"schema":{"@context":"https:\/\/schema.org","@graph":[{"@type":"WebPage","@id":"https:\/\/metaltale.com\/lv\/produkts\/industriala-konsole-beniniem-factory-pine-1\/","url":"https:\/\/metaltale.com\/lv\/produkts\/industriala-konsole-beniniem-factory-pine-1\/","name":"Industri\u0101la konsole b\u0113ni\u0146iem FACTORY PINE 1 - MetalTale.com","isPartOf":{"@id":"https:\/\/metaltale.com\/lv\/#website"},"primaryImageOfPage":{"@id":"https:\/\/metaltale.com\/lv\/produkts\/industriala-konsole-beniniem-factory-pine-1\/#primaryimage"},"image":{"@id":"https:\/\/metaltale.com\/lv\/produkts\/industriala-konsole-beniniem-factory-pine-1\/#primaryimage"},"thumbnailUrl":"https:\/\/metaltale.com\/wp-content\/uploads\/2023\/12\/konsole-4.jpg","datePublished":"2024-02-13T13:19:44+00:00","breadcrumb":{"@id":"https:\/\/metaltale.com\/lv\/produkts\/industriala-konsole-beniniem-factory-pine-1\/#breadcrumb"},"inLanguage":"lv-LV","potentialAction":[{"@type":"ReadAction","target":["https:\/\/metaltale.com\/lv\/produkts\/industriala-konsole-beniniem-factory-pine-1\/"]}]},{"@type":"ImageObject","inLanguage":"lv-LV","@id":"https:\/\/metaltale.com\/lv\/produkts\/industriala-konsole-beniniem-factory-pine-1\/#primaryimage","url":"https:\/\/metaltale.com\/wp-content\/uploads\/2023\/12\/konsole-4.jpg","contentUrl":"https:\/\/metaltale.com\/wp-content\/uploads\/2023\/12\/konsole-4.jpg","width":800,"height":800,"caption":"Konsole"},{"@type":"BreadcrumbList","@id":"https:\/\/metaltale.com\/lv\/produkts\/industriala-konsole-beniniem-factory-pine-1\/#breadcrumb","itemListElement":[{"@type":"ListItem","position":1,"name":"Home","item":"https:\/\/metaltale.com\/lv\/majas\/"},{"@type":"ListItem","position":2,"name":"Veikals","item":"https:\/\/metaltale.com\/lv\/shop\/"},{"@type":"ListItem","position":3,"name":"Industri\u0101la konsole b\u0113ni\u0146iem FACTORY PINE 1"}]},{"@type":"WebSite","@id":"https:\/\/metaltale.com\/lv\/#website","url":"https:\/\/metaltale.com\/lv\/","name":"Metaltale.com","description":"","potentialAction":[{"@type":"SearchAction","target":{"@type":"EntryPoint","urlTemplate":"https:\/\/metaltale.com\/lv\/?s={search_term_string}"},"query-input":{"@type":"PropertyValueSpecification","valueRequired":true,"valueName":"search_term_string"}}],"inLanguage":"lv-LV"}]}},"_links":{"self":[{"href":"https:\/\/metaltale.com\/lv\/wp-json\/wp\/v2\/product\/133908","targetHints":{"allow":["GET"]}}],"collection":[{"href":"https:\/\/metaltale.com\/lv\/wp-json\/wp\/v2\/product"}],"about":[{"href":"https:\/\/metaltale.com\/lv\/wp-json\/wp\/v2\/types\/product"}],"replies":[{"embeddable":true,"href":"https:\/\/metaltale.com\/lv\/wp-json\/wp\/v2\/comments?post=133908"}],"version-history":[{"count":0,"href":"https:\/\/metaltale.com\/lv\/wp-json\/wp\/v2\/product\/133908\/revisions"}],"wp:featuredmedia":[{"embeddable":true,"href":"https:\/\/metaltale.com\/lv\/wp-json\/wp\/v2\/media\/119783"}],"wp:attachment":[{"href":"https:\/\/metaltale.com\/lv\/wp-json\/wp\/v2\/media?parent=133908"}],"wp:term":[{"taxonomy":"product_brand","embeddable":true,"href":"https:\/\/metaltale.com\/lv\/wp-json\/wp\/v2\/product_brand?post=133908"},{"taxonomy":"product_cat","embeddable":true,"href":"https:\/\/metaltale.com\/lv\/wp-json\/wp\/v2\/product_cat?post=133908"},{"taxonomy":"product_tag","embeddable":true,"href":"https:\/\/metaltale.com\/lv\/wp-json\/wp\/v2\/product_tag?post=133908"}],"curies":[{"name":"wp","href":"https:\/\/api.w.org\/{rel}","templated":true}]}}