{"id":133905,"date":"2024-02-13T15:19:44","date_gmt":"2024-02-13T13:19:44","guid":{"rendered":"https:\/\/metaltale.com\/produktas\/industriala-beninu-kumode-factory-pine-1\/"},"modified":"2024-02-13T15:19:44","modified_gmt":"2024-02-13T13:19:44","slug":"industriala-beninu-kumode-factory-pine-1","status":"publish","type":"product","link":"https:\/\/metaltale.com\/lv\/produkts\/industriala-beninu-kumode-factory-pine-1\/","title":{"rendered":"Industri\u0101l\u0101 b\u0113ni\u0146u kumode FACTORY PINE 1"},"content":{"rendered":"<div class=\"prod_data\">\n<p><strong>Modelis<\/strong> ZA.FAC.E1<br \/>\nFACTORY PINE <strong>kolekcija<\/strong><br \/>\n<strong>EAN.<\/strong>  5905369914027<br \/>\n<strong>Materi\u0101ls<\/strong> Priede, t\u0113rauds<br \/>\n<strong>Kop\u0113jais augstums (cm<\/strong> ) 81<br \/>\n<strong>Kop\u0113jais platums (cm<\/strong> ) 150<br \/>\n<strong>Dzi\u013cums (cm<\/strong> ) 50<br \/>\n<strong>Pieg\u0101des veids<\/strong> Piln\u012bb\u0101 samont\u0113ts produkts<\/p>\n<p>&#8211; industri\u0101la priedes un t\u0113rauda kumode<br \/>\n&#8211; lod\u012b\u0161u gult\u0146u sl\u012bd\u0146i atvilkt\u0146u vieglai iz\u0146em\u0161anai<br \/>\n&#8211; 80&#215;20 mm sl\u0113gta profila konstrukcija stabilit\u0101tei un iztur\u012bbai<br \/>\n&#8211; ar bezkr\u0101sainu laku impregn\u0113ts t\u0113rauds aizsardz\u012bbai pret boj\u0101jumiem un skr\u0101p\u0113jumiem.<br \/>\n&#8211; atvilktnes izgatavotas tikai no finier\u0113tas koksnes &#8211; uzst\u0101d\u012b\u0161anai tiek izmantotas redzamas naglas.<br \/>\n&#8211; starp atl\u012bm\u0113tiem d\u0113\u013ciem var rasties spraugas, kas neietekm\u0113 lieto\u0161anas \u0113rtumu.<br \/>\n&#8211; p\u0101rstr\u0101d\u0101ta priedes koksne, kas pies\u016bcin\u0101ta ar laku uz \u016bdens b\u0101zes.<br \/>\n&#8211; paredz\u0113t\u0101 noveco\u0161anas ietekme izpau\u017eas k\u0101 redzami skr\u0101p\u0113jumi uz virsmas un j\u016btama koka tekst\u016bra.<br \/>\n&#8211; izstr\u0101d\u0101jumu kr\u0101sa var at\u0161\u0137irties no galerij\u0101 redzamajiem att\u0113liem individu\u0101lu monitora iestat\u012bjumu un materi\u0101lu \u012bpa\u0161\u012bbu d\u0113\u013c &#8211; t\u0113rauds un priedes koksne ir izejmateri\u0101li, kuru kr\u0101sa, nokr\u0101sa un tekst\u016bra var at\u0161\u0137irties no vien\u012bbas uz vien\u012bbu vai no ra\u017eo\u0161anas partijas uz ra\u017eo\u0161anas partiju.<\/p>\n<hr>\n<p>Factory kumode ir m\u0113bele, kas paredz\u0113ta cilv\u0113kiem, kuri nov\u0113rt\u0113 unik\u0101lu stilu. Sl\u0113gta profila t\u0113rauda konstrukcija nodro\u0161ina m\u0113be\u013cu stabilit\u0101ti un iztur\u012bbu, bet redzamie skr\u0101p\u0113jumi un metin\u0101jumi rada smalku industri\u0101lu atmosf\u0113ru. Dzi\u013c\u0101s koka atvilktnes ar lod\u012b\u0161u gult\u0146u sl\u012bd\u0146iem ir praktiskas un \u0113rtas, un \u0161\u012b kumode ir daudzpus\u012bga m\u0113bele, ko var izmantot dz\u012bvojam\u0101 istab\u0101, gu\u013camistab\u0101 un kabinet\u0101. Dzi\u013caj\u0101 aug\u0161da\u013c\u0101, kas izgatavota no nesl\u012bp\u0113tiem priedes d\u0113\u013ciem, ir pietiekami daudz vietas suven\u012bru un rot\u0101jumu izvieto\u0161anai. P\u0101rstr\u0101d\u0101tajiem d\u0113\u013ciem, kas pies\u016bcin\u0101ti ar kr\u0101sviel\u0101m uz \u016bdens b\u0101zes, ir taust\u0101ma tekst\u016bra, un unik\u0101l\u0101 tekst\u016bra pie\u0161\u0137ir l\u0101dei klasi un eleganci. Intri\u0123\u0113jo\u0161a deta\u013ca ir ar\u012b rokturi, kas izgatavoti no profil\u0113ta plakana stie\u0146a. Visi elementi veido harmonisku un at\u0161\u0137ir\u012bgu veselumu.<\/p>\n<\/div>\n","protected":false},"excerpt":{"rendered":"<p>Modelis ZA.FAC.E1 FACTORY PINE kolekcija EAN. 5905369914027 Materi\u0101ls Priede, t\u0113rauds Kop\u0113jais augstums (cm ) 81 Kop\u0113jais platums (cm ) 150<\/p>\n","protected":false},"featured_media":119807,"comment_status":"open","ping_status":"closed","template":"","meta":{"_acf_changed":false,"pmpro_default_level":""},"product_brand":[],"product_cat":[24120,24057],"product_tag":[],"class_list":{"0":"post-133905","1":"product","2":"type-product","3":"status-publish","4":"has-post-thumbnail","6":"product_cat-kumodes","7":"product_cat-rupnieciskas-mebeles","8":"pmpro-has-access","10":"first","11":"instock","12":"shipping-taxable","13":"purchasable","14":"product-type-simple"},"acf":[],"yoast_head":"<!-- This site is optimized with the Yoast SEO plugin v24.9 - https:\/\/yoast.com\/wordpress\/plugins\/seo\/ -->\n<title>Industri\u0101l\u0101 b\u0113ni\u0146u kumode FACTORY PINE 1 - MetalTale.com<\/title>\n<meta name=\"robots\" content=\"index, follow, max-snippet:-1, max-image-preview:large, max-video-preview:-1\" \/>\n<link rel=\"canonical\" href=\"https:\/\/metaltale.com\/lv\/produkts\/industriala-beninu-kumode-factory-pine-1\/\" \/>\n<meta property=\"og:locale\" content=\"lv_LV\" \/>\n<meta property=\"og:type\" content=\"article\" \/>\n<meta property=\"og:title\" content=\"Industri\u0101l\u0101 b\u0113ni\u0146u kumode FACTORY PINE 1 - MetalTale.com\" \/>\n<meta property=\"og:description\" content=\"Modelis ZA.FAC.E1 FACTORY PINE kolekcija EAN. 5905369914027 Materi\u0101ls Priede, t\u0113rauds Kop\u0113jais augstums (cm ) 81 Kop\u0113jais platums (cm ) 150\" \/>\n<meta property=\"og:url\" content=\"https:\/\/metaltale.com\/lv\/produkts\/industriala-beninu-kumode-factory-pine-1\/\" \/>\n<meta property=\"og:site_name\" content=\"MetalTale.com\" \/>\n<meta name=\"twitter:card\" content=\"summary_large_image\" \/>\n<meta name=\"twitter:label1\" content=\"Est. reading time\" \/>\n\t<meta name=\"twitter:data1\" content=\"2 minutes\" \/>\n<script type=\"application\/ld+json\" class=\"yoast-schema-graph\">{\"@context\":\"https:\/\/schema.org\",\"@graph\":[{\"@type\":\"WebPage\",\"@id\":\"https:\/\/metaltale.com\/lv\/produkts\/industriala-beninu-kumode-factory-pine-1\/\",\"url\":\"https:\/\/metaltale.com\/lv\/produkts\/industriala-beninu-kumode-factory-pine-1\/\",\"name\":\"Industri\u0101l\u0101 b\u0113ni\u0146u kumode FACTORY PINE 1 - MetalTale.com\",\"isPartOf\":{\"@id\":\"https:\/\/metaltale.com\/lv\/#website\"},\"primaryImageOfPage\":{\"@id\":\"https:\/\/metaltale.com\/lv\/produkts\/industriala-beninu-kumode-factory-pine-1\/#primaryimage\"},\"image\":{\"@id\":\"https:\/\/metaltale.com\/lv\/produkts\/industriala-beninu-kumode-factory-pine-1\/#primaryimage\"},\"thumbnailUrl\":\"https:\/\/metaltale.com\/wp-content\/uploads\/2023\/12\/komoda.jpg\",\"datePublished\":\"2024-02-13T13:19:44+00:00\",\"breadcrumb\":{\"@id\":\"https:\/\/metaltale.com\/lv\/produkts\/industriala-beninu-kumode-factory-pine-1\/#breadcrumb\"},\"inLanguage\":\"lv-LV\",\"potentialAction\":[{\"@type\":\"ReadAction\",\"target\":[\"https:\/\/metaltale.com\/lv\/produkts\/industriala-beninu-kumode-factory-pine-1\/\"]}]},{\"@type\":\"ImageObject\",\"inLanguage\":\"lv-LV\",\"@id\":\"https:\/\/metaltale.com\/lv\/produkts\/industriala-beninu-kumode-factory-pine-1\/#primaryimage\",\"url\":\"https:\/\/metaltale.com\/wp-content\/uploads\/2023\/12\/komoda.jpg\",\"contentUrl\":\"https:\/\/metaltale.com\/wp-content\/uploads\/2023\/12\/komoda.jpg\",\"width\":800,\"height\":800,\"caption\":\"kumodes\"},{\"@type\":\"BreadcrumbList\",\"@id\":\"https:\/\/metaltale.com\/lv\/produkts\/industriala-beninu-kumode-factory-pine-1\/#breadcrumb\",\"itemListElement\":[{\"@type\":\"ListItem\",\"position\":1,\"name\":\"Home\",\"item\":\"https:\/\/metaltale.com\/lv\/majas\/\"},{\"@type\":\"ListItem\",\"position\":2,\"name\":\"Veikals\",\"item\":\"https:\/\/metaltale.com\/lv\/shop\/\"},{\"@type\":\"ListItem\",\"position\":3,\"name\":\"Industri\u0101l\u0101 b\u0113ni\u0146u kumode FACTORY PINE 1\"}]},{\"@type\":\"WebSite\",\"@id\":\"https:\/\/metaltale.com\/lv\/#website\",\"url\":\"https:\/\/metaltale.com\/lv\/\",\"name\":\"Metaltale.com\",\"description\":\"\",\"potentialAction\":[{\"@type\":\"SearchAction\",\"target\":{\"@type\":\"EntryPoint\",\"urlTemplate\":\"https:\/\/metaltale.com\/lv\/?s={search_term_string}\"},\"query-input\":{\"@type\":\"PropertyValueSpecification\",\"valueRequired\":true,\"valueName\":\"search_term_string\"}}],\"inLanguage\":\"lv-LV\"}]}<\/script>\n<!-- \/ Yoast SEO plugin. -->","yoast_head_json":{"title":"Industri\u0101l\u0101 b\u0113ni\u0146u kumode FACTORY PINE 1 - MetalTale.com","robots":{"index":"index","follow":"follow","max-snippet":"max-snippet:-1","max-image-preview":"max-image-preview:large","max-video-preview":"max-video-preview:-1"},"canonical":"https:\/\/metaltale.com\/lv\/produkts\/industriala-beninu-kumode-factory-pine-1\/","og_locale":"lv_LV","og_type":"article","og_title":"Industri\u0101l\u0101 b\u0113ni\u0146u kumode FACTORY PINE 1 - MetalTale.com","og_description":"Modelis ZA.FAC.E1 FACTORY PINE kolekcija EAN. 5905369914027 Materi\u0101ls Priede, t\u0113rauds Kop\u0113jais augstums (cm ) 81 Kop\u0113jais platums (cm ) 150","og_url":"https:\/\/metaltale.com\/lv\/produkts\/industriala-beninu-kumode-factory-pine-1\/","og_site_name":"MetalTale.com","twitter_card":"summary_large_image","twitter_misc":{"Est. reading time":"2 minutes"},"schema":{"@context":"https:\/\/schema.org","@graph":[{"@type":"WebPage","@id":"https:\/\/metaltale.com\/lv\/produkts\/industriala-beninu-kumode-factory-pine-1\/","url":"https:\/\/metaltale.com\/lv\/produkts\/industriala-beninu-kumode-factory-pine-1\/","name":"Industri\u0101l\u0101 b\u0113ni\u0146u kumode FACTORY PINE 1 - MetalTale.com","isPartOf":{"@id":"https:\/\/metaltale.com\/lv\/#website"},"primaryImageOfPage":{"@id":"https:\/\/metaltale.com\/lv\/produkts\/industriala-beninu-kumode-factory-pine-1\/#primaryimage"},"image":{"@id":"https:\/\/metaltale.com\/lv\/produkts\/industriala-beninu-kumode-factory-pine-1\/#primaryimage"},"thumbnailUrl":"https:\/\/metaltale.com\/wp-content\/uploads\/2023\/12\/komoda.jpg","datePublished":"2024-02-13T13:19:44+00:00","breadcrumb":{"@id":"https:\/\/metaltale.com\/lv\/produkts\/industriala-beninu-kumode-factory-pine-1\/#breadcrumb"},"inLanguage":"lv-LV","potentialAction":[{"@type":"ReadAction","target":["https:\/\/metaltale.com\/lv\/produkts\/industriala-beninu-kumode-factory-pine-1\/"]}]},{"@type":"ImageObject","inLanguage":"lv-LV","@id":"https:\/\/metaltale.com\/lv\/produkts\/industriala-beninu-kumode-factory-pine-1\/#primaryimage","url":"https:\/\/metaltale.com\/wp-content\/uploads\/2023\/12\/komoda.jpg","contentUrl":"https:\/\/metaltale.com\/wp-content\/uploads\/2023\/12\/komoda.jpg","width":800,"height":800,"caption":"kumodes"},{"@type":"BreadcrumbList","@id":"https:\/\/metaltale.com\/lv\/produkts\/industriala-beninu-kumode-factory-pine-1\/#breadcrumb","itemListElement":[{"@type":"ListItem","position":1,"name":"Home","item":"https:\/\/metaltale.com\/lv\/majas\/"},{"@type":"ListItem","position":2,"name":"Veikals","item":"https:\/\/metaltale.com\/lv\/shop\/"},{"@type":"ListItem","position":3,"name":"Industri\u0101l\u0101 b\u0113ni\u0146u kumode FACTORY PINE 1"}]},{"@type":"WebSite","@id":"https:\/\/metaltale.com\/lv\/#website","url":"https:\/\/metaltale.com\/lv\/","name":"Metaltale.com","description":"","potentialAction":[{"@type":"SearchAction","target":{"@type":"EntryPoint","urlTemplate":"https:\/\/metaltale.com\/lv\/?s={search_term_string}"},"query-input":{"@type":"PropertyValueSpecification","valueRequired":true,"valueName":"search_term_string"}}],"inLanguage":"lv-LV"}]}},"_links":{"self":[{"href":"https:\/\/metaltale.com\/lv\/wp-json\/wp\/v2\/product\/133905","targetHints":{"allow":["GET"]}}],"collection":[{"href":"https:\/\/metaltale.com\/lv\/wp-json\/wp\/v2\/product"}],"about":[{"href":"https:\/\/metaltale.com\/lv\/wp-json\/wp\/v2\/types\/product"}],"replies":[{"embeddable":true,"href":"https:\/\/metaltale.com\/lv\/wp-json\/wp\/v2\/comments?post=133905"}],"version-history":[{"count":0,"href":"https:\/\/metaltale.com\/lv\/wp-json\/wp\/v2\/product\/133905\/revisions"}],"wp:featuredmedia":[{"embeddable":true,"href":"https:\/\/metaltale.com\/lv\/wp-json\/wp\/v2\/media\/119807"}],"wp:attachment":[{"href":"https:\/\/metaltale.com\/lv\/wp-json\/wp\/v2\/media?parent=133905"}],"wp:term":[{"taxonomy":"product_brand","embeddable":true,"href":"https:\/\/metaltale.com\/lv\/wp-json\/wp\/v2\/product_brand?post=133905"},{"taxonomy":"product_cat","embeddable":true,"href":"https:\/\/metaltale.com\/lv\/wp-json\/wp\/v2\/product_cat?post=133905"},{"taxonomy":"product_tag","embeddable":true,"href":"https:\/\/metaltale.com\/lv\/wp-json\/wp\/v2\/product_tag?post=133905"}],"curies":[{"name":"wp","href":"https:\/\/api.w.org\/{rel}","templated":true}]}}