{"id":133898,"date":"2024-02-13T15:19:05","date_gmt":"2024-02-13T13:19:05","guid":{"rendered":"https:\/\/metaltale.com\/produktas\/rupnieciskais-plaukts-terauds-3\/"},"modified":"2024-02-13T15:19:05","modified_gmt":"2024-02-13T13:19:05","slug":"rupnieciskais-plaukts-terauds-3","status":"publish","type":"product","link":"https:\/\/metaltale.com\/lv\/produkts\/rupnieciskais-plaukts-terauds-3\/","title":{"rendered":"R\u016bpnieciskais plaukts T\u0112RAUDS 3"},"content":{"rendered":"<div class=\"prod_data\">\n<p><strong>Modelis<\/strong> ZA.SW.REG2W<br \/>\nT\u0113rauda koka <strong>kolekcija<\/strong><br \/>\n<strong>EAN.<\/strong>  5905369914935<br \/>\n<strong>Materi\u0101ls<\/strong> Priede, t\u0113rauds<br \/>\n<strong>Kop\u0113jais augstums (cm<\/strong> ) 190<br \/>\n<strong>Kop\u0113jais platums (cm<\/strong> ) 59<br \/>\n<strong>Dzi\u013cums (cm<\/strong> ) 40<br \/>\n<strong>Trim<\/strong> Spotted<br \/>\n<strong>Pieg\u0101des veids<\/strong> Piln\u012bb\u0101 samont\u0113ts produkts<\/p>\n<p><span style=\"font-size: large;\">\u0160aurie plaukti T\u0112RAUDS<\/span><\/p>\n<p><span style=\"font-size: large;\">T\u0101 k\u0101 FACTORY kolekcija guva lielus pan\u0101kumus un m\u0113s sa\u0146\u0113m\u0101m daudzus piepras\u012bjumus par kl\u0101sta papla\u0161in\u0101\u0161anu ar jauniem un l\u012bdz\u012bgiem dizainiem, m\u0113s v\u0113lamies iepaz\u012bstin\u0101t ar t\u0113rauda koka izstr\u0101d\u0101jumu kl\u0101stu.<\/span><\/p>\n<p><span style=\"font-size: large;\">Mums bija viens m\u0113r\u0137is &#8211; main\u012bt stereotipus. T\u0101p\u0113c, ieklausoties m\u016bsu klientu viedokl\u012b, m\u0113s koncentr\u0113j\u0101mies uz dabas un m\u016bsdien\u012bguma apvieno\u0161anu.<\/span><\/p>\n<p><span style=\"font-size: large;\">M\u0113beles raksturo ori\u0123in\u0101la t\u0113rauda konstrukcija, kas veidota no diviem 20&#215;20 mm \u0161\u0137\u0113rsgriezuma profiliem, kuri savienoti v\u0113l nebiju\u0161\u0101 veid\u0101.  <\/span><br \/>\n<span style=\"font-size: large;\">\u0160\u012bs kolekcijas mode\u013ci lau\u017e ierasto m\u0113be\u013cu stilu, kas izgatavotas tikai no koka, izmantojot t\u0113raudu.<\/span><br \/>\n<span style=\"font-size: large;\">Koka elementi ir izgatavoti no priedes koksnes, kas pies\u016bcin\u0101ta ar \u016bdens traipiem. Koka elementu kr\u0101so\u0161ana ar rok\u0101m un sl\u012bp\u0113\u0161ana padara izstr\u0101d\u0101jumu piln\u012bb\u0101 funkcion\u0101lu, bet vienlaikus bez dab\u012bg\u0101m izejviel\u0101m.<\/span><\/p>\n<p><span style=\"font-size: large;\">&#8220;T\u0113rauda koka kolekcija, t\u0101pat k\u0101 visas p\u0101r\u0113j\u0101s m\u016bsu kolekcijas, nodro\u0161ina piln\u012bgu dro\u0161\u012bbu lieto\u0161anas laik\u0101. Visas malas, st\u016bri un metin\u0101\u0161anas vietas ir pul\u0113tas, atst\u0101jot paredz\u0113to &#8220;t\u012bro&#8221; efektu, ko rada nesagatavota t\u0113rauda kl\u012brenss.<\/span><\/p>\n<p>&nbsp;<\/p>\n<p>&nbsp;<\/p>\n<\/div>\n","protected":false},"excerpt":{"rendered":"<p>Modelis ZA.SW.REG2W T\u0113rauda koka kolekcija EAN. 5905369914935 Materi\u0101ls Priede, t\u0113rauds Kop\u0113jais augstums (cm ) 190 Kop\u0113jais platums (cm ) 59<\/p>\n","protected":false},"featured_media":119665,"comment_status":"open","ping_status":"closed","template":"","meta":{"_acf_changed":false,"pmpro_default_level":""},"product_brand":[],"product_cat":[24092,24057],"product_tag":[],"class_list":{"0":"post-133898","1":"product","2":"type-product","3":"status-publish","4":"has-post-thumbnail","6":"product_cat-plaukti","7":"product_cat-rupnieciskas-mebeles","8":"pmpro-has-access","10":"first","11":"instock","12":"shipping-taxable","13":"purchasable","14":"product-type-simple"},"acf":[],"yoast_head":"<!-- This site is optimized with the Yoast SEO plugin v24.9 - https:\/\/yoast.com\/wordpress\/plugins\/seo\/ -->\n<title>R\u016bpnieciskais plaukts T\u0112RAUDS 3 - MetalTale.com<\/title>\n<meta name=\"robots\" content=\"index, follow, max-snippet:-1, max-image-preview:large, max-video-preview:-1\" \/>\n<link rel=\"canonical\" href=\"https:\/\/metaltale.com\/lv\/produkts\/rupnieciskais-plaukts-terauds-3\/\" \/>\n<meta property=\"og:locale\" content=\"lv_LV\" \/>\n<meta property=\"og:type\" content=\"article\" \/>\n<meta property=\"og:title\" content=\"R\u016bpnieciskais plaukts T\u0112RAUDS 3 - MetalTale.com\" \/>\n<meta property=\"og:description\" content=\"Modelis ZA.SW.REG2W T\u0113rauda koka kolekcija EAN. 5905369914935 Materi\u0101ls Priede, t\u0113rauds Kop\u0113jais augstums (cm ) 190 Kop\u0113jais platums (cm ) 59\" \/>\n<meta property=\"og:url\" content=\"https:\/\/metaltale.com\/lv\/produkts\/rupnieciskais-plaukts-terauds-3\/\" \/>\n<meta property=\"og:site_name\" content=\"MetalTale.com\" \/>\n<meta name=\"twitter:card\" content=\"summary_large_image\" \/>\n<meta name=\"twitter:label1\" content=\"Est. reading time\" \/>\n\t<meta name=\"twitter:data1\" content=\"1 minute\" \/>\n<script type=\"application\/ld+json\" class=\"yoast-schema-graph\">{\"@context\":\"https:\/\/schema.org\",\"@graph\":[{\"@type\":\"WebPage\",\"@id\":\"https:\/\/metaltale.com\/lv\/produkts\/rupnieciskais-plaukts-terauds-3\/\",\"url\":\"https:\/\/metaltale.com\/lv\/produkts\/rupnieciskais-plaukts-terauds-3\/\",\"name\":\"R\u016bpnieciskais plaukts T\u0112RAUDS 3 - MetalTale.com\",\"isPartOf\":{\"@id\":\"https:\/\/metaltale.com\/lv\/#website\"},\"primaryImageOfPage\":{\"@id\":\"https:\/\/metaltale.com\/lv\/produkts\/rupnieciskais-plaukts-terauds-3\/#primaryimage\"},\"image\":{\"@id\":\"https:\/\/metaltale.com\/lv\/produkts\/rupnieciskais-plaukts-terauds-3\/#primaryimage\"},\"thumbnailUrl\":\"https:\/\/metaltale.com\/wp-content\/uploads\/2023\/12\/pramonine-lentyna.jpg\",\"datePublished\":\"2024-02-13T13:19:05+00:00\",\"breadcrumb\":{\"@id\":\"https:\/\/metaltale.com\/lv\/produkts\/rupnieciskais-plaukts-terauds-3\/#breadcrumb\"},\"inLanguage\":\"lv-LV\",\"potentialAction\":[{\"@type\":\"ReadAction\",\"target\":[\"https:\/\/metaltale.com\/lv\/produkts\/rupnieciskais-plaukts-terauds-3\/\"]}]},{\"@type\":\"ImageObject\",\"inLanguage\":\"lv-LV\",\"@id\":\"https:\/\/metaltale.com\/lv\/produkts\/rupnieciskais-plaukts-terauds-3\/#primaryimage\",\"url\":\"https:\/\/metaltale.com\/wp-content\/uploads\/2023\/12\/pramonine-lentyna.jpg\",\"contentUrl\":\"https:\/\/metaltale.com\/wp-content\/uploads\/2023\/12\/pramonine-lentyna.jpg\",\"width\":800,\"height\":800,\"caption\":\"r\u016bpnieciskais plaukts\"},{\"@type\":\"BreadcrumbList\",\"@id\":\"https:\/\/metaltale.com\/lv\/produkts\/rupnieciskais-plaukts-terauds-3\/#breadcrumb\",\"itemListElement\":[{\"@type\":\"ListItem\",\"position\":1,\"name\":\"Home\",\"item\":\"https:\/\/metaltale.com\/lv\/majas\/\"},{\"@type\":\"ListItem\",\"position\":2,\"name\":\"Veikals\",\"item\":\"https:\/\/metaltale.com\/lv\/shop\/\"},{\"@type\":\"ListItem\",\"position\":3,\"name\":\"R\u016bpnieciskais plaukts T\u0112RAUDS 3\"}]},{\"@type\":\"WebSite\",\"@id\":\"https:\/\/metaltale.com\/lv\/#website\",\"url\":\"https:\/\/metaltale.com\/lv\/\",\"name\":\"Metaltale.com\",\"description\":\"\",\"potentialAction\":[{\"@type\":\"SearchAction\",\"target\":{\"@type\":\"EntryPoint\",\"urlTemplate\":\"https:\/\/metaltale.com\/lv\/?s={search_term_string}\"},\"query-input\":{\"@type\":\"PropertyValueSpecification\",\"valueRequired\":true,\"valueName\":\"search_term_string\"}}],\"inLanguage\":\"lv-LV\"}]}<\/script>\n<!-- \/ Yoast SEO plugin. -->","yoast_head_json":{"title":"R\u016bpnieciskais plaukts T\u0112RAUDS 3 - MetalTale.com","robots":{"index":"index","follow":"follow","max-snippet":"max-snippet:-1","max-image-preview":"max-image-preview:large","max-video-preview":"max-video-preview:-1"},"canonical":"https:\/\/metaltale.com\/lv\/produkts\/rupnieciskais-plaukts-terauds-3\/","og_locale":"lv_LV","og_type":"article","og_title":"R\u016bpnieciskais plaukts T\u0112RAUDS 3 - MetalTale.com","og_description":"Modelis ZA.SW.REG2W T\u0113rauda koka kolekcija EAN. 5905369914935 Materi\u0101ls Priede, t\u0113rauds Kop\u0113jais augstums (cm ) 190 Kop\u0113jais platums (cm ) 59","og_url":"https:\/\/metaltale.com\/lv\/produkts\/rupnieciskais-plaukts-terauds-3\/","og_site_name":"MetalTale.com","twitter_card":"summary_large_image","twitter_misc":{"Est. reading time":"1 minute"},"schema":{"@context":"https:\/\/schema.org","@graph":[{"@type":"WebPage","@id":"https:\/\/metaltale.com\/lv\/produkts\/rupnieciskais-plaukts-terauds-3\/","url":"https:\/\/metaltale.com\/lv\/produkts\/rupnieciskais-plaukts-terauds-3\/","name":"R\u016bpnieciskais plaukts T\u0112RAUDS 3 - MetalTale.com","isPartOf":{"@id":"https:\/\/metaltale.com\/lv\/#website"},"primaryImageOfPage":{"@id":"https:\/\/metaltale.com\/lv\/produkts\/rupnieciskais-plaukts-terauds-3\/#primaryimage"},"image":{"@id":"https:\/\/metaltale.com\/lv\/produkts\/rupnieciskais-plaukts-terauds-3\/#primaryimage"},"thumbnailUrl":"https:\/\/metaltale.com\/wp-content\/uploads\/2023\/12\/pramonine-lentyna.jpg","datePublished":"2024-02-13T13:19:05+00:00","breadcrumb":{"@id":"https:\/\/metaltale.com\/lv\/produkts\/rupnieciskais-plaukts-terauds-3\/#breadcrumb"},"inLanguage":"lv-LV","potentialAction":[{"@type":"ReadAction","target":["https:\/\/metaltale.com\/lv\/produkts\/rupnieciskais-plaukts-terauds-3\/"]}]},{"@type":"ImageObject","inLanguage":"lv-LV","@id":"https:\/\/metaltale.com\/lv\/produkts\/rupnieciskais-plaukts-terauds-3\/#primaryimage","url":"https:\/\/metaltale.com\/wp-content\/uploads\/2023\/12\/pramonine-lentyna.jpg","contentUrl":"https:\/\/metaltale.com\/wp-content\/uploads\/2023\/12\/pramonine-lentyna.jpg","width":800,"height":800,"caption":"r\u016bpnieciskais plaukts"},{"@type":"BreadcrumbList","@id":"https:\/\/metaltale.com\/lv\/produkts\/rupnieciskais-plaukts-terauds-3\/#breadcrumb","itemListElement":[{"@type":"ListItem","position":1,"name":"Home","item":"https:\/\/metaltale.com\/lv\/majas\/"},{"@type":"ListItem","position":2,"name":"Veikals","item":"https:\/\/metaltale.com\/lv\/shop\/"},{"@type":"ListItem","position":3,"name":"R\u016bpnieciskais plaukts T\u0112RAUDS 3"}]},{"@type":"WebSite","@id":"https:\/\/metaltale.com\/lv\/#website","url":"https:\/\/metaltale.com\/lv\/","name":"Metaltale.com","description":"","potentialAction":[{"@type":"SearchAction","target":{"@type":"EntryPoint","urlTemplate":"https:\/\/metaltale.com\/lv\/?s={search_term_string}"},"query-input":{"@type":"PropertyValueSpecification","valueRequired":true,"valueName":"search_term_string"}}],"inLanguage":"lv-LV"}]}},"_links":{"self":[{"href":"https:\/\/metaltale.com\/lv\/wp-json\/wp\/v2\/product\/133898","targetHints":{"allow":["GET"]}}],"collection":[{"href":"https:\/\/metaltale.com\/lv\/wp-json\/wp\/v2\/product"}],"about":[{"href":"https:\/\/metaltale.com\/lv\/wp-json\/wp\/v2\/types\/product"}],"replies":[{"embeddable":true,"href":"https:\/\/metaltale.com\/lv\/wp-json\/wp\/v2\/comments?post=133898"}],"version-history":[{"count":0,"href":"https:\/\/metaltale.com\/lv\/wp-json\/wp\/v2\/product\/133898\/revisions"}],"wp:featuredmedia":[{"embeddable":true,"href":"https:\/\/metaltale.com\/lv\/wp-json\/wp\/v2\/media\/119665"}],"wp:attachment":[{"href":"https:\/\/metaltale.com\/lv\/wp-json\/wp\/v2\/media?parent=133898"}],"wp:term":[{"taxonomy":"product_brand","embeddable":true,"href":"https:\/\/metaltale.com\/lv\/wp-json\/wp\/v2\/product_brand?post=133898"},{"taxonomy":"product_cat","embeddable":true,"href":"https:\/\/metaltale.com\/lv\/wp-json\/wp\/v2\/product_cat?post=133898"},{"taxonomy":"product_tag","embeddable":true,"href":"https:\/\/metaltale.com\/lv\/wp-json\/wp\/v2\/product_tag?post=133898"}],"curies":[{"name":"wp","href":"https:\/\/api.w.org\/{rel}","templated":true}]}}