{"id":133886,"date":"2024-02-13T15:19:05","date_gmt":"2024-02-13T13:19:05","guid":{"rendered":"https:\/\/metaltale.com\/produktas\/3d-metala-loft-desk-3-120x80-cm\/"},"modified":"2024-02-13T15:19:05","modified_gmt":"2024-02-13T13:19:05","slug":"3d-metala-loft-desk-3-120x80-cm","status":"publish","type":"product","link":"https:\/\/metaltale.com\/lv\/produkts\/3d-metala-loft-desk-3-120x80-cm\/","title":{"rendered":"3D met\u0101la LOFT DESK 3; 120&#215;80 cm"},"content":{"rendered":"<div class=\"prod_data\">\n<p><strong>Modelis<\/strong> PT.P120808<br \/>\n<strong>EAN.<\/strong>  5907772071878<br \/>\nOrient\u0101cija Horizont\u0101l\u0101<br \/>\nCilv\u0113ki ar mot\u012bviem<br \/>\n<strong>Materi\u0101ls<\/strong> T\u0113rauds<br \/>\n<strong>Biezums (cm<\/strong> ) 6<br \/>\n<strong>Platums (cm)<\/strong> 120<br \/>\n<strong>Augstums (cm<\/strong> ) 80<\/p>\n<p>&#8211; 3D met\u0101lisks att\u0113ls no p\u0101rstr\u0101d\u0101ta t\u0113rauda<br \/>\n&#8211; re\u0101li izci\u013c\u0146i<br \/>\n&#8211; kr\u0101sas, ko rada kr\u0101sa vai dabiska kr\u0101sas mai\u0146a un korozija.<br \/>\n&#8211; impregn\u0113\u0161ana ar bezkr\u0101sainu laku nodro\u0161ina kr\u0101sas notur\u012bbu un iztur\u012bbu pret skr\u0101p\u0113jumiem.<br \/>\n&#8211; \u0160aj\u0101 att\u0113l\u0101 redzami cilv\u0113ki ar lietussargiem lietain\u0101 dien\u0101.<\/p>\n<hr>\n<p>Tr\u012bsdimensiju gleznas ir lieliska d\u0101vana, kas rot\u0101s j\u016bsu interjeru un uz daudziem gadiem uzjund\u012bs siltas atmi\u0146as. Pla\u0161o, Manofaktura stila b\u0113ni\u0146u iek\u0101rtojumu nevar atst\u0101t vienaldz\u012bgu. Tie piesaista uzman\u012bbu, atdz\u012bvina, papildina vai izce\u013c iek\u0101rtoto interjeru b\u0113ni\u0146u raksturu. 3D gleznas ir \u012bsti m\u0101kslas darbi, kam rakstur\u012bga ar rok\u0101m veidota apdare, dabiska t\u0113rauda kr\u0101sas mai\u0146a un daudzas dekorat\u012bvas deta\u013cas, kas nav rakstur\u012bgas tradicion\u0101lajai glezniec\u012bbai. Pla\u0161ais sienu dekoru kl\u0101sts, kas pieejams vietn\u0113 Rustykalneuchwyty.pl, \u013cauj jums izv\u0113l\u0113ties piem\u0113rot\u0101ko j\u016bsu interjeram.<\/p>\n<\/div>\n","protected":false},"excerpt":{"rendered":"<p>Modelis PT.P120808 EAN. 5907772071878 Orient\u0101cija Horizont\u0101l\u0101 Cilv\u0113ki ar mot\u012bviem Materi\u0101ls T\u0113rauds Biezums (cm ) 6 Platums (cm) 120 Augstums (cm<\/p>\n","protected":false},"featured_media":104140,"comment_status":"open","ping_status":"closed","template":"","meta":{"_acf_changed":false,"pmpro_default_level":""},"product_brand":[],"product_cat":[24055,23908],"product_tag":[],"class_list":{"0":"post-133886","1":"product","2":"type-product","3":"status-publish","4":"has-post-thumbnail","6":"product_cat-rotajumi","7":"product_cat-3d-paveikslai-lv","8":"pmpro-has-access","10":"first","11":"instock","12":"shipping-taxable","13":"purchasable","14":"product-type-simple"},"acf":[],"yoast_head":"<!-- This site is optimized with the Yoast SEO plugin v24.9 - https:\/\/yoast.com\/wordpress\/plugins\/seo\/ -->\n<title>3D met\u0101la LOFT DESK 3; 120x80 cm - MetalTale.com<\/title>\n<meta name=\"robots\" content=\"index, follow, max-snippet:-1, max-image-preview:large, max-video-preview:-1\" \/>\n<link rel=\"canonical\" href=\"https:\/\/metaltale.com\/lv\/produkts\/3d-metala-loft-desk-3-120x80-cm\/\" \/>\n<meta property=\"og:locale\" content=\"lv_LV\" \/>\n<meta property=\"og:type\" content=\"article\" \/>\n<meta property=\"og:title\" content=\"3D met\u0101la LOFT DESK 3; 120x80 cm - MetalTale.com\" \/>\n<meta property=\"og:description\" content=\"Modelis PT.P120808 EAN. 5907772071878 Orient\u0101cija Horizont\u0101l\u0101 Cilv\u0113ki ar mot\u012bviem Materi\u0101ls T\u0113rauds Biezums (cm ) 6 Platums (cm) 120 Augstums (cm\" \/>\n<meta property=\"og:url\" content=\"https:\/\/metaltale.com\/lv\/produkts\/3d-metala-loft-desk-3-120x80-cm\/\" \/>\n<meta property=\"og:site_name\" content=\"MetalTale.com\" \/>\n<meta property=\"og:image\" content=\"http:\/\/metaltale.com\/wp-content\/uploads\/2023\/11\/3D-DRENAx17DAS-3.jpg\" \/>\n\t<meta property=\"og:image:width\" content=\"800\" \/>\n\t<meta property=\"og:image:height\" content=\"800\" \/>\n\t<meta property=\"og:image:type\" content=\"image\/jpeg\" \/>\n<meta name=\"twitter:card\" content=\"summary_large_image\" \/>\n<meta name=\"twitter:label1\" content=\"Est. reading time\" \/>\n\t<meta name=\"twitter:data1\" content=\"1 minute\" \/>\n<script type=\"application\/ld+json\" class=\"yoast-schema-graph\">{\"@context\":\"https:\/\/schema.org\",\"@graph\":[{\"@type\":\"WebPage\",\"@id\":\"https:\/\/metaltale.com\/lv\/produkts\/3d-metala-loft-desk-3-120x80-cm\/\",\"url\":\"https:\/\/metaltale.com\/lv\/produkts\/3d-metala-loft-desk-3-120x80-cm\/\",\"name\":\"3D met\u0101la LOFT DESK 3; 120x80 cm - MetalTale.com\",\"isPartOf\":{\"@id\":\"https:\/\/metaltale.com\/lv\/#website\"},\"primaryImageOfPage\":{\"@id\":\"https:\/\/metaltale.com\/lv\/produkts\/3d-metala-loft-desk-3-120x80-cm\/#primaryimage\"},\"image\":{\"@id\":\"https:\/\/metaltale.com\/lv\/produkts\/3d-metala-loft-desk-3-120x80-cm\/#primaryimage\"},\"thumbnailUrl\":\"https:\/\/metaltale.com\/wp-content\/uploads\/2023\/11\/3D-DRENAx17DAS-3.jpg\",\"datePublished\":\"2024-02-13T13:19:05+00:00\",\"breadcrumb\":{\"@id\":\"https:\/\/metaltale.com\/lv\/produkts\/3d-metala-loft-desk-3-120x80-cm\/#breadcrumb\"},\"inLanguage\":\"lv-LV\",\"potentialAction\":[{\"@type\":\"ReadAction\",\"target\":[\"https:\/\/metaltale.com\/lv\/produkts\/3d-metala-loft-desk-3-120x80-cm\/\"]}]},{\"@type\":\"ImageObject\",\"inLanguage\":\"lv-LV\",\"@id\":\"https:\/\/metaltale.com\/lv\/produkts\/3d-metala-loft-desk-3-120x80-cm\/#primaryimage\",\"url\":\"https:\/\/metaltale.com\/wp-content\/uploads\/2023\/11\/3D-DRENAx17DAS-3.jpg\",\"contentUrl\":\"https:\/\/metaltale.com\/wp-content\/uploads\/2023\/11\/3D-DRENAx17DAS-3.jpg\",\"width\":800,\"height\":800},{\"@type\":\"BreadcrumbList\",\"@id\":\"https:\/\/metaltale.com\/lv\/produkts\/3d-metala-loft-desk-3-120x80-cm\/#breadcrumb\",\"itemListElement\":[{\"@type\":\"ListItem\",\"position\":1,\"name\":\"Home\",\"item\":\"https:\/\/metaltale.com\/lv\/majas\/\"},{\"@type\":\"ListItem\",\"position\":2,\"name\":\"Veikals\",\"item\":\"https:\/\/metaltale.com\/lv\/shop\/\"},{\"@type\":\"ListItem\",\"position\":3,\"name\":\"3D met\u0101la LOFT DESK 3; 120&#215;80 cm\"}]},{\"@type\":\"WebSite\",\"@id\":\"https:\/\/metaltale.com\/lv\/#website\",\"url\":\"https:\/\/metaltale.com\/lv\/\",\"name\":\"Metaltale.com\",\"description\":\"\",\"potentialAction\":[{\"@type\":\"SearchAction\",\"target\":{\"@type\":\"EntryPoint\",\"urlTemplate\":\"https:\/\/metaltale.com\/lv\/?s={search_term_string}\"},\"query-input\":{\"@type\":\"PropertyValueSpecification\",\"valueRequired\":true,\"valueName\":\"search_term_string\"}}],\"inLanguage\":\"lv-LV\"}]}<\/script>\n<!-- \/ Yoast SEO plugin. -->","yoast_head_json":{"title":"3D met\u0101la LOFT DESK 3; 120x80 cm - MetalTale.com","robots":{"index":"index","follow":"follow","max-snippet":"max-snippet:-1","max-image-preview":"max-image-preview:large","max-video-preview":"max-video-preview:-1"},"canonical":"https:\/\/metaltale.com\/lv\/produkts\/3d-metala-loft-desk-3-120x80-cm\/","og_locale":"lv_LV","og_type":"article","og_title":"3D met\u0101la LOFT DESK 3; 120x80 cm - MetalTale.com","og_description":"Modelis PT.P120808 EAN. 5907772071878 Orient\u0101cija Horizont\u0101l\u0101 Cilv\u0113ki ar mot\u012bviem Materi\u0101ls T\u0113rauds Biezums (cm ) 6 Platums (cm) 120 Augstums (cm","og_url":"https:\/\/metaltale.com\/lv\/produkts\/3d-metala-loft-desk-3-120x80-cm\/","og_site_name":"MetalTale.com","og_image":[{"width":800,"height":800,"url":"http:\/\/metaltale.com\/wp-content\/uploads\/2023\/11\/3D-DRENAx17DAS-3.jpg","type":"image\/jpeg"}],"twitter_card":"summary_large_image","twitter_misc":{"Est. reading time":"1 minute"},"schema":{"@context":"https:\/\/schema.org","@graph":[{"@type":"WebPage","@id":"https:\/\/metaltale.com\/lv\/produkts\/3d-metala-loft-desk-3-120x80-cm\/","url":"https:\/\/metaltale.com\/lv\/produkts\/3d-metala-loft-desk-3-120x80-cm\/","name":"3D met\u0101la LOFT DESK 3; 120x80 cm - MetalTale.com","isPartOf":{"@id":"https:\/\/metaltale.com\/lv\/#website"},"primaryImageOfPage":{"@id":"https:\/\/metaltale.com\/lv\/produkts\/3d-metala-loft-desk-3-120x80-cm\/#primaryimage"},"image":{"@id":"https:\/\/metaltale.com\/lv\/produkts\/3d-metala-loft-desk-3-120x80-cm\/#primaryimage"},"thumbnailUrl":"https:\/\/metaltale.com\/wp-content\/uploads\/2023\/11\/3D-DRENAx17DAS-3.jpg","datePublished":"2024-02-13T13:19:05+00:00","breadcrumb":{"@id":"https:\/\/metaltale.com\/lv\/produkts\/3d-metala-loft-desk-3-120x80-cm\/#breadcrumb"},"inLanguage":"lv-LV","potentialAction":[{"@type":"ReadAction","target":["https:\/\/metaltale.com\/lv\/produkts\/3d-metala-loft-desk-3-120x80-cm\/"]}]},{"@type":"ImageObject","inLanguage":"lv-LV","@id":"https:\/\/metaltale.com\/lv\/produkts\/3d-metala-loft-desk-3-120x80-cm\/#primaryimage","url":"https:\/\/metaltale.com\/wp-content\/uploads\/2023\/11\/3D-DRENAx17DAS-3.jpg","contentUrl":"https:\/\/metaltale.com\/wp-content\/uploads\/2023\/11\/3D-DRENAx17DAS-3.jpg","width":800,"height":800},{"@type":"BreadcrumbList","@id":"https:\/\/metaltale.com\/lv\/produkts\/3d-metala-loft-desk-3-120x80-cm\/#breadcrumb","itemListElement":[{"@type":"ListItem","position":1,"name":"Home","item":"https:\/\/metaltale.com\/lv\/majas\/"},{"@type":"ListItem","position":2,"name":"Veikals","item":"https:\/\/metaltale.com\/lv\/shop\/"},{"@type":"ListItem","position":3,"name":"3D met\u0101la LOFT DESK 3; 120&#215;80 cm"}]},{"@type":"WebSite","@id":"https:\/\/metaltale.com\/lv\/#website","url":"https:\/\/metaltale.com\/lv\/","name":"Metaltale.com","description":"","potentialAction":[{"@type":"SearchAction","target":{"@type":"EntryPoint","urlTemplate":"https:\/\/metaltale.com\/lv\/?s={search_term_string}"},"query-input":{"@type":"PropertyValueSpecification","valueRequired":true,"valueName":"search_term_string"}}],"inLanguage":"lv-LV"}]}},"_links":{"self":[{"href":"https:\/\/metaltale.com\/lv\/wp-json\/wp\/v2\/product\/133886","targetHints":{"allow":["GET"]}}],"collection":[{"href":"https:\/\/metaltale.com\/lv\/wp-json\/wp\/v2\/product"}],"about":[{"href":"https:\/\/metaltale.com\/lv\/wp-json\/wp\/v2\/types\/product"}],"replies":[{"embeddable":true,"href":"https:\/\/metaltale.com\/lv\/wp-json\/wp\/v2\/comments?post=133886"}],"version-history":[{"count":0,"href":"https:\/\/metaltale.com\/lv\/wp-json\/wp\/v2\/product\/133886\/revisions"}],"wp:featuredmedia":[{"embeddable":true,"href":"https:\/\/metaltale.com\/lv\/wp-json\/wp\/v2\/media\/104140"}],"wp:attachment":[{"href":"https:\/\/metaltale.com\/lv\/wp-json\/wp\/v2\/media?parent=133886"}],"wp:term":[{"taxonomy":"product_brand","embeddable":true,"href":"https:\/\/metaltale.com\/lv\/wp-json\/wp\/v2\/product_brand?post=133886"},{"taxonomy":"product_cat","embeddable":true,"href":"https:\/\/metaltale.com\/lv\/wp-json\/wp\/v2\/product_cat?post=133886"},{"taxonomy":"product_tag","embeddable":true,"href":"https:\/\/metaltale.com\/lv\/wp-json\/wp\/v2\/product_tag?post=133886"}],"curies":[{"name":"wp","href":"https:\/\/api.w.org\/{rel}","templated":true}]}}