{"id":133868,"date":"2024-02-13T15:19:05","date_gmt":"2024-02-13T13:19:05","guid":{"rendered":"https:\/\/metaltale.com\/produktas\/stura-mebeles-stura-corner-50-mm-melns\/"},"modified":"2024-02-13T15:19:05","modified_gmt":"2024-02-13T13:19:05","slug":"stura-mebeles-stura-corner-50-mm-melns","status":"publish","type":"product","link":"https:\/\/metaltale.com\/lv\/produkts\/stura-mebeles-stura-corner-50-mm-melns\/","title":{"rendered":"St\u016bra m\u0113beles st\u016bra CORNER 50 mm melns"},"content":{"rendered":"<div class=\"prod_data\">\n<p><strong>Modelis<\/strong> 49.075B.ABW.50<br \/>\n<strong>EAN.<\/strong>  5905369919237<br \/>\n<strong>Materi\u0101ls<\/strong> T\u0113rauds<br \/>\n<strong>Kop\u0113jais augstums (cm<\/strong> ) 5<br \/>\n<strong>Kop\u0113jais platums (cm<\/strong> ) 5<br \/>\n<strong>Pamatnes izm\u0113ri (cm)<\/strong> 5 x 5<br \/>\n<strong>Lab\u0101s puses platums (cm<\/strong> ) 5<br \/>\n<strong>Kreis\u0101s puses platums (cm<\/strong> ) 5<br \/>\nKr\u0101sa Melna<\/p>\n<p><strong>Lauku stilam<\/strong> rakstur\u012bga iez\u012bme ir da\u017e\u0101du m\u0113be\u013cu aksesu\u0101ru un dekor\u0101ciju iek\u013cau\u0161ana interjer\u0101.<\/p>\n<p>Papildus aizsargfunkcijai m\u0113be\u013cu st\u016bris nodro\u0161ina ar\u012b dekor\u0113jam\u0101 priek\u0161meta est\u0113tisko v\u0113rt\u012bbu, neatkar\u012bgi no t\u0101, vai t\u0101 ir <strong>kumode<\/strong>, <strong>kumode<\/strong> vai mas\u012bva kumode. Pla\u0161ais pielietojumu kl\u0101sts sniedz mums gandr\u012bz neierobe\u017eotas piel\u0101go\u0161anas iesp\u0113jas. St\u016bris ir izgatavots, izmantojot klasisk\u0101s tehnikas pa\u0146\u0113mienus un augstas kvalit\u0101tes t\u0113raudu, kas izstr\u0101des procesa p\u0113d\u0113jos posmos ir apzin\u0101ti novecojis.<\/p>\n<\/div>\n","protected":false},"excerpt":{"rendered":"<p>Modelis 49.075B.ABW.50 EAN. 5905369919237 Materi\u0101ls T\u0113rauds Kop\u0113jais augstums (cm ) 5 Kop\u0113jais platums (cm ) 5 Pamatnes izm\u0113ri (cm) 5<\/p>\n","protected":false},"featured_media":75085,"comment_status":"open","ping_status":"closed","template":"","meta":{"_acf_changed":false,"pmpro_default_level":""},"product_brand":[],"product_cat":[23837,23886],"product_tag":[],"class_list":{"0":"post-133868","1":"product","2":"type-product","3":"status-publish","4":"has-post-thumbnail","6":"product_cat-mebeles-piederumi","7":"product_cat-statybines-ir-baldu-jungtys-lv","8":"pmpro-has-access","10":"first","11":"instock","12":"shipping-taxable","13":"purchasable","14":"product-type-simple"},"acf":[],"yoast_head":"<!-- This site is optimized with the Yoast SEO plugin v24.9 - https:\/\/yoast.com\/wordpress\/plugins\/seo\/ -->\n<title>St\u016bra m\u0113beles st\u016bra CORNER 50 mm melns - MetalTale.com<\/title>\n<meta name=\"robots\" content=\"index, follow, max-snippet:-1, max-image-preview:large, max-video-preview:-1\" \/>\n<link rel=\"canonical\" href=\"https:\/\/metaltale.com\/lv\/produkts\/stura-mebeles-stura-corner-50-mm-melns\/\" \/>\n<meta property=\"og:locale\" content=\"lv_LV\" \/>\n<meta property=\"og:type\" content=\"article\" \/>\n<meta property=\"og:title\" content=\"St\u016bra m\u0113beles st\u016bra CORNER 50 mm melns - MetalTale.com\" \/>\n<meta property=\"og:description\" content=\"Modelis 49.075B.ABW.50 EAN. 5905369919237 Materi\u0101ls T\u0113rauds Kop\u0113jais augstums (cm ) 5 Kop\u0113jais platums (cm ) 5 Pamatnes izm\u0113ri (cm) 5\" \/>\n<meta property=\"og:url\" content=\"https:\/\/metaltale.com\/lv\/produkts\/stura-mebeles-stura-corner-50-mm-melns\/\" \/>\n<meta property=\"og:site_name\" content=\"MetalTale.com\" \/>\n<meta name=\"twitter:card\" content=\"summary_large_image\" \/>\n<meta name=\"twitter:label1\" content=\"Est. reading time\" \/>\n\t<meta name=\"twitter:data1\" content=\"1 minute\" \/>\n<script type=\"application\/ld+json\" class=\"yoast-schema-graph\">{\"@context\":\"https:\/\/schema.org\",\"@graph\":[{\"@type\":\"WebPage\",\"@id\":\"https:\/\/metaltale.com\/lv\/produkts\/stura-mebeles-stura-corner-50-mm-melns\/\",\"url\":\"https:\/\/metaltale.com\/lv\/produkts\/stura-mebeles-stura-corner-50-mm-melns\/\",\"name\":\"St\u016bra m\u0113beles st\u016bra CORNER 50 mm melns - MetalTale.com\",\"isPartOf\":{\"@id\":\"https:\/\/metaltale.com\/lv\/#website\"},\"primaryImageOfPage\":{\"@id\":\"https:\/\/metaltale.com\/lv\/produkts\/stura-mebeles-stura-corner-50-mm-melns\/#primaryimage\"},\"image\":{\"@id\":\"https:\/\/metaltale.com\/lv\/produkts\/stura-mebeles-stura-corner-50-mm-melns\/#primaryimage\"},\"thumbnailUrl\":\"https:\/\/metaltale.com\/wp-content\/uploads\/2023\/09\/Kampinis-baldx173-blokas-kampinis-blokas-50-juodas.jpg\",\"datePublished\":\"2024-02-13T13:19:05+00:00\",\"breadcrumb\":{\"@id\":\"https:\/\/metaltale.com\/lv\/produkts\/stura-mebeles-stura-corner-50-mm-melns\/#breadcrumb\"},\"inLanguage\":\"lv-LV\",\"potentialAction\":[{\"@type\":\"ReadAction\",\"target\":[\"https:\/\/metaltale.com\/lv\/produkts\/stura-mebeles-stura-corner-50-mm-melns\/\"]}]},{\"@type\":\"ImageObject\",\"inLanguage\":\"lv-LV\",\"@id\":\"https:\/\/metaltale.com\/lv\/produkts\/stura-mebeles-stura-corner-50-mm-melns\/#primaryimage\",\"url\":\"https:\/\/metaltale.com\/wp-content\/uploads\/2023\/09\/Kampinis-baldx173-blokas-kampinis-blokas-50-juodas.jpg\",\"contentUrl\":\"https:\/\/metaltale.com\/wp-content\/uploads\/2023\/09\/Kampinis-baldx173-blokas-kampinis-blokas-50-juodas.jpg\",\"width\":800,\"height\":800,\"caption\":\"St\u016bra m\u0113beles st\u016bra CORNER 50 mm melns\"},{\"@type\":\"BreadcrumbList\",\"@id\":\"https:\/\/metaltale.com\/lv\/produkts\/stura-mebeles-stura-corner-50-mm-melns\/#breadcrumb\",\"itemListElement\":[{\"@type\":\"ListItem\",\"position\":1,\"name\":\"Home\",\"item\":\"https:\/\/metaltale.com\/lv\/majas\/\"},{\"@type\":\"ListItem\",\"position\":2,\"name\":\"Veikals\",\"item\":\"https:\/\/metaltale.com\/lv\/shop\/\"},{\"@type\":\"ListItem\",\"position\":3,\"name\":\"St\u016bra m\u0113beles st\u016bra CORNER 50 mm melns\"}]},{\"@type\":\"WebSite\",\"@id\":\"https:\/\/metaltale.com\/lv\/#website\",\"url\":\"https:\/\/metaltale.com\/lv\/\",\"name\":\"Metaltale.com\",\"description\":\"\",\"potentialAction\":[{\"@type\":\"SearchAction\",\"target\":{\"@type\":\"EntryPoint\",\"urlTemplate\":\"https:\/\/metaltale.com\/lv\/?s={search_term_string}\"},\"query-input\":{\"@type\":\"PropertyValueSpecification\",\"valueRequired\":true,\"valueName\":\"search_term_string\"}}],\"inLanguage\":\"lv-LV\"}]}<\/script>\n<!-- \/ Yoast SEO plugin. -->","yoast_head_json":{"title":"St\u016bra m\u0113beles st\u016bra CORNER 50 mm melns - MetalTale.com","robots":{"index":"index","follow":"follow","max-snippet":"max-snippet:-1","max-image-preview":"max-image-preview:large","max-video-preview":"max-video-preview:-1"},"canonical":"https:\/\/metaltale.com\/lv\/produkts\/stura-mebeles-stura-corner-50-mm-melns\/","og_locale":"lv_LV","og_type":"article","og_title":"St\u016bra m\u0113beles st\u016bra CORNER 50 mm melns - MetalTale.com","og_description":"Modelis 49.075B.ABW.50 EAN. 5905369919237 Materi\u0101ls T\u0113rauds Kop\u0113jais augstums (cm ) 5 Kop\u0113jais platums (cm ) 5 Pamatnes izm\u0113ri (cm) 5","og_url":"https:\/\/metaltale.com\/lv\/produkts\/stura-mebeles-stura-corner-50-mm-melns\/","og_site_name":"MetalTale.com","twitter_card":"summary_large_image","twitter_misc":{"Est. reading time":"1 minute"},"schema":{"@context":"https:\/\/schema.org","@graph":[{"@type":"WebPage","@id":"https:\/\/metaltale.com\/lv\/produkts\/stura-mebeles-stura-corner-50-mm-melns\/","url":"https:\/\/metaltale.com\/lv\/produkts\/stura-mebeles-stura-corner-50-mm-melns\/","name":"St\u016bra m\u0113beles st\u016bra CORNER 50 mm melns - MetalTale.com","isPartOf":{"@id":"https:\/\/metaltale.com\/lv\/#website"},"primaryImageOfPage":{"@id":"https:\/\/metaltale.com\/lv\/produkts\/stura-mebeles-stura-corner-50-mm-melns\/#primaryimage"},"image":{"@id":"https:\/\/metaltale.com\/lv\/produkts\/stura-mebeles-stura-corner-50-mm-melns\/#primaryimage"},"thumbnailUrl":"https:\/\/metaltale.com\/wp-content\/uploads\/2023\/09\/Kampinis-baldx173-blokas-kampinis-blokas-50-juodas.jpg","datePublished":"2024-02-13T13:19:05+00:00","breadcrumb":{"@id":"https:\/\/metaltale.com\/lv\/produkts\/stura-mebeles-stura-corner-50-mm-melns\/#breadcrumb"},"inLanguage":"lv-LV","potentialAction":[{"@type":"ReadAction","target":["https:\/\/metaltale.com\/lv\/produkts\/stura-mebeles-stura-corner-50-mm-melns\/"]}]},{"@type":"ImageObject","inLanguage":"lv-LV","@id":"https:\/\/metaltale.com\/lv\/produkts\/stura-mebeles-stura-corner-50-mm-melns\/#primaryimage","url":"https:\/\/metaltale.com\/wp-content\/uploads\/2023\/09\/Kampinis-baldx173-blokas-kampinis-blokas-50-juodas.jpg","contentUrl":"https:\/\/metaltale.com\/wp-content\/uploads\/2023\/09\/Kampinis-baldx173-blokas-kampinis-blokas-50-juodas.jpg","width":800,"height":800,"caption":"St\u016bra m\u0113beles st\u016bra CORNER 50 mm melns"},{"@type":"BreadcrumbList","@id":"https:\/\/metaltale.com\/lv\/produkts\/stura-mebeles-stura-corner-50-mm-melns\/#breadcrumb","itemListElement":[{"@type":"ListItem","position":1,"name":"Home","item":"https:\/\/metaltale.com\/lv\/majas\/"},{"@type":"ListItem","position":2,"name":"Veikals","item":"https:\/\/metaltale.com\/lv\/shop\/"},{"@type":"ListItem","position":3,"name":"St\u016bra m\u0113beles st\u016bra CORNER 50 mm melns"}]},{"@type":"WebSite","@id":"https:\/\/metaltale.com\/lv\/#website","url":"https:\/\/metaltale.com\/lv\/","name":"Metaltale.com","description":"","potentialAction":[{"@type":"SearchAction","target":{"@type":"EntryPoint","urlTemplate":"https:\/\/metaltale.com\/lv\/?s={search_term_string}"},"query-input":{"@type":"PropertyValueSpecification","valueRequired":true,"valueName":"search_term_string"}}],"inLanguage":"lv-LV"}]}},"_links":{"self":[{"href":"https:\/\/metaltale.com\/lv\/wp-json\/wp\/v2\/product\/133868","targetHints":{"allow":["GET"]}}],"collection":[{"href":"https:\/\/metaltale.com\/lv\/wp-json\/wp\/v2\/product"}],"about":[{"href":"https:\/\/metaltale.com\/lv\/wp-json\/wp\/v2\/types\/product"}],"replies":[{"embeddable":true,"href":"https:\/\/metaltale.com\/lv\/wp-json\/wp\/v2\/comments?post=133868"}],"version-history":[{"count":0,"href":"https:\/\/metaltale.com\/lv\/wp-json\/wp\/v2\/product\/133868\/revisions"}],"wp:featuredmedia":[{"embeddable":true,"href":"https:\/\/metaltale.com\/lv\/wp-json\/wp\/v2\/media\/75085"}],"wp:attachment":[{"href":"https:\/\/metaltale.com\/lv\/wp-json\/wp\/v2\/media?parent=133868"}],"wp:term":[{"taxonomy":"product_brand","embeddable":true,"href":"https:\/\/metaltale.com\/lv\/wp-json\/wp\/v2\/product_brand?post=133868"},{"taxonomy":"product_cat","embeddable":true,"href":"https:\/\/metaltale.com\/lv\/wp-json\/wp\/v2\/product_cat?post=133868"},{"taxonomy":"product_tag","embeddable":true,"href":"https:\/\/metaltale.com\/lv\/wp-json\/wp\/v2\/product_tag?post=133868"}],"curies":[{"name":"wp","href":"https:\/\/api.w.org\/{rel}","templated":true}]}}