{"id":133863,"date":"2024-02-13T15:17:46","date_gmt":"2024-02-13T13:17:46","guid":{"rendered":"https:\/\/metaltale.com\/produktas\/atslegu-gredzena-emblema-oval\/"},"modified":"2024-02-13T15:17:46","modified_gmt":"2024-02-13T13:17:46","slug":"atslegu-gredzena-emblema-oval","status":"publish","type":"product","link":"https:\/\/metaltale.com\/lv\/produkts\/atslegu-gredzena-emblema-oval\/","title":{"rendered":"Atsl\u0113gu gredzena embl\u0113ma OVAL"},"content":{"rendered":"<div class=\"prod_data\">\n<p><strong>Modelis<\/strong> 05.349.AI.45<br \/>\n<strong>EAN.<\/strong>  5905369916724<br \/>\nMateri\u0101ls Ketus<br \/>\n<strong>Kop\u0113jais augstums (cm<\/strong> ) 4,5<br \/>\n<strong>Kop\u0113jais platums (cm<\/strong> ) 3<br \/>\nT\u0113rauda <strong>kr\u0101sa<\/strong> <\/p>\n<hr>\n<p><span style=\"font-size: medium;\">\u013boti vienk\u0101r\u0161a un neapstr\u0101d\u0101ta atsl\u0113gas z\u012bme, kas izgatavota no \u010duguna. Tas lieliski papildin\u0101s lauku durvju raksturu. Sakar\u0101 ar izm\u0113ru izstr\u0101d\u0101jums galvenok\u0101rt ir paredz\u0113ts durv\u012bm un liel\u0101k\u0101m m\u0113bel\u0113m.  <\/span><\/p>\n<hr>\n<p><span style=\"color: #d0121a;\"> <\/span><\/p>\n<\/div>\n","protected":false},"excerpt":{"rendered":"<p>Modelis 05.349.AI.45 EAN. 5905369916724 Materi\u0101ls Ketus Kop\u0113jais augstums (cm ) 4,5 Kop\u0113jais platums (cm ) 3 T\u0113rauda kr\u0101sa \u013boti vienk\u0101r\u0161a<\/p>\n","protected":false},"featured_media":117272,"comment_status":"open","ping_status":"closed","template":"","meta":{"_acf_changed":false,"pmpro_default_level":""},"product_brand":[],"product_cat":[24095,23837],"product_tag":[],"class_list":{"0":"post-133863","1":"product","2":"type-product","3":"status-publish","4":"has-post-thumbnail","6":"product_cat-atslegu-vacini","7":"product_cat-mebeles-piederumi","8":"pmpro-has-access","10":"first","11":"instock","12":"shipping-taxable","13":"purchasable","14":"product-type-simple"},"acf":[],"yoast_head":"<!-- This site is optimized with the Yoast SEO plugin v24.9 - https:\/\/yoast.com\/wordpress\/plugins\/seo\/ -->\n<title>Atsl\u0113gu gredzena embl\u0113ma OVAL - MetalTale.com<\/title>\n<meta name=\"robots\" content=\"index, follow, max-snippet:-1, max-image-preview:large, max-video-preview:-1\" \/>\n<link rel=\"canonical\" href=\"https:\/\/metaltale.com\/lv\/produkts\/atslegu-gredzena-emblema-oval\/\" \/>\n<meta property=\"og:locale\" content=\"lv_LV\" \/>\n<meta property=\"og:type\" content=\"article\" \/>\n<meta property=\"og:title\" content=\"Atsl\u0113gu gredzena embl\u0113ma OVAL - MetalTale.com\" \/>\n<meta property=\"og:description\" content=\"Modelis 05.349.AI.45 EAN. 5905369916724 Materi\u0101ls Ketus Kop\u0113jais augstums (cm ) 4,5 Kop\u0113jais platums (cm ) 3 T\u0113rauda kr\u0101sa \u013boti vienk\u0101r\u0161a\" \/>\n<meta property=\"og:url\" content=\"https:\/\/metaltale.com\/lv\/produkts\/atslegu-gredzena-emblema-oval\/\" \/>\n<meta property=\"og:site_name\" content=\"MetalTale.com\" \/>\n<meta name=\"twitter:card\" content=\"summary_large_image\" \/>\n<script type=\"application\/ld+json\" class=\"yoast-schema-graph\">{\"@context\":\"https:\/\/schema.org\",\"@graph\":[{\"@type\":\"WebPage\",\"@id\":\"https:\/\/metaltale.com\/lv\/produkts\/atslegu-gredzena-emblema-oval\/\",\"url\":\"https:\/\/metaltale.com\/lv\/produkts\/atslegu-gredzena-emblema-oval\/\",\"name\":\"Atsl\u0113gu gredzena embl\u0113ma OVAL - MetalTale.com\",\"isPartOf\":{\"@id\":\"https:\/\/metaltale.com\/lv\/#website\"},\"primaryImageOfPage\":{\"@id\":\"https:\/\/metaltale.com\/lv\/produkts\/atslegu-gredzena-emblema-oval\/#primaryimage\"},\"image\":{\"@id\":\"https:\/\/metaltale.com\/lv\/produkts\/atslegu-gredzena-emblema-oval\/#primaryimage\"},\"thumbnailUrl\":\"https:\/\/metaltale.com\/wp-content\/uploads\/2023\/12\/Raktx173-x17Eiedo-emblema-OVAL.jpg\",\"datePublished\":\"2024-02-13T13:17:46+00:00\",\"breadcrumb\":{\"@id\":\"https:\/\/metaltale.com\/lv\/produkts\/atslegu-gredzena-emblema-oval\/#breadcrumb\"},\"inLanguage\":\"lv-LV\",\"potentialAction\":[{\"@type\":\"ReadAction\",\"target\":[\"https:\/\/metaltale.com\/lv\/produkts\/atslegu-gredzena-emblema-oval\/\"]}]},{\"@type\":\"ImageObject\",\"inLanguage\":\"lv-LV\",\"@id\":\"https:\/\/metaltale.com\/lv\/produkts\/atslegu-gredzena-emblema-oval\/#primaryimage\",\"url\":\"https:\/\/metaltale.com\/wp-content\/uploads\/2023\/12\/Raktx173-x17Eiedo-emblema-OVAL.jpg\",\"contentUrl\":\"https:\/\/metaltale.com\/wp-content\/uploads\/2023\/12\/Raktx173-x17Eiedo-emblema-OVAL.jpg\",\"width\":800,\"height\":800,\"caption\":\"Atsl\u0113gu gredzena embl\u0113ma OVAL\"},{\"@type\":\"BreadcrumbList\",\"@id\":\"https:\/\/metaltale.com\/lv\/produkts\/atslegu-gredzena-emblema-oval\/#breadcrumb\",\"itemListElement\":[{\"@type\":\"ListItem\",\"position\":1,\"name\":\"Home\",\"item\":\"https:\/\/metaltale.com\/lv\/majas\/\"},{\"@type\":\"ListItem\",\"position\":2,\"name\":\"Veikals\",\"item\":\"https:\/\/metaltale.com\/lv\/shop\/\"},{\"@type\":\"ListItem\",\"position\":3,\"name\":\"Atsl\u0113gu gredzena embl\u0113ma OVAL\"}]},{\"@type\":\"WebSite\",\"@id\":\"https:\/\/metaltale.com\/lv\/#website\",\"url\":\"https:\/\/metaltale.com\/lv\/\",\"name\":\"Metaltale.com\",\"description\":\"\",\"potentialAction\":[{\"@type\":\"SearchAction\",\"target\":{\"@type\":\"EntryPoint\",\"urlTemplate\":\"https:\/\/metaltale.com\/lv\/?s={search_term_string}\"},\"query-input\":{\"@type\":\"PropertyValueSpecification\",\"valueRequired\":true,\"valueName\":\"search_term_string\"}}],\"inLanguage\":\"lv-LV\"}]}<\/script>\n<!-- \/ Yoast SEO plugin. -->","yoast_head_json":{"title":"Atsl\u0113gu gredzena embl\u0113ma OVAL - MetalTale.com","robots":{"index":"index","follow":"follow","max-snippet":"max-snippet:-1","max-image-preview":"max-image-preview:large","max-video-preview":"max-video-preview:-1"},"canonical":"https:\/\/metaltale.com\/lv\/produkts\/atslegu-gredzena-emblema-oval\/","og_locale":"lv_LV","og_type":"article","og_title":"Atsl\u0113gu gredzena embl\u0113ma OVAL - MetalTale.com","og_description":"Modelis 05.349.AI.45 EAN. 5905369916724 Materi\u0101ls Ketus Kop\u0113jais augstums (cm ) 4,5 Kop\u0113jais platums (cm ) 3 T\u0113rauda kr\u0101sa \u013boti vienk\u0101r\u0161a","og_url":"https:\/\/metaltale.com\/lv\/produkts\/atslegu-gredzena-emblema-oval\/","og_site_name":"MetalTale.com","twitter_card":"summary_large_image","schema":{"@context":"https:\/\/schema.org","@graph":[{"@type":"WebPage","@id":"https:\/\/metaltale.com\/lv\/produkts\/atslegu-gredzena-emblema-oval\/","url":"https:\/\/metaltale.com\/lv\/produkts\/atslegu-gredzena-emblema-oval\/","name":"Atsl\u0113gu gredzena embl\u0113ma OVAL - MetalTale.com","isPartOf":{"@id":"https:\/\/metaltale.com\/lv\/#website"},"primaryImageOfPage":{"@id":"https:\/\/metaltale.com\/lv\/produkts\/atslegu-gredzena-emblema-oval\/#primaryimage"},"image":{"@id":"https:\/\/metaltale.com\/lv\/produkts\/atslegu-gredzena-emblema-oval\/#primaryimage"},"thumbnailUrl":"https:\/\/metaltale.com\/wp-content\/uploads\/2023\/12\/Raktx173-x17Eiedo-emblema-OVAL.jpg","datePublished":"2024-02-13T13:17:46+00:00","breadcrumb":{"@id":"https:\/\/metaltale.com\/lv\/produkts\/atslegu-gredzena-emblema-oval\/#breadcrumb"},"inLanguage":"lv-LV","potentialAction":[{"@type":"ReadAction","target":["https:\/\/metaltale.com\/lv\/produkts\/atslegu-gredzena-emblema-oval\/"]}]},{"@type":"ImageObject","inLanguage":"lv-LV","@id":"https:\/\/metaltale.com\/lv\/produkts\/atslegu-gredzena-emblema-oval\/#primaryimage","url":"https:\/\/metaltale.com\/wp-content\/uploads\/2023\/12\/Raktx173-x17Eiedo-emblema-OVAL.jpg","contentUrl":"https:\/\/metaltale.com\/wp-content\/uploads\/2023\/12\/Raktx173-x17Eiedo-emblema-OVAL.jpg","width":800,"height":800,"caption":"Atsl\u0113gu gredzena embl\u0113ma OVAL"},{"@type":"BreadcrumbList","@id":"https:\/\/metaltale.com\/lv\/produkts\/atslegu-gredzena-emblema-oval\/#breadcrumb","itemListElement":[{"@type":"ListItem","position":1,"name":"Home","item":"https:\/\/metaltale.com\/lv\/majas\/"},{"@type":"ListItem","position":2,"name":"Veikals","item":"https:\/\/metaltale.com\/lv\/shop\/"},{"@type":"ListItem","position":3,"name":"Atsl\u0113gu gredzena embl\u0113ma OVAL"}]},{"@type":"WebSite","@id":"https:\/\/metaltale.com\/lv\/#website","url":"https:\/\/metaltale.com\/lv\/","name":"Metaltale.com","description":"","potentialAction":[{"@type":"SearchAction","target":{"@type":"EntryPoint","urlTemplate":"https:\/\/metaltale.com\/lv\/?s={search_term_string}"},"query-input":{"@type":"PropertyValueSpecification","valueRequired":true,"valueName":"search_term_string"}}],"inLanguage":"lv-LV"}]}},"_links":{"self":[{"href":"https:\/\/metaltale.com\/lv\/wp-json\/wp\/v2\/product\/133863","targetHints":{"allow":["GET"]}}],"collection":[{"href":"https:\/\/metaltale.com\/lv\/wp-json\/wp\/v2\/product"}],"about":[{"href":"https:\/\/metaltale.com\/lv\/wp-json\/wp\/v2\/types\/product"}],"replies":[{"embeddable":true,"href":"https:\/\/metaltale.com\/lv\/wp-json\/wp\/v2\/comments?post=133863"}],"version-history":[{"count":0,"href":"https:\/\/metaltale.com\/lv\/wp-json\/wp\/v2\/product\/133863\/revisions"}],"wp:featuredmedia":[{"embeddable":true,"href":"https:\/\/metaltale.com\/lv\/wp-json\/wp\/v2\/media\/117272"}],"wp:attachment":[{"href":"https:\/\/metaltale.com\/lv\/wp-json\/wp\/v2\/media?parent=133863"}],"wp:term":[{"taxonomy":"product_brand","embeddable":true,"href":"https:\/\/metaltale.com\/lv\/wp-json\/wp\/v2\/product_brand?post=133863"},{"taxonomy":"product_cat","embeddable":true,"href":"https:\/\/metaltale.com\/lv\/wp-json\/wp\/v2\/product_cat?post=133863"},{"taxonomy":"product_tag","embeddable":true,"href":"https:\/\/metaltale.com\/lv\/wp-json\/wp\/v2\/product_tag?post=133863"}],"curies":[{"name":"wp","href":"https:\/\/api.w.org\/{rel}","templated":true}]}}