{"id":133856,"date":"2024-02-13T15:17:46","date_gmt":"2024-02-13T13:17:46","guid":{"rendered":"https:\/\/metaltale.com\/produktas\/industriala-stila-tv-skapitis-teraudens-2\/"},"modified":"2024-02-13T15:17:46","modified_gmt":"2024-02-13T13:17:46","slug":"industriala-stila-tv-skapitis-teraudens-2","status":"publish","type":"product","link":"https:\/\/metaltale.com\/lv\/produkts\/industriala-stila-tv-skapitis-teraudens-2\/","title":{"rendered":"Industri\u0101l\u0101 stila TV skap\u012btis T\u0112RAUDENS 2"},"content":{"rendered":"<div class=\"prod_data\">\n<p><strong>Modelis<\/strong> ZA.SW.RTV180<br \/>\nT\u0113rauda koka <strong>kolekcija<\/strong><br \/>\n<strong>EAN.<\/strong>  5905369915772<br \/>\n<strong>Materi\u0101ls<\/strong> Priede, t\u0113rauds<br \/>\n<strong>Kop\u0113jais augstums (cm<\/strong> ) 55<br \/>\n<strong>Kop\u0113jais platums (cm<\/strong> ) 180<br \/>\n<strong>Dzi\u013cums (cm<\/strong> ) 38<br \/>\n<strong>Trim<\/strong> Spotted<br \/>\n<strong>Pieg\u0101des veids<\/strong> Piln\u012bb\u0101 samont\u0113ts produkts<\/p>\n<p>&#8211; TV skap\u012btis, kas izgatavots no priedes koka un augstas kvalit\u0101tes t\u0113rauda kombin\u0101cijas<br \/>\n&#8211; konstrukcija bija veidota no diviem savstarp\u0113ji savienotiem sl\u0113gtiem profiliem ar \u0161\u0137\u0113rsgriezumu 2&#215;2 cm.<br \/>\n&#8211; ar caursp\u012bd\u012bgu sl\u0101ni pies\u016bcin\u0101ta met\u0101la strukt\u016bra<br \/>\n&#8211; dro\u0161\u012bba un lieto\u0161anas \u0113rtums garant\u0113 visu nel\u012bdzenumu un metin\u0101\u0161anas punktu sl\u012bp\u0113\u0161anu.<br \/>\n&#8211; ar rok\u0101m darin\u0101ti priedes elementi saglab\u0101 savu dabisko strukt\u016bru<br \/>\n&#8211; koksne ir apstr\u0101d\u0101ta ar \u016bdens traipiem, izmantojot iegremd\u0113\u0161anas metodi.<br \/>\n&#8211; lod\u012b\u0161u gult\u0146u atvilkt\u0146u vadotnes \u0113rt\u0101kai lieto\u0161anai<br \/>\n&#8211; stil\u012bgi izv\u0113l\u0113ti t\u0113rauda rokturi priek\u0161pus\u0113<\/p>\n<hr>\n<p>RTV T\u0112RAUDA T\u0112RAVA skapis b\u016bs \u012bsts piedz\u012bvojums industri\u0101l\u0101 stila cien\u012bt\u0101jiem. T\u0101 ir izgatavota no t\u0113rauda un priedes koka. Sl\u0113gtu profilu izmanto\u0161ana m\u0113be\u013cu konstrukcij\u0101 garant\u0113 iztur\u012bbu, savuk\u0101rt visaugst\u0101k\u0101 apstr\u0101des kvalit\u0101te \u013cauj m\u0113bel\u0113m kalpot ilgu laiku. Skap\u012btim ir \u010detras ietilp\u012bgas atvilktnes, kas \u013cauj pasl\u0113pt m\u0101j\u0101s gatavotos nieci\u0146us, kurus nev\u0113laties r\u0101d\u012bt viesiem. Tam ir ar\u012b divi pla\u0161i atv\u0113rti plaukti j\u016bsu m\u0101jas gr\u0101matu kolekcijai vai iecien\u012bt\u0101kajiem kompaktdiskiem. Priek\u0161statu papildina praktiski t\u0113rauda m\u0113be\u013cu rokturi. Skap\u012btim ir redzamas metin\u0101tas \u0161uves, kas tikai paspilgtina m\u0113be\u013cu b\u0113ni\u0146u raksturu.<\/p>\n<\/div>\n","protected":false},"excerpt":{"rendered":"<p>Modelis ZA.SW.RTV180 T\u0113rauda koka kolekcija EAN. 5905369915772 Materi\u0101ls Priede, t\u0113rauds Kop\u0113jais augstums (cm ) 55 Kop\u0113jais platums (cm ) 180<\/p>\n","protected":false},"featured_media":119571,"comment_status":"open","ping_status":"closed","template":"","meta":{"_acf_changed":false,"pmpro_default_level":""},"product_brand":[],"product_cat":[24057,24091],"product_tag":[],"class_list":{"0":"post-133856","1":"product","2":"type-product","3":"status-publish","4":"has-post-thumbnail","6":"product_cat-rupnieciskas-mebeles","7":"product_cat-televizoru-skapji","8":"pmpro-has-access","10":"first","11":"instock","12":"shipping-taxable","13":"purchasable","14":"product-type-simple"},"acf":[],"yoast_head":"<!-- This site is optimized with the Yoast SEO plugin v24.9 - https:\/\/yoast.com\/wordpress\/plugins\/seo\/ -->\n<title>Industri\u0101l\u0101 stila TV skap\u012btis T\u0112RAUDENS 2 - MetalTale.com<\/title>\n<meta name=\"robots\" content=\"index, follow, max-snippet:-1, max-image-preview:large, max-video-preview:-1\" \/>\n<link rel=\"canonical\" href=\"https:\/\/metaltale.com\/lv\/produkts\/industriala-stila-tv-skapitis-teraudens-2\/\" \/>\n<meta property=\"og:locale\" content=\"lv_LV\" \/>\n<meta property=\"og:type\" content=\"article\" \/>\n<meta property=\"og:title\" content=\"Industri\u0101l\u0101 stila TV skap\u012btis T\u0112RAUDENS 2 - MetalTale.com\" \/>\n<meta property=\"og:description\" content=\"Modelis ZA.SW.RTV180 T\u0113rauda koka kolekcija EAN. 5905369915772 Materi\u0101ls Priede, t\u0113rauds Kop\u0113jais augstums (cm ) 55 Kop\u0113jais platums (cm ) 180\" \/>\n<meta property=\"og:url\" content=\"https:\/\/metaltale.com\/lv\/produkts\/industriala-stila-tv-skapitis-teraudens-2\/\" \/>\n<meta property=\"og:site_name\" content=\"MetalTale.com\" \/>\n<meta name=\"twitter:card\" content=\"summary_large_image\" \/>\n<meta name=\"twitter:label1\" content=\"Est. reading time\" \/>\n\t<meta name=\"twitter:data1\" content=\"1 minute\" \/>\n<script type=\"application\/ld+json\" class=\"yoast-schema-graph\">{\"@context\":\"https:\/\/schema.org\",\"@graph\":[{\"@type\":\"WebPage\",\"@id\":\"https:\/\/metaltale.com\/lv\/produkts\/industriala-stila-tv-skapitis-teraudens-2\/\",\"url\":\"https:\/\/metaltale.com\/lv\/produkts\/industriala-stila-tv-skapitis-teraudens-2\/\",\"name\":\"Industri\u0101l\u0101 stila TV skap\u012btis T\u0112RAUDENS 2 - MetalTale.com\",\"isPartOf\":{\"@id\":\"https:\/\/metaltale.com\/lv\/#website\"},\"primaryImageOfPage\":{\"@id\":\"https:\/\/metaltale.com\/lv\/produkts\/industriala-stila-tv-skapitis-teraudens-2\/#primaryimage\"},\"image\":{\"@id\":\"https:\/\/metaltale.com\/lv\/produkts\/industriala-stila-tv-skapitis-teraudens-2\/#primaryimage\"},\"thumbnailUrl\":\"https:\/\/metaltale.com\/wp-content\/uploads\/2023\/12\/televizoriaus-spintele.jpg\",\"datePublished\":\"2024-02-13T13:17:46+00:00\",\"breadcrumb\":{\"@id\":\"https:\/\/metaltale.com\/lv\/produkts\/industriala-stila-tv-skapitis-teraudens-2\/#breadcrumb\"},\"inLanguage\":\"lv-LV\",\"potentialAction\":[{\"@type\":\"ReadAction\",\"target\":[\"https:\/\/metaltale.com\/lv\/produkts\/industriala-stila-tv-skapitis-teraudens-2\/\"]}]},{\"@type\":\"ImageObject\",\"inLanguage\":\"lv-LV\",\"@id\":\"https:\/\/metaltale.com\/lv\/produkts\/industriala-stila-tv-skapitis-teraudens-2\/#primaryimage\",\"url\":\"https:\/\/metaltale.com\/wp-content\/uploads\/2023\/12\/televizoriaus-spintele.jpg\",\"contentUrl\":\"https:\/\/metaltale.com\/wp-content\/uploads\/2023\/12\/televizoriaus-spintele.jpg\",\"width\":800,\"height\":800,\"caption\":\"TV skap\u012btis\"},{\"@type\":\"BreadcrumbList\",\"@id\":\"https:\/\/metaltale.com\/lv\/produkts\/industriala-stila-tv-skapitis-teraudens-2\/#breadcrumb\",\"itemListElement\":[{\"@type\":\"ListItem\",\"position\":1,\"name\":\"Home\",\"item\":\"https:\/\/metaltale.com\/lv\/majas\/\"},{\"@type\":\"ListItem\",\"position\":2,\"name\":\"Veikals\",\"item\":\"https:\/\/metaltale.com\/lv\/shop\/\"},{\"@type\":\"ListItem\",\"position\":3,\"name\":\"Industri\u0101l\u0101 stila TV skap\u012btis T\u0112RAUDENS 2\"}]},{\"@type\":\"WebSite\",\"@id\":\"https:\/\/metaltale.com\/lv\/#website\",\"url\":\"https:\/\/metaltale.com\/lv\/\",\"name\":\"Metaltale.com\",\"description\":\"\",\"potentialAction\":[{\"@type\":\"SearchAction\",\"target\":{\"@type\":\"EntryPoint\",\"urlTemplate\":\"https:\/\/metaltale.com\/lv\/?s={search_term_string}\"},\"query-input\":{\"@type\":\"PropertyValueSpecification\",\"valueRequired\":true,\"valueName\":\"search_term_string\"}}],\"inLanguage\":\"lv-LV\"}]}<\/script>\n<!-- \/ Yoast SEO plugin. -->","yoast_head_json":{"title":"Industri\u0101l\u0101 stila TV skap\u012btis T\u0112RAUDENS 2 - MetalTale.com","robots":{"index":"index","follow":"follow","max-snippet":"max-snippet:-1","max-image-preview":"max-image-preview:large","max-video-preview":"max-video-preview:-1"},"canonical":"https:\/\/metaltale.com\/lv\/produkts\/industriala-stila-tv-skapitis-teraudens-2\/","og_locale":"lv_LV","og_type":"article","og_title":"Industri\u0101l\u0101 stila TV skap\u012btis T\u0112RAUDENS 2 - MetalTale.com","og_description":"Modelis ZA.SW.RTV180 T\u0113rauda koka kolekcija EAN. 5905369915772 Materi\u0101ls Priede, t\u0113rauds Kop\u0113jais augstums (cm ) 55 Kop\u0113jais platums (cm ) 180","og_url":"https:\/\/metaltale.com\/lv\/produkts\/industriala-stila-tv-skapitis-teraudens-2\/","og_site_name":"MetalTale.com","twitter_card":"summary_large_image","twitter_misc":{"Est. reading time":"1 minute"},"schema":{"@context":"https:\/\/schema.org","@graph":[{"@type":"WebPage","@id":"https:\/\/metaltale.com\/lv\/produkts\/industriala-stila-tv-skapitis-teraudens-2\/","url":"https:\/\/metaltale.com\/lv\/produkts\/industriala-stila-tv-skapitis-teraudens-2\/","name":"Industri\u0101l\u0101 stila TV skap\u012btis T\u0112RAUDENS 2 - MetalTale.com","isPartOf":{"@id":"https:\/\/metaltale.com\/lv\/#website"},"primaryImageOfPage":{"@id":"https:\/\/metaltale.com\/lv\/produkts\/industriala-stila-tv-skapitis-teraudens-2\/#primaryimage"},"image":{"@id":"https:\/\/metaltale.com\/lv\/produkts\/industriala-stila-tv-skapitis-teraudens-2\/#primaryimage"},"thumbnailUrl":"https:\/\/metaltale.com\/wp-content\/uploads\/2023\/12\/televizoriaus-spintele.jpg","datePublished":"2024-02-13T13:17:46+00:00","breadcrumb":{"@id":"https:\/\/metaltale.com\/lv\/produkts\/industriala-stila-tv-skapitis-teraudens-2\/#breadcrumb"},"inLanguage":"lv-LV","potentialAction":[{"@type":"ReadAction","target":["https:\/\/metaltale.com\/lv\/produkts\/industriala-stila-tv-skapitis-teraudens-2\/"]}]},{"@type":"ImageObject","inLanguage":"lv-LV","@id":"https:\/\/metaltale.com\/lv\/produkts\/industriala-stila-tv-skapitis-teraudens-2\/#primaryimage","url":"https:\/\/metaltale.com\/wp-content\/uploads\/2023\/12\/televizoriaus-spintele.jpg","contentUrl":"https:\/\/metaltale.com\/wp-content\/uploads\/2023\/12\/televizoriaus-spintele.jpg","width":800,"height":800,"caption":"TV skap\u012btis"},{"@type":"BreadcrumbList","@id":"https:\/\/metaltale.com\/lv\/produkts\/industriala-stila-tv-skapitis-teraudens-2\/#breadcrumb","itemListElement":[{"@type":"ListItem","position":1,"name":"Home","item":"https:\/\/metaltale.com\/lv\/majas\/"},{"@type":"ListItem","position":2,"name":"Veikals","item":"https:\/\/metaltale.com\/lv\/shop\/"},{"@type":"ListItem","position":3,"name":"Industri\u0101l\u0101 stila TV skap\u012btis T\u0112RAUDENS 2"}]},{"@type":"WebSite","@id":"https:\/\/metaltale.com\/lv\/#website","url":"https:\/\/metaltale.com\/lv\/","name":"Metaltale.com","description":"","potentialAction":[{"@type":"SearchAction","target":{"@type":"EntryPoint","urlTemplate":"https:\/\/metaltale.com\/lv\/?s={search_term_string}"},"query-input":{"@type":"PropertyValueSpecification","valueRequired":true,"valueName":"search_term_string"}}],"inLanguage":"lv-LV"}]}},"_links":{"self":[{"href":"https:\/\/metaltale.com\/lv\/wp-json\/wp\/v2\/product\/133856","targetHints":{"allow":["GET"]}}],"collection":[{"href":"https:\/\/metaltale.com\/lv\/wp-json\/wp\/v2\/product"}],"about":[{"href":"https:\/\/metaltale.com\/lv\/wp-json\/wp\/v2\/types\/product"}],"replies":[{"embeddable":true,"href":"https:\/\/metaltale.com\/lv\/wp-json\/wp\/v2\/comments?post=133856"}],"version-history":[{"count":0,"href":"https:\/\/metaltale.com\/lv\/wp-json\/wp\/v2\/product\/133856\/revisions"}],"wp:featuredmedia":[{"embeddable":true,"href":"https:\/\/metaltale.com\/lv\/wp-json\/wp\/v2\/media\/119571"}],"wp:attachment":[{"href":"https:\/\/metaltale.com\/lv\/wp-json\/wp\/v2\/media?parent=133856"}],"wp:term":[{"taxonomy":"product_brand","embeddable":true,"href":"https:\/\/metaltale.com\/lv\/wp-json\/wp\/v2\/product_brand?post=133856"},{"taxonomy":"product_cat","embeddable":true,"href":"https:\/\/metaltale.com\/lv\/wp-json\/wp\/v2\/product_cat?post=133856"},{"taxonomy":"product_tag","embeddable":true,"href":"https:\/\/metaltale.com\/lv\/wp-json\/wp\/v2\/product_tag?post=133856"}],"curies":[{"name":"wp","href":"https:\/\/api.w.org\/{rel}","templated":true}]}}