{"id":133849,"date":"2024-02-13T15:11:04","date_gmt":"2024-02-13T13:11:04","guid":{"rendered":"https:\/\/metaltale.com\/produktas\/usa-metal-nsw-transportlidzekla-registracijas-numurs\/"},"modified":"2024-02-13T15:11:04","modified_gmt":"2024-02-13T13:11:04","slug":"usa-metal-nsw-transportlidzekla-registracijas-numurs","status":"publish","type":"product","link":"https:\/\/metaltale.com\/lv\/produkts\/usa-metal-nsw-transportlidzekla-registracijas-numurs\/","title":{"rendered":"&#8220;USA Metal NSW&#8221; transportl\u012bdzek\u013ca re\u0123istr\u0101cijas numurs"},"content":{"rendered":"<div class=\"prod_data\"><strong>Modelis<\/strong> uz. C301  <br \/><strong>EAN.<\/strong>  5905369929915  <br \/><strong>Orient\u0101cija<\/strong> Horizont\u0101l\u0101  <br \/><strong>Istabas<\/strong> b\u0101rs, gar\u0101\u017ea  <br \/><strong>Motivu<\/strong> pane\u013ci  <br \/><strong>Materi\u0101ls<\/strong> T\u0113rauds  <br \/><strong>Platums (cm<\/strong> ) 30  <br \/><strong>Augstums (cm<\/strong> ) 15  <br \/><strong>Formas<\/strong> Taisnst\u016bra <strong>formas<\/strong>  <\/p>\n<p>Dekorat\u012bva taisnst\u016bra formas numura z\u012bme no met\u0101la. Pl\u0101tnes virsm\u0101 b\u016bs redzamas kr\u0101sas izmai\u0146as un skr\u0101p\u0113jumi, kas ir apzin\u0101ta produkta noveco\u0161an\u0101s ietekme. T\u0101fele ir dzelten\u0101 kr\u0101s\u0101, kas pie\u0161\u0137ir tai sp\u0113c\u012bgu izteiksm\u012bbu un piesaista uzman\u012bbu. Pateicoties smalkajiem stiprin\u0101juma caurumiem, paneli ir \u013coti viegli piek\u0101rt. \u0160is met\u0101la plak\u0101ts patiks ikvienam autosporta entuziastam ASV.<\/p>\n<p>Uz produkta ir redzams ASV numura numurs.<\/p>\n<p>\u0160\u012b z\u012bme ir ide\u0101li piem\u0113rota b\u0101riem un restor\u0101niem, ta\u010du t\u0101 ir ar\u012b ori\u0123in\u0101ls papildin\u0101jums senatn\u012bgam interjeram.<br \/>Met\u0101la plak\u0101ts ar\u012b ir lieliska d\u0101vin\u0101juma ideja, jo \u012bpa\u0161i automa\u0161\u012bnu cien\u012bt\u0101jiem.<\/p>\n<\/div>\n","protected":false},"excerpt":{"rendered":"<p>Modelis uz. C301 EAN. 5905369929915 Orient\u0101cija Horizont\u0101l\u0101 Istabas b\u0101rs, gar\u0101\u017ea Motivu pane\u013ci Materi\u0101ls T\u0113rauds Platums (cm ) 30 Augstums (cm<\/p>\n","protected":false},"featured_media":93209,"comment_status":"open","ping_status":"closed","template":"","meta":{"_acf_changed":false,"pmpro_default_level":""},"product_brand":[],"product_cat":[24085],"product_tag":[],"class_list":{"0":"post-133849","1":"product","2":"type-product","3":"status-publish","4":"has-post-thumbnail","6":"product_cat-metala-dekorativas-plaksnes","7":"pmpro-has-access","9":"first","10":"instock","11":"shipping-taxable","12":"purchasable","13":"product-type-simple"},"acf":[],"yoast_head":"<!-- This site is optimized with the Yoast SEO plugin v24.9 - https:\/\/yoast.com\/wordpress\/plugins\/seo\/ -->\n<title>&quot;USA Metal NSW&quot; transportl\u012bdzek\u013ca re\u0123istr\u0101cijas numurs - MetalTale.com<\/title>\n<meta name=\"robots\" content=\"index, follow, max-snippet:-1, max-image-preview:large, max-video-preview:-1\" \/>\n<link rel=\"canonical\" href=\"https:\/\/metaltale.com\/lv\/produkts\/usa-metal-nsw-transportlidzekla-registracijas-numurs\/\" \/>\n<meta property=\"og:locale\" content=\"lv_LV\" \/>\n<meta property=\"og:type\" content=\"article\" \/>\n<meta property=\"og:title\" content=\"&quot;USA Metal NSW&quot; transportl\u012bdzek\u013ca re\u0123istr\u0101cijas numurs - MetalTale.com\" \/>\n<meta property=\"og:description\" content=\"Modelis uz. C301 EAN. 5905369929915 Orient\u0101cija Horizont\u0101l\u0101 Istabas b\u0101rs, gar\u0101\u017ea Motivu pane\u013ci Materi\u0101ls T\u0113rauds Platums (cm ) 30 Augstums (cm\" \/>\n<meta property=\"og:url\" content=\"https:\/\/metaltale.com\/lv\/produkts\/usa-metal-nsw-transportlidzekla-registracijas-numurs\/\" \/>\n<meta property=\"og:site_name\" content=\"MetalTale.com\" \/>\n<meta name=\"twitter:card\" content=\"summary_large_image\" \/>\n<meta name=\"twitter:label1\" content=\"Est. reading time\" \/>\n\t<meta name=\"twitter:data1\" content=\"1 minute\" \/>\n<script type=\"application\/ld+json\" class=\"yoast-schema-graph\">{\"@context\":\"https:\/\/schema.org\",\"@graph\":[{\"@type\":\"WebPage\",\"@id\":\"https:\/\/metaltale.com\/lv\/produkts\/usa-metal-nsw-transportlidzekla-registracijas-numurs\/\",\"url\":\"https:\/\/metaltale.com\/lv\/produkts\/usa-metal-nsw-transportlidzekla-registracijas-numurs\/\",\"name\":\"\\\"USA Metal NSW\\\" transportl\u012bdzek\u013ca re\u0123istr\u0101cijas numurs - MetalTale.com\",\"isPartOf\":{\"@id\":\"https:\/\/metaltale.com\/lv\/#website\"},\"primaryImageOfPage\":{\"@id\":\"https:\/\/metaltale.com\/lv\/produkts\/usa-metal-nsw-transportlidzekla-registracijas-numurs\/#primaryimage\"},\"image\":{\"@id\":\"https:\/\/metaltale.com\/lv\/produkts\/usa-metal-nsw-transportlidzekla-registracijas-numurs\/#primaryimage\"},\"thumbnailUrl\":\"https:\/\/metaltale.com\/wp-content\/uploads\/2023\/10\/USA-Metal-NSW-transporto-priemonx117s-valstybinis-numeris.jpg\",\"datePublished\":\"2024-02-13T13:11:04+00:00\",\"breadcrumb\":{\"@id\":\"https:\/\/metaltale.com\/lv\/produkts\/usa-metal-nsw-transportlidzekla-registracijas-numurs\/#breadcrumb\"},\"inLanguage\":\"lv-LV\",\"potentialAction\":[{\"@type\":\"ReadAction\",\"target\":[\"https:\/\/metaltale.com\/lv\/produkts\/usa-metal-nsw-transportlidzekla-registracijas-numurs\/\"]}]},{\"@type\":\"ImageObject\",\"inLanguage\":\"lv-LV\",\"@id\":\"https:\/\/metaltale.com\/lv\/produkts\/usa-metal-nsw-transportlidzekla-registracijas-numurs\/#primaryimage\",\"url\":\"https:\/\/metaltale.com\/wp-content\/uploads\/2023\/10\/USA-Metal-NSW-transporto-priemonx117s-valstybinis-numeris.jpg\",\"contentUrl\":\"https:\/\/metaltale.com\/wp-content\/uploads\/2023\/10\/USA-Metal-NSW-transporto-priemonx117s-valstybinis-numeris.jpg\",\"width\":800,\"height\":800},{\"@type\":\"BreadcrumbList\",\"@id\":\"https:\/\/metaltale.com\/lv\/produkts\/usa-metal-nsw-transportlidzekla-registracijas-numurs\/#breadcrumb\",\"itemListElement\":[{\"@type\":\"ListItem\",\"position\":1,\"name\":\"Home\",\"item\":\"https:\/\/metaltale.com\/lv\/majas\/\"},{\"@type\":\"ListItem\",\"position\":2,\"name\":\"Veikals\",\"item\":\"https:\/\/metaltale.com\/lv\/shop\/\"},{\"@type\":\"ListItem\",\"position\":3,\"name\":\"&#8220;USA Metal NSW&#8221; transportl\u012bdzek\u013ca re\u0123istr\u0101cijas numurs\"}]},{\"@type\":\"WebSite\",\"@id\":\"https:\/\/metaltale.com\/lv\/#website\",\"url\":\"https:\/\/metaltale.com\/lv\/\",\"name\":\"Metaltale.com\",\"description\":\"\",\"potentialAction\":[{\"@type\":\"SearchAction\",\"target\":{\"@type\":\"EntryPoint\",\"urlTemplate\":\"https:\/\/metaltale.com\/lv\/?s={search_term_string}\"},\"query-input\":{\"@type\":\"PropertyValueSpecification\",\"valueRequired\":true,\"valueName\":\"search_term_string\"}}],\"inLanguage\":\"lv-LV\"}]}<\/script>\n<!-- \/ Yoast SEO plugin. -->","yoast_head_json":{"title":"\"USA Metal NSW\" transportl\u012bdzek\u013ca re\u0123istr\u0101cijas numurs - MetalTale.com","robots":{"index":"index","follow":"follow","max-snippet":"max-snippet:-1","max-image-preview":"max-image-preview:large","max-video-preview":"max-video-preview:-1"},"canonical":"https:\/\/metaltale.com\/lv\/produkts\/usa-metal-nsw-transportlidzekla-registracijas-numurs\/","og_locale":"lv_LV","og_type":"article","og_title":"\"USA Metal NSW\" transportl\u012bdzek\u013ca re\u0123istr\u0101cijas numurs - MetalTale.com","og_description":"Modelis uz. C301 EAN. 5905369929915 Orient\u0101cija Horizont\u0101l\u0101 Istabas b\u0101rs, gar\u0101\u017ea Motivu pane\u013ci Materi\u0101ls T\u0113rauds Platums (cm ) 30 Augstums (cm","og_url":"https:\/\/metaltale.com\/lv\/produkts\/usa-metal-nsw-transportlidzekla-registracijas-numurs\/","og_site_name":"MetalTale.com","twitter_card":"summary_large_image","twitter_misc":{"Est. reading time":"1 minute"},"schema":{"@context":"https:\/\/schema.org","@graph":[{"@type":"WebPage","@id":"https:\/\/metaltale.com\/lv\/produkts\/usa-metal-nsw-transportlidzekla-registracijas-numurs\/","url":"https:\/\/metaltale.com\/lv\/produkts\/usa-metal-nsw-transportlidzekla-registracijas-numurs\/","name":"\"USA Metal NSW\" transportl\u012bdzek\u013ca re\u0123istr\u0101cijas numurs - MetalTale.com","isPartOf":{"@id":"https:\/\/metaltale.com\/lv\/#website"},"primaryImageOfPage":{"@id":"https:\/\/metaltale.com\/lv\/produkts\/usa-metal-nsw-transportlidzekla-registracijas-numurs\/#primaryimage"},"image":{"@id":"https:\/\/metaltale.com\/lv\/produkts\/usa-metal-nsw-transportlidzekla-registracijas-numurs\/#primaryimage"},"thumbnailUrl":"https:\/\/metaltale.com\/wp-content\/uploads\/2023\/10\/USA-Metal-NSW-transporto-priemonx117s-valstybinis-numeris.jpg","datePublished":"2024-02-13T13:11:04+00:00","breadcrumb":{"@id":"https:\/\/metaltale.com\/lv\/produkts\/usa-metal-nsw-transportlidzekla-registracijas-numurs\/#breadcrumb"},"inLanguage":"lv-LV","potentialAction":[{"@type":"ReadAction","target":["https:\/\/metaltale.com\/lv\/produkts\/usa-metal-nsw-transportlidzekla-registracijas-numurs\/"]}]},{"@type":"ImageObject","inLanguage":"lv-LV","@id":"https:\/\/metaltale.com\/lv\/produkts\/usa-metal-nsw-transportlidzekla-registracijas-numurs\/#primaryimage","url":"https:\/\/metaltale.com\/wp-content\/uploads\/2023\/10\/USA-Metal-NSW-transporto-priemonx117s-valstybinis-numeris.jpg","contentUrl":"https:\/\/metaltale.com\/wp-content\/uploads\/2023\/10\/USA-Metal-NSW-transporto-priemonx117s-valstybinis-numeris.jpg","width":800,"height":800},{"@type":"BreadcrumbList","@id":"https:\/\/metaltale.com\/lv\/produkts\/usa-metal-nsw-transportlidzekla-registracijas-numurs\/#breadcrumb","itemListElement":[{"@type":"ListItem","position":1,"name":"Home","item":"https:\/\/metaltale.com\/lv\/majas\/"},{"@type":"ListItem","position":2,"name":"Veikals","item":"https:\/\/metaltale.com\/lv\/shop\/"},{"@type":"ListItem","position":3,"name":"&#8220;USA Metal NSW&#8221; transportl\u012bdzek\u013ca re\u0123istr\u0101cijas numurs"}]},{"@type":"WebSite","@id":"https:\/\/metaltale.com\/lv\/#website","url":"https:\/\/metaltale.com\/lv\/","name":"Metaltale.com","description":"","potentialAction":[{"@type":"SearchAction","target":{"@type":"EntryPoint","urlTemplate":"https:\/\/metaltale.com\/lv\/?s={search_term_string}"},"query-input":{"@type":"PropertyValueSpecification","valueRequired":true,"valueName":"search_term_string"}}],"inLanguage":"lv-LV"}]}},"_links":{"self":[{"href":"https:\/\/metaltale.com\/lv\/wp-json\/wp\/v2\/product\/133849","targetHints":{"allow":["GET"]}}],"collection":[{"href":"https:\/\/metaltale.com\/lv\/wp-json\/wp\/v2\/product"}],"about":[{"href":"https:\/\/metaltale.com\/lv\/wp-json\/wp\/v2\/types\/product"}],"replies":[{"embeddable":true,"href":"https:\/\/metaltale.com\/lv\/wp-json\/wp\/v2\/comments?post=133849"}],"version-history":[{"count":0,"href":"https:\/\/metaltale.com\/lv\/wp-json\/wp\/v2\/product\/133849\/revisions"}],"wp:featuredmedia":[{"embeddable":true,"href":"https:\/\/metaltale.com\/lv\/wp-json\/wp\/v2\/media\/93209"}],"wp:attachment":[{"href":"https:\/\/metaltale.com\/lv\/wp-json\/wp\/v2\/media?parent=133849"}],"wp:term":[{"taxonomy":"product_brand","embeddable":true,"href":"https:\/\/metaltale.com\/lv\/wp-json\/wp\/v2\/product_brand?post=133849"},{"taxonomy":"product_cat","embeddable":true,"href":"https:\/\/metaltale.com\/lv\/wp-json\/wp\/v2\/product_cat?post=133849"},{"taxonomy":"product_tag","embeddable":true,"href":"https:\/\/metaltale.com\/lv\/wp-json\/wp\/v2\/product_tag?post=133849"}],"curies":[{"name":"wp","href":"https:\/\/api.w.org\/{rel}","templated":true}]}}