{"id":133843,"date":"2024-02-13T14:29:51","date_gmt":"2024-02-13T12:29:51","guid":{"rendered":"https:\/\/metaltale.com\/produktas\/3d-metala-sienas-dekori-loft-fish-174x51-cm\/"},"modified":"2024-02-13T14:29:51","modified_gmt":"2024-02-13T12:29:51","slug":"3d-metala-sienas-dekori-loft-fish-174x51-cm","status":"publish","type":"product","link":"https:\/\/metaltale.com\/lv\/produkts\/3d-metala-sienas-dekori-loft-fish-174x51-cm\/","title":{"rendered":"3D met\u0101la sienas dekori LOFT FISH 174&#215;51 cm"},"content":{"rendered":"<div class=\"prod_data\">\n<p><strong>Modelis<\/strong> PT. L21623<br \/>\n<strong>EAN.<\/strong>  5907772073858<br \/>\n<strong>Platums (cm)<\/strong> 174<br \/>\nAugstums (cm ) 51<br \/>\n<strong>Biezums (cm<\/strong> ) 3<br \/>\nOrient\u0101cija Horizont\u0101l\u0101<br \/>\nDz\u012bvnieku mot\u012bvs<\/p>\n<p>&#8211; 3D met\u0101la sienu ap\u0161uvums no p\u0101rstr\u0101d\u0101ta t\u0113rauda<br \/>\n&#8211; faktiskie izvirz\u012bjumi<br \/>\n&#8211; izsl\u0113gtas kr\u0101sas garant\u0113 daudzpus\u012bbu un p\u0101rlaic\u012bgumu.<br \/>\n&#8211; impregn\u0113\u0161ana ar caursp\u012bd\u012bgu laku garant\u0113 kr\u0101sas notur\u012bbu un iztur\u012bbu pret skr\u0101p\u0113jumiem.<br \/>\n&#8211; rot\u0101jums, kur\u0101 att\u0113lots zivju bars<\/p>\n<hr>\n<p>Fauna vai flora met\u0101la sienu ap\u0161uvum\u0101 ir novatorisks laikmet\u012bg\u0101s m\u0101kslas risin\u0101jums. Zivs tr\u012bsdimensiju t\u0113lam ir rakstur\u012bga harmonija un miers, savuk\u0101rt r\u016bpnieciskais raksturs izpau\u017eas p\u0101rstr\u0101d\u0101t\u0101 met\u0101la nepiln\u012bb\u0101s, saplais\u0101ju\u0161\u0101s kr\u0101sas efekt\u0101 un redzamaj\u0101s \u0161uv\u0113s un savienojumos. Loftas nagla lieliski izskat\u0101s uz viendab\u012bg\u0101m sien\u0101m, lai gan ar\u012b struktur\u0113tas virsmas ir labs risin\u0101jums. Stil\u012bgi met\u0101la sienu rot\u0101jumi ir piem\u0113roti da\u017e\u0101diem telpu tipiem. Dizainera met\u0101la sienas dekors Fish ir izstr\u0101d\u0101jums, kas rad\u012bts dabas un mak\u0161\u0137er\u0113\u0161anas m\u012b\u013cot\u0101jiem. Klasiskais mot\u012bvs jaunaj\u0101 izdevum\u0101 ir ar\u012b neparasta d\u0101vin\u0101juma ideja. Katra eksempl\u0101ra unikalit\u0101ti garant\u0113 roku darbs.<\/p>\n<\/div>\n","protected":false},"excerpt":{"rendered":"<p>Modelis PT. L21623 EAN. 5907772073858 Platums (cm) 174 Augstums (cm ) 51 Biezums (cm ) 3 Orient\u0101cija Horizont\u0101l\u0101 Dz\u012bvnieku mot\u012bvs<\/p>\n","protected":false},"featured_media":101849,"comment_status":"open","ping_status":"closed","template":"","meta":{"_acf_changed":false,"pmpro_default_level":""},"product_brand":[],"product_cat":[24055,23908],"product_tag":[],"class_list":{"0":"post-133843","1":"product","2":"type-product","3":"status-publish","4":"has-post-thumbnail","6":"product_cat-rotajumi","7":"product_cat-3d-paveikslai-lv","8":"pmpro-has-access","10":"first","11":"instock","12":"shipping-taxable","13":"purchasable","14":"product-type-simple"},"acf":[],"yoast_head":"<!-- This site is optimized with the Yoast SEO plugin v24.9 - https:\/\/yoast.com\/wordpress\/plugins\/seo\/ -->\n<title>3D met\u0101la sienas dekori LOFT FISH 174x51 cm - MetalTale.com<\/title>\n<meta name=\"robots\" content=\"index, follow, max-snippet:-1, max-image-preview:large, max-video-preview:-1\" \/>\n<link rel=\"canonical\" href=\"https:\/\/metaltale.com\/lv\/produkts\/3d-metala-sienas-dekori-loft-fish-174x51-cm\/\" \/>\n<meta property=\"og:locale\" content=\"lv_LV\" \/>\n<meta property=\"og:type\" content=\"article\" \/>\n<meta property=\"og:title\" content=\"3D met\u0101la sienas dekori LOFT FISH 174x51 cm - MetalTale.com\" \/>\n<meta property=\"og:description\" content=\"Modelis PT. L21623 EAN. 5907772073858 Platums (cm) 174 Augstums (cm ) 51 Biezums (cm ) 3 Orient\u0101cija Horizont\u0101l\u0101 Dz\u012bvnieku mot\u012bvs\" \/>\n<meta property=\"og:url\" content=\"https:\/\/metaltale.com\/lv\/produkts\/3d-metala-sienas-dekori-loft-fish-174x51-cm\/\" \/>\n<meta property=\"og:site_name\" content=\"MetalTale.com\" \/>\n<meta name=\"twitter:card\" content=\"summary_large_image\" \/>\n<meta name=\"twitter:label1\" content=\"Est. reading time\" \/>\n\t<meta name=\"twitter:data1\" content=\"1 minute\" \/>\n<script type=\"application\/ld+json\" class=\"yoast-schema-graph\">{\"@context\":\"https:\/\/schema.org\",\"@graph\":[{\"@type\":\"WebPage\",\"@id\":\"https:\/\/metaltale.com\/lv\/produkts\/3d-metala-sienas-dekori-loft-fish-174x51-cm\/\",\"url\":\"https:\/\/metaltale.com\/lv\/produkts\/3d-metala-sienas-dekori-loft-fish-174x51-cm\/\",\"name\":\"3D met\u0101la sienas dekori LOFT FISH 174x51 cm - MetalTale.com\",\"isPartOf\":{\"@id\":\"https:\/\/metaltale.com\/lv\/#website\"},\"primaryImageOfPage\":{\"@id\":\"https:\/\/metaltale.com\/lv\/produkts\/3d-metala-sienas-dekori-loft-fish-174x51-cm\/#primaryimage\"},\"image\":{\"@id\":\"https:\/\/metaltale.com\/lv\/produkts\/3d-metala-sienas-dekori-loft-fish-174x51-cm\/#primaryimage\"},\"thumbnailUrl\":\"https:\/\/metaltale.com\/wp-content\/uploads\/2023\/11\/3D-PALx116Px116S-x17DUVIES-SIENx172-APDAILA.jpg\",\"datePublished\":\"2024-02-13T12:29:51+00:00\",\"breadcrumb\":{\"@id\":\"https:\/\/metaltale.com\/lv\/produkts\/3d-metala-sienas-dekori-loft-fish-174x51-cm\/#breadcrumb\"},\"inLanguage\":\"lv-LV\",\"potentialAction\":[{\"@type\":\"ReadAction\",\"target\":[\"https:\/\/metaltale.com\/lv\/produkts\/3d-metala-sienas-dekori-loft-fish-174x51-cm\/\"]}]},{\"@type\":\"ImageObject\",\"inLanguage\":\"lv-LV\",\"@id\":\"https:\/\/metaltale.com\/lv\/produkts\/3d-metala-sienas-dekori-loft-fish-174x51-cm\/#primaryimage\",\"url\":\"https:\/\/metaltale.com\/wp-content\/uploads\/2023\/11\/3D-PALx116Px116S-x17DUVIES-SIENx172-APDAILA.jpg\",\"contentUrl\":\"https:\/\/metaltale.com\/wp-content\/uploads\/2023\/11\/3D-PALx116Px116S-x17DUVIES-SIENx172-APDAILA.jpg\",\"width\":800,\"height\":800},{\"@type\":\"BreadcrumbList\",\"@id\":\"https:\/\/metaltale.com\/lv\/produkts\/3d-metala-sienas-dekori-loft-fish-174x51-cm\/#breadcrumb\",\"itemListElement\":[{\"@type\":\"ListItem\",\"position\":1,\"name\":\"Home\",\"item\":\"https:\/\/metaltale.com\/lv\/majas\/\"},{\"@type\":\"ListItem\",\"position\":2,\"name\":\"Veikals\",\"item\":\"https:\/\/metaltale.com\/lv\/shop\/\"},{\"@type\":\"ListItem\",\"position\":3,\"name\":\"3D met\u0101la sienas dekori LOFT FISH 174&#215;51 cm\"}]},{\"@type\":\"WebSite\",\"@id\":\"https:\/\/metaltale.com\/lv\/#website\",\"url\":\"https:\/\/metaltale.com\/lv\/\",\"name\":\"Metaltale.com\",\"description\":\"\",\"potentialAction\":[{\"@type\":\"SearchAction\",\"target\":{\"@type\":\"EntryPoint\",\"urlTemplate\":\"https:\/\/metaltale.com\/lv\/?s={search_term_string}\"},\"query-input\":{\"@type\":\"PropertyValueSpecification\",\"valueRequired\":true,\"valueName\":\"search_term_string\"}}],\"inLanguage\":\"lv-LV\"}]}<\/script>\n<!-- \/ Yoast SEO plugin. -->","yoast_head_json":{"title":"3D met\u0101la sienas dekori LOFT FISH 174x51 cm - MetalTale.com","robots":{"index":"index","follow":"follow","max-snippet":"max-snippet:-1","max-image-preview":"max-image-preview:large","max-video-preview":"max-video-preview:-1"},"canonical":"https:\/\/metaltale.com\/lv\/produkts\/3d-metala-sienas-dekori-loft-fish-174x51-cm\/","og_locale":"lv_LV","og_type":"article","og_title":"3D met\u0101la sienas dekori LOFT FISH 174x51 cm - MetalTale.com","og_description":"Modelis PT. L21623 EAN. 5907772073858 Platums (cm) 174 Augstums (cm ) 51 Biezums (cm ) 3 Orient\u0101cija Horizont\u0101l\u0101 Dz\u012bvnieku mot\u012bvs","og_url":"https:\/\/metaltale.com\/lv\/produkts\/3d-metala-sienas-dekori-loft-fish-174x51-cm\/","og_site_name":"MetalTale.com","twitter_card":"summary_large_image","twitter_misc":{"Est. reading time":"1 minute"},"schema":{"@context":"https:\/\/schema.org","@graph":[{"@type":"WebPage","@id":"https:\/\/metaltale.com\/lv\/produkts\/3d-metala-sienas-dekori-loft-fish-174x51-cm\/","url":"https:\/\/metaltale.com\/lv\/produkts\/3d-metala-sienas-dekori-loft-fish-174x51-cm\/","name":"3D met\u0101la sienas dekori LOFT FISH 174x51 cm - MetalTale.com","isPartOf":{"@id":"https:\/\/metaltale.com\/lv\/#website"},"primaryImageOfPage":{"@id":"https:\/\/metaltale.com\/lv\/produkts\/3d-metala-sienas-dekori-loft-fish-174x51-cm\/#primaryimage"},"image":{"@id":"https:\/\/metaltale.com\/lv\/produkts\/3d-metala-sienas-dekori-loft-fish-174x51-cm\/#primaryimage"},"thumbnailUrl":"https:\/\/metaltale.com\/wp-content\/uploads\/2023\/11\/3D-PALx116Px116S-x17DUVIES-SIENx172-APDAILA.jpg","datePublished":"2024-02-13T12:29:51+00:00","breadcrumb":{"@id":"https:\/\/metaltale.com\/lv\/produkts\/3d-metala-sienas-dekori-loft-fish-174x51-cm\/#breadcrumb"},"inLanguage":"lv-LV","potentialAction":[{"@type":"ReadAction","target":["https:\/\/metaltale.com\/lv\/produkts\/3d-metala-sienas-dekori-loft-fish-174x51-cm\/"]}]},{"@type":"ImageObject","inLanguage":"lv-LV","@id":"https:\/\/metaltale.com\/lv\/produkts\/3d-metala-sienas-dekori-loft-fish-174x51-cm\/#primaryimage","url":"https:\/\/metaltale.com\/wp-content\/uploads\/2023\/11\/3D-PALx116Px116S-x17DUVIES-SIENx172-APDAILA.jpg","contentUrl":"https:\/\/metaltale.com\/wp-content\/uploads\/2023\/11\/3D-PALx116Px116S-x17DUVIES-SIENx172-APDAILA.jpg","width":800,"height":800},{"@type":"BreadcrumbList","@id":"https:\/\/metaltale.com\/lv\/produkts\/3d-metala-sienas-dekori-loft-fish-174x51-cm\/#breadcrumb","itemListElement":[{"@type":"ListItem","position":1,"name":"Home","item":"https:\/\/metaltale.com\/lv\/majas\/"},{"@type":"ListItem","position":2,"name":"Veikals","item":"https:\/\/metaltale.com\/lv\/shop\/"},{"@type":"ListItem","position":3,"name":"3D met\u0101la sienas dekori LOFT FISH 174&#215;51 cm"}]},{"@type":"WebSite","@id":"https:\/\/metaltale.com\/lv\/#website","url":"https:\/\/metaltale.com\/lv\/","name":"Metaltale.com","description":"","potentialAction":[{"@type":"SearchAction","target":{"@type":"EntryPoint","urlTemplate":"https:\/\/metaltale.com\/lv\/?s={search_term_string}"},"query-input":{"@type":"PropertyValueSpecification","valueRequired":true,"valueName":"search_term_string"}}],"inLanguage":"lv-LV"}]}},"_links":{"self":[{"href":"https:\/\/metaltale.com\/lv\/wp-json\/wp\/v2\/product\/133843","targetHints":{"allow":["GET"]}}],"collection":[{"href":"https:\/\/metaltale.com\/lv\/wp-json\/wp\/v2\/product"}],"about":[{"href":"https:\/\/metaltale.com\/lv\/wp-json\/wp\/v2\/types\/product"}],"replies":[{"embeddable":true,"href":"https:\/\/metaltale.com\/lv\/wp-json\/wp\/v2\/comments?post=133843"}],"version-history":[{"count":0,"href":"https:\/\/metaltale.com\/lv\/wp-json\/wp\/v2\/product\/133843\/revisions"}],"wp:featuredmedia":[{"embeddable":true,"href":"https:\/\/metaltale.com\/lv\/wp-json\/wp\/v2\/media\/101849"}],"wp:attachment":[{"href":"https:\/\/metaltale.com\/lv\/wp-json\/wp\/v2\/media?parent=133843"}],"wp:term":[{"taxonomy":"product_brand","embeddable":true,"href":"https:\/\/metaltale.com\/lv\/wp-json\/wp\/v2\/product_brand?post=133843"},{"taxonomy":"product_cat","embeddable":true,"href":"https:\/\/metaltale.com\/lv\/wp-json\/wp\/v2\/product_cat?post=133843"},{"taxonomy":"product_tag","embeddable":true,"href":"https:\/\/metaltale.com\/lv\/wp-json\/wp\/v2\/product_tag?post=133843"}],"curies":[{"name":"wp","href":"https:\/\/api.w.org\/{rel}","templated":true}]}}