{"id":133836,"date":"2024-02-13T14:29:51","date_gmt":"2024-02-13T12:29:51","guid":{"rendered":"https:\/\/metaltale.com\/produktas\/3d-metala-sienas-dekori-loft-band-123x58-cm\/"},"modified":"2024-02-13T14:29:51","modified_gmt":"2024-02-13T12:29:51","slug":"3d-metala-sienas-dekori-loft-band-123x58-cm","status":"publish","type":"product","link":"https:\/\/metaltale.com\/lv\/produkts\/3d-metala-sienas-dekori-loft-band-123x58-cm\/","title":{"rendered":"3D met\u0101la sienas dekori LOFT BAND 123&#215;58 cm"},"content":{"rendered":"<div class=\"prod_data\">\n<p><strong>Modelis<\/strong> PT. A20015<br \/>\n<strong>EAN.<\/strong>  5907772073483<br \/>\n<strong>Platums (cm)<\/strong> 123<br \/>\n<strong>Augstums (cm<\/strong> ) 58<br \/>\n<strong>Biezums (cm<\/strong> ) 5<br \/>\n<strong>Materi\u0101ls<\/strong> T\u0113rauds<br \/>\nOrient\u0101cija Horizont\u0101l\u0101<br \/>\nCiti mot\u012bvi<\/p>\n<p>&#8211; 3D met\u0101la sienu ap\u0161uvums no p\u0101rstr\u0101d\u0101ta t\u0113rauda<br \/>\n&#8211; faktiskie izvirz\u012bjumi<br \/>\n&#8211; kontrastain\u0101 t\u0113rauda un zelta kombin\u0101cija atbilst daudz\u0101m popul\u0101r\u0101m tendenc\u0113m.<br \/>\n&#8211; neparasti, bet m\u016b\u017e\u012bgi sienu apdares materi\u0101li<br \/>\n&#8211; impregn\u0113\u0161ana ar caursp\u012bd\u012bgu laku garant\u0113 kr\u0101sas notur\u012bbu un iztur\u012bbu pret skr\u0101p\u0113jumiem.<br \/>\n&#8211; diska apdare<\/p>\n<hr>\n<p>Sienu ap\u0161uvums no p\u0101rstr\u0101d\u0101ta met\u0101la neapstr\u0101d\u0101t\u0101, r\u016bpniecisk\u0101 form\u0101 &#8211; tas ir grupas m\u0113r\u0137is. Dz\u012bvojam\u0101s istabas un gu\u013camistabas b\u0113ni\u0146u apdare, ko var br\u012bvi interpret\u0113t, ir m\u016bsdien\u012bga m\u0101kslas forma. Zelta un sudraba kontrastain\u0101 kombin\u0101cija ir neatsl\u0101bsto\u0161i popul\u0101ra un atbilst daudz\u0101m interjera dizaina tendenc\u0113m. Tr\u012bsdimensiju apdarei piem\u012bt daudzpus\u012bgs un m\u016b\u017e\u012bgs raksturs, un t\u0101s stilu var veidot, izv\u0113loties fonu, uz kura t\u0101 ir iek\u0101rtota. Virsm\u0101 redzamo skr\u0101p\u0113jumu efekts ar\u012b palielina t\u0101s unikalit\u0101ti. Lentes apdare ir liela izm\u0113ra, t\u0101p\u0113c t\u0101 lieliski izskat\u0101s pla\u0161os interjeros, bet viegl\u0101 forma nep\u0101rbl\u012bv\u0113 maz\u0101kas telpas. T\u0113rauda 3D apdare ir ori\u0123in\u0101ls d\u0101vanu pied\u0101v\u0101jums, kas ir neparasta alternat\u012bva klasiskaj\u0101m glezn\u0101m un plak\u0101tiem. Mont\u0101\u017eas kron\u0161teini ir praktiski neredzami un garant\u0113 dro\u0161u mont\u0101\u017eas formu.<\/p>\n<\/div>\n","protected":false},"excerpt":{"rendered":"<p>Modelis PT. A20015 EAN. 5907772073483 Platums (cm) 123 Augstums (cm ) 58 Biezums (cm ) 5 Materi\u0101ls T\u0113rauds Orient\u0101cija Horizont\u0101l\u0101<\/p>\n","protected":false},"featured_media":101833,"comment_status":"open","ping_status":"closed","template":"","meta":{"_acf_changed":false,"pmpro_default_level":""},"product_brand":[],"product_cat":[24055,23908],"product_tag":[],"class_list":{"0":"post-133836","1":"product","2":"type-product","3":"status-publish","4":"has-post-thumbnail","6":"product_cat-rotajumi","7":"product_cat-3d-paveikslai-lv","8":"pmpro-has-access","10":"first","11":"instock","12":"shipping-taxable","13":"purchasable","14":"product-type-simple"},"acf":[],"yoast_head":"<!-- This site is optimized with the Yoast SEO plugin v24.9 - https:\/\/yoast.com\/wordpress\/plugins\/seo\/ -->\n<title>3D met\u0101la sienas dekori LOFT BAND 123x58 cm - MetalTale.com<\/title>\n<meta name=\"robots\" content=\"index, follow, max-snippet:-1, max-image-preview:large, max-video-preview:-1\" \/>\n<link rel=\"canonical\" href=\"https:\/\/metaltale.com\/lv\/produkts\/3d-metala-sienas-dekori-loft-band-123x58-cm\/\" \/>\n<meta property=\"og:locale\" content=\"lv_LV\" \/>\n<meta property=\"og:type\" content=\"article\" \/>\n<meta property=\"og:title\" content=\"3D met\u0101la sienas dekori LOFT BAND 123x58 cm - MetalTale.com\" \/>\n<meta property=\"og:description\" content=\"Modelis PT. A20015 EAN. 5907772073483 Platums (cm) 123 Augstums (cm ) 58 Biezums (cm ) 5 Materi\u0101ls T\u0113rauds Orient\u0101cija Horizont\u0101l\u0101\" \/>\n<meta property=\"og:url\" content=\"https:\/\/metaltale.com\/lv\/produkts\/3d-metala-sienas-dekori-loft-band-123x58-cm\/\" \/>\n<meta property=\"og:site_name\" content=\"MetalTale.com\" \/>\n<meta name=\"twitter:card\" content=\"summary_large_image\" \/>\n<meta name=\"twitter:label1\" content=\"Est. reading time\" \/>\n\t<meta name=\"twitter:data1\" content=\"1 minute\" \/>\n<script type=\"application\/ld+json\" class=\"yoast-schema-graph\">{\"@context\":\"https:\/\/schema.org\",\"@graph\":[{\"@type\":\"WebPage\",\"@id\":\"https:\/\/metaltale.com\/lv\/produkts\/3d-metala-sienas-dekori-loft-band-123x58-cm\/\",\"url\":\"https:\/\/metaltale.com\/lv\/produkts\/3d-metala-sienas-dekori-loft-band-123x58-cm\/\",\"name\":\"3D met\u0101la sienas dekori LOFT BAND 123x58 cm - MetalTale.com\",\"isPartOf\":{\"@id\":\"https:\/\/metaltale.com\/lv\/#website\"},\"primaryImageOfPage\":{\"@id\":\"https:\/\/metaltale.com\/lv\/produkts\/3d-metala-sienas-dekori-loft-band-123x58-cm\/#primaryimage\"},\"image\":{\"@id\":\"https:\/\/metaltale.com\/lv\/produkts\/3d-metala-sienas-dekori-loft-band-123x58-cm\/#primaryimage\"},\"thumbnailUrl\":\"https:\/\/metaltale.com\/wp-content\/uploads\/2023\/11\/3D-LOFT-BAND-sienx173-apdaila.jpg\",\"datePublished\":\"2024-02-13T12:29:51+00:00\",\"breadcrumb\":{\"@id\":\"https:\/\/metaltale.com\/lv\/produkts\/3d-metala-sienas-dekori-loft-band-123x58-cm\/#breadcrumb\"},\"inLanguage\":\"lv-LV\",\"potentialAction\":[{\"@type\":\"ReadAction\",\"target\":[\"https:\/\/metaltale.com\/lv\/produkts\/3d-metala-sienas-dekori-loft-band-123x58-cm\/\"]}]},{\"@type\":\"ImageObject\",\"inLanguage\":\"lv-LV\",\"@id\":\"https:\/\/metaltale.com\/lv\/produkts\/3d-metala-sienas-dekori-loft-band-123x58-cm\/#primaryimage\",\"url\":\"https:\/\/metaltale.com\/wp-content\/uploads\/2023\/11\/3D-LOFT-BAND-sienx173-apdaila.jpg\",\"contentUrl\":\"https:\/\/metaltale.com\/wp-content\/uploads\/2023\/11\/3D-LOFT-BAND-sienx173-apdaila.jpg\",\"width\":800,\"height\":800},{\"@type\":\"BreadcrumbList\",\"@id\":\"https:\/\/metaltale.com\/lv\/produkts\/3d-metala-sienas-dekori-loft-band-123x58-cm\/#breadcrumb\",\"itemListElement\":[{\"@type\":\"ListItem\",\"position\":1,\"name\":\"Home\",\"item\":\"https:\/\/metaltale.com\/lv\/majas\/\"},{\"@type\":\"ListItem\",\"position\":2,\"name\":\"Veikals\",\"item\":\"https:\/\/metaltale.com\/lv\/shop\/\"},{\"@type\":\"ListItem\",\"position\":3,\"name\":\"3D met\u0101la sienas dekori LOFT BAND 123&#215;58 cm\"}]},{\"@type\":\"WebSite\",\"@id\":\"https:\/\/metaltale.com\/lv\/#website\",\"url\":\"https:\/\/metaltale.com\/lv\/\",\"name\":\"Metaltale.com\",\"description\":\"\",\"potentialAction\":[{\"@type\":\"SearchAction\",\"target\":{\"@type\":\"EntryPoint\",\"urlTemplate\":\"https:\/\/metaltale.com\/lv\/?s={search_term_string}\"},\"query-input\":{\"@type\":\"PropertyValueSpecification\",\"valueRequired\":true,\"valueName\":\"search_term_string\"}}],\"inLanguage\":\"lv-LV\"}]}<\/script>\n<!-- \/ Yoast SEO plugin. -->","yoast_head_json":{"title":"3D met\u0101la sienas dekori LOFT BAND 123x58 cm - MetalTale.com","robots":{"index":"index","follow":"follow","max-snippet":"max-snippet:-1","max-image-preview":"max-image-preview:large","max-video-preview":"max-video-preview:-1"},"canonical":"https:\/\/metaltale.com\/lv\/produkts\/3d-metala-sienas-dekori-loft-band-123x58-cm\/","og_locale":"lv_LV","og_type":"article","og_title":"3D met\u0101la sienas dekori LOFT BAND 123x58 cm - MetalTale.com","og_description":"Modelis PT. A20015 EAN. 5907772073483 Platums (cm) 123 Augstums (cm ) 58 Biezums (cm ) 5 Materi\u0101ls T\u0113rauds Orient\u0101cija Horizont\u0101l\u0101","og_url":"https:\/\/metaltale.com\/lv\/produkts\/3d-metala-sienas-dekori-loft-band-123x58-cm\/","og_site_name":"MetalTale.com","twitter_card":"summary_large_image","twitter_misc":{"Est. reading time":"1 minute"},"schema":{"@context":"https:\/\/schema.org","@graph":[{"@type":"WebPage","@id":"https:\/\/metaltale.com\/lv\/produkts\/3d-metala-sienas-dekori-loft-band-123x58-cm\/","url":"https:\/\/metaltale.com\/lv\/produkts\/3d-metala-sienas-dekori-loft-band-123x58-cm\/","name":"3D met\u0101la sienas dekori LOFT BAND 123x58 cm - MetalTale.com","isPartOf":{"@id":"https:\/\/metaltale.com\/lv\/#website"},"primaryImageOfPage":{"@id":"https:\/\/metaltale.com\/lv\/produkts\/3d-metala-sienas-dekori-loft-band-123x58-cm\/#primaryimage"},"image":{"@id":"https:\/\/metaltale.com\/lv\/produkts\/3d-metala-sienas-dekori-loft-band-123x58-cm\/#primaryimage"},"thumbnailUrl":"https:\/\/metaltale.com\/wp-content\/uploads\/2023\/11\/3D-LOFT-BAND-sienx173-apdaila.jpg","datePublished":"2024-02-13T12:29:51+00:00","breadcrumb":{"@id":"https:\/\/metaltale.com\/lv\/produkts\/3d-metala-sienas-dekori-loft-band-123x58-cm\/#breadcrumb"},"inLanguage":"lv-LV","potentialAction":[{"@type":"ReadAction","target":["https:\/\/metaltale.com\/lv\/produkts\/3d-metala-sienas-dekori-loft-band-123x58-cm\/"]}]},{"@type":"ImageObject","inLanguage":"lv-LV","@id":"https:\/\/metaltale.com\/lv\/produkts\/3d-metala-sienas-dekori-loft-band-123x58-cm\/#primaryimage","url":"https:\/\/metaltale.com\/wp-content\/uploads\/2023\/11\/3D-LOFT-BAND-sienx173-apdaila.jpg","contentUrl":"https:\/\/metaltale.com\/wp-content\/uploads\/2023\/11\/3D-LOFT-BAND-sienx173-apdaila.jpg","width":800,"height":800},{"@type":"BreadcrumbList","@id":"https:\/\/metaltale.com\/lv\/produkts\/3d-metala-sienas-dekori-loft-band-123x58-cm\/#breadcrumb","itemListElement":[{"@type":"ListItem","position":1,"name":"Home","item":"https:\/\/metaltale.com\/lv\/majas\/"},{"@type":"ListItem","position":2,"name":"Veikals","item":"https:\/\/metaltale.com\/lv\/shop\/"},{"@type":"ListItem","position":3,"name":"3D met\u0101la sienas dekori LOFT BAND 123&#215;58 cm"}]},{"@type":"WebSite","@id":"https:\/\/metaltale.com\/lv\/#website","url":"https:\/\/metaltale.com\/lv\/","name":"Metaltale.com","description":"","potentialAction":[{"@type":"SearchAction","target":{"@type":"EntryPoint","urlTemplate":"https:\/\/metaltale.com\/lv\/?s={search_term_string}"},"query-input":{"@type":"PropertyValueSpecification","valueRequired":true,"valueName":"search_term_string"}}],"inLanguage":"lv-LV"}]}},"_links":{"self":[{"href":"https:\/\/metaltale.com\/lv\/wp-json\/wp\/v2\/product\/133836","targetHints":{"allow":["GET"]}}],"collection":[{"href":"https:\/\/metaltale.com\/lv\/wp-json\/wp\/v2\/product"}],"about":[{"href":"https:\/\/metaltale.com\/lv\/wp-json\/wp\/v2\/types\/product"}],"replies":[{"embeddable":true,"href":"https:\/\/metaltale.com\/lv\/wp-json\/wp\/v2\/comments?post=133836"}],"version-history":[{"count":0,"href":"https:\/\/metaltale.com\/lv\/wp-json\/wp\/v2\/product\/133836\/revisions"}],"wp:featuredmedia":[{"embeddable":true,"href":"https:\/\/metaltale.com\/lv\/wp-json\/wp\/v2\/media\/101833"}],"wp:attachment":[{"href":"https:\/\/metaltale.com\/lv\/wp-json\/wp\/v2\/media?parent=133836"}],"wp:term":[{"taxonomy":"product_brand","embeddable":true,"href":"https:\/\/metaltale.com\/lv\/wp-json\/wp\/v2\/product_brand?post=133836"},{"taxonomy":"product_cat","embeddable":true,"href":"https:\/\/metaltale.com\/lv\/wp-json\/wp\/v2\/product_cat?post=133836"},{"taxonomy":"product_tag","embeddable":true,"href":"https:\/\/metaltale.com\/lv\/wp-json\/wp\/v2\/product_tag?post=133836"}],"curies":[{"name":"wp","href":"https:\/\/api.w.org\/{rel}","templated":true}]}}