{"id":133835,"date":"2024-02-13T14:29:51","date_gmt":"2024-02-13T12:29:51","guid":{"rendered":"https:\/\/metaltale.com\/produktas\/3d-metala-sienas-dekori-loft-sarda-130x50-cm\/"},"modified":"2024-02-13T14:29:51","modified_gmt":"2024-02-13T12:29:51","slug":"3d-metala-sienas-dekori-loft-sarda-130x50-cm","status":"publish","type":"product","link":"https:\/\/metaltale.com\/lv\/produkts\/3d-metala-sienas-dekori-loft-sarda-130x50-cm\/","title":{"rendered":"3D met\u0101la sienas dekori LOFT SARDA 130&#215;50 cm"},"content":{"rendered":"<div class=\"prod_data\">\n<p><strong>Modelis<\/strong> PT. A21414<br \/>\n<strong>EAN.<\/strong>  5907772073674<br \/>\n<strong>Platums (cm)<\/strong> 130<br \/>\n<strong>Augstums (cm<\/strong> ) 50<br \/>\n<strong>Biezums (cm<\/strong> ) 5<br \/>\nOrient\u0101cija Horizont\u0101l\u0101<br \/>\nCiti mot\u012bvi<\/p>\n<p>&#8211; 3D met\u0101la sienu ap\u0161uvums no p\u0101rstr\u0101d\u0101ta t\u0113rauda<br \/>\n&#8211; faktiskie izvirz\u012bjumi<br \/>\n&#8211; intri\u0123\u0113jo\u0161as kr\u0101sas garant\u0113 p\u0101rlaic\u012bgus dekorus.<br \/>\n&#8211; impregn\u0113\u0161ana ar caursp\u012bd\u012bgu laku garant\u0113 kr\u0101sas notur\u012bbu un iztur\u012bbu pret skr\u0101p\u0113jumiem.<br \/>\n&#8211; da\u017e\u0101da lieluma izliektu lod\u012b\u0161u kompoz\u012bcija<\/p>\n<hr>\n<p>Sarda ir lielisks piem\u0113rs m\u016bsdienu industri\u0101laj\u0101 m\u0101ksl\u0101. Tr\u012bsdimensiju sienu ap\u0161uvums, kas veidots no t\u0113rauda disku p\u0101rkl\u0101\u0161an\u0101s, \u013cauj br\u012bvi interpret\u0113t. Ori\u0123in\u0101l\u0101s kr\u0101sas un no \u0123eometrisk\u0101s kompoz\u012bcijas izrieto\u0161\u0101 harmonija pie\u0161\u0137ir apdarei klasi un nopietn\u012bbu, garant\u0113jot met\u0101la sienu ap\u0161uvuma p\u0101rlaic\u012bgumu un daudzpus\u012bbu. Stil\u012bg\u0101 zil\u0101 un vec\u0101 zelta kombin\u0101cija piesaista uzman\u012bbu un labi iederas gan dz\u012bvojam\u0101 istab\u0101, gan gu\u013camistab\u0101. Sarda ir intri\u0123\u0113jo\u0161a alternat\u012bva glezn\u0101m un r\u0101mjiem, kas k\u013c\u016bst par sienas centru un papildina interjera dizainu. 3D sienas rot\u0101jumi ir ori\u0123in\u0101ls d\u0101vanu pied\u0101v\u0101jums &#8211; ar\u012b Ziemassv\u0113tkiem. Katrs ar rok\u0101m darin\u0101ts tr\u012bsdimensiju ornamenta eksempl\u0101rs ir unik\u0101ls. Neredzami stiprin\u0101juma kron\u0161teini garant\u0113 dro\u0161u blo\u0137\u0113\u0161anu.<\/p>\n<\/div>\n","protected":false},"excerpt":{"rendered":"<p>Modelis PT. A21414 EAN. 5907772073674 Platums (cm) 130 Augstums (cm ) 50 Biezums (cm ) 5 Orient\u0101cija Horizont\u0101l\u0101 Citi mot\u012bvi<\/p>\n","protected":false},"featured_media":88563,"comment_status":"open","ping_status":"closed","template":"","meta":{"_acf_changed":false,"pmpro_default_level":""},"product_brand":[],"product_cat":[24055,23908],"product_tag":[],"class_list":{"0":"post-133835","1":"product","2":"type-product","3":"status-publish","4":"has-post-thumbnail","6":"product_cat-rotajumi","7":"product_cat-3d-paveikslai-lv","8":"pmpro-has-access","10":"first","11":"instock","12":"shipping-taxable","13":"purchasable","14":"product-type-simple"},"acf":[],"yoast_head":"<!-- This site is optimized with the Yoast SEO plugin v24.9 - https:\/\/yoast.com\/wordpress\/plugins\/seo\/ -->\n<title>3D met\u0101la sienas dekori LOFT SARDA 130x50 cm - MetalTale.com<\/title>\n<meta name=\"robots\" content=\"index, follow, max-snippet:-1, max-image-preview:large, max-video-preview:-1\" \/>\n<link rel=\"canonical\" href=\"https:\/\/metaltale.com\/lv\/produkts\/3d-metala-sienas-dekori-loft-sarda-130x50-cm\/\" \/>\n<meta property=\"og:locale\" content=\"lv_LV\" \/>\n<meta property=\"og:type\" content=\"article\" \/>\n<meta property=\"og:title\" content=\"3D met\u0101la sienas dekori LOFT SARDA 130x50 cm - MetalTale.com\" \/>\n<meta property=\"og:description\" content=\"Modelis PT. A21414 EAN. 5907772073674 Platums (cm) 130 Augstums (cm ) 50 Biezums (cm ) 5 Orient\u0101cija Horizont\u0101l\u0101 Citi mot\u012bvi\" \/>\n<meta property=\"og:url\" content=\"https:\/\/metaltale.com\/lv\/produkts\/3d-metala-sienas-dekori-loft-sarda-130x50-cm\/\" \/>\n<meta property=\"og:site_name\" content=\"MetalTale.com\" \/>\n<meta name=\"twitter:card\" content=\"summary_large_image\" \/>\n<meta name=\"twitter:label1\" content=\"Est. reading time\" \/>\n\t<meta name=\"twitter:data1\" content=\"1 minute\" \/>\n<script type=\"application\/ld+json\" class=\"yoast-schema-graph\">{\"@context\":\"https:\/\/schema.org\",\"@graph\":[{\"@type\":\"WebPage\",\"@id\":\"https:\/\/metaltale.com\/lv\/produkts\/3d-metala-sienas-dekori-loft-sarda-130x50-cm\/\",\"url\":\"https:\/\/metaltale.com\/lv\/produkts\/3d-metala-sienas-dekori-loft-sarda-130x50-cm\/\",\"name\":\"3D met\u0101la sienas dekori LOFT SARDA 130x50 cm - MetalTale.com\",\"isPartOf\":{\"@id\":\"https:\/\/metaltale.com\/lv\/#website\"},\"primaryImageOfPage\":{\"@id\":\"https:\/\/metaltale.com\/lv\/produkts\/3d-metala-sienas-dekori-loft-sarda-130x50-cm\/#primaryimage\"},\"image\":{\"@id\":\"https:\/\/metaltale.com\/lv\/produkts\/3d-metala-sienas-dekori-loft-sarda-130x50-cm\/#primaryimage\"},\"thumbnailUrl\":\"https:\/\/metaltale.com\/wp-content\/uploads\/2023\/10\/3D-LOFT-SARDA-SIENx172-APDAILA.jpg\",\"datePublished\":\"2024-02-13T12:29:51+00:00\",\"breadcrumb\":{\"@id\":\"https:\/\/metaltale.com\/lv\/produkts\/3d-metala-sienas-dekori-loft-sarda-130x50-cm\/#breadcrumb\"},\"inLanguage\":\"lv-LV\",\"potentialAction\":[{\"@type\":\"ReadAction\",\"target\":[\"https:\/\/metaltale.com\/lv\/produkts\/3d-metala-sienas-dekori-loft-sarda-130x50-cm\/\"]}]},{\"@type\":\"ImageObject\",\"inLanguage\":\"lv-LV\",\"@id\":\"https:\/\/metaltale.com\/lv\/produkts\/3d-metala-sienas-dekori-loft-sarda-130x50-cm\/#primaryimage\",\"url\":\"https:\/\/metaltale.com\/wp-content\/uploads\/2023\/10\/3D-LOFT-SARDA-SIENx172-APDAILA.jpg\",\"contentUrl\":\"https:\/\/metaltale.com\/wp-content\/uploads\/2023\/10\/3D-LOFT-SARDA-SIENx172-APDAILA.jpg\",\"width\":800,\"height\":800},{\"@type\":\"BreadcrumbList\",\"@id\":\"https:\/\/metaltale.com\/lv\/produkts\/3d-metala-sienas-dekori-loft-sarda-130x50-cm\/#breadcrumb\",\"itemListElement\":[{\"@type\":\"ListItem\",\"position\":1,\"name\":\"Home\",\"item\":\"https:\/\/metaltale.com\/lv\/majas\/\"},{\"@type\":\"ListItem\",\"position\":2,\"name\":\"Veikals\",\"item\":\"https:\/\/metaltale.com\/lv\/shop\/\"},{\"@type\":\"ListItem\",\"position\":3,\"name\":\"3D met\u0101la sienas dekori LOFT SARDA 130&#215;50 cm\"}]},{\"@type\":\"WebSite\",\"@id\":\"https:\/\/metaltale.com\/lv\/#website\",\"url\":\"https:\/\/metaltale.com\/lv\/\",\"name\":\"Metaltale.com\",\"description\":\"\",\"potentialAction\":[{\"@type\":\"SearchAction\",\"target\":{\"@type\":\"EntryPoint\",\"urlTemplate\":\"https:\/\/metaltale.com\/lv\/?s={search_term_string}\"},\"query-input\":{\"@type\":\"PropertyValueSpecification\",\"valueRequired\":true,\"valueName\":\"search_term_string\"}}],\"inLanguage\":\"lv-LV\"}]}<\/script>\n<!-- \/ Yoast SEO plugin. -->","yoast_head_json":{"title":"3D met\u0101la sienas dekori LOFT SARDA 130x50 cm - MetalTale.com","robots":{"index":"index","follow":"follow","max-snippet":"max-snippet:-1","max-image-preview":"max-image-preview:large","max-video-preview":"max-video-preview:-1"},"canonical":"https:\/\/metaltale.com\/lv\/produkts\/3d-metala-sienas-dekori-loft-sarda-130x50-cm\/","og_locale":"lv_LV","og_type":"article","og_title":"3D met\u0101la sienas dekori LOFT SARDA 130x50 cm - MetalTale.com","og_description":"Modelis PT. A21414 EAN. 5907772073674 Platums (cm) 130 Augstums (cm ) 50 Biezums (cm ) 5 Orient\u0101cija Horizont\u0101l\u0101 Citi mot\u012bvi","og_url":"https:\/\/metaltale.com\/lv\/produkts\/3d-metala-sienas-dekori-loft-sarda-130x50-cm\/","og_site_name":"MetalTale.com","twitter_card":"summary_large_image","twitter_misc":{"Est. reading time":"1 minute"},"schema":{"@context":"https:\/\/schema.org","@graph":[{"@type":"WebPage","@id":"https:\/\/metaltale.com\/lv\/produkts\/3d-metala-sienas-dekori-loft-sarda-130x50-cm\/","url":"https:\/\/metaltale.com\/lv\/produkts\/3d-metala-sienas-dekori-loft-sarda-130x50-cm\/","name":"3D met\u0101la sienas dekori LOFT SARDA 130x50 cm - MetalTale.com","isPartOf":{"@id":"https:\/\/metaltale.com\/lv\/#website"},"primaryImageOfPage":{"@id":"https:\/\/metaltale.com\/lv\/produkts\/3d-metala-sienas-dekori-loft-sarda-130x50-cm\/#primaryimage"},"image":{"@id":"https:\/\/metaltale.com\/lv\/produkts\/3d-metala-sienas-dekori-loft-sarda-130x50-cm\/#primaryimage"},"thumbnailUrl":"https:\/\/metaltale.com\/wp-content\/uploads\/2023\/10\/3D-LOFT-SARDA-SIENx172-APDAILA.jpg","datePublished":"2024-02-13T12:29:51+00:00","breadcrumb":{"@id":"https:\/\/metaltale.com\/lv\/produkts\/3d-metala-sienas-dekori-loft-sarda-130x50-cm\/#breadcrumb"},"inLanguage":"lv-LV","potentialAction":[{"@type":"ReadAction","target":["https:\/\/metaltale.com\/lv\/produkts\/3d-metala-sienas-dekori-loft-sarda-130x50-cm\/"]}]},{"@type":"ImageObject","inLanguage":"lv-LV","@id":"https:\/\/metaltale.com\/lv\/produkts\/3d-metala-sienas-dekori-loft-sarda-130x50-cm\/#primaryimage","url":"https:\/\/metaltale.com\/wp-content\/uploads\/2023\/10\/3D-LOFT-SARDA-SIENx172-APDAILA.jpg","contentUrl":"https:\/\/metaltale.com\/wp-content\/uploads\/2023\/10\/3D-LOFT-SARDA-SIENx172-APDAILA.jpg","width":800,"height":800},{"@type":"BreadcrumbList","@id":"https:\/\/metaltale.com\/lv\/produkts\/3d-metala-sienas-dekori-loft-sarda-130x50-cm\/#breadcrumb","itemListElement":[{"@type":"ListItem","position":1,"name":"Home","item":"https:\/\/metaltale.com\/lv\/majas\/"},{"@type":"ListItem","position":2,"name":"Veikals","item":"https:\/\/metaltale.com\/lv\/shop\/"},{"@type":"ListItem","position":3,"name":"3D met\u0101la sienas dekori LOFT SARDA 130&#215;50 cm"}]},{"@type":"WebSite","@id":"https:\/\/metaltale.com\/lv\/#website","url":"https:\/\/metaltale.com\/lv\/","name":"Metaltale.com","description":"","potentialAction":[{"@type":"SearchAction","target":{"@type":"EntryPoint","urlTemplate":"https:\/\/metaltale.com\/lv\/?s={search_term_string}"},"query-input":{"@type":"PropertyValueSpecification","valueRequired":true,"valueName":"search_term_string"}}],"inLanguage":"lv-LV"}]}},"_links":{"self":[{"href":"https:\/\/metaltale.com\/lv\/wp-json\/wp\/v2\/product\/133835","targetHints":{"allow":["GET"]}}],"collection":[{"href":"https:\/\/metaltale.com\/lv\/wp-json\/wp\/v2\/product"}],"about":[{"href":"https:\/\/metaltale.com\/lv\/wp-json\/wp\/v2\/types\/product"}],"replies":[{"embeddable":true,"href":"https:\/\/metaltale.com\/lv\/wp-json\/wp\/v2\/comments?post=133835"}],"version-history":[{"count":0,"href":"https:\/\/metaltale.com\/lv\/wp-json\/wp\/v2\/product\/133835\/revisions"}],"wp:featuredmedia":[{"embeddable":true,"href":"https:\/\/metaltale.com\/lv\/wp-json\/wp\/v2\/media\/88563"}],"wp:attachment":[{"href":"https:\/\/metaltale.com\/lv\/wp-json\/wp\/v2\/media?parent=133835"}],"wp:term":[{"taxonomy":"product_brand","embeddable":true,"href":"https:\/\/metaltale.com\/lv\/wp-json\/wp\/v2\/product_brand?post=133835"},{"taxonomy":"product_cat","embeddable":true,"href":"https:\/\/metaltale.com\/lv\/wp-json\/wp\/v2\/product_cat?post=133835"},{"taxonomy":"product_tag","embeddable":true,"href":"https:\/\/metaltale.com\/lv\/wp-json\/wp\/v2\/product_tag?post=133835"}],"curies":[{"name":"wp","href":"https:\/\/api.w.org\/{rel}","templated":true}]}}